{"id":680,"date":"2025-07-23T09:38:47","date_gmt":"2025-07-23T09:38:47","guid":{"rendered":"https:\/\/yellow-gazelle-403867.hostingersite.com\/?page_id=680"},"modified":"2026-01-23T14:02:39","modified_gmt":"2026-01-23T14:02:39","slug":"affarslunch","status":"publish","type":"page","link":"https:\/\/westmanska.se\/en\/affarslunch\/","title":{"rendered":"Business lunch"},"content":{"rendered":"<div data-elementor-type=\"wp-post\" data-elementor-id=\"680\" class=\"elementor elementor-680\" data-elementor-post-type=\"page\">\n\t\t\t\t<div class=\"elementor-element elementor-element-1d76f06 e-flex e-con-boxed e-con e-parent\" data-id=\"1d76f06\" data-element_type=\"container\" data-settings=\"{&quot;background_background&quot;:&quot;classic&quot;}\">\n\t\t\t\t\t<div class=\"e-con-inner\">\n\t\t\t\t<div class=\"elementor-element elementor-element-4ee40e6 elementor-widget elementor-widget-heading\" data-id=\"4ee40e6\" data-element_type=\"widget\" data-widget_type=\"heading.default\">\n\t\t\t\t\t<h1 class=\"elementor-heading-title elementor-size-default\">Business lunch that makes a difference in business<\/h1>\t\t\t\t<\/div>\n\t\t\t\t\t<\/div>\n\t\t\t\t<\/div>\n\t\t<div class=\"elementor-element elementor-element-0d9bce2 e-flex e-con-boxed e-con e-parent\" data-id=\"0d9bce2\" data-element_type=\"container\" data-settings=\"{&quot;background_background&quot;:&quot;gradient&quot;}\">\n\t\t\t\t\t<div class=\"e-con-inner\">\n\t\t<div class=\"elementor-element elementor-element-9aa6679 e-con-full e-flex e-con e-child\" data-id=\"9aa6679\" data-element_type=\"container\">\n\t\t\t\t<div class=\"elementor-element elementor-element-31fed74 elementor-widget__width-initial elementor-widget elementor-widget-heading\" data-id=\"31fed74\" data-element_type=\"widget\" data-widget_type=\"heading.default\">\n\t\t\t\t\t<h2 class=\"elementor-heading-title elementor-size-default\">Nice lunch with a focus on business<\/h2>\t\t\t\t<\/div>\n\t\t\t\t<div class=\"elementor-element elementor-element-2e37580 elementor-widget__width-inherit elementor-widget elementor-widget-text-editor\" data-id=\"2e37580\" data-element_type=\"widget\" data-widget_type=\"text-editor.default\">\n\t\t\t\t\t\t\t\t\t<div class=\"framer-7l4aqy\" data-framer-component-type=\"RichTextContainer\"><p class=\"framer-text framer-styles-preset-g3t3gs\">When booking a business meeting during lunchtime, it is important to offer good food to keep your spirits up.<br class=\"framer-text\" \/>With us at Westmanska Palatset you get both a professional and representative environment and an inviting atmosphere for your business lunch.<br class=\"framer-text\" \/>The combination of the good food from our restaurant and the beautiful premises gives you a top-class experience.<br class=\"framer-text\" \/>During the booking process, you can of course add a message regarding special diets and we will organise it for you!<\/p><\/div>\t\t\t\t\t\t\t\t<\/div>\n\t\t\t\t<div class=\"elementor-element elementor-element-a6e1e03 elementor-widget__width-initial elementor-widget elementor-widget-heading\" data-id=\"a6e1e03\" data-element_type=\"widget\" data-widget_type=\"heading.default\">\n\t\t\t\t\t<h2 class=\"elementor-heading-title elementor-size-default\">Business lunch in the City: Luxury lunch for good business<\/h2>\t\t\t\t<\/div>\n\t\t\t\t<div class=\"elementor-element elementor-element-873edf4 elementor-widget__width-inherit elementor-widget elementor-widget-text-editor\" data-id=\"873edf4\" data-element_type=\"widget\" data-widget_type=\"text-editor.default\">\n\t\t\t\t\t\t\t\t\t<div class=\"framer-7l4aqy\" data-framer-component-type=\"RichTextContainer\"><p class=\"framer-text framer-styles-preset-g3t3gs\">For us at Westmanska Palatset, it is important that you have as luxurious and pleasant an experience as possible.<br class=\"framer-text\" \/>We make sure that lunch is \u00e0 la minute to ensure that your lunch experience reaches the highest level.<br class=\"framer-text\" \/>With a wide variety of lunch and weekly updated menus, you will always have a fresh experience with us.<br class=\"framer-text\" \/>Lunch is served in our fine dining rooms with salad, bread and drinks close at hand.<\/p><\/div>\t\t\t\t\t\t\t\t<\/div>\n\t\t\t\t<div class=\"elementor-element elementor-element-e239b11 elementor-widget__width-initial elementor-widget elementor-widget-heading\" data-id=\"e239b11\" data-element_type=\"widget\" data-widget_type=\"heading.default\">\n\t\t\t\t\t<h2 class=\"elementor-heading-title elementor-size-default\">Information about the programme\n<\/h2>\t\t\t\t<\/div>\n\t\t\t\t<div class=\"elementor-element elementor-element-b35f7e0 elementor-widget__width-inherit elementor-widget elementor-widget-text-editor\" data-id=\"b35f7e0\" data-element_type=\"widget\" data-widget_type=\"text-editor.default\">\n\t\t\t\t\t\t\t\t\t<div class=\"framer-7l4aqy\" data-framer-component-type=\"RichTextContainer\"><ul class=\"framer-text\"><li class=\"framer-text framer-styles-preset-g3t3gs\" data-preset-tag=\"p\"><p class=\"framer-text framer-styles-preset-g3t3gs\">Booking should be made 2 days before your visit<\/p><\/li><li class=\"framer-text framer-styles-preset-g3t3gs\" data-preset-tag=\"p\"><p class=\"framer-text framer-styles-preset-g3t3gs\">Adjustment of number and allergies should be done 2 days before<\/p><\/li><li class=\"framer-text framer-styles-preset-g3t3gs\" data-preset-tag=\"p\"><p class=\"framer-text framer-styles-preset-g3t3gs\">The business lunch is served on a set table with your company<\/p><\/li><li class=\"framer-text framer-styles-preset-g3t3gs\" data-preset-tag=\"p\"><p class=\"framer-text framer-styles-preset-g3t3gs\">The lunch price includes salad, bread, butter, water and the chef's choice of main course (taking into account allergies), dessert table with coffee and tea<\/p><\/li><\/ul><p class=\"framer-text framer-styles-preset-g3t3gs\"><em class=\"framer-text\">Do you have allergies or other food preferences?<\/em><br class=\"framer-text\" \/>I<em class=\"framer-text\"><strong class=\"framer-text\">No problem, just contact us before you come or ask us on site.<\/strong><\/em><\/p><\/div>\t\t\t\t\t\t\t\t<\/div>\n\t\t\t\t<div class=\"elementor-element elementor-element-de13cb3 elementor-widget__width-initial elementor-widget elementor-widget-heading\" data-id=\"de13cb3\" data-element_type=\"widget\" data-widget_type=\"heading.default\">\n\t\t\t\t\t<h2 class=\"elementor-heading-title elementor-size-default\">Opening hours of the restaurant:<\/h2>\t\t\t\t<\/div>\n\t\t\t\t<div class=\"elementor-element elementor-element-7b7b426 elementor-widget__width-inherit elementor-widget elementor-widget-text-editor\" data-id=\"7b7b426\" data-element_type=\"widget\" data-widget_type=\"text-editor.default\">\n\t\t\t\t\t\t\t\t\t<div class=\"framer-7l4aqy\" data-framer-component-type=\"RichTextContainer\"><p class=\"framer-text framer-styles-preset-g3t3gs\"><strong class=\"framer-text\">MONDAY - FRIDAY 11:00 - 14:00 <\/strong><\/p><p class=\"framer-text framer-styles-preset-g3t3gs\"><strong class=\"framer-text\">SATURDAY - SUNDAY (CLOSED)<\/strong><\/p><p class=\"framer-text framer-styles-preset-g3t3gs\"><em class=\"framer-text\">For booking and viewing contact info@westmanska.se<\/em><br class=\"framer-text\" \/><em class=\"framer-text\">or call 08-121 530 52.<\/em><\/p><\/div>\t\t\t\t\t\t\t\t<\/div>\n\t\t\t\t<div class=\"elementor-element elementor-element-86264a2 elementor-widget__width-initial elementor-widget elementor-widget-heading\" data-id=\"86264a2\" data-element_type=\"widget\" data-widget_type=\"heading.default\">\n\t\t\t\t\t<h2 class=\"elementor-heading-title elementor-size-default\">Frequently asked questions about business lunches<\/h2>\t\t\t\t<\/div>\n\t\t\t\t<div class=\"elementor-element elementor-element-e4be80f elementor-widget elementor-widget-n-accordion\" data-id=\"e4be80f\" data-element_type=\"widget\" data-settings=\"{&quot;default_state&quot;:&quot;expanded&quot;,&quot;max_items_expended&quot;:&quot;one&quot;,&quot;n_accordion_animation_duration&quot;:{&quot;unit&quot;:&quot;ms&quot;,&quot;size&quot;:400,&quot;sizes&quot;:[]}}\" data-widget_type=\"nested-accordion.default\">\n\t\t\t\t\t\t\t<div class=\"e-n-accordion\" aria-label=\"Accordion. Open links with Enter or Space, close with Escape, and navigate with Arrow Keys\">\n\t\t\t\t\t\t<details id=\"e-n-accordion-item-2390\" class=\"e-n-accordion-item\" open>\n\t\t\t\t<summary class=\"e-n-accordion-item-title\" data-accordion-index=\"1\" tabindex=\"0\" aria-expanded=\"true\" aria-controls=\"e-n-accordion-item-2390\" >\n\t\t\t\t\t<span class='e-n-accordion-item-title-header'><div class=\"e-n-accordion-item-title-text\"> Can I have lunch with you as a private person <\/div><\/span>\n\t\t\t\t\t\t\t<span class='e-n-accordion-item-title-icon'>\n\t\t\t<span class='e-opened' ><svg aria-hidden=\"true\" class=\"e-font-icon-svg e-fas-caret-up\" viewbox=\"0 0 320 512\" xmlns=\"http:\/\/www.w3.org\/2000\/svg\"><path d=\"M288.662 352H31.338c-17.818 0-26.741-21.543-14.142-34.142l128.662-128.662c7.81-7.81 20.474-7.81 28.284 0l128.662 128.662c12.6 12.599 3.676 34.142-14.142 34.142z\"><\/path><\/svg><\/span>\n\t\t\t<span class='e-closed'><svg aria-hidden=\"true\" class=\"e-font-icon-svg e-fas-caret-right\" viewbox=\"0 0 192 512\" xmlns=\"http:\/\/www.w3.org\/2000\/svg\"><path d=\"M0 384.662V127.338c0-17.818 21.543-26.741 34.142-14.142l128.662 128.662c7.81 7.81 7.81 20.474 0 28.284L34.142 398.804C21.543 411.404 0 402.48 0 384.662z\"><\/path><\/svg><\/span>\n\t\t<\/span>\n\n\t\t\t\t\t\t<\/summary>\n\t\t\t\t<div role=\"region\" aria-labelledby=\"e-n-accordion-item-2390\" class=\"elementor-element elementor-element-65b9c53 e-con-full e-flex e-con e-child\" data-id=\"65b9c53\" data-element_type=\"container\">\n\t\t\t\t<div class=\"elementor-element elementor-element-dd20f0b elementor-widget elementor-widget-text-editor\" data-id=\"dd20f0b\" data-element_type=\"widget\" data-widget_type=\"text-editor.default\">\n\t\t\t\t\t\t\t\t\t<p>Of course! Everyone is welcome to us at Westmanska Palatset! We get lunch guests from virtually all over Stockholm, including City, Gamla Stan, \u00d6stermalm, S\u00f6dermalm, Odenplan, Stureplan, H\u00f6torget, Norrmalm, Sergels Torg, G\u00e4rdet, Kungsholmen, Vasastan<\/p>\t\t\t\t\t\t\t\t<\/div>\n\t\t\t\t<\/div>\n\t\t\t\t\t<\/details>\n\t\t\t\t\t\t<details id=\"e-n-accordion-item-2391\" class=\"e-n-accordion-item\" >\n\t\t\t\t<summary class=\"e-n-accordion-item-title\" data-accordion-index=\"2\" tabindex=\"-1\" aria-expanded=\"false\" aria-controls=\"e-n-accordion-item-2391\" >\n\t\t\t\t\t<span class='e-n-accordion-item-title-header'><div class=\"e-n-accordion-item-title-text\"> What is included in the business lunch? <\/div><\/span>\n\t\t\t\t\t\t\t<span class='e-n-accordion-item-title-icon'>\n\t\t\t<span class='e-opened' ><svg aria-hidden=\"true\" class=\"e-font-icon-svg e-fas-caret-up\" viewbox=\"0 0 320 512\" xmlns=\"http:\/\/www.w3.org\/2000\/svg\"><path d=\"M288.662 352H31.338c-17.818 0-26.741-21.543-14.142-34.142l128.662-128.662c7.81-7.81 20.474-7.81 28.284 0l128.662 128.662c12.6 12.599 3.676 34.142-14.142 34.142z\"><\/path><\/svg><\/span>\n\t\t\t<span class='e-closed'><svg aria-hidden=\"true\" class=\"e-font-icon-svg e-fas-caret-right\" viewbox=\"0 0 192 512\" xmlns=\"http:\/\/www.w3.org\/2000\/svg\"><path d=\"M0 384.662V127.338c0-17.818 21.543-26.741 34.142-14.142l128.662 128.662c7.81 7.81 7.81 20.474 0 28.284L34.142 398.804C21.543 411.404 0 402.48 0 384.662z\"><\/path><\/svg><\/span>\n\t\t<\/span>\n\n\t\t\t\t\t\t<\/summary>\n\t\t\t\t<div role=\"region\" aria-labelledby=\"e-n-accordion-item-2391\" class=\"elementor-element elementor-element-4d009a9 e-flex e-con-boxed e-con e-child\" data-id=\"4d009a9\" data-element_type=\"container\">\n\t\t\t\t\t<div class=\"e-con-inner\">\n\t\t\t\t<div class=\"elementor-element elementor-element-17f380b elementor-widget elementor-widget-text-editor\" data-id=\"17f380b\" data-element_type=\"widget\" data-widget_type=\"text-editor.default\">\n\t\t\t\t\t\t\t\t\t<p class=\"m_-7483656082080147409p1\">(<b>2 courses)<\/b>\u00a0on tables set up in community in our restaurant.<u><\/u><u><\/u><\/p><p class=\"m_-7483656082080147409p1\">Includes main course, salad, bread, butter, still and mineral water, dessert buffet and coffee, tea\u00a0\u00a0<\/p>\t\t\t\t\t\t\t\t<\/div>\n\t\t\t\t\t<\/div>\n\t\t\t\t<\/div>\n\t\t\t\t\t<\/details>\n\t\t\t\t\t<\/div>\n\t\t\t\t\t\t<\/div>\n\t\t\t\t<\/div>\n\t\t\t\t\t<\/div>\n\t\t\t\t<\/div>\n\t\t<div class=\"elementor-element elementor-element-3ba42e1 e-con-full e-flex e-con e-parent\" data-id=\"3ba42e1\" data-element_type=\"container\" data-settings=\"{&quot;background_background&quot;:&quot;classic&quot;}\">\n\t\t\t\t<div class=\"elementor-element elementor-element-52cc088 elementor-widget-divider--view-line elementor-widget elementor-widget-divider\" data-id=\"52cc088\" data-element_type=\"widget\" data-widget_type=\"divider.default\">\n\t\t\t\t\t\t\t<div class=\"elementor-divider\">\n\t\t\t<span class=\"elementor-divider-separator\">\n\t\t\t\t\t\t<\/span>\n\t\t<\/div>\n\t\t\t\t\t\t<\/div>\n\t\t\t\t<div class=\"elementor-element elementor-element-966523d elementor-widget elementor-widget-heading\" data-id=\"966523d\" data-element_type=\"widget\" data-widget_type=\"heading.default\">\n\t\t\t\t\t<h2 class=\"elementor-heading-title elementor-size-default\">Book now for a top-class lunch experience!<\/h2>\t\t\t\t<\/div>\n\t\t\t\t<\/div>\n\t\t\t\t<\/div>","protected":false},"excerpt":{"rendered":"<p>Business lunch that makes a difference in business Nice lunch with a focus on business When booking a business meeting during lunchtime, it is important to offer good food to keep the mood up.With us at Westmanska Palatset, you get both a professional and representative environment as well as an inviting atmosphere for your business lunch.The combination of the good food from [...]<\/p>","protected":false},"author":1,"featured_media":0,"parent":0,"menu_order":0,"comment_status":"closed","ping_status":"closed","template":"","meta":{"footnotes":""},"class_list":["post-680","page","type-page","status-publish","hentry"],"_links":{"self":[{"href":"https:\/\/westmanska.se\/en\/wp-json\/wp\/v2\/pages\/680","targetHints":{"allow":["GET"]}}],"collection":[{"href":"https:\/\/westmanska.se\/en\/wp-json\/wp\/v2\/pages"}],"about":[{"href":"https:\/\/westmanska.se\/en\/wp-json\/wp\/v2\/types\/page"}],"author":[{"embeddable":true,"href":"https:\/\/westmanska.se\/en\/wp-json\/wp\/v2\/users\/1"}],"replies":[{"embeddable":true,"href":"https:\/\/westmanska.se\/en\/wp-json\/wp\/v2\/comments?post=680"}],"version-history":[{"count":25,"href":"https:\/\/westmanska.se\/en\/wp-json\/wp\/v2\/pages\/680\/revisions"}],"predecessor-version":[{"id":3994,"href":"https:\/\/westmanska.se\/en\/wp-json\/wp\/v2\/pages\/680\/revisions\/3994"}],"wp:attachment":[{"href":"https:\/\/westmanska.se\/en\/wp-json\/wp\/v2\/media?parent=680"}],"curies":[{"name":"wp","href":"https:\/\/api.w.org\/{rel}","templated":true}]}}