{"id":177,"date":"2025-07-22T08:25:10","date_gmt":"2025-07-22T08:25:10","guid":{"rendered":"https:\/\/yellow-gazelle-403867.hostingersite.com\/?page_id=177"},"modified":"2026-02-03T10:12:29","modified_gmt":"2026-02-03T10:12:29","slug":"kontakt","status":"publish","type":"page","link":"https:\/\/westmanska.se\/en\/kontakt\/","title":{"rendered":"Contact us"},"content":{"rendered":"<div data-elementor-type=\"wp-post\" data-elementor-id=\"177\" class=\"elementor elementor-177\" data-elementor-post-type=\"page\">\n\t\t\t\t<div class=\"elementor-element elementor-element-1d76f06 e-flex e-con-boxed e-con e-parent\" data-id=\"1d76f06\" data-element_type=\"container\" data-settings=\"{&quot;background_background&quot;:&quot;classic&quot;}\">\n\t\t\t\t\t<div class=\"e-con-inner\">\n\t\t\t\t<div class=\"elementor-element elementor-element-4ee40e6 elementor-widget elementor-widget-heading\" data-id=\"4ee40e6\" data-element_type=\"widget\" data-widget_type=\"heading.default\">\n\t\t\t\t\t<h2 class=\"elementor-heading-title elementor-size-default\">Contact us<\/h2>\t\t\t\t<\/div>\n\t\t\t\t\t<\/div>\n\t\t\t\t<\/div>\n\t\t<div class=\"elementor-element elementor-element-1977b49 e-flex e-con-boxed e-con e-parent\" data-id=\"1977b49\" data-element_type=\"container\" data-settings=\"{&quot;background_background&quot;:&quot;gradient&quot;}\">\n\t\t\t\t\t<div class=\"e-con-inner\">\n\t\t<div class=\"elementor-element elementor-element-e134505 e-con-full e-flex e-con e-child\" data-id=\"e134505\" data-element_type=\"container\">\n\t\t\t\t<div class=\"elementor-element elementor-element-9d5ea75 elementor-widget elementor-widget-heading\" data-id=\"9d5ea75\" data-element_type=\"widget\" data-widget_type=\"heading.default\">\n\t\t\t\t\t<h2 class=\"elementor-heading-title elementor-size-default\">Contact us at Westmanska Palatset<\/h2>\t\t\t\t<\/div>\n\t\t\t\t<\/div>\n\t\t<div class=\"elementor-element elementor-element-404c8cc e-con-full e-flex e-con e-child\" data-id=\"404c8cc\" data-element_type=\"container\">\n\t\t<div class=\"elementor-element elementor-element-5f5b0d1 e-con-full e-flex e-con e-child\" data-id=\"5f5b0d1\" data-element_type=\"container\" data-settings=\"{&quot;background_background&quot;:&quot;classic&quot;}\">\n\t\t\t\t<div class=\"elementor-element elementor-element-1c87220 elementor-icon-list--layout-traditional elementor-list-item-link-full_width elementor-widget elementor-widget-icon-list\" data-id=\"1c87220\" data-element_type=\"widget\" data-widget_type=\"icon-list.default\">\n\t\t\t\t\t\t\t<ul class=\"elementor-icon-list-items\">\n\t\t\t\t\t\t\t<li class=\"elementor-icon-list-item\">\n\t\t\t\t\t\t\t\t\t\t\t<span class=\"elementor-icon-list-icon\">\n\t\t\t\t\t\t\t<svg aria-hidden=\"true\" class=\"e-font-icon-svg e-fas-map-marker-alt\" viewbox=\"0 0 384 512\" xmlns=\"http:\/\/www.w3.org\/2000\/svg\"><path d=\"M172.268 501.67C26.97 291.031 0 269.413 0 192 0 85.961 85.961 0 192 0s192 85.961 192 192c0 77.413-26.97 99.031-172.268 309.67-9.535 13.774-29.93 13.773-39.464 0zM192 272c44.183 0 80-35.817 80-80s-35.817-80-80-80-80 35.817-80 80 35.817 80 80 80z\"><\/path><\/svg>\t\t\t\t\t\t<\/span>\n\t\t\t\t\t\t\t\t\t\t<span class=\"elementor-icon-list-text\">Address<\/span>\n\t\t\t\t\t\t\t\t\t<\/li>\n\t\t\t\t\t\t<\/ul>\n\t\t\t\t\t\t<\/div>\n\t\t\t\t<div class=\"elementor-element elementor-element-04c2668 elementor-widget elementor-widget-text-editor\" data-id=\"04c2668\" data-element_type=\"widget\" data-widget_type=\"text-editor.default\">\n\t\t\t\t\t\t\t\t\t<p class=\"framer-text framer-styles-preset-xy4s59\" data-styles-preset=\"y8HzBVKH8\">Conference<\/p><p class=\"framer-text framer-styles-preset-xy4s59\" data-styles-preset=\"y8HzBVKH8\">Holl\u00e4ndargatan 17, 111 60 Stockholm<\/p><p class=\"framer-text framer-styles-preset-xy4s59\" data-styles-preset=\"y8HzBVKH8\">Banqueting hall &amp; dining room<\/p><p class=\"framer-text framer-styles-preset-xy4s59\" data-styles-preset=\"y8HzBVKH8\">Wallingatan 2, 111 60 Stockholm<\/p>\t\t\t\t\t\t\t\t<\/div>\n\t\t\t\t<\/div>\n\t\t<div class=\"elementor-element elementor-element-6967eae e-con-full e-flex e-con e-child\" data-id=\"6967eae\" data-element_type=\"container\" data-settings=\"{&quot;background_background&quot;:&quot;classic&quot;}\">\n\t\t\t\t<div class=\"elementor-element elementor-element-13fc24f elementor-icon-list--layout-traditional elementor-list-item-link-full_width elementor-widget elementor-widget-icon-list\" data-id=\"13fc24f\" data-element_type=\"widget\" data-widget_type=\"icon-list.default\">\n\t\t\t\t\t\t\t<ul class=\"elementor-icon-list-items\">\n\t\t\t\t\t\t\t<li class=\"elementor-icon-list-item\">\n\t\t\t\t\t\t\t\t\t\t\t<span class=\"elementor-icon-list-icon\">\n\t\t\t\t\t\t\t<svg aria-hidden=\"true\" class=\"e-font-icon-svg e-fas-phone-alt\" viewbox=\"0 0 512 512\" xmlns=\"http:\/\/www.w3.org\/2000\/svg\"><path d=\"M497.39 361.8l-112-48a24 24 0 0 0-28 6.9l-49.6 60.6A370.66 370.66 0 0 1 130.6 204.11l60.6-49.6a23.94 23.94 0 0 0 6.9-28l-48-112A24.16 24.16 0 0 0 122.6.61l-104 24A24 24 0 0 0 0 48c0 256.5 207.9 464 464 464a24 24 0 0 0 23.4-18.6l24-104a24.29 24.29 0 0 0-14.01-27.6z\"><\/path><\/svg>\t\t\t\t\t\t<\/span>\n\t\t\t\t\t\t\t\t\t\t<span class=\"elementor-icon-list-text\">Phone number<\/span>\n\t\t\t\t\t\t\t\t\t<\/li>\n\t\t\t\t\t\t<\/ul>\n\t\t\t\t\t\t<\/div>\n\t\t\t\t<div class=\"elementor-element elementor-element-68f2de2 elementor-widget elementor-widget-text-editor\" data-id=\"68f2de2\" data-element_type=\"widget\" data-widget_type=\"text-editor.default\">\n\t\t\t\t\t\t\t\t\t<p class=\"framer-text framer-styles-preset-xy4s59\" data-styles-preset=\"y8HzBVKH8\">You are always welcome to call us if you have any questions.<\/p><p class=\"framer-text framer-styles-preset-xy4s59\" data-styles-preset=\"y8HzBVKH8\"><span style=\"color: #ab996f;\"><a class=\"framer-text framer-styles-preset-126j9py\" style=\"color: #ab996f;\" href=\"telto:08-121 530 50\" target=\"_blank\" rel=\"noopener\" data-styles-preset=\"WtYfSKj2a\">08-121 530 50<\/a><\/span><\/p>\t\t\t\t\t\t\t\t<\/div>\n\t\t\t\t<\/div>\n\t\t<div class=\"elementor-element elementor-element-09a4fee e-con-full e-flex e-con e-child\" data-id=\"09a4fee\" data-element_type=\"container\" data-settings=\"{&quot;background_background&quot;:&quot;classic&quot;}\">\n\t\t\t\t<div class=\"elementor-element elementor-element-ce30c15 elementor-icon-list--layout-traditional elementor-list-item-link-full_width elementor-widget elementor-widget-icon-list\" data-id=\"ce30c15\" data-element_type=\"widget\" data-widget_type=\"icon-list.default\">\n\t\t\t\t\t\t\t<ul class=\"elementor-icon-list-items\">\n\t\t\t\t\t\t\t<li class=\"elementor-icon-list-item\">\n\t\t\t\t\t\t\t\t\t\t\t<span class=\"elementor-icon-list-icon\">\n\t\t\t\t\t\t\t<svg aria-hidden=\"true\" class=\"e-font-icon-svg e-far-envelope\" viewbox=\"0 0 512 512\" xmlns=\"http:\/\/www.w3.org\/2000\/svg\"><path d=\"M464 64H48C21.49 64 0 85.49 0 112v288c0 26.51 21.49 48 48 48h416c26.51 0 48-21.49 48-48V112c0-26.51-21.49-48-48-48zm0 48v40.805c-22.422 18.259-58.168 46.651-134.587 106.49-16.841 13.247-50.201 45.072-73.413 44.701-23.208.375-56.579-31.459-73.413-44.701C106.18 199.465 70.425 171.067 48 152.805V112h416zM48 400V214.398c22.914 18.251 55.409 43.862 104.938 82.646 21.857 17.205 60.134 55.186 103.062 54.955 42.717.231 80.509-37.199 103.053-54.947 49.528-38.783 82.032-64.401 104.947-82.653V400H48z\"><\/path><\/svg>\t\t\t\t\t\t<\/span>\n\t\t\t\t\t\t\t\t\t\t<span class=\"elementor-icon-list-text\">E-mail address<\/span>\n\t\t\t\t\t\t\t\t\t<\/li>\n\t\t\t\t\t\t<\/ul>\n\t\t\t\t\t\t<\/div>\n\t\t\t\t<div class=\"elementor-element elementor-element-ff3d3c7 elementor-widget elementor-widget-text-editor\" data-id=\"ff3d3c7\" data-element_type=\"widget\" data-widget_type=\"text-editor.default\">\n\t\t\t\t\t\t\t\t\t<div class=\"framer-171uh56\"><div class=\"framer-waahjw\"><div class=\"framer-kh9e1a\" data-framer-component-type=\"RichTextContainer\"><p class=\"framer-text framer-styles-preset-xy4s59\" data-styles-preset=\"y8HzBVKH8\">If you want to email, you can of course do so.<\/p><p class=\"framer-text framer-styles-preset-xy4s59\" data-styles-preset=\"y8HzBVKH8\"><span style=\"color: #ab996f;\"><a class=\"framer-text framer-styles-preset-126j9py\" style=\"color: #ab996f;\" href=\"mailto:info@westmanska.se\" target=\"_blank\" rel=\"noopener\" data-styles-preset=\"WtYfSKj2a\">info@westmanska.se<\/a><\/span><\/p><\/div><\/div><\/div><div class=\"framer-1gbkfzk\"><div class=\"framer-ry8yy3\"><div class=\"framer-1tcdghy\"><div class=\"framer-1rht6oi-container\"><div>\u00a0<\/div><\/div><div class=\"framer-bd46jj\" data-framer-component-type=\"RichTextContainer\">\u00a0<\/div><\/div><\/div><\/div>\t\t\t\t\t\t\t\t<\/div>\n\t\t\t\t<\/div>\n\t\t\t\t<\/div>\n\t\t<div class=\"elementor-element elementor-element-40e65e3 e-con-full e-flex e-con e-child\" data-id=\"40e65e3\" data-element_type=\"container\">\n\t\t<div class=\"elementor-element elementor-element-286c916 e-con-full e-flex e-con e-child\" data-id=\"286c916\" data-element_type=\"container\" data-settings=\"{&quot;background_background&quot;:&quot;classic&quot;}\">\n\t\t\t\t<div class=\"elementor-element elementor-element-421cb25 elementor-icon-list--layout-traditional elementor-list-item-link-full_width elementor-widget elementor-widget-icon-list\" data-id=\"421cb25\" data-element_type=\"widget\" data-widget_type=\"icon-list.default\">\n\t\t\t\t\t\t\t<ul class=\"elementor-icon-list-items\">\n\t\t\t\t\t\t\t<li class=\"elementor-icon-list-item\">\n\t\t\t\t\t\t\t\t\t\t\t<span class=\"elementor-icon-list-icon\">\n\t\t\t\t\t\t\t<svg aria-hidden=\"true\" class=\"e-font-icon-svg e-far-map\" viewbox=\"0 0 576 512\" xmlns=\"http:\/\/www.w3.org\/2000\/svg\"><path d=\"M560.02 32c-1.96 0-3.98.37-5.96 1.16L384.01 96H384L212 35.28A64.252 64.252 0 0 0 191.76 32c-6.69 0-13.37 1.05-19.81 3.14L20.12 87.95A32.006 32.006 0 0 0 0 117.66v346.32C0 473.17 7.53 480 15.99 480c1.96 0 3.97-.37 5.96-1.16L192 416l172 60.71a63.98 63.98 0 0 0 40.05.15l151.83-52.81A31.996 31.996 0 0 0 576 394.34V48.02c0-9.19-7.53-16.02-15.98-16.02zM224 90.42l128 45.19v285.97l-128-45.19V90.42zM48 418.05V129.07l128-44.53v286.2l-.64.23L48 418.05zm480-35.13l-128 44.53V141.26l.64-.24L528 93.95v288.97z\"><\/path><\/svg>\t\t\t\t\t\t<\/span>\n\t\t\t\t\t\t\t\t\t\t<span class=\"elementor-icon-list-text\">How to find us<\/span>\n\t\t\t\t\t\t\t\t\t<\/li>\n\t\t\t\t\t\t<\/ul>\n\t\t\t\t\t\t<\/div>\n\t\t\t\t<div class=\"elementor-element elementor-element-0d030ac elementor-widget elementor-widget-text-editor\" data-id=\"0d030ac\" data-element_type=\"widget\" data-widget_type=\"text-editor.default\">\n\t\t\t\t\t\t\t\t\t<p class=\"framer-text framer-styles-preset-xy4s59\" data-styles-preset=\"y8HzBVKH8\">We are located in the centre of the city, right next to Drottninggatan. Whether you come by metro or train, you are close to us. The property also houses Restaurant Westman.<\/p>\t\t\t\t\t\t\t\t<\/div>\n\t\t<div class=\"elementor-element elementor-element-b2ad35e e-con-full e-flex e-con e-child\" data-id=\"b2ad35e\" data-element_type=\"container\">\n\t\t<div class=\"elementor-element elementor-element-2e2569e e-con-full e-flex e-con e-child\" data-id=\"2e2569e\" data-element_type=\"container\">\n\t\t\t\t<div class=\"elementor-element elementor-element-1e294d8 elementor-widget elementor-widget-heading\" data-id=\"1e294d8\" data-element_type=\"widget\" data-widget_type=\"heading.default\">\n\t\t\t\t\t<h3 class=\"elementor-heading-title elementor-size-default\">TUNNEL TRACK<\/h3>\t\t\t\t<\/div>\n\t\t\t\t<div class=\"elementor-element elementor-element-1a4f54b elementor-widget elementor-widget-text-editor\" data-id=\"1a4f54b\" data-element_type=\"widget\" data-widget_type=\"text-editor.default\">\n\t\t\t\t\t\t\t\t\t<div class=\"framer-dw6s6a\"><div class=\"framer-8o6s67\" data-framer-component-type=\"RichTextContainer\"><p class=\"framer-text framer-styles-preset-xy4s59\" data-styles-preset=\"y8HzBVKH8\">R\u00e5dmansgatan 250 m<br class=\"framer-text\" \/>H\u00f6torget square 300 metres<br class=\"framer-text\" \/>T-centre 500 m<\/p><\/div><\/div>\t\t\t\t\t\t\t\t<\/div>\n\t\t\t\t<\/div>\n\t\t<div class=\"elementor-element elementor-element-537d1ad e-con-full e-flex e-con e-child\" data-id=\"537d1ad\" data-element_type=\"container\">\n\t\t\t\t<div class=\"elementor-element elementor-element-3bd6d5d elementor-widget elementor-widget-heading\" data-id=\"3bd6d5d\" data-element_type=\"widget\" data-widget_type=\"heading.default\">\n\t\t\t\t\t<h3 class=\"elementor-heading-title elementor-size-default\">FLIGHT<\/h3>\t\t\t\t<\/div>\n\t\t\t\t<div class=\"elementor-element elementor-element-44c5bc5 elementor-widget elementor-widget-text-editor\" data-id=\"44c5bc5\" data-element_type=\"widget\" data-widget_type=\"text-editor.default\">\n\t\t\t\t\t\t\t\t\t<div class=\"framer-dw6s6a\"><div class=\"framer-8o6s67\" data-framer-component-type=\"RichTextContainer\"><p class=\"framer-text framer-styles-preset-xy4s59\" data-styles-preset=\"y8HzBVKH8\">Arlanda Airport 38 km<br class=\"framer-text\" \/>Bromma Airport 8 km<\/p><p data-styles-preset=\"y8HzBVKH8\">\u00a0<\/p><\/div><\/div>\t\t\t\t\t\t\t\t<\/div>\n\t\t\t\t<\/div>\n\t\t<div class=\"elementor-element elementor-element-ba19f2d e-con-full e-flex e-con e-child\" data-id=\"ba19f2d\" data-element_type=\"container\">\n\t\t\t\t<div class=\"elementor-element elementor-element-41c6ea2 elementor-widget elementor-widget-heading\" data-id=\"41c6ea2\" data-element_type=\"widget\" data-widget_type=\"heading.default\">\n\t\t\t\t\t<h3 class=\"elementor-heading-title elementor-size-default\">TRAIN &amp; ARLANDA EXPRESS<\/h3>\t\t\t\t<\/div>\n\t\t\t\t<div class=\"elementor-element elementor-element-ae8a5e0 elementor-widget elementor-widget-text-editor\" data-id=\"ae8a5e0\" data-element_type=\"widget\" data-widget_type=\"text-editor.default\">\n\t\t\t\t\t\t\t\t\t<div class=\"framer-dw6s6a\"><div class=\"framer-8o6s67\" data-framer-component-type=\"RichTextContainer\"><p data-styles-preset=\"y8HzBVKH8\">Central railway station 950 m<\/p><\/div><\/div>\t\t\t\t\t\t\t\t<\/div>\n\t\t\t\t<\/div>\n\t\t\t\t<\/div>\n\t\t\t\t<\/div>\n\t\t\t\t<\/div>\n\t\t\t\t\t<\/div>\n\t\t\t\t<\/div>\n\t\t<div class=\"elementor-element elementor-element-d4e9fd3 e-con-full e-flex e-con e-parent\" data-id=\"d4e9fd3\" data-element_type=\"container\">\n\t\t\t\t<div class=\"elementor-element elementor-element-46e53f2 elementor-widget-divider--view-line elementor-widget elementor-widget-divider\" data-id=\"46e53f2\" data-element_type=\"widget\" data-widget_type=\"divider.default\">\n\t\t\t\t\t\t\t<div class=\"elementor-divider\">\n\t\t\t<span class=\"elementor-divider-separator\">\n\t\t\t\t\t\t<\/span>\n\t\t<\/div>\n\t\t\t\t\t\t<\/div>\n\t\t\t\t<\/div>\n\t\t<div class=\"elementor-element elementor-element-d72e7ac e-con-full e-flex e-con e-parent\" data-id=\"d72e7ac\" data-element_type=\"container\">\n\t\t\t\t<div class=\"elementor-element elementor-element-3852eb0 elementor-widget elementor-widget-google_maps\" data-id=\"3852eb0\" data-element_type=\"widget\" data-widget_type=\"google_maps.default\">\n\t\t\t\t\t\t\t<div class=\"elementor-custom-embed\">\n\t\t\t<iframe loading=\"lazy\"\n\t\t\t\t\tsrc=\"https:\/\/maps.google.com\/maps?q=59%C2%B020%2717.0%22N%2018%C2%B003%2731.4%22E&#038;t=m&#038;z=15&#038;output=embed&#038;iwloc=near\"\n\t\t\t\t\ttitle=\"59\u00b020&#039;17.0&quot;N 18\u00b003&#039;31.4&quot;E\"\n\t\t\t\t\taria-label=\"59\u00b020&#039;17.0&quot;N 18\u00b003&#039;31.4&quot;E\"\n\t\t\t><\/iframe>\n\t\t<\/div>\n\t\t\t\t\t\t<\/div>\n\t\t\t\t<\/div>\n\t\t\t\t<\/div>","protected":false},"excerpt":{"rendered":"<p>Kontakt Kontakta oss p\u00e5 Westmanska Palatset Adress Konferens Holl\u00e4ndargatan 17, 111 60 Stockholm Festv\u00e5ning &amp; matsal Wallingatan 2, 111 60 Stockholm Telefon Du \u00e4r alltid v\u00e4lkommen att ringa oss om du har n\u00e5gra fr\u00e5gor. 08-121 530 50 E-post Om du vill maila g\u00e5r det givetvis bra. info@westmanska.se \u00a0\u00a0 Hitta till oss Vi h\u00e5ller hus mitt [&hellip;]<\/p>","protected":false},"author":1,"featured_media":0,"parent":0,"menu_order":0,"comment_status":"closed","ping_status":"closed","template":"","meta":{"footnotes":""},"class_list":["post-177","page","type-page","status-publish","hentry"],"_links":{"self":[{"href":"https:\/\/westmanska.se\/en\/wp-json\/wp\/v2\/pages\/177","targetHints":{"allow":["GET"]}}],"collection":[{"href":"https:\/\/westmanska.se\/en\/wp-json\/wp\/v2\/pages"}],"about":[{"href":"https:\/\/westmanska.se\/en\/wp-json\/wp\/v2\/types\/page"}],"author":[{"embeddable":true,"href":"https:\/\/westmanska.se\/en\/wp-json\/wp\/v2\/users\/1"}],"replies":[{"embeddable":true,"href":"https:\/\/westmanska.se\/en\/wp-json\/wp\/v2\/comments?post=177"}],"version-history":[{"count":79,"href":"https:\/\/westmanska.se\/en\/wp-json\/wp\/v2\/pages\/177\/revisions"}],"predecessor-version":[{"id":4317,"href":"https:\/\/westmanska.se\/en\/wp-json\/wp\/v2\/pages\/177\/revisions\/4317"}],"wp:attachment":[{"href":"https:\/\/westmanska.se\/en\/wp-json\/wp\/v2\/media?parent=177"}],"curies":[{"name":"wp","href":"https:\/\/api.w.org\/{rel}","templated":true}]}}