{"id":1601,"date":"2025-07-30T11:59:21","date_gmt":"2025-07-30T11:59:21","guid":{"rendered":"https:\/\/yellow-gazelle-403867.hostingersite.com\/?page_id=1601"},"modified":"2026-01-23T14:33:10","modified_gmt":"2026-01-23T14:33:10","slug":"studentskiva","status":"publish","type":"page","link":"https:\/\/westmanska.se\/en\/studentskiva\/","title":{"rendered":"Studentskiva"},"content":{"rendered":"<div data-elementor-type=\"wp-post\" data-elementor-id=\"1601\" class=\"elementor elementor-1601\" data-elementor-post-type=\"page\">\n\t\t\t\t<div class=\"elementor-element elementor-element-1d76f06 e-flex e-con-boxed e-con e-parent\" data-id=\"1d76f06\" data-element_type=\"container\" data-settings=\"{&quot;background_background&quot;:&quot;classic&quot;}\">\n\t\t\t\t\t<div class=\"e-con-inner\">\n\t\t\t\t<div class=\"elementor-element elementor-element-4ee40e6 elementor-widget elementor-widget-heading\" data-id=\"4ee40e6\" data-element_type=\"widget\" data-widget_type=\"heading.default\">\n\t\t\t\t\t<h1 class=\"elementor-heading-title elementor-size-default\"> Student disc at Westmanska Palatset\n<\/h1>\t\t\t\t<\/div>\n\t\t\t\t\t<\/div>\n\t\t\t\t<\/div>\n\t\t<div class=\"elementor-element elementor-element-0d9bce2 e-flex e-con-boxed e-con e-parent\" data-id=\"0d9bce2\" data-element_type=\"container\" data-settings=\"{&quot;background_background&quot;:&quot;gradient&quot;}\">\n\t\t\t\t\t<div class=\"e-con-inner\">\n\t\t<div class=\"elementor-element elementor-element-9aa6679 e-con-full e-flex e-con e-child\" data-id=\"9aa6679\" data-element_type=\"container\">\n\t\t\t\t<div class=\"elementor-element elementor-element-31fed74 elementor-widget__width-inherit elementor-widget elementor-widget-heading\" data-id=\"31fed74\" data-element_type=\"widget\" data-widget_type=\"heading.default\">\n\t\t\t\t\t<h2 class=\"elementor-heading-title elementor-size-default\">We create a grand student disc\n<\/h2>\t\t\t\t<\/div>\n\t\t\t\t<div class=\"elementor-element elementor-element-2e37580 elementor-widget__width-inherit elementor-widget elementor-widget-text-editor\" data-id=\"2e37580\" data-element_type=\"widget\" data-widget_type=\"text-editor.default\">\n\t\t\t\t\t\t\t\t\t<div class=\"framer-7l4aqy\" data-framer-component-type=\"RichTextContainer\"><p class=\"framer-text framer-styles-preset-g3t3gs\">A student disc at Westmanska can include:\u00a0<\/p><ul class=\"framer-text\"><li class=\"framer-text framer-styles-preset-g3t3gs\" data-preset-tag=\"p\"><p class=\"framer-text framer-styles-preset-g3t3gs\">a student dinner planned according to your wishes\u00a0<\/p><\/li><li class=\"framer-text framer-styles-preset-g3t3gs\" data-preset-tag=\"p\"><p class=\"framer-text framer-styles-preset-g3t3gs\">premises that leave a mark<\/p><\/li><li class=\"framer-text framer-styles-preset-g3t3gs\" data-preset-tag=\"p\"><p class=\"framer-text framer-styles-preset-g3t3gs\">music played from the best speakers on the market BOSE<\/p><\/li><li class=\"framer-text framer-styles-preset-g3t3gs\" data-preset-tag=\"p\"><p class=\"framer-text framer-styles-preset-g3t3gs\">you can have a specific theme and decoration<\/p><\/li><li class=\"framer-text framer-styles-preset-g3t3gs\" data-preset-tag=\"p\"><p class=\"framer-text framer-styles-preset-g3t3gs\">games, performances and other events<\/p><\/li><\/ul><p class=\"framer-text framer-styles-preset-g3t3gs\">The Westman Palace is located near green areas so it is not difficult to do something else outside the premises, such as a tip walk or similar.\u00a0\u00a0\u00a0\u00a0<\/p><p class=\"framer-text framer-styles-preset-g3t3gs\">We can provide an experienced event coordinator to help you plan and organise your entire student event.\u00a0\u00a0<\/p><p class=\"framer-text framer-styles-preset-g3t3gs\">You can contact us by email, phone and contact form. We are happy to book appointments for viewings.\u00a0<\/p><\/div>\t\t\t\t\t\t\t\t<\/div>\n\t\t\t\t<div class=\"elementor-element elementor-element-a6e1e03 elementor-widget__width-inherit elementor-widget elementor-widget-heading\" data-id=\"a6e1e03\" data-element_type=\"widget\" data-widget_type=\"heading.default\">\n\t\t\t\t\t<h2 class=\"elementor-heading-title elementor-size-default\">A spectacle to remember for a lifetime\n<\/h2>\t\t\t\t<\/div>\n\t\t\t\t<div class=\"elementor-element elementor-element-873edf4 elementor-widget__width-inherit elementor-widget elementor-widget-text-editor\" data-id=\"873edf4\" data-element_type=\"widget\" data-widget_type=\"text-editor.default\">\n\t\t\t\t\t\t\t\t\t<div class=\"framer-7l4aqy\" data-framer-component-type=\"RichTextContainer\"><p class=\"framer-text framer-styles-preset-g3t3gs\">The Westman Palace dates back to the early 1800s when master builder Abraham Lorenzon Westman had the building constructed for himself and his family. \u00a0<br class=\"framer-text\" \/>Over the years, it has been much more than just a family home. From 1831, for example, it has housed an exhibition of part of the Natural History Collection. It was a huge collection of stuffed animals from all corners of the world.\u00a0\u00a0<\/p><p class=\"framer-text framer-styles-preset-g3t3gs\">Our beautiful, airy halls add a magical touch to any event. You can feel the wings of history in the walls of the house.\u00a0\u00a0<\/p><p class=\"framer-text framer-styles-preset-g3t3gs\">Today the building is managed by Vasakronan. There are offices, function rooms, a conference centre and Restaurant Westman.\u00a0<\/p><\/div>\t\t\t\t\t\t\t\t<\/div>\n\t\t\t\t<div class=\"elementor-element elementor-element-e239b11 elementor-widget__width-inherit elementor-widget elementor-widget-heading\" data-id=\"e239b11\" data-element_type=\"widget\" data-widget_type=\"heading.default\">\n\t\t\t\t\t<h2 class=\"elementor-heading-title elementor-size-default\">Student disc beyond the expected\n<\/h2>\t\t\t\t<\/div>\n\t\t\t\t<div class=\"elementor-element elementor-element-b35f7e0 elementor-widget__width-inherit elementor-widget elementor-widget-text-editor\" data-id=\"b35f7e0\" data-element_type=\"widget\" data-widget_type=\"text-editor.default\">\n\t\t\t\t\t\t\t\t\t<div class=\"framer-7l4aqy\" data-framer-component-type=\"RichTextContainer\"><p class=\"framer-text framer-styles-preset-g3t3gs\">We make sure that your student disc at Westmanska Palatset will be both grand and memorable according to your wishes.\u00a0\u00a0\u00a0<\/p><p class=\"framer-text framer-styles-preset-g3t3gs\">We offer beautiful, well-equipped rooms that can be used for large and small groups.\u00a0<\/p><p class=\"framer-text framer-styles-preset-g3t3gs\">Our banqueting halls:\u00a0\u00a0\u00a0\u00a0<\/p><ul class=\"framer-text\"><li class=\"framer-text framer-styles-preset-g3t3gs\" data-preset-tag=\"p\"><p class=\"framer-text framer-styles-preset-g3t3gs\">Inner courtyard\u00a0\u00a0<br class=\"framer-text\" \/>is a well-preserved secret oasis hidden behind the house facade. Absolutely magical in summer!\u00a0\u00a0<br class=\"framer-text\" \/>(200 people seated \/ 400 people mingle)\u00a0\u00a0<br class=\"framer-text\" \/>\u00a0\u00a0\u00a0<\/p><\/li><li class=\"framer-text framer-styles-preset-g3t3gs\" data-preset-tag=\"p\"><p class=\"framer-text framer-styles-preset-g3t3gs\">The Glass Hall\u00a0\u00a0<br class=\"framer-text\" \/>with its lovely light and connection to the courtyard.\u00a0\u00a0<br class=\"framer-text\" \/>(about 80 people seated\/ 150 people mingle)\u00a0\u00a0\u00a0<br class=\"framer-text\" \/>\u00a0\u00a0<\/p><\/li><li class=\"framer-text framer-styles-preset-g3t3gs\" data-preset-tag=\"p\"><p class=\"framer-text framer-styles-preset-g3t3gs\">Vault\u00a0\u00a0<br class=\"framer-text\" \/>With its stunning barrel-vaulted roof, it gives a grand impression. \u00a0<br class=\"framer-text\" \/>There is total flexibility here and we can customise the furniture to your requirements.\u00a0\u00a0<br class=\"framer-text\" \/>(approx. 140 people seated\/ 200 people mingle)\u00a0\u00a0\u00a0\u00a0<br class=\"framer-text\" \/>\u00a0<\/p><\/li><li class=\"framer-text framer-styles-preset-g3t3gs\" data-preset-tag=\"p\"><p class=\"framer-text framer-styles-preset-g3t3gs\">Separate room\u00a0\u00a0<br class=\"framer-text\" \/>room with our wine cellar. It has a warm and cosy atmosphere.\u00a0<br class=\"framer-text\" \/>Perfect for the smaller party.\u00a0\u00a0<br class=\"framer-text\" \/>(max 14 persons)\u00a0\u00a0\u00a0<\/p><\/li><\/ul><p class=\"framer-text framer-styles-preset-g3t3gs\">We have party planners to turn your vision of this day into reality.\u00a0\u00a0<br class=\"framer-text\" \/>Just tell us what you want and we'll do the rest.\u00a0\u00a0\u00a0\u00a0<\/p><p class=\"framer-text framer-styles-preset-g3t3gs\">You will find Westmanska Palatset at Holl\u00e4ndargatan 17 \/ Wallingatan 2 on Norrmalm in Stockholm. A short walk from H\u00f6torget.<\/p><\/div>\t\t\t\t\t\t\t\t<\/div>\n\t\t\t\t<div class=\"elementor-element elementor-element-de13cb3 elementor-widget__width-inherit elementor-widget elementor-widget-heading\" data-id=\"de13cb3\" data-element_type=\"widget\" data-widget_type=\"heading.default\">\n\t\t\t\t\t<h3 class=\"elementor-heading-title elementor-size-default\">Top marks at previous student discs and festivities  \n<\/h3>\t\t\t\t<\/div>\n\t\t\t\t<div class=\"elementor-element elementor-element-7b7b426 elementor-widget__width-inherit elementor-widget elementor-widget-text-editor\" data-id=\"7b7b426\" data-element_type=\"widget\" data-widget_type=\"text-editor.default\">\n\t\t\t\t\t\t\t\t\t<div class=\"framer-7l4aqy\" data-framer-component-type=\"RichTextContainer\"><p class=\"framer-text framer-styles-preset-g3t3gs\">Our guests have been fascinated by the history of the Westman Palace and amazed by the grand halls.\u00a0<br class=\"framer-text\" \/>What's more, our guests are always more than satisfied with the wonderful food, prepared from the finest ingredients by our chefs.\u00a0<br class=\"framer-text\" \/>In summer, it's great to have your food served outside and to dance under the stars.\u00a0\u00a0<\/p><p class=\"framer-text framer-styles-preset-g3t3gs\">With confident staff providing top class service and seasonal fresh produce, we can guarantee a great experience!<\/p><\/div>\t\t\t\t\t\t\t\t<\/div>\n\t\t\t\t<div class=\"elementor-element elementor-element-e402f79 elementor-widget__width-inherit elementor-widget elementor-widget-heading\" data-id=\"e402f79\" data-element_type=\"widget\" data-widget_type=\"heading.default\">\n\t\t\t\t\t<h2 class=\"elementor-heading-title elementor-size-default\">What food would you serve at a student party?   \n<\/h2>\t\t\t\t<\/div>\n\t\t\t\t<div class=\"elementor-element elementor-element-1f09710 elementor-widget__width-inherit elementor-widget elementor-widget-text-editor\" data-id=\"1f09710\" data-element_type=\"widget\" data-widget_type=\"text-editor.default\">\n\t\t\t\t\t\t\t\t\t<div class=\"framer-7l4aqy\" data-framer-component-type=\"RichTextContainer\"><p class=\"framer-text framer-styles-preset-g3t3gs\">With seasonal ingredients and with your wishes, we try to find menus that are suitable for your particular event. The chef at Westmanska ensures that everything is cooked from scratch and can adapt dishes according to allergies and food preferences.<\/p><\/div>\t\t\t\t\t\t\t\t<\/div>\n\t\t\t\t<div class=\"elementor-element elementor-element-b6170ad elementor-widget__width-inherit elementor-widget elementor-widget-heading\" data-id=\"b6170ad\" data-element_type=\"widget\" data-widget_type=\"heading.default\">\n\t\t\t\t\t<h2 class=\"elementor-heading-title elementor-size-default\">Westmanska helps you create a student disc that sticks in everyone's memories!\n<\/h2>\t\t\t\t<\/div>\n\t\t\t\t<div class=\"elementor-element elementor-element-12d86c0 elementor-widget__width-inherit elementor-widget elementor-widget-text-editor\" data-id=\"12d86c0\" data-element_type=\"widget\" data-widget_type=\"text-editor.default\">\n\t\t\t\t\t\t\t\t\t<div class=\"framer-7l4aqy\" data-framer-component-type=\"RichTextContainer\"><p class=\"framer-text framer-styles-preset-g3t3gs\">We are a well-established company as a party organiser with long experience of conferences, parties and events.\u00a0<\/p><p class=\"framer-text framer-styles-preset-g3t3gs\">Our focus is to always deliver the highest quality and all staff are trained in their field.\u00a0<\/p><p class=\"framer-text framer-styles-preset-g3t3gs\">Contact us for a tour of our premises and we can help you with your anniversary!\u00a0<\/p><\/div>\t\t\t\t\t\t\t\t<\/div>\n\t\t\t\t<div class=\"elementor-element elementor-element-38d44b6 elementor-widget__width-inherit elementor-widget elementor-widget-heading\" data-id=\"38d44b6\" data-element_type=\"widget\" data-widget_type=\"heading.default\">\n\t\t\t\t\t<h2 class=\"elementor-heading-title elementor-size-default\">Westmanska helps you create a student disc that sticks in everyone's memories!\n<\/h2>\t\t\t\t<\/div>\n\t\t\t\t<div class=\"elementor-element elementor-element-814d969 elementor-widget elementor-widget-n-accordion\" data-id=\"814d969\" data-element_type=\"widget\" data-settings=\"{&quot;default_state&quot;:&quot;expanded&quot;,&quot;max_items_expended&quot;:&quot;one&quot;,&quot;n_accordion_animation_duration&quot;:{&quot;unit&quot;:&quot;ms&quot;,&quot;size&quot;:400,&quot;sizes&quot;:[]}}\" data-widget_type=\"nested-accordion.default\">\n\t\t\t\t\t\t\t<div class=\"e-n-accordion\" aria-label=\"Accordion. Open links with Enter or Space, close with Escape, and navigate with Arrow Keys\">\n\t\t\t\t\t\t<details id=\"e-n-accordion-item-1350\" class=\"e-n-accordion-item\" open>\n\t\t\t\t<summary class=\"e-n-accordion-item-title\" data-accordion-index=\"1\" tabindex=\"0\" aria-expanded=\"true\" aria-controls=\"e-n-accordion-item-1350\" >\n\t\t\t\t\t<span class='e-n-accordion-item-title-header'><div class=\"e-n-accordion-item-title-text\"> How much does it cost to have a student disc at Westmanska Palatset?    <\/div><\/span>\n\t\t\t\t\t\t\t<span class='e-n-accordion-item-title-icon'>\n\t\t\t<span class='e-opened' ><svg aria-hidden=\"true\" class=\"e-font-icon-svg e-fas-caret-up\" viewbox=\"0 0 320 512\" xmlns=\"http:\/\/www.w3.org\/2000\/svg\"><path d=\"M288.662 352H31.338c-17.818 0-26.741-21.543-14.142-34.142l128.662-128.662c7.81-7.81 20.474-7.81 28.284 0l128.662 128.662c12.6 12.599 3.676 34.142-14.142 34.142z\"><\/path><\/svg><\/span>\n\t\t\t<span class='e-closed'><svg aria-hidden=\"true\" class=\"e-font-icon-svg e-fas-caret-right\" viewbox=\"0 0 192 512\" xmlns=\"http:\/\/www.w3.org\/2000\/svg\"><path d=\"M0 384.662V127.338c0-17.818 21.543-26.741 34.142-14.142l128.662 128.662c7.81 7.81 7.81 20.474 0 28.284L34.142 398.804C21.543 411.404 0 402.48 0 384.662z\"><\/path><\/svg><\/span>\n\t\t<\/span>\n\n\t\t\t\t\t\t<\/summary>\n\t\t\t\t<div role=\"region\" aria-labelledby=\"e-n-accordion-item-1350\" class=\"elementor-element elementor-element-dfb78ed e-con-full e-flex e-con e-child\" data-id=\"dfb78ed\" data-element_type=\"container\">\n\t\t\t\t<div class=\"elementor-element elementor-element-8e0867a elementor-widget elementor-widget-text-editor\" data-id=\"8e0867a\" data-element_type=\"widget\" data-widget_type=\"text-editor.default\">\n\t\t\t\t\t\t\t\t\t<p>Please contact us for pricing information. We have different packages to offer to suit your vision of your event.<\/p>\t\t\t\t\t\t\t\t<\/div>\n\t\t\t\t<\/div>\n\t\t\t\t\t<\/details>\n\t\t\t\t\t\t<details id=\"e-n-accordion-item-1351\" class=\"e-n-accordion-item\" >\n\t\t\t\t<summary class=\"e-n-accordion-item-title\" data-accordion-index=\"2\" tabindex=\"-1\" aria-expanded=\"false\" aria-controls=\"e-n-accordion-item-1351\" >\n\t\t\t\t\t<span class='e-n-accordion-item-title-header'><div class=\"e-n-accordion-item-title-text\"> Are your premises adapted for people with disabilities?  <\/div><\/span>\n\t\t\t\t\t\t\t<span class='e-n-accordion-item-title-icon'>\n\t\t\t<span class='e-opened' ><svg aria-hidden=\"true\" class=\"e-font-icon-svg e-fas-caret-up\" viewbox=\"0 0 320 512\" xmlns=\"http:\/\/www.w3.org\/2000\/svg\"><path d=\"M288.662 352H31.338c-17.818 0-26.741-21.543-14.142-34.142l128.662-128.662c7.81-7.81 20.474-7.81 28.284 0l128.662 128.662c12.6 12.599 3.676 34.142-14.142 34.142z\"><\/path><\/svg><\/span>\n\t\t\t<span class='e-closed'><svg aria-hidden=\"true\" class=\"e-font-icon-svg e-fas-caret-right\" viewbox=\"0 0 192 512\" xmlns=\"http:\/\/www.w3.org\/2000\/svg\"><path d=\"M0 384.662V127.338c0-17.818 21.543-26.741 34.142-14.142l128.662 128.662c7.81 7.81 7.81 20.474 0 28.284L34.142 398.804C21.543 411.404 0 402.48 0 384.662z\"><\/path><\/svg><\/span>\n\t\t<\/span>\n\n\t\t\t\t\t\t<\/summary>\n\t\t\t\t<div role=\"region\" aria-labelledby=\"e-n-accordion-item-1351\" class=\"elementor-element elementor-element-9983f59 e-con-full e-flex e-con e-child\" data-id=\"9983f59\" data-element_type=\"container\">\n\t\t\t\t<div class=\"elementor-element elementor-element-b998b75 elementor-widget elementor-widget-text-editor\" data-id=\"b998b75\" data-element_type=\"widget\" data-widget_type=\"text-editor.default\">\n\t\t\t\t\t\t\t\t\t<p>Yes, we have adapted all our banqueting halls and rooms with wide aisles, lifts and ramps. We also make sure our guests get the best help from our party hosts when needed.<\/p>\t\t\t\t\t\t\t\t<\/div>\n\t\t\t\t<\/div>\n\t\t\t\t\t<\/details>\n\t\t\t\t\t<\/div>\n\t\t\t\t\t\t<\/div>\n\t\t\t\t<\/div>\n\t\t\t\t\t<\/div>\n\t\t\t\t<\/div>\n\t\t<div class=\"elementor-element elementor-element-3ba42e1 e-con-full e-flex e-con e-parent\" data-id=\"3ba42e1\" data-element_type=\"container\" data-settings=\"{&quot;background_background&quot;:&quot;classic&quot;}\">\n\t\t\t\t<div class=\"elementor-element elementor-element-52cc088 elementor-widget-divider--view-line elementor-widget elementor-widget-divider\" data-id=\"52cc088\" data-element_type=\"widget\" data-widget_type=\"divider.default\">\n\t\t\t\t\t\t\t<div class=\"elementor-divider\">\n\t\t\t<span class=\"elementor-divider-separator\">\n\t\t\t\t\t\t<\/span>\n\t\t<\/div>\n\t\t\t\t\t\t<\/div>\n\t\t\t\t<div class=\"elementor-element elementor-element-966523d elementor-widget elementor-widget-heading\" data-id=\"966523d\" data-element_type=\"widget\" data-widget_type=\"heading.default\">\n\t\t\t\t\t<h2 class=\"elementor-heading-title elementor-size-default\">Book your stay<\/h2>\t\t\t\t<\/div>\n\t\t\t\t<\/div>\n\t\t\t\t<\/div>","protected":false},"excerpt":{"rendered":"<p>Studentskiva p\u00e5 Westmanska Palatset Vi skapar en storslagen studentskiva En studentskiva p\u00e5 Westmanska kan bl.a inneb\u00e4ra:\u00a0 en studentmiddag planerad efter era \u00f6nskem\u00e5l\u00a0 lokal som l\u00e4mnar avtryck musik som spelas fr\u00e5n marknadens b\u00e4sta h\u00f6gtalare BOSE att ni kan ha ett best\u00e4mt tema och dekoration lekar, framtr\u00e4danden och andra arrangemang Westmanska palatset ligger i n\u00e4rheten av gr\u00f6nomr\u00e5den [&hellip;]<\/p>","protected":false},"author":1,"featured_media":0,"parent":0,"menu_order":0,"comment_status":"closed","ping_status":"closed","template":"","meta":{"footnotes":""},"class_list":["post-1601","page","type-page","status-publish","hentry"],"_links":{"self":[{"href":"https:\/\/westmanska.se\/en\/wp-json\/wp\/v2\/pages\/1601","targetHints":{"allow":["GET"]}}],"collection":[{"href":"https:\/\/westmanska.se\/en\/wp-json\/wp\/v2\/pages"}],"about":[{"href":"https:\/\/westmanska.se\/en\/wp-json\/wp\/v2\/types\/page"}],"author":[{"embeddable":true,"href":"https:\/\/westmanska.se\/en\/wp-json\/wp\/v2\/users\/1"}],"replies":[{"embeddable":true,"href":"https:\/\/westmanska.se\/en\/wp-json\/wp\/v2\/comments?post=1601"}],"version-history":[{"count":13,"href":"https:\/\/westmanska.se\/en\/wp-json\/wp\/v2\/pages\/1601\/revisions"}],"predecessor-version":[{"id":4288,"href":"https:\/\/westmanska.se\/en\/wp-json\/wp\/v2\/pages\/1601\/revisions\/4288"}],"wp:attachment":[{"href":"https:\/\/westmanska.se\/en\/wp-json\/wp\/v2\/media?parent=1601"}],"curies":[{"name":"wp","href":"https:\/\/api.w.org\/{rel}","templated":true}]}}