{"id":1556,"date":"2025-07-30T11:26:24","date_gmt":"2025-07-30T11:26:24","guid":{"rendered":"https:\/\/yellow-gazelle-403867.hostingersite.com\/?page_id=1556"},"modified":"2026-01-23T14:18:21","modified_gmt":"2026-01-23T14:18:21","slug":"lokal-for-disputationsmiddag","status":"publish","type":"page","link":"https:\/\/westmanska.se\/en\/lokal-for-disputationsmiddag\/","title":{"rendered":"Lokal-for-disputationsmiddag"},"content":{"rendered":"<div data-elementor-type=\"wp-post\" data-elementor-id=\"1556\" class=\"elementor elementor-1556\" data-elementor-post-type=\"page\">\n\t\t\t\t<div class=\"elementor-element elementor-element-1d76f06 e-flex e-con-boxed e-con e-parent\" data-id=\"1d76f06\" data-element_type=\"container\" data-settings=\"{&quot;background_background&quot;:&quot;classic&quot;}\">\n\t\t\t\t\t<div class=\"e-con-inner\">\n\t\t\t\t<div class=\"elementor-element elementor-element-4ee40e6 elementor-widget elementor-widget-heading\" data-id=\"4ee40e6\" data-element_type=\"widget\" data-widget_type=\"heading.default\">\n\t\t\t\t\t<h1 class=\"elementor-heading-title elementor-size-default\">Venue for the defence dinner\n<\/h1>\t\t\t\t<\/div>\n\t\t\t\t\t<\/div>\n\t\t\t\t<\/div>\n\t\t<div class=\"elementor-element elementor-element-0d9bce2 e-flex e-con-boxed e-con e-parent\" data-id=\"0d9bce2\" data-element_type=\"container\" data-settings=\"{&quot;background_background&quot;:&quot;gradient&quot;}\">\n\t\t\t\t\t<div class=\"e-con-inner\">\n\t\t\t\t<div class=\"elementor-element elementor-element-48481da elementor-widget__width-inherit elementor-widget elementor-widget-text-editor\" data-id=\"48481da\" data-element_type=\"widget\" data-widget_type=\"text-editor.default\">\n\t\t\t\t\t\t\t\t\t<div class=\"framer-7l4aqy\" data-framer-component-type=\"RichTextContainer\"><p class=\"framer-text framer-styles-preset-g3t3gs\">The perfect venue for a defence dinner can be found at Westmanska Palatset.<br class=\"framer-text\" \/>We are located in the centre of Stockholm City.<br class=\"framer-text\" \/>Close to H\u00f6torget and green areas for fun games.<br class=\"framer-text\" \/>We enable you to plan, impress and enjoy a party with success.\u00a0<\/p><\/div>\t\t\t\t\t\t\t\t<\/div>\n\t\t\t\t<div class=\"elementor-element elementor-element-31fed74 elementor-widget__width-inherit elementor-widget elementor-widget-heading\" data-id=\"31fed74\" data-element_type=\"widget\" data-widget_type=\"heading.default\">\n\t\t\t\t\t<h2 class=\"elementor-heading-title elementor-size-default\">Dissertation dinner at Westmanska\n<\/h2>\t\t\t\t<\/div>\n\t\t\t\t<div class=\"elementor-element elementor-element-aec4c19 elementor-widget__width-inherit elementor-widget elementor-widget-text-editor\" data-id=\"aec4c19\" data-element_type=\"widget\" data-widget_type=\"text-editor.default\">\n\t\t\t\t\t\t\t\t\t<div class=\"framer-7l4aqy\" data-framer-component-type=\"RichTextContainer\"><p class=\"framer-text framer-styles-preset-g3t3gs\">We can offer you beautiful and well-equipped premises that can be used for larger or smaller groups.\u00a0\u00a0<\/p><p class=\"framer-text framer-styles-preset-g3t3gs\">Contact us for a tour of our premises at Westmanska.<\/p><p class=\"framer-text framer-styles-preset-g3t3gs\">Brief information about our wonderful premises:<\/p><ul class=\"framer-text\"><li class=\"framer-text framer-styles-preset-g3t3gs\" data-preset-tag=\"p\"><p class=\"framer-text framer-styles-preset-g3t3gs\">The Glass Hall\u00a0<br class=\"framer-text\" \/>with its lovely light and adjacent to the Inner Courtyard\u00a0<br class=\"framer-text\" \/>(about 80 people dinner \/ 150 people mingle)\u00a0<br class=\"framer-text\" \/><br class=\"framer-text trailing-break\" \/><\/p><\/li><li class=\"framer-text framer-styles-preset-g3t3gs\" data-preset-tag=\"p\"><p class=\"framer-text framer-styles-preset-g3t3gs\">Vault\u00a0<br class=\"framer-text\" \/>with its stunning barrel-vaulted roof, it gives a grand impression\u00a0<br class=\"framer-text\" \/>(about 140 people dinner \/ 200 people mingle)\u00a0\u00a0<br class=\"framer-text\" \/><br class=\"framer-text trailing-break\" \/><\/p><\/li><li class=\"framer-text framer-styles-preset-g3t3gs\" data-preset-tag=\"p\"><p class=\"framer-text framer-styles-preset-g3t3gs\">Separate room\u00a0<br class=\"framer-text\" \/>an intimate and cosy venue with a barrel vaulted ceiling suitable for a party with your loved ones\u00a0<br class=\"framer-text\" \/>(about 10 - 12 people)<br class=\"framer-text\" \/><br class=\"framer-text trailing-break\" \/><\/p><\/li><li class=\"framer-text framer-styles-preset-g3t3gs\" data-preset-tag=\"p\"><p class=\"framer-text framer-styles-preset-g3t3gs\">Inner courtyard\u00a0<br class=\"framer-text\" \/>for a lovely outdoor defence dinner<br class=\"framer-text\" \/>(200 people for dinner \/ 400 people for mingling) - why not eat under the canopy?\u00a0<\/p><\/li><\/ul><\/div>\t\t\t\t\t\t\t\t<\/div>\n\t\t\t\t<div class=\"elementor-element elementor-element-72da4ae elementor-widget__width-inherit elementor-widget elementor-widget-heading\" data-id=\"72da4ae\" data-element_type=\"widget\" data-widget_type=\"heading.default\">\n\t\t\t\t\t<h2 class=\"elementor-heading-title elementor-size-default\">Dissertation dinner in so much more than just a room\n<\/h2>\t\t\t\t<\/div>\n\t\t\t\t<div class=\"elementor-element elementor-element-49fbef2 elementor-widget__width-inherit elementor-widget elementor-widget-text-editor\" data-id=\"49fbef2\" data-element_type=\"widget\" data-widget_type=\"text-editor.default\">\n\t\t\t\t\t\t\t\t\t<div class=\"framer-7l4aqy\" data-framer-component-type=\"RichTextContainer\"><div class=\"framer-fg254s\"><div class=\"framer-1lr3h9t\" data-framer-component-type=\"RichTextContainer\"><p class=\"framer-text framer-styles-preset-g3t3gs\">In addition to Westmanska Palatset's fantastic facilities, we can offer you food, party organisers and equipment.\u00a0\u00a0<\/p><p class=\"framer-text framer-styles-preset-g3t3gs\">The food is made with great commitment using seasonal ingredients from scratch.\u00a0\u00a0<\/p><p class=\"framer-text framer-styles-preset-g3t3gs\">In addition to this, there is also our wonderful staff who do their utmost to make this defence dinner the best.\u00a0<\/p><p class=\"framer-text framer-styles-preset-g3t3gs\">We at Westmanska Palatset can help:\u00a0\u00a0<\/p><ul class=\"framer-text\"><li class=\"framer-text framer-styles-preset-g3t3gs\" data-preset-tag=\"p\"><p class=\"framer-text framer-styles-preset-g3t3gs\">Premises that brighten up\u00a0\u00a0<\/p><\/li><li class=\"framer-text framer-styles-preset-g3t3gs\" data-preset-tag=\"p\"><p class=\"framer-text framer-styles-preset-g3t3gs\">Stage for entertainment\u00a0<\/p><\/li><li class=\"framer-text framer-styles-preset-g3t3gs\" data-preset-tag=\"p\"><p class=\"framer-text framer-styles-preset-g3t3gs\">BOSE sound system\u00a0\u00a0<\/p><\/li><li class=\"framer-text framer-styles-preset-g3t3gs\" data-preset-tag=\"p\"><p class=\"framer-text framer-styles-preset-g3t3gs\">Projector and screen\u00a0\u00a0<\/p><\/li><li class=\"framer-text framer-styles-preset-g3t3gs\" data-preset-tag=\"p\"><p class=\"framer-text framer-styles-preset-g3t3gs\">We also have help from\/with:<\/p><\/li><\/ul><p class=\"framer-text framer-styles-preset-g3t3gs\">Project managers to help you plan\u00a0<br class=\"framer-text\" \/>Event coordinator, who looks after both you and your guests<br class=\"framer-text\" \/>Chefs who create wonderful menus for your guests\u00a0<br class=\"framer-text\" \/>\u00a0Let's make this particular defence dinner unforgettable!\u00a0<\/p><\/div><\/div><div class=\"framer-jlz5ts\" data-framer-name=\"faq container\"><div class=\"framer-1enpfqh\" data-framer-component-type=\"RichTextContainer\">\u00a0<\/div><\/div><\/div>\t\t\t\t\t\t\t\t<\/div>\n\t\t\t\t<div class=\"elementor-element elementor-element-99a2b92 elementor-widget__width-inherit elementor-widget elementor-widget-heading\" data-id=\"99a2b92\" data-element_type=\"widget\" data-widget_type=\"heading.default\">\n\t\t\t\t\t<h2 class=\"elementor-heading-title elementor-size-default\">Frequently asked questions about the defence dinner at Westmanska Palatset\n\n<\/h2>\t\t\t\t<\/div>\n\t\t\t\t<div class=\"elementor-element elementor-element-98e55d1 elementor-widget elementor-widget-n-accordion\" data-id=\"98e55d1\" data-element_type=\"widget\" data-settings=\"{&quot;default_state&quot;:&quot;expanded&quot;,&quot;max_items_expended&quot;:&quot;one&quot;,&quot;n_accordion_animation_duration&quot;:{&quot;unit&quot;:&quot;ms&quot;,&quot;size&quot;:400,&quot;sizes&quot;:[]}}\" data-widget_type=\"nested-accordion.default\">\n\t\t\t\t\t\t\t<div class=\"e-n-accordion\" aria-label=\"Accordion. Open links with Enter or Space, close with Escape, and navigate with Arrow Keys\">\n\t\t\t\t\t\t<details id=\"e-n-accordion-item-1600\" class=\"e-n-accordion-item\" open>\n\t\t\t\t<summary class=\"e-n-accordion-item-title\" data-accordion-index=\"1\" tabindex=\"0\" aria-expanded=\"true\" aria-controls=\"e-n-accordion-item-1600\" >\n\t\t\t\t\t<span class='e-n-accordion-item-title-header'><div class=\"e-n-accordion-item-title-text\"> How much does it cost to have a defence dinner at Westmanska Palatset?    <\/div><\/span>\n\t\t\t\t\t\t\t<span class='e-n-accordion-item-title-icon'>\n\t\t\t<span class='e-opened' ><svg aria-hidden=\"true\" class=\"e-font-icon-svg e-fas-caret-up\" viewbox=\"0 0 320 512\" xmlns=\"http:\/\/www.w3.org\/2000\/svg\"><path d=\"M288.662 352H31.338c-17.818 0-26.741-21.543-14.142-34.142l128.662-128.662c7.81-7.81 20.474-7.81 28.284 0l128.662 128.662c12.6 12.599 3.676 34.142-14.142 34.142z\"><\/path><\/svg><\/span>\n\t\t\t<span class='e-closed'><svg aria-hidden=\"true\" class=\"e-font-icon-svg e-fas-caret-right\" viewbox=\"0 0 192 512\" xmlns=\"http:\/\/www.w3.org\/2000\/svg\"><path d=\"M0 384.662V127.338c0-17.818 21.543-26.741 34.142-14.142l128.662 128.662c7.81 7.81 7.81 20.474 0 28.284L34.142 398.804C21.543 411.404 0 402.48 0 384.662z\"><\/path><\/svg><\/span>\n\t\t<\/span>\n\n\t\t\t\t\t\t<\/summary>\n\t\t\t\t<div role=\"region\" aria-labelledby=\"e-n-accordion-item-1600\" class=\"elementor-element elementor-element-d1cbc40 e-con-full e-flex e-con e-child\" data-id=\"d1cbc40\" data-element_type=\"container\">\n\t\t\t\t<div class=\"elementor-element elementor-element-4d589a0 elementor-widget elementor-widget-text-editor\" data-id=\"4d589a0\" data-element_type=\"widget\" data-widget_type=\"text-editor.default\">\n\t\t\t\t\t\t\t\t\t<div class=\"framer-1rksqh8-container\"><div class=\"framer-DY9HG framer-1sw8z91 framer-v-72rybm\" data-framer-name=\"desktop mode clicked\"><div class=\"framer-1quxdza\" data-framer-name=\"answer\" data-framer-component-type=\"RichTextContainer\"><p class=\"framer-text\">Please contact us for pricing information. We have different packages to offer to suit your vision of your event.<\/p><\/div><\/div><\/div>\t\t\t\t\t\t\t\t<\/div>\n\t\t\t\t<\/div>\n\t\t\t\t\t<\/details>\n\t\t\t\t\t\t<details id=\"e-n-accordion-item-1601\" class=\"e-n-accordion-item\" >\n\t\t\t\t<summary class=\"e-n-accordion-item-title\" data-accordion-index=\"2\" tabindex=\"-1\" aria-expanded=\"false\" aria-controls=\"e-n-accordion-item-1601\" >\n\t\t\t\t\t<span class='e-n-accordion-item-title-header'><div class=\"e-n-accordion-item-title-text\"> Can you recommend a venue for a defence ceremony at Westmanska Palatset?  <\/div><\/span>\n\t\t\t\t\t\t\t<span class='e-n-accordion-item-title-icon'>\n\t\t\t<span class='e-opened' ><svg aria-hidden=\"true\" class=\"e-font-icon-svg e-fas-caret-up\" viewbox=\"0 0 320 512\" xmlns=\"http:\/\/www.w3.org\/2000\/svg\"><path d=\"M288.662 352H31.338c-17.818 0-26.741-21.543-14.142-34.142l128.662-128.662c7.81-7.81 20.474-7.81 28.284 0l128.662 128.662c12.6 12.599 3.676 34.142-14.142 34.142z\"><\/path><\/svg><\/span>\n\t\t\t<span class='e-closed'><svg aria-hidden=\"true\" class=\"e-font-icon-svg e-fas-caret-right\" viewbox=\"0 0 192 512\" xmlns=\"http:\/\/www.w3.org\/2000\/svg\"><path d=\"M0 384.662V127.338c0-17.818 21.543-26.741 34.142-14.142l128.662 128.662c7.81 7.81 7.81 20.474 0 28.284L34.142 398.804C21.543 411.404 0 402.48 0 384.662z\"><\/path><\/svg><\/span>\n\t\t<\/span>\n\n\t\t\t\t\t\t<\/summary>\n\t\t\t\t<div role=\"region\" aria-labelledby=\"e-n-accordion-item-1601\" class=\"elementor-element elementor-element-b1d3865 e-con-full e-flex e-con e-child\" data-id=\"b1d3865\" data-element_type=\"container\">\n\t\t\t\t<div class=\"elementor-element elementor-element-2d52eda elementor-widget elementor-widget-text-editor\" data-id=\"2d52eda\" data-element_type=\"widget\" data-widget_type=\"text-editor.default\">\n\t\t\t\t\t\t\t\t\t<p>We can remodel the halls we have to suit your idea. But we can warmly recommend the Inner Courtyard which is wonderful from morning to evening. There is shelter from the strongest rays of the sun and in the evening you can dance under the stars in comfort with our gas heaters. The vault also becomes a tasteful banqueting hall in the evening and gives a grand impression with its vaulted ceiling. The ease of furnishing allows the hall to be completely according to your plans.<\/p>\t\t\t\t\t\t\t\t<\/div>\n\t\t\t\t<\/div>\n\t\t\t\t\t<\/details>\n\t\t\t\t\t<\/div>\n\t\t\t\t\t\t<\/div>\n\t\t\t\t\t<\/div>\n\t\t\t\t<\/div>\n\t\t<div class=\"elementor-element elementor-element-10ae817 e-flex e-con-boxed e-con e-parent\" data-id=\"10ae817\" data-element_type=\"container\">\n\t\t\t\t\t<div class=\"e-con-inner\">\n\t\t\t\t<div class=\"elementor-element elementor-element-b1da567 elementor-widget elementor-widget-heading\" data-id=\"b1da567\" data-element_type=\"widget\" data-widget_type=\"heading.default\">\n\t\t\t\t\t<h2 class=\"elementor-heading-title elementor-size-default\">Book your stay\n<\/h2>\t\t\t\t<\/div>\n\t\t\t\t\t<\/div>\n\t\t\t\t<\/div>\n\t\t\t\t<\/div>","protected":false},"excerpt":{"rendered":"<p>Lokal f\u00f6r disputationsmiddag Perfekta lokalen f\u00f6r disputationsmiddag\u00a0kan du hitta p\u00e5 Westmanska Palatset.Vi finns centralt i Stockholm City.N\u00e4ra H\u00f6torget och gr\u00f6nomr\u00e5den f\u00f6r roliga lekar.Vi g\u00f6r det m\u00f6jligt f\u00f6r dig att planera, imponera och njuta av en fest med framg\u00e5ng.\u00a0 Disputationsmiddag p\u00e5 Westmanska Vi kan erbjuda er vackra och v\u00e4lutrustade lokaler som med f\u00f6rdel kan anv\u00e4ndas f\u00f6r [&hellip;]<\/p>","protected":false},"author":1,"featured_media":0,"parent":0,"menu_order":0,"comment_status":"closed","ping_status":"closed","template":"","meta":{"footnotes":""},"class_list":["post-1556","page","type-page","status-publish","hentry"],"_links":{"self":[{"href":"https:\/\/westmanska.se\/en\/wp-json\/wp\/v2\/pages\/1556","targetHints":{"allow":["GET"]}}],"collection":[{"href":"https:\/\/westmanska.se\/en\/wp-json\/wp\/v2\/pages"}],"about":[{"href":"https:\/\/westmanska.se\/en\/wp-json\/wp\/v2\/types\/page"}],"author":[{"embeddable":true,"href":"https:\/\/westmanska.se\/en\/wp-json\/wp\/v2\/users\/1"}],"replies":[{"embeddable":true,"href":"https:\/\/westmanska.se\/en\/wp-json\/wp\/v2\/comments?post=1556"}],"version-history":[{"count":13,"href":"https:\/\/westmanska.se\/en\/wp-json\/wp\/v2\/pages\/1556\/revisions"}],"predecessor-version":[{"id":4099,"href":"https:\/\/westmanska.se\/en\/wp-json\/wp\/v2\/pages\/1556\/revisions\/4099"}],"wp:attachment":[{"href":"https:\/\/westmanska.se\/en\/wp-json\/wp\/v2\/media?parent=1556"}],"curies":[{"name":"wp","href":"https:\/\/api.w.org\/{rel}","templated":true}]}}