{"id":1529,"date":"2025-07-30T11:12:11","date_gmt":"2025-07-30T11:12:11","guid":{"rendered":"https:\/\/yellow-gazelle-403867.hostingersite.com\/?page_id=1529"},"modified":"2026-01-23T14:13:05","modified_gmt":"2026-01-23T14:13:05","slug":"foretagsfester","status":"publish","type":"page","link":"https:\/\/westmanska.se\/en\/foretagsfester\/","title":{"rendered":"F\u00f6retagsfester"},"content":{"rendered":"<div data-elementor-type=\"wp-post\" data-elementor-id=\"1529\" class=\"elementor elementor-1529\" data-elementor-post-type=\"page\">\n\t\t\t\t<div class=\"elementor-element elementor-element-1d76f06 e-flex e-con-boxed e-con e-parent\" data-id=\"1d76f06\" data-element_type=\"container\" data-settings=\"{&quot;background_background&quot;:&quot;classic&quot;}\">\n\t\t\t\t\t<div class=\"e-con-inner\">\n\t\t\t\t<div class=\"elementor-element elementor-element-4ee40e6 elementor-widget elementor-widget-heading\" data-id=\"4ee40e6\" data-element_type=\"widget\" data-widget_type=\"heading.default\">\n\t\t\t\t\t<h1 class=\"elementor-heading-title elementor-size-default\">Corporate party reaching new heights\n<\/h1>\t\t\t\t<\/div>\n\t\t\t\t\t<\/div>\n\t\t\t\t<\/div>\n\t\t<div class=\"elementor-element elementor-element-0d9bce2 e-flex e-con-boxed e-con e-parent\" data-id=\"0d9bce2\" data-element_type=\"container\" data-settings=\"{&quot;background_background&quot;:&quot;gradient&quot;}\">\n\t\t\t\t\t<div class=\"e-con-inner\">\n\t\t<div class=\"elementor-element elementor-element-9aa6679 e-con-full e-flex e-con e-child\" data-id=\"9aa6679\" data-element_type=\"container\">\n\t\t\t\t<div class=\"elementor-element elementor-element-2e37580 elementor-widget__width-inherit elementor-widget elementor-widget-text-editor\" data-id=\"2e37580\" data-element_type=\"widget\" data-widget_type=\"text-editor.default\">\n\t\t\t\t\t\t\t\t\t<div class=\"framer-7l4aqy\" data-framer-component-type=\"RichTextContainer\"><p class=\"framer-text framer-styles-preset-g3t3gs\">Company party celebrating the company's achievements, the fulfilment of business goals or the winning of an award.\u00a0<br class=\"framer-text\" \/>And the company wouldn't have been able to do this if it wasn't for its employees. So of course, the hard workers deserve a party to let go of all the work and just have fun.<\/p><\/div>\t\t\t\t\t\t\t\t<\/div>\n\t\t\t\t<div class=\"elementor-element elementor-element-31fed74 elementor-widget__width-initial elementor-widget elementor-widget-heading\" data-id=\"31fed74\" data-element_type=\"widget\" data-widget_type=\"heading.default\">\n\t\t\t\t\t<h2 class=\"elementor-heading-title elementor-size-default\">Let us at Westmanska take care of your corporate party\n<\/h2>\t\t\t\t<\/div>\n\t\t\t\t<div class=\"elementor-element elementor-element-b70353c elementor-widget__width-inherit elementor-widget elementor-widget-text-editor\" data-id=\"b70353c\" data-element_type=\"widget\" data-widget_type=\"text-editor.default\">\n\t\t\t\t\t\t\t\t\t<div class=\"framer-7l4aqy\" data-framer-component-type=\"RichTextContainer\"><p class=\"framer-text framer-styles-preset-g3t3gs\">Organising a company party can be a hassle. Get help with the planning and book one of our rich venues for your company party.<br class=\"framer-text\" \/>We have everything you need on site:<\/p><ul class=\"framer-text\"><li class=\"framer-text framer-styles-preset-g3t3gs\" data-preset-tag=\"p\"><p class=\"framer-text framer-styles-preset-g3t3gs\">The food your guests will appreciate and enjoy<\/p><\/li><li class=\"framer-text framer-styles-preset-g3t3gs\" data-preset-tag=\"p\"><p class=\"framer-text framer-styles-preset-g3t3gs\">The decorations where even the most refined stylist appreciates the creations<\/p><\/li><li class=\"framer-text framer-styles-preset-g3t3gs\" data-preset-tag=\"p\"><p class=\"framer-text framer-styles-preset-g3t3gs\">The music, which is not only right but easy to listen to and maybe even creates opportunities for dancing<\/p><\/li><li class=\"framer-text framer-styles-preset-g3t3gs\" data-preset-tag=\"p\"><p class=\"framer-text framer-styles-preset-g3t3gs\">And that little something extra that will make you remember the party for a long time<\/p><\/li><\/ul><\/div>\t\t\t\t\t\t\t\t<\/div>\n\t\t\t\t<div class=\"elementor-element elementor-element-a6e1e03 elementor-widget__width-initial elementor-widget elementor-widget-heading\" data-id=\"a6e1e03\" data-element_type=\"widget\" data-widget_type=\"heading.default\">\n\t\t\t\t\t<h2 class=\"elementor-heading-title elementor-size-default\">Venue to suit your party\n<\/h2>\t\t\t\t<\/div>\n\t\t\t\t<div class=\"elementor-element elementor-element-873edf4 elementor-widget__width-inherit elementor-widget elementor-widget-text-editor\" data-id=\"873edf4\" data-element_type=\"widget\" data-widget_type=\"text-editor.default\">\n\t\t\t\t\t\t\t\t\t<div class=\"framer-7l4aqy\" data-framer-component-type=\"RichTextContainer\"><p class=\"framer-text framer-styles-preset-g3t3gs\">We can offer you beautiful and well-equipped premises that can be used for larger or smaller groups.<br class=\"framer-text\" \/>Contact us for a tour of our banqueting hall and function rooms.<\/p><p class=\"framer-text framer-styles-preset-g3t3gs\">Below we present some of our fantastic premises.<\/p><ul class=\"framer-text\"><li class=\"framer-text framer-styles-preset-g3t3gs\" data-preset-tag=\"p\"><p class=\"framer-text framer-styles-preset-g3t3gs\">The Glass Hall<br class=\"framer-text\" \/>with its lovely light is suitable for a company party with dinner.<br class=\"framer-text\" \/>about 80 people dinner \/ 150 people mingle)\u00a0<\/p><\/li><li class=\"framer-text framer-styles-preset-g3t3gs\" data-preset-tag=\"p\"><p class=\"framer-text framer-styles-preset-g3t3gs\">Vault<br class=\"framer-text\" \/>with its stunning barrel-vaulted ceiling, suitable for corporate parties with both dinner and dancing<br class=\"framer-text\" \/>approx 140 people dinner \/ 200 people mingle)\u00a0<\/p><\/li><li class=\"framer-text framer-styles-preset-g3t3gs\" data-preset-tag=\"p\"><p class=\"framer-text framer-styles-preset-g3t3gs\">Separate room<br class=\"framer-text\" \/>an intimate and cosy room with a vaulted ceiling suitable for a small company party with the closest team (about 10 - 12 people)\u00a0<\/p><\/li><li class=\"framer-text framer-styles-preset-g3t3gs\" data-preset-tag=\"p\"><p class=\"framer-text framer-styles-preset-g3t3gs\">Inner courtyard<br class=\"framer-text\" \/>for lovely outdoor company parties (200 people for dinner \/ 400 people for mingling) - why not dine under the canopy?<\/p><\/li><\/ul><\/div>\t\t\t\t\t\t\t\t<\/div>\n\t\t\t\t<div class=\"elementor-element elementor-element-e239b11 elementor-widget__width-initial elementor-widget elementor-widget-heading\" data-id=\"e239b11\" data-element_type=\"widget\" data-widget_type=\"heading.default\">\n\t\t\t\t\t<h2 class=\"elementor-heading-title elementor-size-default\">Do you want activities that promise laughter?\n<\/h2>\t\t\t\t<\/div>\n\t\t\t\t<div class=\"elementor-element elementor-element-b35f7e0 elementor-widget__width-inherit elementor-widget elementor-widget-text-editor\" data-id=\"b35f7e0\" data-element_type=\"widget\" data-widget_type=\"text-editor.default\">\n\t\t\t\t\t\t\t\t\t<div class=\"framer-7l4aqy\" data-framer-component-type=\"RichTextContainer\"><p class=\"framer-text framer-styles-preset-g3t3gs\">Activities are a sure-fire way to get the most out of your party.\u00a0<br class=\"framer-text\" \/>There are activities that everyone enjoys.<\/p><p class=\"framer-text framer-styles-preset-g3t3gs\">Some suggestions for popular activities:<\/p><ul class=\"framer-text\"><li class=\"framer-text framer-styles-preset-g3t3gs\" data-preset-tag=\"p\"><p class=\"framer-text framer-styles-preset-g3t3gs\">Pentathlon. See how competitive your colleagues are and who is the sore loser.<\/p><\/li><li class=\"framer-text framer-styles-preset-g3t3gs\" data-preset-tag=\"p\"><p class=\"framer-text framer-styles-preset-g3t3gs\">Music quiz<\/p><\/li><li class=\"framer-text framer-styles-preset-g3t3gs\" data-preset-tag=\"p\"><p class=\"framer-text framer-styles-preset-g3t3gs\">Charades<\/p><\/li><li class=\"framer-text framer-styles-preset-g3t3gs\" data-preset-tag=\"p\"><p class=\"framer-text framer-styles-preset-g3t3gs\">In other words<\/p><\/li><\/ul><\/div>\t\t\t\t\t\t\t\t<\/div>\n\t\t\t\t<div class=\"elementor-element elementor-element-de13cb3 elementor-widget__width-initial elementor-widget elementor-widget-heading\" data-id=\"de13cb3\" data-element_type=\"widget\" data-widget_type=\"heading.default\">\n\t\t\t\t\t<h2 class=\"elementor-heading-title elementor-size-default\">Westmanska Palace - the obvious choice for a corporate event\n<\/h2>\t\t\t\t<\/div>\n\t\t\t\t<div class=\"elementor-element elementor-element-7b7b426 elementor-widget__width-inherit elementor-widget elementor-widget-text-editor\" data-id=\"7b7b426\" data-element_type=\"widget\" data-widget_type=\"text-editor.default\">\n\t\t\t\t\t\t\t\t\t<div class=\"framer-7l4aqy\" data-framer-component-type=\"RichTextContainer\"><p class=\"framer-text framer-styles-preset-g3t3gs\">The Westman Palace has been around since 1799 and has been everything from a residential building to a museum.<br class=\"framer-text\" \/>Today the building is a conference and banqueting centre.'<br class=\"framer-text\" \/>Westmanska Palace - the obvious choice for a corporate event<br class=\"framer-text\" \/>The Westman Palace has been around since 1799 and has been everything from a residential building to a museum.<br class=\"framer-text\" \/>Today the building is a conference and banqueting centre.<\/p><p class=\"framer-text framer-styles-preset-g3t3gs\">With long experience of conferences, parties and events, we are the obvious choice when it comes to holding a memorable company party.<br class=\"framer-text\" \/>At Westmanska, we want it to be as easy as possible to organise an event. That's why we help with the planning and have everything needed for a successful corporate party in place.<\/p><p class=\"framer-text framer-styles-preset-g3t3gs\">So what are you waiting for? Book a room with us at Westmanska Palatset today and have the corporate party you have dreamed of!<\/p><\/div>\t\t\t\t\t\t\t\t<\/div>\n\t\t\t\t<\/div>\n\t\t\t\t\t<\/div>\n\t\t\t\t<\/div>\n\t\t<div class=\"elementor-element elementor-element-3ba42e1 e-con-full e-flex e-con e-parent\" data-id=\"3ba42e1\" data-element_type=\"container\" data-settings=\"{&quot;background_background&quot;:&quot;classic&quot;}\">\n\t\t\t\t<div class=\"elementor-element elementor-element-52cc088 elementor-widget-divider--view-line elementor-widget elementor-widget-divider\" data-id=\"52cc088\" data-element_type=\"widget\" data-widget_type=\"divider.default\">\n\t\t\t\t\t\t\t<div class=\"elementor-divider\">\n\t\t\t<span class=\"elementor-divider-separator\">\n\t\t\t\t\t\t<\/span>\n\t\t<\/div>\n\t\t\t\t\t\t<\/div>\n\t\t\t\t<div class=\"elementor-element elementor-element-966523d elementor-widget elementor-widget-heading\" data-id=\"966523d\" data-element_type=\"widget\" data-widget_type=\"heading.default\">\n\t\t\t\t\t<h2 class=\"elementor-heading-title elementor-size-default\">Booking request<\/h2>\t\t\t\t<\/div>\n\t\t\t\t<\/div>\n\t\t\t\t<\/div>","protected":false},"excerpt":{"rendered":"<p>F\u00f6retagsfest som n\u00e5r nya h\u00f6jder F\u00f6retagsfest\u00a0som firar det f\u00f6retaget har \u00e5stadskommit, uppn\u00e5dda aff\u00e4rsm\u00e5l eller att f\u00f6retaget tagit hem ett pris.\u00a0Och detta hade inte f\u00f6retaget lyckats med om det inte vore f\u00f6r medarbetarna. S\u00e5 sj\u00e4lvklart f\u00f6rtj\u00e4nar de h\u00e5rt arbetarna en fest f\u00f6r att sl\u00e4ppa allt arbete och bara ha det roligt. L\u00e5t oss p\u00e5 Westmanska ta [&hellip;]<\/p>","protected":false},"author":1,"featured_media":0,"parent":0,"menu_order":0,"comment_status":"closed","ping_status":"closed","template":"","meta":{"footnotes":""},"class_list":["post-1529","page","type-page","status-publish","hentry"],"_links":{"self":[{"href":"https:\/\/westmanska.se\/en\/wp-json\/wp\/v2\/pages\/1529","targetHints":{"allow":["GET"]}}],"collection":[{"href":"https:\/\/westmanska.se\/en\/wp-json\/wp\/v2\/pages"}],"about":[{"href":"https:\/\/westmanska.se\/en\/wp-json\/wp\/v2\/types\/page"}],"author":[{"embeddable":true,"href":"https:\/\/westmanska.se\/en\/wp-json\/wp\/v2\/users\/1"}],"replies":[{"embeddable":true,"href":"https:\/\/westmanska.se\/en\/wp-json\/wp\/v2\/comments?post=1529"}],"version-history":[{"count":16,"href":"https:\/\/westmanska.se\/en\/wp-json\/wp\/v2\/pages\/1529\/revisions"}],"predecessor-version":[{"id":4042,"href":"https:\/\/westmanska.se\/en\/wp-json\/wp\/v2\/pages\/1529\/revisions\/4042"}],"wp:attachment":[{"href":"https:\/\/westmanska.se\/en\/wp-json\/wp\/v2\/media?parent=1529"}],"curies":[{"name":"wp","href":"https:\/\/api.w.org\/{rel}","templated":true}]}}