{"id":1315,"date":"2025-07-28T14:37:53","date_gmt":"2025-07-28T14:37:53","guid":{"rendered":"https:\/\/yellow-gazelle-403867.hostingersite.com\/?page_id=1315"},"modified":"2026-01-23T14:29:36","modified_gmt":"2026-01-23T14:29:36","slug":"konferenslokal-vasastan","status":"publish","type":"page","link":"https:\/\/westmanska.se\/en\/ort\/konferenslokal-vasastan\/","title":{"rendered":"Konferenslokal-vasastan"},"content":{"rendered":"<div data-elementor-type=\"wp-post\" data-elementor-id=\"1315\" class=\"elementor elementor-1315\" data-elementor-post-type=\"page\">\n\t\t\t\t<div class=\"elementor-element elementor-element-1d76f06 e-flex e-con-boxed e-con e-parent\" data-id=\"1d76f06\" data-element_type=\"container\" data-settings=\"{&quot;background_background&quot;:&quot;classic&quot;}\">\n\t\t\t\t\t<div class=\"e-con-inner\">\n\t\t\t\t<div class=\"elementor-element elementor-element-4ee40e6 elementor-widget elementor-widget-heading\" data-id=\"4ee40e6\" data-element_type=\"widget\" data-widget_type=\"heading.default\">\n\t\t\t\t\t<h1 class=\"elementor-heading-title elementor-size-default\">Conference room Vasastan<\/h1>\t\t\t\t<\/div>\n\t\t\t\t\t<\/div>\n\t\t\t\t<\/div>\n\t\t<div class=\"elementor-element elementor-element-0d9bce2 e-con-full e-flex e-con e-parent\" data-id=\"0d9bce2\" data-element_type=\"container\" data-settings=\"{&quot;background_background&quot;:&quot;gradient&quot;}\">\n\t\t<div class=\"elementor-element elementor-element-813d44e e-con-full e-flex e-con e-child\" data-id=\"813d44e\" data-element_type=\"container\">\n\t\t\t\t<div class=\"elementor-element elementor-element-e4f3563 elementor-widget elementor-widget-heading\" data-id=\"e4f3563\" data-element_type=\"widget\" data-widget_type=\"heading.default\">\n\t\t\t\t\t<h2 class=\"elementor-heading-title elementor-size-default\">Conference room Vasastan\n\n<\/h2>\t\t\t\t<\/div>\n\t\t\t\t<div class=\"elementor-element elementor-element-32879e6 elementor-widget elementor-widget-text-editor\" data-id=\"32879e6\" data-element_type=\"widget\" data-widget_type=\"text-editor.default\">\n\t\t\t\t\t\t\t\t\t<p class=\"framer-text framer-styles-preset-g3t3gs\"><strong class=\"framer-text\">Conference room Vasastan?<\/strong>\u00a0Are you looking for representative conference rooms in a central location, for an affordable day conference? Do you want to be sure that you and your conference guests are well looked after?<br class=\"framer-text\" \/>If so, we invite you to discover the Westman Palace!<\/p>\t\t\t\t\t\t\t\t<\/div>\n\t\t\t\t<div class=\"elementor-element elementor-element-e24f7d5 elementor-widget elementor-widget-heading\" data-id=\"e24f7d5\" data-element_type=\"widget\" data-widget_type=\"heading.default\">\n\t\t\t\t\t<h2 class=\"elementor-heading-title elementor-size-default\">Conference room in Norrmalm for businesses from Vasastan} \n<\/h2>\t\t\t\t<\/div>\n\t\t\t\t<div class=\"elementor-element elementor-element-eb12356 elementor-widget elementor-widget-text-editor\" data-id=\"eb12356\" data-element_type=\"widget\" data-widget_type=\"text-editor.default\">\n\t\t\t\t\t\t\t\t\t<p class=\"framer-text framer-styles-preset-g3t3gs\">Westmanska Palatset, located in the centre of Norrmalm, is a representative conference facility with lots of atmosphere in the heart of Stockholm. The palace, built in 1799 - 1800, has a rich and exciting history.<br class=\"framer-text\" \/>With its architecture and atmosphere, Westmanska Palatset offers a unique and inspiring environment for conferences.<br class=\"framer-text\" \/>Our conference rooms are modern and fresh at the same time, all equipped with the latest technology for a good conference.<br class=\"framer-text\" \/>Many of our customers from Vasastan have enjoyed their stay with us in northern Norrmalm so much that they have since booked new conferences with us.<br class=\"framer-text\" \/>So why not follow their example?<br class=\"framer-text\" \/>Contact us to discuss what you need to make your next conference a success.<\/p><p class=\"framer-text framer-styles-preset-g3t3gs\">We offer you:<\/p><ul class=\"framer-text\"><li class=\"framer-text framer-styles-preset-g3t3gs\" data-preset-tag=\"p\"><p class=\"framer-text framer-styles-preset-g3t3gs\">A first-class conference centre in an attractive location on Norrmalm.<\/p><\/li><li class=\"framer-text framer-styles-preset-g3t3gs\" data-preset-tag=\"p\"><p class=\"framer-text framer-styles-preset-g3t3gs\">A well-reputed restaurant, Restaurant Westman, directly adjacent to the conference rooms.<\/p><\/li><li class=\"framer-text framer-styles-preset-g3t3gs\" data-preset-tag=\"p\"><p class=\"framer-text framer-styles-preset-g3t3gs\">Catering on a completely different level than most other conference facilities can offer their conference guests.<\/p><\/li><li class=\"framer-text framer-styles-preset-g3t3gs\" data-preset-tag=\"p\"><p class=\"framer-text framer-styles-preset-g3t3gs\">Comfortable, representative conference rooms.<\/p><\/li><li class=\"framer-text framer-styles-preset-g3t3gs\" data-preset-tag=\"p\"><p class=\"framer-text framer-styles-preset-g3t3gs\">Free and flexible furnishing in most rooms, to meet your specific conference furnishing needs.<\/p><\/li><li class=\"framer-text framer-styles-preset-g3t3gs\" data-preset-tag=\"p\"><p class=\"framer-text framer-styles-preset-g3t3gs\">All the latest technology a modern conference might need in every room.<\/p><\/li><li class=\"framer-text framer-styles-preset-g3t3gs\" data-preset-tag=\"p\"><p class=\"framer-text framer-styles-preset-g3t3gs\">Top level service with wonderful conference hosts.<\/p><\/li><li class=\"framer-text framer-styles-preset-g3t3gs\" data-preset-tag=\"p\"><p class=\"framer-text framer-styles-preset-g3t3gs\">Conference in a lovely and inspiring historical setting in the heart of Stockholm.<\/p><\/li><\/ul>\t\t\t\t\t\t\t\t<\/div>\n\t\t\t\t<div class=\"elementor-element elementor-element-9b9d9d3 elementor-widget elementor-widget-heading\" data-id=\"9b9d9d3\" data-element_type=\"widget\" data-widget_type=\"heading.default\">\n\t\t\t\t\t<h2 class=\"elementor-heading-title elementor-size-default\">Book a room for day conferences for organisations from Vasastan<\/h2>\t\t\t\t<\/div>\n\t\t\t\t<div class=\"elementor-element elementor-element-9d12afa elementor-widget elementor-widget-text-editor\" data-id=\"9d12afa\" data-element_type=\"widget\" data-widget_type=\"text-editor.default\">\n\t\t\t\t\t\t\t\t\t<p>From Vasastan, it's just a stone's throw to northern Norrmalm.<br class=\"framer-text\" \/>Just a few minutes by metro.<br class=\"framer-text\" \/>Or why not a refreshing walk? And we can guarantee that it will be well worth the trip, as we can tempt you with first-class conference facilities in an attractive location.<br class=\"framer-text\" \/>Westmanska Palatset is located in the neighbourhood between Drottninggatan and Adolf Fredriks Kyrka.<br class=\"framer-text\" \/>Our conference centre is ideal for affordable day conferences.<\/p>\t\t\t\t\t\t\t\t<\/div>\n\t\t\t\t<div class=\"elementor-element elementor-element-78bed88 elementor-widget elementor-widget-heading\" data-id=\"78bed88\" data-element_type=\"widget\" data-widget_type=\"heading.default\">\n\t\t\t\t\t<h2 class=\"elementor-heading-title elementor-size-default\">Conference venues in the heart of the city: it's easy to get here!<\/h2>\t\t\t\t<\/div>\n\t\t\t\t<div class=\"elementor-element elementor-element-9f1ccb1 elementor-widget elementor-widget-text-editor\" data-id=\"9f1ccb1\" data-element_type=\"widget\" data-widget_type=\"text-editor.default\">\n\t\t\t\t\t\t\t\t\t<p>For those travelling by public transport, it is within easy walking distance of R\u00e5dmansgatan and H\u00f6torget metro stations.<br class=\"framer-text\" \/>We are also within walking distance of the new Stockholm City commuter train station and Stockholm Central Station if conference participants are coming from outside the country.<\/p>\t\t\t\t\t\t\t\t<\/div>\n\t\t\t\t<div class=\"elementor-element elementor-element-30fd2bb elementor-widget elementor-widget-heading\" data-id=\"30fd2bb\" data-element_type=\"widget\" data-widget_type=\"heading.default\">\n\t\t\t\t\t<h2 class=\"elementor-heading-title elementor-size-default\">Why not hold your next day conference with us?<\/h2>\t\t\t\t<\/div>\n\t\t\t\t<div class=\"elementor-element elementor-element-ab7f7bd elementor-widget elementor-widget-text-editor\" data-id=\"ab7f7bd\" data-element_type=\"widget\" data-widget_type=\"text-editor.default\">\n\t\t\t\t\t\t\t\t\t<p class=\"framer-text framer-styles-preset-g3t3gs\">We have:<\/p><ul class=\"framer-text\"><li class=\"framer-text framer-styles-preset-g3t3gs\" data-preset-tag=\"p\"><p class=\"framer-text framer-styles-preset-g3t3gs\">Modern and cosy conference and meeting rooms, for all occasions.<\/p><\/li><\/ul><p class=\"framer-text framer-styles-preset-g3t3gs\">And we offer you:<\/p><ul class=\"framer-text\"><li class=\"framer-text framer-styles-preset-g3t3gs\" data-preset-tag=\"p\"><p class=\"framer-text framer-styles-preset-g3t3gs\">All-in-one solutions for your next day conference or industry day.<\/p><\/li><\/ul><p class=\"framer-text framer-styles-preset-g3t3gs\">Our goal is to provide you and your conference guests with the best conference experience possible.<\/p>\t\t\t\t\t\t\t\t<\/div>\n\t\t\t\t<div class=\"elementor-element elementor-element-d300533 elementor-widget elementor-widget-heading\" data-id=\"d300533\" data-element_type=\"widget\" data-widget_type=\"heading.default\">\n\t\t\t\t\t<h2 class=\"elementor-heading-title elementor-size-default\">Book a conference room in central Stockholm\n<\/h2>\t\t\t\t<\/div>\n\t\t\t\t<div class=\"elementor-element elementor-element-b9138d8 elementor-widget elementor-widget-text-editor\" data-id=\"b9138d8\" data-element_type=\"widget\" data-widget_type=\"text-editor.default\">\n\t\t\t\t\t\t\t\t\t<p>You are never alone when you plan a conference here at Westmanska Palatset.<br class=\"framer-text\" \/>Contact us to discuss what you need to make your next conference a success.<br class=\"framer-text\" \/>We help you every step of the way, from start to finish, for a successful conference.<br class=\"framer-text\" \/>Welcome to Westmanska Palatset (in northern Norrmalm) next time you are looking for a conference room in Vasastan.<\/p>\t\t\t\t\t\t\t\t<\/div>\n\t\t\t\t<div class=\"elementor-element elementor-element-43fe20d elementor-widget elementor-widget-image\" data-id=\"43fe20d\" data-element_type=\"widget\" data-widget_type=\"image.default\">\n\t\t\t\t\t\t\t\t\t\t\t\t\t\t\t<img fetchpriority=\"high\" decoding=\"async\" width=\"800\" height=\"300\" src=\"https:\/\/westmanska.se\/wp-content\/uploads\/2025\/07\/kyBHsQBNQs46e7jmUpZI5Z97xiU-1024x384.webp\" class=\"attachment-large size-large wp-image-1240\" alt=\"\" srcset=\"https:\/\/westmanska.se\/wp-content\/uploads\/2025\/07\/kyBHsQBNQs46e7jmUpZI5Z97xiU-1024x384.webp 1024w, https:\/\/westmanska.se\/wp-content\/uploads\/2025\/07\/kyBHsQBNQs46e7jmUpZI5Z97xiU-300x113.webp 300w, https:\/\/westmanska.se\/wp-content\/uploads\/2025\/07\/kyBHsQBNQs46e7jmUpZI5Z97xiU-768x288.webp 768w, https:\/\/westmanska.se\/wp-content\/uploads\/2025\/07\/kyBHsQBNQs46e7jmUpZI5Z97xiU-1536x576.webp 1536w, https:\/\/westmanska.se\/wp-content\/uploads\/2025\/07\/kyBHsQBNQs46e7jmUpZI5Z97xiU.webp 1600w\" sizes=\"(max-width: 800px) 100vw, 800px\" \/>\t\t\t\t\t\t\t\t\t\t\t\t\t\t\t<\/div>\n\t\t\t\t<\/div>\n\t\t\t\t<\/div>\n\t\t<div class=\"elementor-element elementor-element-b060da7 e-flex e-con-boxed e-con e-parent\" data-id=\"b060da7\" data-element_type=\"container\">\n\t\t\t\t\t<div class=\"e-con-inner\">\n\t\t\t\t<div class=\"elementor-element elementor-element-aeb820b elementor-widget elementor-widget-heading\" data-id=\"aeb820b\" data-element_type=\"widget\" data-widget_type=\"heading.default\">\n\t\t\t\t\t<h2 class=\"elementor-heading-title elementor-size-default\">Book your stay<\/h2>\t\t\t\t<\/div>\n\t\t\t\t\t<\/div>\n\t\t\t\t<\/div>\n\t\t\t\t<\/div>","protected":false},"excerpt":{"rendered":"<p>Konferenslokal Vasastan Konferenslokal Vasastan Konferenslokal Vasastan?\u00a0S\u00f6ker du representativa konferenslokaler i centralt l\u00e4ge, f\u00f6r en prisv\u00e4rd dagkonferens? Vill du vara s\u00e4ker p\u00e5 att du och dina konferensg\u00e4ster blir v\u00e4l omh\u00e4ndertagna?I s\u00e5 fall inbjuder vi dig att uppt\u00e4cka Westmanska Palatset! Konferenslokal i Norrmalm f\u00f6r verksamheter fr\u00e5n Vasastan} Westmanska Palatset, som ligger centralt p\u00e5 norra Norrmalm, \u00e4r en [&hellip;]<\/p>","protected":false},"author":1,"featured_media":0,"parent":1141,"menu_order":0,"comment_status":"closed","ping_status":"closed","template":"","meta":{"footnotes":""},"class_list":["post-1315","page","type-page","status-publish","hentry"],"_links":{"self":[{"href":"https:\/\/westmanska.se\/en\/wp-json\/wp\/v2\/pages\/1315","targetHints":{"allow":["GET"]}}],"collection":[{"href":"https:\/\/westmanska.se\/en\/wp-json\/wp\/v2\/pages"}],"about":[{"href":"https:\/\/westmanska.se\/en\/wp-json\/wp\/v2\/types\/page"}],"author":[{"embeddable":true,"href":"https:\/\/westmanska.se\/en\/wp-json\/wp\/v2\/users\/1"}],"replies":[{"embeddable":true,"href":"https:\/\/westmanska.se\/en\/wp-json\/wp\/v2\/comments?post=1315"}],"version-history":[{"count":13,"href":"https:\/\/westmanska.se\/en\/wp-json\/wp\/v2\/pages\/1315\/revisions"}],"predecessor-version":[{"id":4237,"href":"https:\/\/westmanska.se\/en\/wp-json\/wp\/v2\/pages\/1315\/revisions\/4237"}],"up":[{"embeddable":true,"href":"https:\/\/westmanska.se\/en\/wp-json\/wp\/v2\/pages\/1141"}],"wp:attachment":[{"href":"https:\/\/westmanska.se\/en\/wp-json\/wp\/v2\/media?parent=1315"}],"curies":[{"name":"wp","href":"https:\/\/api.w.org\/{rel}","templated":true}]}}