{"id":1310,"date":"2025-07-28T14:08:09","date_gmt":"2025-07-28T14:08:09","guid":{"rendered":"https:\/\/yellow-gazelle-403867.hostingersite.com\/?page_id=1310"},"modified":"2026-01-23T14:28:38","modified_gmt":"2026-01-23T14:28:38","slug":"konferenslokal-norrtull","status":"publish","type":"page","link":"https:\/\/westmanska.se\/en\/ort\/konferenslokal-norrtull\/","title":{"rendered":"Konferenslokal-norrtull"},"content":{"rendered":"<div data-elementor-type=\"wp-post\" data-elementor-id=\"1310\" class=\"elementor elementor-1310\" data-elementor-post-type=\"page\">\n\t\t\t\t<div class=\"elementor-element elementor-element-1d76f06 e-flex e-con-boxed e-con e-parent\" data-id=\"1d76f06\" data-element_type=\"container\" data-settings=\"{&quot;background_background&quot;:&quot;classic&quot;}\">\n\t\t\t\t\t<div class=\"e-con-inner\">\n\t\t\t\t<div class=\"elementor-element elementor-element-4ee40e6 elementor-widget elementor-widget-heading\" data-id=\"4ee40e6\" data-element_type=\"widget\" data-widget_type=\"heading.default\">\n\t\t\t\t\t<h1 class=\"elementor-heading-title elementor-size-default\">Conference room Norrtull\n<\/h1>\t\t\t\t<\/div>\n\t\t\t\t\t<\/div>\n\t\t\t\t<\/div>\n\t\t<div class=\"elementor-element elementor-element-0d9bce2 e-con-full e-flex e-con e-parent\" data-id=\"0d9bce2\" data-element_type=\"container\" data-settings=\"{&quot;background_background&quot;:&quot;gradient&quot;}\">\n\t\t<div class=\"elementor-element elementor-element-813d44e e-con-full e-flex e-con e-child\" data-id=\"813d44e\" data-element_type=\"container\">\n\t\t\t\t<div class=\"elementor-element elementor-element-e4f3563 elementor-widget elementor-widget-heading\" data-id=\"e4f3563\" data-element_type=\"widget\" data-widget_type=\"heading.default\">\n\t\t\t\t\t<h2 class=\"elementor-heading-title elementor-size-default\">Conference room Norrtull\n<\/h2>\t\t\t\t<\/div>\n\t\t\t\t<div class=\"elementor-element elementor-element-32879e6 elementor-widget elementor-widget-text-editor\" data-id=\"32879e6\" data-element_type=\"widget\" data-widget_type=\"text-editor.default\">\n\t\t\t\t\t\t\t\t\t<p class=\"framer-text framer-styles-preset-g3t3gs\"><strong class=\"framer-text\">Conference room Norrtull.<\/strong>\u00a0Is Norrtull the decisive criterion in your choice of conference venue?<br class=\"framer-text\" \/>Or are you looking for representative conference rooms in a central location, for an affordable day conference?<br class=\"framer-text\" \/>Do you want to be sure that you and your conference guests are well looked after?<br class=\"framer-text\" \/>Can we tempt you with day conferences in an attractive location in the centre of Stockholm?<br class=\"framer-text\" \/>If so, we invite you to discover the Westman Palace!<\/p>\t\t\t\t\t\t\t\t<\/div>\n\t\t\t\t<div class=\"elementor-element elementor-element-e24f7d5 elementor-widget elementor-widget-heading\" data-id=\"e24f7d5\" data-element_type=\"widget\" data-widget_type=\"heading.default\">\n\t\t\t\t\t<h2 class=\"elementor-heading-title elementor-size-default\">Conference rooms Norrtull - Can we tempt you to think again\n<\/h2>\t\t\t\t<\/div>\n\t\t\t\t<div class=\"elementor-element elementor-element-eb12356 elementor-widget elementor-widget-text-editor\" data-id=\"eb12356\" data-element_type=\"widget\" data-widget_type=\"text-editor.default\">\n\t\t\t\t\t\t\t\t\t<p class=\"framer-text framer-styles-preset-g3t3gs\">Even if you originally searched for conference rooms Norrtull, we dare to challenge you.<br class=\"framer-text\" \/>Dare to rethink!<br class=\"framer-text\" \/>Head into town instead and have your conference with us at Westmanska Palatset.<\/p><p class=\"framer-text framer-styles-preset-g3t3gs\">Westmanska Palatset is:<\/p><ul class=\"framer-text\"><li class=\"framer-text framer-styles-preset-g3t3gs\" data-preset-tag=\"p\"><p class=\"framer-text framer-styles-preset-g3t3gs\">A first-class conference centre in the heart of Stockholm<\/p><\/li><\/ul><p class=\"framer-text framer-styles-preset-g3t3gs\">which:<\/p><ul class=\"framer-text\"><li class=\"framer-text framer-styles-preset-g3t3gs\" data-preset-tag=\"p\"><p class=\"framer-text framer-styles-preset-g3t3gs\">Offers you a fantastic and prestigious environment to hold your conference<\/p><\/li><\/ul><p class=\"framer-text framer-styles-preset-g3t3gs\">Built between 1799 and 1800, the palace has a fascinating history.<br class=\"framer-text\" \/>You are very welcome to organise a conference with us!<\/p>\t\t\t\t\t\t\t\t<\/div>\n\t\t\t\t<div class=\"elementor-element elementor-element-9b9d9d3 elementor-widget elementor-widget-heading\" data-id=\"9b9d9d3\" data-element_type=\"widget\" data-widget_type=\"heading.default\">\n\t\t\t\t\t<h2 class=\"elementor-heading-title elementor-size-default\">Conference room in Norrmalm for businesses from Norrtull\n<\/h2>\t\t\t\t<\/div>\n\t\t\t\t<div class=\"elementor-element elementor-element-9d12afa elementor-widget elementor-widget-text-editor\" data-id=\"9d12afa\" data-element_type=\"widget\" data-widget_type=\"text-editor.default\">\n\t\t\t\t\t\t\t\t\t<p class=\"framer-text framer-styles-preset-g3t3gs\">With its architecture and atmosphere, Westmanska Palatset offers an inspiring environment for conferences and is a representative conference centre.<br class=\"framer-text\" \/>The conference facilities are modern and fresh, all rooms are also equipped with the latest technology.<br class=\"framer-text\" \/>Several of our customers were perhaps originally looking for a conference venue in Norrtull. Once they settled on Westmanska Palatset instead, they have enjoyed their stay with us so much that several of them have since returned for new conferences.<br class=\"framer-text\" \/>So why not follow their example? Our conference centre is perfect for affordable day conferences.<br class=\"framer-text\" \/>Contact us to discuss what you need to make your next conference a success.<\/p><p class=\"framer-text framer-styles-preset-g3t3gs\">We offer you:<\/p><ul class=\"framer-text\"><li class=\"framer-text framer-styles-preset-g3t3gs\" data-preset-tag=\"p\"><p class=\"framer-text framer-styles-preset-g3t3gs\">A first-class conference centre in an attractive location in Norrmalm<\/p><\/li><li class=\"framer-text framer-styles-preset-g3t3gs\" data-preset-tag=\"p\"><p class=\"framer-text framer-styles-preset-g3t3gs\">A well-reputed restaurant, Restaurant Westman, directly adjacent to the conference rooms<\/p><\/li><li class=\"framer-text framer-styles-preset-g3t3gs\" data-preset-tag=\"p\"><p class=\"framer-text framer-styles-preset-g3t3gs\">Catering on a completely different level than most other conference centres can offer their conference guests<\/p><\/li><li class=\"framer-text framer-styles-preset-g3t3gs\" data-preset-tag=\"p\"><p class=\"framer-text framer-styles-preset-g3t3gs\">Comfortable, representative conference rooms<\/p><\/li><li class=\"framer-text framer-styles-preset-g3t3gs\" data-preset-tag=\"p\"><p class=\"framer-text framer-styles-preset-g3t3gs\">Free and flexible furnishing in most rooms, to meet your specific conference furnishing needs<\/p><\/li><li class=\"framer-text framer-styles-preset-g3t3gs\" data-preset-tag=\"p\"><p class=\"framer-text framer-styles-preset-g3t3gs\">All the latest technology a modern conference might need in every room<\/p><\/li><li class=\"framer-text framer-styles-preset-g3t3gs\" data-preset-tag=\"p\"><p class=\"framer-text framer-styles-preset-g3t3gs\">Top level service with wonderful conference hosts<\/p><\/li><li class=\"framer-text framer-styles-preset-g3t3gs\" data-preset-tag=\"p\"><p class=\"framer-text framer-styles-preset-g3t3gs\">Conference in a lovely and inspiring historical setting in the heart of Stockholm<\/p><\/li><\/ul>\t\t\t\t\t\t\t\t<\/div>\n\t\t\t\t<div class=\"elementor-element elementor-element-f8a24b6 elementor-widget elementor-widget-heading\" data-id=\"f8a24b6\" data-element_type=\"widget\" data-widget_type=\"heading.default\">\n\t\t\t\t\t<h2 class=\"elementor-heading-title elementor-size-default\">Book a room for day conferences for businesses from Norrtull\n<\/h2>\t\t\t\t<\/div>\n\t\t\t\t<div class=\"elementor-element elementor-element-461f3b7 elementor-widget elementor-widget-text-editor\" data-id=\"461f3b7\" data-element_type=\"widget\" data-widget_type=\"text-editor.default\">\n\t\t\t\t\t\t\t\t\t<p class=\"framer-text framer-styles-preset-g3t3gs\">For those travelling by public transport, it is within easy walking distance of R\u00e5dmansgatan and H\u00f6torget metro stations.<br class=\"framer-text\" \/>We are also within walking distance of the new Stockholm City commuter train station and Stockholm Central Station if conference participants are coming from outside the country.<\/p>\t\t\t\t\t\t\t\t<\/div>\n\t\t\t\t<div class=\"elementor-element elementor-element-4632806 elementor-widget elementor-widget-heading\" data-id=\"4632806\" data-element_type=\"widget\" data-widget_type=\"heading.default\">\n\t\t\t\t\t<h2 class=\"elementor-heading-title elementor-size-default\">Why not hold your next day conference with us?\n<\/h2>\t\t\t\t<\/div>\n\t\t\t\t<div class=\"elementor-element elementor-element-ee82f6c elementor-widget elementor-widget-text-editor\" data-id=\"ee82f6c\" data-element_type=\"widget\" data-widget_type=\"text-editor.default\">\n\t\t\t\t\t\t\t\t\t<p class=\"framer-text framer-styles-preset-g3t3gs\">We have:<\/p><ul class=\"framer-text\"><li class=\"framer-text framer-styles-preset-g3t3gs\" data-preset-tag=\"p\"><p class=\"framer-text framer-styles-preset-g3t3gs\">Modern and cosy conference and meeting rooms, for all occasions.<\/p><\/li><\/ul><p class=\"framer-text framer-styles-preset-g3t3gs\">And we offer you:<\/p><ul class=\"framer-text\"><li class=\"framer-text framer-styles-preset-g3t3gs\" data-preset-tag=\"p\"><p class=\"framer-text framer-styles-preset-g3t3gs\">All-in-one solutions for your next day conference or industry day.<\/p><\/li><\/ul><p class=\"framer-text framer-styles-preset-g3t3gs\">Our goal is to provide you and your conference guests with the best conference experience possible.<\/p>\t\t\t\t\t\t\t\t<\/div>\n\t\t\t\t<div class=\"elementor-element elementor-element-78dd4de elementor-widget elementor-widget-heading\" data-id=\"78dd4de\" data-element_type=\"widget\" data-widget_type=\"heading.default\">\n\t\t\t\t\t<h2 class=\"elementor-heading-title elementor-size-default\">Book a conference room in central Stockholm\n<\/h2>\t\t\t\t<\/div>\n\t\t\t\t<div class=\"elementor-element elementor-element-158e8af elementor-widget elementor-widget-text-editor\" data-id=\"158e8af\" data-element_type=\"widget\" data-widget_type=\"text-editor.default\">\n\t\t\t\t\t\t\t\t\t<p class=\"framer-text framer-styles-preset-g3t3gs\">You are never alone when you plan a conference here at Westmanska Palatset.<br class=\"framer-text\" \/>Contact us to discuss what you need to make your next conference a success.<br class=\"framer-text\" \/>We help you every step of the way, from start to finish, for a successful conference.<br class=\"framer-text\" \/>Welcome to Westmanska Palatset next time you are looking for a conference room Norrtull.<\/p>\t\t\t\t\t\t\t\t<\/div>\n\t\t\t\t<div class=\"elementor-element elementor-element-43fe20d elementor-widget elementor-widget-image\" data-id=\"43fe20d\" data-element_type=\"widget\" data-widget_type=\"image.default\">\n\t\t\t\t\t\t\t\t\t\t\t\t\t\t\t<img fetchpriority=\"high\" decoding=\"async\" width=\"800\" height=\"300\" src=\"https:\/\/westmanska.se\/wp-content\/uploads\/2025\/07\/R3jl10YwecvNjvTBJoHE5Li9WBc-1024x384.webp\" class=\"attachment-large size-large wp-image-1368\" alt=\"\" srcset=\"https:\/\/westmanska.se\/wp-content\/uploads\/2025\/07\/R3jl10YwecvNjvTBJoHE5Li9WBc-1024x384.webp 1024w, https:\/\/westmanska.se\/wp-content\/uploads\/2025\/07\/R3jl10YwecvNjvTBJoHE5Li9WBc-300x113.webp 300w, https:\/\/westmanska.se\/wp-content\/uploads\/2025\/07\/R3jl10YwecvNjvTBJoHE5Li9WBc-768x288.webp 768w, https:\/\/westmanska.se\/wp-content\/uploads\/2025\/07\/R3jl10YwecvNjvTBJoHE5Li9WBc-1536x576.webp 1536w, https:\/\/westmanska.se\/wp-content\/uploads\/2025\/07\/R3jl10YwecvNjvTBJoHE5Li9WBc.webp 1600w\" sizes=\"(max-width: 800px) 100vw, 800px\" \/>\t\t\t\t\t\t\t\t\t\t\t\t\t\t\t<\/div>\n\t\t\t\t<\/div>\n\t\t\t\t<\/div>\n\t\t<div class=\"elementor-element elementor-element-b060da7 e-flex e-con-boxed e-con e-parent\" data-id=\"b060da7\" data-element_type=\"container\">\n\t\t\t\t\t<div class=\"e-con-inner\">\n\t\t\t\t<div class=\"elementor-element elementor-element-aeb820b elementor-widget elementor-widget-heading\" data-id=\"aeb820b\" data-element_type=\"widget\" data-widget_type=\"heading.default\">\n\t\t\t\t\t<h2 class=\"elementor-heading-title elementor-size-default\">Book your stay<\/h2>\t\t\t\t<\/div>\n\t\t\t\t\t<\/div>\n\t\t\t\t<\/div>\n\t\t\t\t<\/div>","protected":false},"excerpt":{"rendered":"<p>Konferenslokal Norrtull Konferenslokal Norrtull Konferenslokal Norrtull.\u00a0\u00c4r det just Norrtull som \u00e4r det avg\u00f6rande kriteriet i ditt val av konferenslokal.Eller s\u00f6ker du representativa konferenslokaler i centralt l\u00e4ge, f\u00f6r en prisv\u00e4rd dagkonferens?Vill du vara s\u00e4ker p\u00e5 att du och dina konferensg\u00e4ster blir v\u00e4l omh\u00e4ndertagna?Kan vi fresta er med dagkonferenser i ett attraktivt l\u00e4ge i centrala Stockholm?I s\u00e5 [&hellip;]<\/p>","protected":false},"author":1,"featured_media":0,"parent":1141,"menu_order":0,"comment_status":"closed","ping_status":"closed","template":"","meta":{"footnotes":""},"class_list":["post-1310","page","type-page","status-publish","hentry"],"_links":{"self":[{"href":"https:\/\/westmanska.se\/en\/wp-json\/wp\/v2\/pages\/1310","targetHints":{"allow":["GET"]}}],"collection":[{"href":"https:\/\/westmanska.se\/en\/wp-json\/wp\/v2\/pages"}],"about":[{"href":"https:\/\/westmanska.se\/en\/wp-json\/wp\/v2\/types\/page"}],"author":[{"embeddable":true,"href":"https:\/\/westmanska.se\/en\/wp-json\/wp\/v2\/users\/1"}],"replies":[{"embeddable":true,"href":"https:\/\/westmanska.se\/en\/wp-json\/wp\/v2\/comments?post=1310"}],"version-history":[{"count":13,"href":"https:\/\/westmanska.se\/en\/wp-json\/wp\/v2\/pages\/1310\/revisions"}],"predecessor-version":[{"id":4222,"href":"https:\/\/westmanska.se\/en\/wp-json\/wp\/v2\/pages\/1310\/revisions\/4222"}],"up":[{"embeddable":true,"href":"https:\/\/westmanska.se\/en\/wp-json\/wp\/v2\/pages\/1141"}],"wp:attachment":[{"href":"https:\/\/westmanska.se\/en\/wp-json\/wp\/v2\/media?parent=1310"}],"curies":[{"name":"wp","href":"https:\/\/api.w.org\/{rel}","templated":true}]}}