{"id":1305,"date":"2025-07-28T13:56:01","date_gmt":"2025-07-28T13:56:01","guid":{"rendered":"https:\/\/yellow-gazelle-403867.hostingersite.com\/?page_id=1305"},"modified":"2026-01-23T14:27:44","modified_gmt":"2026-01-23T14:27:44","slug":"konferens-vasastan","status":"publish","type":"page","link":"https:\/\/westmanska.se\/en\/ort\/konferens-vasastan\/","title":{"rendered":"Konferens-vasastan"},"content":{"rendered":"<div data-elementor-type=\"wp-post\" data-elementor-id=\"1305\" class=\"elementor elementor-1305\" data-elementor-post-type=\"page\">\n\t\t\t\t<div class=\"elementor-element elementor-element-1d76f06 e-flex e-con-boxed e-con e-parent\" data-id=\"1d76f06\" data-element_type=\"container\" data-settings=\"{&quot;background_background&quot;:&quot;classic&quot;}\">\n\t\t\t\t\t<div class=\"e-con-inner\">\n\t\t\t\t<div class=\"elementor-element elementor-element-4ee40e6 elementor-widget elementor-widget-heading\" data-id=\"4ee40e6\" data-element_type=\"widget\" data-widget_type=\"heading.default\">\n\t\t\t\t\t<h1 class=\"elementor-heading-title elementor-size-default\">Conference Vasastan\n<\/h1>\t\t\t\t<\/div>\n\t\t\t\t\t<\/div>\n\t\t\t\t<\/div>\n\t\t<div class=\"elementor-element elementor-element-0d9bce2 e-con-full e-flex e-con e-parent\" data-id=\"0d9bce2\" data-element_type=\"container\" data-settings=\"{&quot;background_background&quot;:&quot;gradient&quot;}\">\n\t\t<div class=\"elementor-element elementor-element-813d44e e-con-full e-flex e-con e-child\" data-id=\"813d44e\" data-element_type=\"container\">\n\t\t\t\t<div class=\"elementor-element elementor-element-e4f3563 elementor-widget elementor-widget-heading\" data-id=\"e4f3563\" data-element_type=\"widget\" data-widget_type=\"heading.default\">\n\t\t\t\t\t<h2 class=\"elementor-heading-title elementor-size-default\">Conference Vasastan\n<\/h2>\t\t\t\t<\/div>\n\t\t\t\t<div class=\"elementor-element elementor-element-32879e6 elementor-widget elementor-widget-text-editor\" data-id=\"32879e6\" data-element_type=\"widget\" data-widget_type=\"text-editor.default\">\n\t\t\t\t\t\t\t\t\t<p class=\"framer-text framer-styles-preset-g3t3gs\">Conference Vasastan: Is Vasastan the decisive factor in your choice of conference venue? Or can we tempt you with affordable day conferences in an attractive location in northern Norrmalm?<\/p><p class=\"framer-text framer-styles-preset-g3t3gs\">Many of our conference guests have originally searched for conference Vasastan, conference venues Vasastan or conference centre Vasastan.<\/p><p class=\"framer-text framer-styles-preset-g3t3gs\">But once they've fallen in love with us, they've thrived here in our wonderful conference rooms in northern Norrmalm - after all, it's only a stone's throw from Vasastan!<\/p><p class=\"framer-text framer-styles-preset-g3t3gs\">Several of our customers from Vasastan have since returned to us for new conferences.<\/p><p class=\"framer-text framer-styles-preset-g3t3gs\">We have had customers from these parts of Vasastan:<\/p><ul class=\"framer-text\"><li class=\"framer-text framer-styles-preset-g3t3gs\" data-preset-tag=\"p\"><p class=\"framer-text framer-styles-preset-g3t3gs\">Birkastaden<\/p><\/li><li class=\"framer-text framer-styles-preset-g3t3gs\" data-preset-tag=\"p\"><p class=\"framer-text framer-styles-preset-g3t3gs\">R\u00f6rstrand<\/p><\/li><li class=\"framer-text framer-styles-preset-g3t3gs\" data-preset-tag=\"p\"><p class=\"framer-text framer-styles-preset-g3t3gs\">Bellevue<\/p><\/li><li class=\"framer-text framer-styles-preset-g3t3gs\" data-preset-tag=\"p\"><p class=\"framer-text framer-styles-preset-g3t3gs\">Red mountains<\/p><\/li><li class=\"framer-text framer-styles-preset-g3t3gs\" data-preset-tag=\"p\"><p class=\"framer-text framer-styles-preset-g3t3gs\">Siberia<\/p><\/li><li class=\"framer-text framer-styles-preset-g3t3gs\" data-preset-tag=\"p\"><p class=\"framer-text framer-styles-preset-g3t3gs\">Atlas area<\/p><\/li><li class=\"framer-text framer-styles-preset-g3t3gs\" data-preset-tag=\"p\"><p class=\"framer-text framer-styles-preset-g3t3gs\">Odenplan<\/p><\/li><li class=\"framer-text framer-styles-preset-g3t3gs\" data-preset-tag=\"p\"><p class=\"framer-text framer-styles-preset-g3t3gs\">St Eriksplan<\/p><\/li><\/ul><p class=\"framer-text framer-styles-preset-g3t3gs\">So why not do what these companies, authorities and organisations from Vasastan have already done: Contact us and discuss your next day conference or industry day!<\/p><p class=\"framer-text framer-styles-preset-g3t3gs\">We offer you:<\/p><ul class=\"framer-text\"><li class=\"framer-text framer-styles-preset-g3t3gs\" data-preset-tag=\"p\"><p class=\"framer-text framer-styles-preset-g3t3gs\">A first-class conference centre in the heart of Stockholm.<\/p><\/li><li class=\"framer-text framer-styles-preset-g3t3gs\" data-preset-tag=\"p\"><p class=\"framer-text framer-styles-preset-g3t3gs\">A well-reputed restaurant, Restaurant Westman, directly adjacent to the conference rooms.<\/p><\/li><li class=\"framer-text framer-styles-preset-g3t3gs\" data-preset-tag=\"p\"><p class=\"framer-text framer-styles-preset-g3t3gs\">Catering on a completely different level than most other conference facilities.<\/p><\/li><li class=\"framer-text framer-styles-preset-g3t3gs\" data-preset-tag=\"p\"><p class=\"framer-text framer-styles-preset-g3t3gs\">Nice conference rooms, with all the latest technology, to organise a successful conference.<\/p><\/li><li class=\"framer-text framer-styles-preset-g3t3gs\" data-preset-tag=\"p\"><p class=\"framer-text framer-styles-preset-g3t3gs\">Flexible furniture in most rooms that can be easily customised to your specific conference furniture needs.<\/p><\/li><li class=\"framer-text framer-styles-preset-g3t3gs\" data-preset-tag=\"p\"><p class=\"framer-text framer-styles-preset-g3t3gs\">Service at the highest level with wonderful conference hosts at your service.<\/p><\/li><li class=\"framer-text framer-styles-preset-g3t3gs\" data-preset-tag=\"p\"><p class=\"framer-text framer-styles-preset-g3t3gs\">Conference in a lovely and inspiring historic environment in one of Stockholm's most attractive and central locations.<\/p><\/li><\/ul><p class=\"framer-text framer-styles-preset-g3t3gs\">Westmanska Palatset, built in 1799 - 1800, offers a unique and fantastic environment for conferences. The palace has a rich and exciting history that you can read more about here.<\/p>\t\t\t\t\t\t\t\t<\/div>\n\t\t\t\t<div class=\"elementor-element elementor-element-e24f7d5 elementor-widget elementor-widget-heading\" data-id=\"e24f7d5\" data-element_type=\"widget\" data-widget_type=\"heading.default\">\n\t\t\t\t\t<h2 class=\"elementor-heading-title elementor-size-default\">Conference room in Norrmalm for businesses from Vasastan\n<\/h2>\t\t\t\t<\/div>\n\t\t\t\t<div class=\"elementor-element elementor-element-eb12356 elementor-widget elementor-widget-text-editor\" data-id=\"eb12356\" data-element_type=\"widget\" data-widget_type=\"text-editor.default\">\n\t\t\t\t\t\t\t\t\t<p class=\"framer-text framer-styles-preset-g3t3gs\">Just a stone's throw from Vasastan are our representative conference rooms. Discover Westmanska Palatset, located in the neighbourhood next to Adolf Fredrik's Church. The proximity to Vasastan - we are within easy walking distance of the southern parts of the neighbourhood, and within walking distance of most of Vasastan - is just one of our advantages.<br class=\"framer-text\" \/><br class=\"framer-text\" \/>Our conference rooms are modern and fresh and most of them also have flexible furniture. This allows us to meet your specific needs when it comes to conference furnishings. Our rooms are of course equipped with all the latest technology that a conference may need. Our smallest room can accommodate up to eight people, the largest up to 140 people. So no matter how big - or how small - an event you're planning, we can meet your needs.<br class=\"framer-text\" \/><br class=\"framer-text\" \/>The age, character and architecture of Westmanska Palatset give our conference centre a unique and inspiring atmosphere. At Westmanska Palatset you can hold your conference in the heart of Stockholm. We offer everything you could possibly need to make your event a success.<\/p>\t\t\t\t\t\t\t\t<\/div>\n\t\t\t\t<div class=\"elementor-element elementor-element-9b9d9d3 elementor-widget elementor-widget-heading\" data-id=\"9b9d9d3\" data-element_type=\"widget\" data-widget_type=\"heading.default\">\n\t\t\t\t\t<h2 class=\"elementor-heading-title elementor-size-default\">Conference lunches for businesses from Vasastan\n<\/h2>\t\t\t\t<\/div>\n\t\t\t\t<div class=\"elementor-element elementor-element-9d12afa elementor-widget elementor-widget-text-editor\" data-id=\"9d12afa\" data-element_type=\"widget\" data-widget_type=\"text-editor.default\">\n\t\t\t\t\t\t\t\t\t<p class=\"framer-text framer-styles-preset-g3t3gs\">Westmanska Palatset is a representative place to hold your conferences. Our conference centre is located in the heart of Stockholm City, between Adolf Fredriks Kyrka and Drottninggatan. We offer modern and cosy conference and meeting rooms, for all occasions, for cheap day conferences. We offer complete solutions for your next day conference or industry day. Thanks to Restaurant Westman, which is directly adjacent to our conference centre, we can also offer top quality catering.<\/p><p class=\"framer-text framer-styles-preset-g3t3gs\">We offer:<\/p><ul class=\"framer-text\"><li class=\"framer-text framer-styles-preset-g3t3gs\" data-preset-tag=\"p\"><p class=\"framer-text framer-styles-preset-g3t3gs\">Business and conference lunches<\/p><\/li><li class=\"framer-text framer-styles-preset-g3t3gs\" data-preset-tag=\"p\"><p class=\"framer-text framer-styles-preset-g3t3gs\">Three-course dinners<\/p><\/li><\/ul><p class=\"framer-text framer-styles-preset-g3t3gs\">And we guarantee that our chefs will make sure to satisfy your taste buds! For those travelling by public transport, it is a comfortable walking distance from the H\u00f6torget and R\u00e5dmansgatan metro stations. The same applies to the new Stockholm City commuter train station. So, why not book your next conference with us at Westmanska Palatset?<\/p>\t\t\t\t\t\t\t\t<\/div>\n\t\t\t\t<div class=\"elementor-element elementor-element-84f6c1f elementor-widget elementor-widget-heading\" data-id=\"84f6c1f\" data-element_type=\"widget\" data-widget_type=\"heading.default\">\n\t\t\t\t\t<h2 class=\"elementor-heading-title elementor-size-default\">Why not hold your next conference with us?\n<\/h2>\t\t\t\t<\/div>\n\t\t\t\t<div class=\"elementor-element elementor-element-2d3c8b1 elementor-widget elementor-widget-text-editor\" data-id=\"2d3c8b1\" data-element_type=\"widget\" data-widget_type=\"text-editor.default\">\n\t\t\t\t\t\t\t\t\t<p class=\"framer-text framer-styles-preset-g3t3gs\">Our goal is to give you the best conference experience possible.<br class=\"framer-text\" \/>Welcome to Westmanska Palatset next time you are looking for a conference Vasastan.<\/p>\t\t\t\t\t\t\t\t<\/div>\n\t\t\t\t<div class=\"elementor-element elementor-element-43fe20d elementor-widget elementor-widget-image\" data-id=\"43fe20d\" data-element_type=\"widget\" data-widget_type=\"image.default\">\n\t\t\t\t\t\t\t\t\t\t\t\t\t\t\t<img fetchpriority=\"high\" decoding=\"async\" width=\"800\" height=\"300\" src=\"https:\/\/westmanska.se\/wp-content\/uploads\/2025\/07\/kyBHsQBNQs46e7jmUpZI5Z97xiU-1024x384.webp\" class=\"attachment-large size-large wp-image-1240\" alt=\"\" srcset=\"https:\/\/westmanska.se\/wp-content\/uploads\/2025\/07\/kyBHsQBNQs46e7jmUpZI5Z97xiU-1024x384.webp 1024w, https:\/\/westmanska.se\/wp-content\/uploads\/2025\/07\/kyBHsQBNQs46e7jmUpZI5Z97xiU-300x113.webp 300w, https:\/\/westmanska.se\/wp-content\/uploads\/2025\/07\/kyBHsQBNQs46e7jmUpZI5Z97xiU-768x288.webp 768w, https:\/\/westmanska.se\/wp-content\/uploads\/2025\/07\/kyBHsQBNQs46e7jmUpZI5Z97xiU-1536x576.webp 1536w, https:\/\/westmanska.se\/wp-content\/uploads\/2025\/07\/kyBHsQBNQs46e7jmUpZI5Z97xiU.webp 1600w\" sizes=\"(max-width: 800px) 100vw, 800px\" \/>\t\t\t\t\t\t\t\t\t\t\t\t\t\t\t<\/div>\n\t\t\t\t<\/div>\n\t\t\t\t<\/div>\n\t\t<div class=\"elementor-element elementor-element-b060da7 e-flex e-con-boxed e-con e-parent\" data-id=\"b060da7\" data-element_type=\"container\">\n\t\t\t\t\t<div class=\"e-con-inner\">\n\t\t\t\t<div class=\"elementor-element elementor-element-aeb820b elementor-widget elementor-widget-heading\" data-id=\"aeb820b\" data-element_type=\"widget\" data-widget_type=\"heading.default\">\n\t\t\t\t\t<h2 class=\"elementor-heading-title elementor-size-default\">Book your stay<\/h2>\t\t\t\t<\/div>\n\t\t\t\t\t<\/div>\n\t\t\t\t<\/div>\n\t\t\t\t<\/div>","protected":false},"excerpt":{"rendered":"<p>Konferens Vasastan Konferens Vasastan Konferens Vasastan: \u00c4r det just Vasastan som \u00e4r den avg\u00f6rande faktorn f\u00f6r ditt val av konferenslokal? Eller kan vi fresta er med prisv\u00e4rda dagkonferenser i ett attraktivt l\u00e4ge p\u00e5 norra Norrmalm? Flera av v\u00e5ra konferensg\u00e4ster har ursprungligen s\u00f6kt konferens Vasastan, konferenslokaler Vasastan eller konferensanl\u00e4ggning Vasastan. Men sedan de v\u00e4l en g\u00e5ng [&hellip;]<\/p>","protected":false},"author":1,"featured_media":0,"parent":1141,"menu_order":0,"comment_status":"closed","ping_status":"closed","template":"","meta":{"footnotes":""},"class_list":["post-1305","page","type-page","status-publish","hentry"],"_links":{"self":[{"href":"https:\/\/westmanska.se\/en\/wp-json\/wp\/v2\/pages\/1305","targetHints":{"allow":["GET"]}}],"collection":[{"href":"https:\/\/westmanska.se\/en\/wp-json\/wp\/v2\/pages"}],"about":[{"href":"https:\/\/westmanska.se\/en\/wp-json\/wp\/v2\/types\/page"}],"author":[{"embeddable":true,"href":"https:\/\/westmanska.se\/en\/wp-json\/wp\/v2\/users\/1"}],"replies":[{"embeddable":true,"href":"https:\/\/westmanska.se\/en\/wp-json\/wp\/v2\/comments?post=1305"}],"version-history":[{"count":13,"href":"https:\/\/westmanska.se\/en\/wp-json\/wp\/v2\/pages\/1305\/revisions"}],"predecessor-version":[{"id":4207,"href":"https:\/\/westmanska.se\/en\/wp-json\/wp\/v2\/pages\/1305\/revisions\/4207"}],"up":[{"embeddable":true,"href":"https:\/\/westmanska.se\/en\/wp-json\/wp\/v2\/pages\/1141"}],"wp:attachment":[{"href":"https:\/\/westmanska.se\/en\/wp-json\/wp\/v2\/media?parent=1305"}],"curies":[{"name":"wp","href":"https:\/\/api.w.org\/{rel}","templated":true}]}}