{"id":1304,"date":"2025-07-28T13:52:55","date_gmt":"2025-07-28T13:52:55","guid":{"rendered":"https:\/\/yellow-gazelle-403867.hostingersite.com\/?page_id=1304"},"modified":"2026-01-23T14:27:31","modified_gmt":"2026-01-23T14:27:31","slug":"konferens-stureplan","status":"publish","type":"page","link":"https:\/\/westmanska.se\/en\/ort\/konferens-stureplan\/","title":{"rendered":"Konferens-stureplan"},"content":{"rendered":"<div data-elementor-type=\"wp-post\" data-elementor-id=\"1304\" class=\"elementor elementor-1304\" data-elementor-post-type=\"page\">\n\t\t\t\t<div class=\"elementor-element elementor-element-1d76f06 e-flex e-con-boxed e-con e-parent\" data-id=\"1d76f06\" data-element_type=\"container\" data-settings=\"{&quot;background_background&quot;:&quot;classic&quot;}\">\n\t\t\t\t\t<div class=\"e-con-inner\">\n\t\t\t\t<div class=\"elementor-element elementor-element-4ee40e6 elementor-widget elementor-widget-heading\" data-id=\"4ee40e6\" data-element_type=\"widget\" data-widget_type=\"heading.default\">\n\t\t\t\t\t<h1 class=\"elementor-heading-title elementor-size-default\">Party venue S\u00f6dermalm\n<\/h1>\t\t\t\t<\/div>\n\t\t\t\t\t<\/div>\n\t\t\t\t<\/div>\n\t\t<div class=\"elementor-element elementor-element-0d9bce2 e-con-full e-flex e-con e-parent\" data-id=\"0d9bce2\" data-element_type=\"container\" data-settings=\"{&quot;background_background&quot;:&quot;gradient&quot;}\">\n\t\t<div class=\"elementor-element elementor-element-813d44e e-con-full e-flex e-con e-child\" data-id=\"813d44e\" data-element_type=\"container\">\n\t\t\t\t<div class=\"elementor-element elementor-element-e4f3563 elementor-widget elementor-widget-heading\" data-id=\"e4f3563\" data-element_type=\"widget\" data-widget_type=\"heading.default\">\n\t\t\t\t\t<h2 class=\"elementor-heading-title elementor-size-default\">Konferens Stureplan \u2013 Lokaler efter dina behov\n<\/h2>\t\t\t\t<\/div>\n\t\t\t\t<div class=\"elementor-element elementor-element-32879e6 elementor-widget elementor-widget-text-editor\" data-id=\"32879e6\" data-element_type=\"widget\" data-widget_type=\"text-editor.default\">\n\t\t\t\t\t\t\t\t\t<p class=\"framer-text framer-styles-preset-g3t3gs\"><strong class=\"framer-text\">Konferens Stureplan:<\/strong>\u00a0Bara n\u00e5gra minuters promenad fr\u00e5n Stureplan s\u00e5 finner du Westmanska Palatset.<br class=\"framer-text\" \/>n f\u00f6rstklassig konferensanl\u00e4ggning med anrik charm, i ett attraktivt l\u00e4ge p\u00e5 Norrmalm.<\/p><p class=\"framer-text framer-styles-preset-g3t3gs\">Here you will find:<\/p><ul class=\"framer-text\"><li class=\"framer-text framer-styles-preset-g3t3gs\" data-preset-tag=\"p\"><p class=\"framer-text framer-styles-preset-g3t3gs\">A first-class conference centre in an attractive location.<\/p><\/li><li class=\"framer-text framer-styles-preset-g3t3gs\" data-preset-tag=\"p\"><p class=\"framer-text framer-styles-preset-g3t3gs\">Catering on a completely different level than most other conference facilities can offer thanks to the renowned Restaurant Westman, which is located directly adjacent to the conference rooms.<\/p><\/li><li class=\"framer-text framer-styles-preset-g3t3gs\" data-preset-tag=\"p\"><p class=\"framer-text framer-styles-preset-g3t3gs\">Modern, fresh conference rooms equipped with the latest technology needed for a conference.<\/p><\/li><li class=\"framer-text framer-styles-preset-g3t3gs\" data-preset-tag=\"p\"><p class=\"framer-text framer-styles-preset-g3t3gs\">Flexible furnishing in most of our conference rooms to meet your needs.<\/p><\/li><li class=\"framer-text framer-styles-preset-g3t3gs\" data-preset-tag=\"p\"><p class=\"framer-text framer-styles-preset-g3t3gs\">Top level service with wonderful conference hosts.<\/p><\/li><li class=\"framer-text framer-styles-preset-g3t3gs\" data-preset-tag=\"p\"><p class=\"framer-text framer-styles-preset-g3t3gs\">Conference in a lovely and inspiring historical setting, in the heart of Stockholm.<\/p><\/li><\/ul><p class=\"framer-text framer-styles-preset-g3t3gs\">V\u00e5ra representativa konferenslokaler finns i kvarteret mellan Drottninggatan och Adolf Fredriks Kyrka, inte m\u00e5nga minuters promenad fr\u00e5n Stureplan.<br class=\"framer-text\" \/>N\u00e4r du konfererar i Westmanska Palatset har du alltid n\u00e4ra till goda kommunikationer.<\/p><p class=\"framer-text framer-styles-preset-g3t3gs\">Du har:<\/p><ul class=\"framer-text\"><li class=\"framer-text framer-styles-preset-g3t3gs\" data-preset-tag=\"p\"><p class=\"framer-text framer-styles-preset-g3t3gs\">Tunnelbana (R\u00e5dmansgatan, H\u00f6torget, T-Centralen och Odenplan)<\/p><\/li><li class=\"framer-text framer-styles-preset-g3t3gs\" data-preset-tag=\"p\"><p class=\"framer-text framer-styles-preset-g3t3gs\">Pendelt\u00e5g (Stockholm City och Stockholm Odenplan)<\/p><\/li><li class=\"framer-text framer-styles-preset-g3t3gs\" data-preset-tag=\"p\"><p class=\"framer-text framer-styles-preset-g3t3gs\">Fj\u00e4rrt\u00e5g (Stockholms Central)<\/p><\/li><\/ul><p class=\"framer-text framer-styles-preset-g3t3gs\">inom promenadavst\u00e5nd.<\/p><p class=\"framer-text framer-styles-preset-g3t3gs\">Welcome to discover Westmanska Palatset!<\/p>\t\t\t\t\t\t\t\t<\/div>\n\t\t\t\t<div class=\"elementor-element elementor-element-e24f7d5 elementor-widget elementor-widget-heading\" data-id=\"e24f7d5\" data-element_type=\"widget\" data-widget_type=\"heading.default\">\n\t\t\t\t\t<h2 class=\"elementor-heading-title elementor-size-default\">Konferenslokaler i Norrmalm f\u00f6r verksamheter fr\u00e5n Stureplan\n<\/h2>\t\t\t\t<\/div>\n\t\t\t\t<div class=\"elementor-element elementor-element-eb12356 elementor-widget elementor-widget-text-editor\" data-id=\"eb12356\" data-element_type=\"widget\" data-widget_type=\"text-editor.default\">\n\t\t\t\t\t\t\t\t\t<p>Over the years, we have had many pleasant conference guests in our conference rooms.<br class=\"framer-text\" \/>Companies, authorities, organisations, etc.<br class=\"framer-text\" \/>Several of them have enjoyed their time with us so much that they have since returned for new conferences.<br class=\"framer-text\" \/>S\u00e5 varf\u00f6r inte g\u00f6ra som dessa konferensg\u00e4ster redan har gjort?<br class=\"framer-text\" \/>Contact us to discuss what you need to make your next day conference or industry day a success!<br class=\"framer-text\" \/>Westmanska Palatset, built in 1799-1800, offers a rich and inspiring historical setting for conferences.<br class=\"framer-text\" \/>Palatset har en rik och omv\u00e4xlande historia.<\/p>\t\t\t\t\t\t\t\t<\/div>\n\t\t\t\t<div class=\"elementor-element elementor-element-9b9d9d3 elementor-widget elementor-widget-heading\" data-id=\"9b9d9d3\" data-element_type=\"widget\" data-widget_type=\"heading.default\">\n\t\t\t\t\t<h2 class=\"elementor-heading-title elementor-size-default\">Konferensluncher f\u00f6r verksamheter fr\u00e5n Stureplan\n<\/h2>\t\t\t\t<\/div>\n\t\t\t\t<div class=\"elementor-element elementor-element-9d12afa elementor-widget elementor-widget-text-editor\" data-id=\"9d12afa\" data-element_type=\"widget\" data-widget_type=\"text-editor.default\">\n\t\t\t\t\t\t\t\t\t<p class=\"framer-text framer-styles-preset-g3t3gs\">V\u00e4lrenommerade Restaurang Westman ligger i direkt anslutning till v\u00e5ra konferenslokaler.<br class=\"framer-text\" \/>Vi har d\u00e4rigenom en unik m\u00f6jlighet att erbjuda v\u00e5ra konferensg\u00e4ster f\u00f6rt\u00e4ring p\u00e5 en niv\u00e5 som f\u00e5 andra konferensanl\u00e4ggningar kan matcha.<\/p><p class=\"framer-text framer-styles-preset-g3t3gs\">We offer:<\/p><ul class=\"framer-text\"><li class=\"framer-text framer-styles-preset-g3t3gs\" data-preset-tag=\"p\"><p class=\"framer-text framer-styles-preset-g3t3gs\">Business and conference lunches<\/p><\/li><li class=\"framer-text framer-styles-preset-g3t3gs\" data-preset-tag=\"p\"><p class=\"framer-text framer-styles-preset-g3t3gs\">Three-course dinners<\/p><\/li><\/ul><p class=\"framer-text framer-styles-preset-g3t3gs\">Our chefs are sure to satisfy your taste buds!<\/p>\t\t\t\t\t\t\t\t<\/div>\n\t\t\t\t<div class=\"elementor-element elementor-element-72be193 elementor-widget elementor-widget-heading\" data-id=\"72be193\" data-element_type=\"widget\" data-widget_type=\"heading.default\">\n\t\t\t\t\t<h2 class=\"elementor-heading-title elementor-size-default\">Konferensrum Stureplan: V\u00e4lkommen att boka konferensrum f\u00f6r er n\u00e4sta dagkonferens!\n<\/h2>\t\t\t\t<\/div>\n\t\t\t\t<div class=\"elementor-element elementor-element-ec1514c elementor-widget elementor-widget-text-editor\" data-id=\"ec1514c\" data-element_type=\"widget\" data-widget_type=\"text-editor.default\">\n\t\t\t\t\t\t\t\t\t<p class=\"framer-text framer-styles-preset-g3t3gs\">Just a few minutes' walk from the H\u00f6torget and R\u00e5dmansgatan metro stations, you will find our representative conference rooms.<br class=\"framer-text\" \/>Our rooms are modern and fresh, the environment is ancient and inspiring.<br class=\"framer-text\" \/>Our smallest conference room can accommodate up to eight people, the largest up to 140 people.<br class=\"framer-text\" \/>Most of our rooms have flexible furnishings, to easily adapt to your needs.<br class=\"framer-text\" \/>The rooms are, of course, equipped with the latest technology needed to organise a conference.<\/p>\t\t\t\t\t\t\t\t<\/div>\n\t\t\t\t<div class=\"elementor-element elementor-element-1d4d579 elementor-widget elementor-widget-heading\" data-id=\"1d4d579\" data-element_type=\"widget\" data-widget_type=\"heading.default\">\n\t\t\t\t\t<h2 class=\"elementor-heading-title elementor-size-default\">Konferenslokal Stureplan: V\u00e4lkommen att konferera i hj\u00e4rtat av Stockholm!\n<\/h2>\t\t\t\t<\/div>\n\t\t\t\t<div class=\"elementor-element elementor-element-0f511df elementor-widget elementor-widget-text-editor\" data-id=\"0f511df\" data-element_type=\"widget\" data-widget_type=\"text-editor.default\">\n\t\t\t\t\t\t\t\t\t<p class=\"framer-text framer-styles-preset-g3t3gs\">Our conference centre is located in the heart of Stockholm City, between Adolf Fredriks Kyrka and Drottninggatan.<br class=\"framer-text\" \/>We offer modern and cosy conference and meeting rooms, for all occasions, for all types of corporate events.<br class=\"framer-text\" \/>Om du s\u00f6ker prisv\u00e4rda konferenslokaler f\u00f6r dagkonferenser eller branschdagar i n\u00e4rheten av Stureplan, s\u00e5 erbjuder vi helhetsl\u00f6sningar f\u00f6r ett lyckat event.<br class=\"framer-text\" \/>At Westmanska Palatset, you are truly conferencing in the heart of Stockholm, close to everything.<br class=\"framer-text\" \/>Welcome to book a conference with us!<\/p>\t\t\t\t\t\t\t\t<\/div>\n\t\t\t\t<div class=\"elementor-element elementor-element-97873d7 elementor-widget elementor-widget-heading\" data-id=\"97873d7\" data-element_type=\"widget\" data-widget_type=\"heading.default\">\n\t\t\t\t\t<h2 class=\"elementor-heading-title elementor-size-default\">Why not hold your next conference with us?\n<\/h2>\t\t\t\t<\/div>\n\t\t\t\t<div class=\"elementor-element elementor-element-580b559 elementor-widget elementor-widget-text-editor\" data-id=\"580b559\" data-element_type=\"widget\" data-widget_type=\"text-editor.default\">\n\t\t\t\t\t\t\t\t\t<p class=\"framer-text framer-styles-preset-g3t3gs\">Our goal is to provide you with the best conference experience possible for you.<br class=\"framer-text\" \/>V\u00e4lkommen till Westmanska Palatset n\u00e4sta g\u00e5ng ni s\u00f6ker konferens Stureplan.<\/p>\t\t\t\t\t\t\t\t<\/div>\n\t\t\t\t<div class=\"elementor-element elementor-element-43fe20d elementor-widget elementor-widget-image\" data-id=\"43fe20d\" data-element_type=\"widget\" data-widget_type=\"image.default\">\n\t\t\t\t\t\t\t\t\t\t\t\t\t\t\t<img fetchpriority=\"high\" decoding=\"async\" width=\"800\" height=\"300\" src=\"https:\/\/westmanska.se\/wp-content\/uploads\/2025\/07\/ki3FJoX7BthHLKz6HPWNM7cAH0-1-1024x384.avif\" class=\"attachment-large size-large wp-image-1270\" alt=\"\" srcset=\"https:\/\/westmanska.se\/wp-content\/uploads\/2025\/07\/ki3FJoX7BthHLKz6HPWNM7cAH0-1-1024x384.avif 1024w, https:\/\/westmanska.se\/wp-content\/uploads\/2025\/07\/ki3FJoX7BthHLKz6HPWNM7cAH0-1-300x113.avif 300w, https:\/\/westmanska.se\/wp-content\/uploads\/2025\/07\/ki3FJoX7BthHLKz6HPWNM7cAH0-1-768x288.avif 768w, https:\/\/westmanska.se\/wp-content\/uploads\/2025\/07\/ki3FJoX7BthHLKz6HPWNM7cAH0-1-1536x576.avif 1536w, https:\/\/westmanska.se\/wp-content\/uploads\/2025\/07\/ki3FJoX7BthHLKz6HPWNM7cAH0-1.avif 1600w\" sizes=\"(max-width: 800px) 100vw, 800px\" \/>\t\t\t\t\t\t\t\t\t\t\t\t\t\t\t<\/div>\n\t\t\t\t<\/div>\n\t\t\t\t<\/div>\n\t\t<div class=\"elementor-element elementor-element-b060da7 e-flex e-con-boxed e-con e-parent\" data-id=\"b060da7\" data-element_type=\"container\">\n\t\t\t\t\t<div class=\"e-con-inner\">\n\t\t\t\t<div class=\"elementor-element elementor-element-aeb820b elementor-widget elementor-widget-heading\" data-id=\"aeb820b\" data-element_type=\"widget\" data-widget_type=\"heading.default\">\n\t\t\t\t\t<h2 class=\"elementor-heading-title elementor-size-default\">Book your stay<\/h2>\t\t\t\t<\/div>\n\t\t\t\t\t<\/div>\n\t\t\t\t<\/div>\n\t\t\t\t<\/div>","protected":false},"excerpt":{"rendered":"<p>Festlokal S\u00f6dermalm Konferens Stureplan \u2013 Lokaler efter dina behov Konferens Stureplan:\u00a0Bara n\u00e5gra minuters promenad fr\u00e5n Stureplan s\u00e5 finner du Westmanska Palatset.n f\u00f6rstklassig konferensanl\u00e4ggning med anrik charm, i ett attraktivt l\u00e4ge p\u00e5 Norrmalm. H\u00e4r finner du: En f\u00f6rstklassig konferensanl\u00e4ggning i ett attraktivt l\u00e4ge. F\u00f6rt\u00e4ring p\u00e5 en helt annan niv\u00e5 \u00e4n de flesta andra konferensanl\u00e4ggningar kan erbjuda [&hellip;]<\/p>","protected":false},"author":1,"featured_media":0,"parent":1141,"menu_order":0,"comment_status":"closed","ping_status":"closed","template":"","meta":{"footnotes":""},"class_list":["post-1304","page","type-page","status-publish","hentry"],"_links":{"self":[{"href":"https:\/\/westmanska.se\/en\/wp-json\/wp\/v2\/pages\/1304","targetHints":{"allow":["GET"]}}],"collection":[{"href":"https:\/\/westmanska.se\/en\/wp-json\/wp\/v2\/pages"}],"about":[{"href":"https:\/\/westmanska.se\/en\/wp-json\/wp\/v2\/types\/page"}],"author":[{"embeddable":true,"href":"https:\/\/westmanska.se\/en\/wp-json\/wp\/v2\/users\/1"}],"replies":[{"embeddable":true,"href":"https:\/\/westmanska.se\/en\/wp-json\/wp\/v2\/comments?post=1304"}],"version-history":[{"count":13,"href":"https:\/\/westmanska.se\/en\/wp-json\/wp\/v2\/pages\/1304\/revisions"}],"predecessor-version":[{"id":4204,"href":"https:\/\/westmanska.se\/en\/wp-json\/wp\/v2\/pages\/1304\/revisions\/4204"}],"up":[{"embeddable":true,"href":"https:\/\/westmanska.se\/en\/wp-json\/wp\/v2\/pages\/1141"}],"wp:attachment":[{"href":"https:\/\/westmanska.se\/en\/wp-json\/wp\/v2\/media?parent=1304"}],"curies":[{"name":"wp","href":"https:\/\/api.w.org\/{rel}","templated":true}]}}