{"id":1301,"date":"2025-07-28T13:41:08","date_gmt":"2025-07-28T13:41:08","guid":{"rendered":"https:\/\/yellow-gazelle-403867.hostingersite.com\/?page_id=1301"},"modified":"2026-01-23T14:26:52","modified_gmt":"2026-01-23T14:26:52","slug":"konferens-sergels-torg","status":"publish","type":"page","link":"https:\/\/westmanska.se\/en\/ort\/konferens-sergels-torg\/","title":{"rendered":"Konferens-sergels-torg"},"content":{"rendered":"<div data-elementor-type=\"wp-post\" data-elementor-id=\"1301\" class=\"elementor elementor-1301\" data-elementor-post-type=\"page\">\n\t\t\t\t<div class=\"elementor-element elementor-element-1d76f06 e-flex e-con-boxed e-con e-parent\" data-id=\"1d76f06\" data-element_type=\"container\" data-settings=\"{&quot;background_background&quot;:&quot;classic&quot;}\">\n\t\t\t\t\t<div class=\"e-con-inner\">\n\t\t\t\t<div class=\"elementor-element elementor-element-4ee40e6 elementor-widget elementor-widget-heading\" data-id=\"4ee40e6\" data-element_type=\"widget\" data-widget_type=\"heading.default\">\n\t\t\t\t\t<h1 class=\"elementor-heading-title elementor-size-default\">Conference Sergels torg\n<\/h1>\t\t\t\t<\/div>\n\t\t\t\t\t<\/div>\n\t\t\t\t<\/div>\n\t\t<div class=\"elementor-element elementor-element-0d9bce2 e-con-full e-flex e-con e-parent\" data-id=\"0d9bce2\" data-element_type=\"container\" data-settings=\"{&quot;background_background&quot;:&quot;gradient&quot;}\">\n\t\t<div class=\"elementor-element elementor-element-813d44e e-con-full e-flex e-con e-child\" data-id=\"813d44e\" data-element_type=\"container\">\n\t\t\t\t<div class=\"elementor-element elementor-element-e4f3563 elementor-widget elementor-widget-heading\" data-id=\"e4f3563\" data-element_type=\"widget\" data-widget_type=\"heading.default\">\n\t\t\t\t\t<h2 class=\"elementor-heading-title elementor-size-default\">Conference Sergels torg - Venues for your needs\n<\/h2>\t\t\t\t<\/div>\n\t\t\t\t<div class=\"elementor-element elementor-element-32879e6 elementor-widget elementor-widget-text-editor\" data-id=\"32879e6\" data-element_type=\"widget\" data-widget_type=\"text-editor.default\">\n\t\t\t\t\t\t\t\t\t<p class=\"framer-text framer-styles-preset-g3t3gs\"><strong class=\"framer-text\">Conference Sergels torg:<\/strong>\u00a0Just a few minutes walk from Sergels torg you will find Westmanska Palatset.<br class=\"framer-text\" \/>A first-class conference centre with an ancient environment, in an attractive location in northern Norrmalm.<\/p><p class=\"framer-text framer-styles-preset-g3t3gs\">Here you will find:<\/p><ul class=\"framer-text\"><li class=\"framer-text framer-styles-preset-g3t3gs\" data-preset-tag=\"p\"><p class=\"framer-text framer-styles-preset-g3t3gs\">A first-class conference centre in an attractive location.<\/p><\/li><li class=\"framer-text framer-styles-preset-g3t3gs\" data-preset-tag=\"p\"><p class=\"framer-text framer-styles-preset-g3t3gs\">Catering on a completely different level than most other conference facilities can offer thanks to the renowned Restaurant Westman, which is located directly adjacent to the conference rooms.<\/p><\/li><li class=\"framer-text framer-styles-preset-g3t3gs\" data-preset-tag=\"p\"><p class=\"framer-text framer-styles-preset-g3t3gs\">Modern, fresh conference rooms equipped with the latest technology needed for a conference.<\/p><\/li><li class=\"framer-text framer-styles-preset-g3t3gs\" data-preset-tag=\"p\"><p class=\"framer-text framer-styles-preset-g3t3gs\">Flexible furnishing in most of our conference rooms to meet your needs.<\/p><\/li><li class=\"framer-text framer-styles-preset-g3t3gs\" data-preset-tag=\"p\"><p class=\"framer-text framer-styles-preset-g3t3gs\">Top level service with wonderful conference hosts.<\/p><\/li><li class=\"framer-text framer-styles-preset-g3t3gs\" data-preset-tag=\"p\"><p class=\"framer-text framer-styles-preset-g3t3gs\">Conference in a lovely and inspiring historical setting, in the heart of Stockholm.<\/p><\/li><li class=\"framer-text framer-styles-preset-g3t3gs\" data-preset-tag=\"p\"><p class=\"framer-text framer-styles-preset-g3t3gs\">Good communications with metro (R\u00e5dmansgatan, H\u00f6torget, T-Centralen and Odenplan), commuter trains (Stockholm City and Stockholm Odenplan) and long-distance trains (Stockholm Central) within walking distance.<\/p><\/li><\/ul><p class=\"framer-text framer-styles-preset-g3t3gs\">Our representative conference rooms are located in the neighbourhood between Drottninggatan and Adolf Fredrik's Church, not many minutes walk from Sergels torg.<br class=\"framer-text\" \/>Welcome to discover Westmanska Palatset!<\/p>\t\t\t\t\t\t\t\t<\/div>\n\t\t\t\t<div class=\"elementor-element elementor-element-e24f7d5 elementor-widget elementor-widget-heading\" data-id=\"e24f7d5\" data-element_type=\"widget\" data-widget_type=\"heading.default\">\n\t\t\t\t\t<h2 class=\"elementor-heading-title elementor-size-default\">Conference rooms in Norrmalm for businesses from Sergels torg\n<\/h2>\t\t\t\t<\/div>\n\t\t\t\t<div class=\"elementor-element elementor-element-eb12356 elementor-widget elementor-widget-text-editor\" data-id=\"eb12356\" data-element_type=\"widget\" data-widget_type=\"text-editor.default\">\n\t\t\t\t\t\t\t\t\t<p>Over the years, we have had many pleasant conference guests in our conference rooms.<br class=\"framer-text\" \/>Companies, authorities, organisations, etc.<br class=\"framer-text\" \/>Several of them have enjoyed their time with us so much that they have since returned for new conferences.<br class=\"framer-text\" \/>So why not do what our previous conference guests have already done?<br class=\"framer-text\" \/>Contact us to discuss what you need to make your next day conference or industry day a success!<br class=\"framer-text\" \/>Westmanska Palatset, built in 1799-1800, offers a rich and inspiring historical setting for conferences.<\/p>\t\t\t\t\t\t\t\t<\/div>\n\t\t\t\t<div class=\"elementor-element elementor-element-9b9d9d3 elementor-widget elementor-widget-heading\" data-id=\"9b9d9d3\" data-element_type=\"widget\" data-widget_type=\"heading.default\">\n\t\t\t\t\t<h2 class=\"elementor-heading-title elementor-size-default\">Conference lunches for organisations from Sergels torg\n<\/h2>\t\t\t\t<\/div>\n\t\t\t\t<div class=\"elementor-element elementor-element-9d12afa elementor-widget elementor-widget-text-editor\" data-id=\"9d12afa\" data-element_type=\"widget\" data-widget_type=\"text-editor.default\">\n\t\t\t\t\t\t\t\t\t<p class=\"framer-text framer-styles-preset-g3t3gs\">With the renowned Restaurant Westman directly adjacent to our conference rooms, we are able to offer our conference guests catering at a level that few other conference facilities can match.<\/p><p class=\"framer-text framer-styles-preset-g3t3gs\">We offer:<\/p><ul class=\"framer-text\"><li class=\"framer-text framer-styles-preset-g3t3gs\" data-preset-tag=\"p\"><p class=\"framer-text framer-styles-preset-g3t3gs\">Business and conference lunches<\/p><\/li><li class=\"framer-text framer-styles-preset-g3t3gs\" data-preset-tag=\"p\"><p class=\"framer-text framer-styles-preset-g3t3gs\">Three-course dinners<\/p><\/li><\/ul><p class=\"framer-text framer-styles-preset-g3t3gs\">Our chefs are sure to satisfy your taste buds!<\/p>\t\t\t\t\t\t\t\t<\/div>\n\t\t\t\t<div class=\"elementor-element elementor-element-c81864a elementor-widget elementor-widget-heading\" data-id=\"c81864a\" data-element_type=\"widget\" data-widget_type=\"heading.default\">\n\t\t\t\t\t<h2 class=\"elementor-heading-title elementor-size-default\">Conference room Sergels torg: Book a conference room in a historic environment for your next day conference!\n<\/h2>\t\t\t\t<\/div>\n\t\t\t\t<div class=\"elementor-element elementor-element-38c8ce9 elementor-widget elementor-widget-text-editor\" data-id=\"38c8ce9\" data-element_type=\"widget\" data-widget_type=\"text-editor.default\">\n\t\t\t\t\t\t\t\t\t<p class=\"framer-text framer-styles-preset-g3t3gs\">Just a few minutes' walk from the H\u00f6torget and R\u00e5dmansgatan metro stations, you will find our representative conference rooms.<br class=\"framer-text\" \/>Our rooms are modern and fresh, the environment is ancient and inspiring.<br class=\"framer-text\" \/>Our smallest conference room can accommodate up to eight people, the largest up to 140 people.<br class=\"framer-text\" \/>Most of our rooms have flexible furnishings, to easily adapt to your needs.<br class=\"framer-text\" \/>The rooms are, of course, equipped with the latest technology needed to organise a conference.<\/p><p class=\"framer-text framer-styles-preset-g3t3gs\">We offer:<\/p><ul class=\"framer-text\"><li class=\"framer-text framer-styles-preset-g3t3gs\" data-preset-tag=\"p\"><p class=\"framer-text framer-styles-preset-g3t3gs\">Business and conference lunches<\/p><\/li><li class=\"framer-text framer-styles-preset-g3t3gs\" data-preset-tag=\"p\"><p class=\"framer-text framer-styles-preset-g3t3gs\">Three-course dinners<\/p><\/li><\/ul><p class=\"framer-text framer-styles-preset-g3t3gs\">Our chefs are sure to satisfy your taste buds!<\/p>\t\t\t\t\t\t\t\t<\/div>\n\t\t\t\t<div class=\"elementor-element elementor-element-d2ec382 elementor-widget elementor-widget-heading\" data-id=\"d2ec382\" data-element_type=\"widget\" data-widget_type=\"heading.default\">\n\t\t\t\t\t<h2 class=\"elementor-heading-title elementor-size-default\">Conference room Sergels torg: Welcome to a conference in the heart of Stockholm!\n<\/h2>\t\t\t\t<\/div>\n\t\t\t\t<div class=\"elementor-element elementor-element-f8ffe60 elementor-widget elementor-widget-text-editor\" data-id=\"f8ffe60\" data-element_type=\"widget\" data-widget_type=\"text-editor.default\">\n\t\t\t\t\t\t\t\t\t<p class=\"framer-text framer-styles-preset-g3t3gs\">Our conference centre is located in the heart of Stockholm City, between Adolf Fredriks Kyrka and Drottninggatan.<br class=\"framer-text\" \/>We offer modern and cosy conference and meeting rooms, for all occasions, for all types of corporate events.<br class=\"framer-text\" \/>If you are looking for affordable conference rooms for day conferences or industry days near Sergels torg, we offer complete solutions for a successful event.<br class=\"framer-text\" \/>At Westmanska Palatset, you are truly conferencing in the heart of Stockholm, close to everything.<br class=\"framer-text\" \/>Welcome to book a conference with us!<\/p>\t\t\t\t\t\t\t\t<\/div>\n\t\t\t\t<div class=\"elementor-element elementor-element-cc202a9 elementor-widget elementor-widget-heading\" data-id=\"cc202a9\" data-element_type=\"widget\" data-widget_type=\"heading.default\">\n\t\t\t\t\t<h2 class=\"elementor-heading-title elementor-size-default\">Why not hold your next conference with us?\n<\/h2>\t\t\t\t<\/div>\n\t\t\t\t<div class=\"elementor-element elementor-element-a422ed5 elementor-widget elementor-widget-text-editor\" data-id=\"a422ed5\" data-element_type=\"widget\" data-widget_type=\"text-editor.default\">\n\t\t\t\t\t\t\t\t\t<p class=\"framer-text framer-styles-preset-g3t3gs\">Our goal is to provide you with the best conference experience possible for you.<br class=\"framer-text\" \/>Welcome to Westmanska Palatset next time you are looking for a conference Sergels torg.<\/p>\t\t\t\t\t\t\t\t<\/div>\n\t\t\t\t<div class=\"elementor-element elementor-element-43fe20d elementor-widget elementor-widget-image\" data-id=\"43fe20d\" data-element_type=\"widget\" data-widget_type=\"image.default\">\n\t\t\t\t\t\t\t\t\t\t\t\t\t\t\t<img fetchpriority=\"high\" decoding=\"async\" width=\"800\" height=\"300\" src=\"https:\/\/westmanska.se\/wp-content\/uploads\/2025\/07\/6W80oIrlrPUrDlbMuR5TSv0LqE-1024x384.avif\" class=\"attachment-large size-large wp-image-1213\" alt=\"\" srcset=\"https:\/\/westmanska.se\/wp-content\/uploads\/2025\/07\/6W80oIrlrPUrDlbMuR5TSv0LqE-1024x384.avif 1024w, https:\/\/westmanska.se\/wp-content\/uploads\/2025\/07\/6W80oIrlrPUrDlbMuR5TSv0LqE-300x113.avif 300w, https:\/\/westmanska.se\/wp-content\/uploads\/2025\/07\/6W80oIrlrPUrDlbMuR5TSv0LqE-768x288.avif 768w, https:\/\/westmanska.se\/wp-content\/uploads\/2025\/07\/6W80oIrlrPUrDlbMuR5TSv0LqE-1536x576.avif 1536w, https:\/\/westmanska.se\/wp-content\/uploads\/2025\/07\/6W80oIrlrPUrDlbMuR5TSv0LqE.avif 1600w\" sizes=\"(max-width: 800px) 100vw, 800px\" \/>\t\t\t\t\t\t\t\t\t\t\t\t\t\t\t<\/div>\n\t\t\t\t<\/div>\n\t\t\t\t<\/div>\n\t\t<div class=\"elementor-element elementor-element-b060da7 e-flex e-con-boxed e-con e-parent\" data-id=\"b060da7\" data-element_type=\"container\">\n\t\t\t\t\t<div class=\"e-con-inner\">\n\t\t\t\t<div class=\"elementor-element elementor-element-aeb820b elementor-widget elementor-widget-heading\" data-id=\"aeb820b\" data-element_type=\"widget\" data-widget_type=\"heading.default\">\n\t\t\t\t\t<h2 class=\"elementor-heading-title elementor-size-default\">Book your stay<\/h2>\t\t\t\t<\/div>\n\t\t\t\t\t<\/div>\n\t\t\t\t<\/div>\n\t\t\t\t<\/div>","protected":false},"excerpt":{"rendered":"<p>Konferens Sergels torg Konferens Sergels torg \u2013 Lokaler efter dina behov Konferens Sergels torg:\u00a0Bara n\u00e5gra minuters promenad fr\u00e5n Sergels torg s\u00e5 finner du Westmanska Palatset.En f\u00f6rstklassig konferensanl\u00e4ggning med anrik milj\u00f6, i ett attraktivt l\u00e4ge p\u00e5 norra Norrmalm. H\u00e4r finner du: En f\u00f6rstklassig konferensanl\u00e4ggning i ett attraktivt l\u00e4ge. F\u00f6rt\u00e4ring p\u00e5 en helt annan niv\u00e5 \u00e4n de [&hellip;]<\/p>","protected":false},"author":1,"featured_media":0,"parent":1141,"menu_order":0,"comment_status":"closed","ping_status":"closed","template":"","meta":{"footnotes":""},"class_list":["post-1301","page","type-page","status-publish","hentry"],"_links":{"self":[{"href":"https:\/\/westmanska.se\/en\/wp-json\/wp\/v2\/pages\/1301","targetHints":{"allow":["GET"]}}],"collection":[{"href":"https:\/\/westmanska.se\/en\/wp-json\/wp\/v2\/pages"}],"about":[{"href":"https:\/\/westmanska.se\/en\/wp-json\/wp\/v2\/types\/page"}],"author":[{"embeddable":true,"href":"https:\/\/westmanska.se\/en\/wp-json\/wp\/v2\/users\/1"}],"replies":[{"embeddable":true,"href":"https:\/\/westmanska.se\/en\/wp-json\/wp\/v2\/comments?post=1301"}],"version-history":[{"count":13,"href":"https:\/\/westmanska.se\/en\/wp-json\/wp\/v2\/pages\/1301\/revisions"}],"predecessor-version":[{"id":4195,"href":"https:\/\/westmanska.se\/en\/wp-json\/wp\/v2\/pages\/1301\/revisions\/4195"}],"up":[{"embeddable":true,"href":"https:\/\/westmanska.se\/en\/wp-json\/wp\/v2\/pages\/1141"}],"wp:attachment":[{"href":"https:\/\/westmanska.se\/en\/wp-json\/wp\/v2\/media?parent=1301"}],"curies":[{"name":"wp","href":"https:\/\/api.w.org\/{rel}","templated":true}]}}