{"id":1300,"date":"2025-07-28T13:38:10","date_gmt":"2025-07-28T13:38:10","guid":{"rendered":"https:\/\/yellow-gazelle-403867.hostingersite.com\/?page_id=1300"},"modified":"2026-01-23T14:26:38","modified_gmt":"2026-01-23T14:26:38","slug":"konferens-ostermalm","status":"publish","type":"page","link":"https:\/\/westmanska.se\/en\/ort\/konferens-ostermalm\/","title":{"rendered":"Konferens-ostermalm"},"content":{"rendered":"<div data-elementor-type=\"wp-post\" data-elementor-id=\"1300\" class=\"elementor elementor-1300\" data-elementor-post-type=\"page\">\n\t\t\t\t<div class=\"elementor-element elementor-element-1d76f06 e-flex e-con-boxed e-con e-parent\" data-id=\"1d76f06\" data-element_type=\"container\" data-settings=\"{&quot;background_background&quot;:&quot;classic&quot;}\">\n\t\t\t\t\t<div class=\"e-con-inner\">\n\t\t\t\t<div class=\"elementor-element elementor-element-4ee40e6 elementor-widget elementor-widget-heading\" data-id=\"4ee40e6\" data-element_type=\"widget\" data-widget_type=\"heading.default\">\n\t\t\t\t\t<h1 class=\"elementor-heading-title elementor-size-default\">Konferens \u00d6stermalm\n<\/h1>\t\t\t\t<\/div>\n\t\t\t\t\t<\/div>\n\t\t\t\t<\/div>\n\t\t<div class=\"elementor-element elementor-element-0d9bce2 e-con-full e-flex e-con e-parent\" data-id=\"0d9bce2\" data-element_type=\"container\" data-settings=\"{&quot;background_background&quot;:&quot;gradient&quot;}\">\n\t\t<div class=\"elementor-element elementor-element-813d44e e-con-full e-flex e-con e-child\" data-id=\"813d44e\" data-element_type=\"container\">\n\t\t\t\t<div class=\"elementor-element elementor-element-e4f3563 elementor-widget elementor-widget-heading\" data-id=\"e4f3563\" data-element_type=\"widget\" data-widget_type=\"heading.default\">\n\t\t\t\t\t<h2 class=\"elementor-heading-title elementor-size-default\">Konferens \u00d6stermalm\n<\/h2>\t\t\t\t<\/div>\n\t\t\t\t<div class=\"elementor-element elementor-element-32879e6 elementor-widget elementor-widget-text-editor\" data-id=\"32879e6\" data-element_type=\"widget\" data-widget_type=\"text-editor.default\">\n\t\t\t\t\t\t\t\t\t<p class=\"framer-text framer-styles-preset-g3t3gs\"><strong class=\"framer-text\">Konferens \u00d6stermalm:<\/strong>\u00a0\u00c4r det just \u00d6stermalm som \u00e4r det avg\u00f6rande f\u00f6r var ni vill h\u00e5lla er konferens? Eller kan vi fresta er med dagkonferenser i ett attraktivt l\u00e4ge i centrala Stockholm? Flera av v\u00e5ra kunder har faktiskt ursprungligen s\u00f6kt konferenslokaler \u00d6stermalm, men sedan de v\u00e4l fastnat f\u00f6r oss s\u00e5 har de stormtrivts i v\u00e5ra underbara konferenslokaler.<br class=\"framer-text\" \/><br class=\"framer-text\" \/>Flera av dessa kunder, ocks\u00e5 de som sj\u00e4lva kommer fr\u00e5n \u00d6stermalm, har sedan dess \u00e5terkommit till oss f\u00f6r nya konferenser.<br class=\"framer-text\" \/>S\u00e5 varf\u00f6r inte g\u00f6ra som flera f\u00f6retag, myndigheter och organisationer som \u00e5terfinns p\u00e5 \u00d6stermalm redan har gjort?<br class=\"framer-text\" \/>Vi inbjuder dig att uppt\u00e4cka Westmanska Palatset! Vi erbjuder dig en f\u00f6rstklassig konferensanl\u00e4ggning i hj\u00e4rtat av Stockholm. Westmanska Palatset \u00e4r centralt bel\u00e4get p\u00e5 Norrmalm i kvarteret intill Adolf Fredriks Kyrka, inom bekv\u00e4mt promenadavst\u00e5nd fr\u00e5n s\u00e5v\u00e4l en pendelt\u00e5gsstation som inte mindre \u00e4n tv\u00e5 tunnelbanestationer.<br class=\"framer-text\" \/><br class=\"framer-text\" \/>Med v\u00e4lrenommerade Restaurang Westman i direkt anslutning till v\u00e5r konferensanl\u00e4ggningen s\u00e5 kan vi erbjuda v\u00e5ra konferensg\u00e4ster f\u00f6rt\u00e4ring p\u00e5 en helt annan niv\u00e5 \u00e4n konferensanl\u00e4ggningar som saknar en f\u00f6rstklassig restaurangdel.<br class=\"framer-text\" \/>Westmanska Palatset \u00e4r fr\u00e5n sent 1700-tal tidigt 1800-tal och har en rik och sp\u00e4nnande historia.<br class=\"framer-text\" \/>Palatset erbjuder en fantastisk och inspirerande milj\u00f6 att konferera i.<\/p>\t\t\t\t\t\t\t\t<\/div>\n\t\t\t\t<div class=\"elementor-element elementor-element-e24f7d5 elementor-widget elementor-widget-heading\" data-id=\"e24f7d5\" data-element_type=\"widget\" data-widget_type=\"heading.default\">\n\t\t\t\t\t<h2 class=\"elementor-heading-title elementor-size-default\">Konferensrum i Norrmalm f\u00f6r verksamheter fr\u00e5n \u00d6stermalm\n<\/h2>\t\t\t\t<\/div>\n\t\t\t\t<div class=\"elementor-element elementor-element-eb12356 elementor-widget elementor-widget-text-editor\" data-id=\"eb12356\" data-element_type=\"widget\" data-widget_type=\"text-editor.default\">\n\t\t\t\t\t\t\t\t\t<p>Ett stenkast fr\u00e5n \u00d6stermalm finns v\u00e5ra representativa konferensrum. Det \u00e4r moderna och fr\u00e4scha rum, de flesta med flexibel m\u00f6blering f\u00f6r att m\u00f6ta era specifika behov av konferensm\u00f6blering. V\u00e5rt minsta konferensrum tar upp till \u00e5tta personer, det st\u00f6rsta upp till 140. Samtliga rum \u00e4r dessutom utrustade med all den senaste tekniken f\u00f6r att ert evenemang ska bli lyckat. I Westmanska Palatset konfererar du i hj\u00e4rtat av Stockholm. Oavsett evenemang kan vi bem\u00f6ta era \u00f6nskem\u00e5l.<\/p>\t\t\t\t\t\t\t\t<\/div>\n\t\t\t\t<div class=\"elementor-element elementor-element-9b9d9d3 elementor-widget elementor-widget-heading\" data-id=\"9b9d9d3\" data-element_type=\"widget\" data-widget_type=\"heading.default\">\n\t\t\t\t\t<h2 class=\"elementor-heading-title elementor-size-default\">Konferensluncher f\u00f6r verksamheter fr\u00e5n \u00d6stermalm\n<\/h2>\t\t\t\t<\/div>\n\t\t\t\t<div class=\"elementor-element elementor-element-9d12afa elementor-widget elementor-widget-text-editor\" data-id=\"9d12afa\" data-element_type=\"widget\" data-widget_type=\"text-editor.default\">\n\t\t\t\t\t\t\t\t\t<p class=\"framer-text framer-styles-preset-g3t3gs\">Vi erbjuder moderna och trivsamma konferens- och m\u00f6teslokaler, f\u00f6r alla tillf\u00e4llen. Westmanska Palatset \u00e4r en representativ plats att h\u00e5lla sina konferenser p\u00e5. V\u00e5r konferensanl\u00e4ggning ligger mitt i Stockholm City, s\u00e5 mer centralt s\u00e5 kan det knappas bli. Vi erbjuder helhetsl\u00f6sningar f\u00f6r er n\u00e4sta dagkonferens eller branschdag. Vi hj\u00e4lper er hela v\u00e4gen, fr\u00e5n b\u00f6rjan till slut, f\u00f6r en lyckad konferens. F\u00f6r den som \u00e5ker kollektivt s\u00e5 \u00e4r det t.ex. bekv\u00e4mt promenadavst\u00e5nd fr\u00e5n tunnelbanestationerna H\u00f6torget och R\u00e5dmansgatan. Vi \u00e4r \u00e4ven inom promenadavst\u00e5nd fr\u00e5n nya pendelt\u00e5gsstationen Stockholm City. Boka era kommande konferenser hos oss p\u00e5 Westmanska Palatset.<\/p>\t\t\t\t\t\t\t\t<\/div>\n\t\t\t\t<div class=\"elementor-element elementor-element-cd97b42 elementor-widget elementor-widget-heading\" data-id=\"cd97b42\" data-element_type=\"widget\" data-widget_type=\"heading.default\">\n\t\t\t\t\t<h2 class=\"elementor-heading-title elementor-size-default\">Why not hold your next conference with us?\n<\/h2>\t\t\t\t<\/div>\n\t\t\t\t<div class=\"elementor-element elementor-element-ec5589d elementor-widget elementor-widget-text-editor\" data-id=\"ec5589d\" data-element_type=\"widget\" data-widget_type=\"text-editor.default\">\n\t\t\t\t\t\t\t\t\t<p class=\"framer-text framer-styles-preset-g3t3gs\">Our goal is to give you the best conference experience possible.<br class=\"framer-text\" \/>V\u00e4lkommen till Westmanska Palatset n\u00e4sta g\u00e5ng ni s\u00f6ker konferens \u00d6stermalm.<\/p>\t\t\t\t\t\t\t\t<\/div>\n\t\t\t\t<div class=\"elementor-element elementor-element-df84cb8 elementor-widget elementor-widget-heading\" data-id=\"df84cb8\" data-element_type=\"widget\" data-widget_type=\"heading.default\">\n\t\t\t\t\t<h2 class=\"elementor-heading-title elementor-size-default\">Why not hold your next conference with us?\n<\/h2>\t\t\t\t<\/div>\n\t\t\t\t<div class=\"elementor-element elementor-element-d0a75dd elementor-widget elementor-widget-text-editor\" data-id=\"d0a75dd\" data-element_type=\"widget\" data-widget_type=\"text-editor.default\">\n\t\t\t\t\t\t\t\t\t<ul class=\"framer-text\"><li class=\"framer-text framer-styles-preset-g3t3gs\" data-preset-tag=\"p\"><p class=\"framer-text framer-styles-preset-g3t3gs\">Hammarby Sj\u00f6stad<\/p><\/li><li class=\"framer-text framer-styles-preset-g3t3gs\" data-preset-tag=\"p\"><p class=\"framer-text framer-styles-preset-g3t3gs\">Sergels Torg<\/p><\/li><li class=\"framer-text framer-styles-preset-g3t3gs\" data-preset-tag=\"p\"><p class=\"framer-text framer-styles-preset-g3t3gs\">Sundbyberg<\/p><\/li><li class=\"framer-text framer-styles-preset-g3t3gs\" data-preset-tag=\"p\"><p class=\"framer-text framer-styles-preset-g3t3gs\">Stockholm<\/p><\/li><li class=\"framer-text framer-styles-preset-g3t3gs\" data-preset-tag=\"p\"><p class=\"framer-text framer-styles-preset-g3t3gs\">V\u00e4rmd\u00f6<\/p><\/li><li class=\"framer-text framer-styles-preset-g3t3gs\" data-preset-tag=\"p\"><p class=\"framer-text framer-styles-preset-g3t3gs\">Norrmalm<\/p><\/li><li class=\"framer-text framer-styles-preset-g3t3gs\" data-preset-tag=\"p\"><p class=\"framer-text framer-styles-preset-g3t3gs\">S\u00f6dermalm<\/p><\/li><\/ul>\t\t\t\t\t\t\t\t<\/div>\n\t\t\t\t<div class=\"elementor-element elementor-element-43fe20d elementor-widget elementor-widget-image\" data-id=\"43fe20d\" data-element_type=\"widget\" data-widget_type=\"image.default\">\n\t\t\t\t\t\t\t\t\t\t\t\t\t\t\t<img fetchpriority=\"high\" decoding=\"async\" width=\"800\" height=\"300\" src=\"https:\/\/westmanska.se\/wp-content\/uploads\/2025\/07\/9SOiJuwiAQOpTO8mC2SPalfO30-1024x384.avif\" class=\"attachment-large size-large wp-image-1201\" alt=\"\" srcset=\"https:\/\/westmanska.se\/wp-content\/uploads\/2025\/07\/9SOiJuwiAQOpTO8mC2SPalfO30-1024x384.avif 1024w, https:\/\/westmanska.se\/wp-content\/uploads\/2025\/07\/9SOiJuwiAQOpTO8mC2SPalfO30-300x113.avif 300w, https:\/\/westmanska.se\/wp-content\/uploads\/2025\/07\/9SOiJuwiAQOpTO8mC2SPalfO30-768x288.avif 768w, https:\/\/westmanska.se\/wp-content\/uploads\/2025\/07\/9SOiJuwiAQOpTO8mC2SPalfO30.avif 1536w\" sizes=\"(max-width: 800px) 100vw, 800px\" \/>\t\t\t\t\t\t\t\t\t\t\t\t\t\t\t<\/div>\n\t\t\t\t<\/div>\n\t\t\t\t<\/div>\n\t\t<div class=\"elementor-element elementor-element-b060da7 e-flex e-con-boxed e-con e-parent\" data-id=\"b060da7\" data-element_type=\"container\">\n\t\t\t\t\t<div class=\"e-con-inner\">\n\t\t\t\t<div class=\"elementor-element elementor-element-aeb820b elementor-widget elementor-widget-heading\" data-id=\"aeb820b\" data-element_type=\"widget\" data-widget_type=\"heading.default\">\n\t\t\t\t\t<h2 class=\"elementor-heading-title elementor-size-default\">Book your stay<\/h2>\t\t\t\t<\/div>\n\t\t\t\t\t<\/div>\n\t\t\t\t<\/div>\n\t\t\t\t<\/div>","protected":false},"excerpt":{"rendered":"<p>Konferens \u00d6stermalm Konferens \u00d6stermalm Konferens \u00d6stermalm:\u00a0\u00c4r det just \u00d6stermalm som \u00e4r det avg\u00f6rande f\u00f6r var ni vill h\u00e5lla er konferens? Eller kan vi fresta er med dagkonferenser i ett attraktivt l\u00e4ge i centrala Stockholm? Flera av v\u00e5ra kunder har faktiskt ursprungligen s\u00f6kt konferenslokaler \u00d6stermalm, men sedan de v\u00e4l fastnat f\u00f6r oss s\u00e5 har de stormtrivts [&hellip;]<\/p>","protected":false},"author":1,"featured_media":0,"parent":1141,"menu_order":0,"comment_status":"closed","ping_status":"closed","template":"","meta":{"footnotes":""},"class_list":["post-1300","page","type-page","status-publish","hentry"],"_links":{"self":[{"href":"https:\/\/westmanska.se\/en\/wp-json\/wp\/v2\/pages\/1300","targetHints":{"allow":["GET"]}}],"collection":[{"href":"https:\/\/westmanska.se\/en\/wp-json\/wp\/v2\/pages"}],"about":[{"href":"https:\/\/westmanska.se\/en\/wp-json\/wp\/v2\/types\/page"}],"author":[{"embeddable":true,"href":"https:\/\/westmanska.se\/en\/wp-json\/wp\/v2\/users\/1"}],"replies":[{"embeddable":true,"href":"https:\/\/westmanska.se\/en\/wp-json\/wp\/v2\/comments?post=1300"}],"version-history":[{"count":13,"href":"https:\/\/westmanska.se\/en\/wp-json\/wp\/v2\/pages\/1300\/revisions"}],"predecessor-version":[{"id":4192,"href":"https:\/\/westmanska.se\/en\/wp-json\/wp\/v2\/pages\/1300\/revisions\/4192"}],"up":[{"embeddable":true,"href":"https:\/\/westmanska.se\/en\/wp-json\/wp\/v2\/pages\/1141"}],"wp:attachment":[{"href":"https:\/\/westmanska.se\/en\/wp-json\/wp\/v2\/media?parent=1300"}],"curies":[{"name":"wp","href":"https:\/\/api.w.org\/{rel}","templated":true}]}}