{"id":1299,"date":"2025-07-28T13:34:31","date_gmt":"2025-07-28T13:34:31","guid":{"rendered":"https:\/\/yellow-gazelle-403867.hostingersite.com\/?page_id=1299"},"modified":"2026-01-23T14:26:27","modified_gmt":"2026-01-23T14:26:27","slug":"konferens-odenplan","status":"publish","type":"page","link":"https:\/\/westmanska.se\/en\/ort\/konferens-odenplan\/","title":{"rendered":"konferens-odenplan"},"content":{"rendered":"<div data-elementor-type=\"wp-post\" data-elementor-id=\"1299\" class=\"elementor elementor-1299\" data-elementor-post-type=\"page\">\n\t\t\t\t<div class=\"elementor-element elementor-element-1d76f06 e-flex e-con-boxed e-con e-parent\" data-id=\"1d76f06\" data-element_type=\"container\" data-settings=\"{&quot;background_background&quot;:&quot;classic&quot;}\">\n\t\t\t\t\t<div class=\"e-con-inner\">\n\t\t\t\t<div class=\"elementor-element elementor-element-4ee40e6 elementor-widget elementor-widget-heading\" data-id=\"4ee40e6\" data-element_type=\"widget\" data-widget_type=\"heading.default\">\n\t\t\t\t\t<h1 class=\"elementor-heading-title elementor-size-default\">Conference Odenplan\n<\/h1>\t\t\t\t<\/div>\n\t\t\t\t\t<\/div>\n\t\t\t\t<\/div>\n\t\t<div class=\"elementor-element elementor-element-0d9bce2 e-con-full e-flex e-con e-parent\" data-id=\"0d9bce2\" data-element_type=\"container\" data-settings=\"{&quot;background_background&quot;:&quot;gradient&quot;}\">\n\t\t<div class=\"elementor-element elementor-element-813d44e e-con-full e-flex e-con e-child\" data-id=\"813d44e\" data-element_type=\"container\">\n\t\t\t\t<div class=\"elementor-element elementor-element-1ecfa7b elementor-widget elementor-widget-text-editor\" data-id=\"1ecfa7b\" data-element_type=\"widget\" data-widget_type=\"text-editor.default\">\n\t\t\t\t\t\t\t\t\t<p class=\"framer-text framer-styles-preset-g3t3gs\">Welcome to join these customers here at Restaurant Westman in Westmanska Palatset next time you want to book a business lunch G\u00e4rdet!<\/p>\t\t\t\t\t\t\t\t<\/div>\n\t\t\t\t<div class=\"elementor-element elementor-element-e4f3563 elementor-widget elementor-widget-heading\" data-id=\"e4f3563\" data-element_type=\"widget\" data-widget_type=\"heading.default\">\n\t\t\t\t\t<h2 class=\"elementor-heading-title elementor-size-default\">Conference Odenplan\n<\/h2>\t\t\t\t<\/div>\n\t\t\t\t<div class=\"elementor-element elementor-element-32879e6 elementor-widget elementor-widget-text-editor\" data-id=\"32879e6\" data-element_type=\"widget\" data-widget_type=\"text-editor.default\">\n\t\t\t\t\t\t\t\t\t<p class=\"framer-text framer-styles-preset-g3t3gs\"><strong class=\"framer-text\">Conference Odenplan:<\/strong>\u00a0A short walk from Odenplan you will find Westmanska Palatset. A first-class conference facility with an ancient environment, in an attractive location in northern Norrmalm.<\/p><p class=\"framer-text framer-styles-preset-g3t3gs\">Here you will find:<\/p><ul class=\"framer-text\"><li class=\"framer-text framer-styles-preset-g3t3gs\" data-preset-tag=\"p\"><p class=\"framer-text framer-styles-preset-g3t3gs\">A first-class conference centre in an attractive location on Norrmalm.<\/p><\/li><li class=\"framer-text framer-styles-preset-g3t3gs\" data-preset-tag=\"p\"><p class=\"framer-text framer-styles-preset-g3t3gs\">Catering on a completely different level than most other conference facilities can offer thanks to the renowned Restaurant Westman directly adjacent to the conference rooms.<\/p><\/li><li class=\"framer-text framer-styles-preset-g3t3gs\" data-preset-tag=\"p\"><p class=\"framer-text framer-styles-preset-g3t3gs\">Modern, fresh conference rooms equipped with the latest technology needed for a conference.<\/p><\/li><li class=\"framer-text framer-styles-preset-g3t3gs\" data-preset-tag=\"p\"><p class=\"framer-text framer-styles-preset-g3t3gs\">Flexible furnishing in most of our conference rooms to meet your needs.<\/p><\/li><li class=\"framer-text framer-styles-preset-g3t3gs\" data-preset-tag=\"p\"><p class=\"framer-text framer-styles-preset-g3t3gs\">Top level service with wonderful conference hosts.<\/p><\/li><li class=\"framer-text framer-styles-preset-g3t3gs\" data-preset-tag=\"p\"><p class=\"framer-text framer-styles-preset-g3t3gs\">Conference in a lovely and inspiring historical setting, in the heart of Stockholm.<\/p><\/li><li class=\"framer-text framer-styles-preset-g3t3gs\" data-preset-tag=\"p\"><p class=\"framer-text framer-styles-preset-g3t3gs\">Good transport links with metro, commuter and long-distance trains within walking distance.<\/p><\/li><\/ul><p class=\"framer-text framer-styles-preset-g3t3gs\">Our representative conference rooms are located in the neighbourhood between Drottninggatan and Adolf Fredrik's Church, not many minutes walk from Odenplan.<br class=\"framer-text\" \/>Welcome to discover Westmanska Palatset!<\/p>\t\t\t\t\t\t\t\t<\/div>\n\t\t\t\t<div class=\"elementor-element elementor-element-e24f7d5 elementor-widget elementor-widget-heading\" data-id=\"e24f7d5\" data-element_type=\"widget\" data-widget_type=\"heading.default\">\n\t\t\t\t\t<h2 class=\"elementor-heading-title elementor-size-default\">Conference rooms in Norrmalm for businesses from Odenplan\n<\/h2>\t\t\t\t<\/div>\n\t\t\t\t<div class=\"elementor-element elementor-element-eb12356 elementor-widget elementor-widget-text-editor\" data-id=\"eb12356\" data-element_type=\"widget\" data-widget_type=\"text-editor.default\">\n\t\t\t\t\t\t\t\t\t<p>Over the years, we have had many pleasant conference guests in our conference rooms.<br class=\"framer-text\" \/>Companies, authorities, organisations, etc.<br class=\"framer-text\" \/>Many of them have enjoyed their time with us so much that they have since returned for new conferences.<br class=\"framer-text\" \/>So why not do what they have already done?<br class=\"framer-text\" \/>Contact us to discuss what you need to make your next day conference or industry day a success!<br class=\"framer-text\" \/>Westmanska Palatset, built in 1799-1800, offers a rich and inspiring historical setting for conferences.<br class=\"framer-text\" \/>The palace has a rich and varied history, which you can read more about here.<\/p>\t\t\t\t\t\t\t\t<\/div>\n\t\t\t\t<div class=\"elementor-element elementor-element-9b9d9d3 elementor-widget elementor-widget-heading\" data-id=\"9b9d9d3\" data-element_type=\"widget\" data-widget_type=\"heading.default\">\n\t\t\t\t\t<h2 class=\"elementor-heading-title elementor-size-default\">Conference lunches for organisations from Odenplan\n<\/h2>\t\t\t\t<\/div>\n\t\t\t\t<div class=\"elementor-element elementor-element-9d12afa elementor-widget elementor-widget-text-editor\" data-id=\"9d12afa\" data-element_type=\"widget\" data-widget_type=\"text-editor.default\">\n\t\t\t\t\t\t\t\t\t<p class=\"framer-text framer-styles-preset-g3t3gs\">With the renowned Restaurant Westman directly adjacent to our conference rooms, we are able to offer our conference guests catering at a level few other conference facilities can match.<\/p><p class=\"framer-text framer-styles-preset-g3t3gs\">We offer:<\/p><ul class=\"framer-text\"><li class=\"framer-text framer-styles-preset-g3t3gs\" data-preset-tag=\"p\"><p class=\"framer-text framer-styles-preset-g3t3gs\">Business and conference lunches<\/p><\/li><li class=\"framer-text framer-styles-preset-g3t3gs\" data-preset-tag=\"p\"><p class=\"framer-text framer-styles-preset-g3t3gs\">Three-course dinners<\/p><\/li><\/ul><p class=\"framer-text framer-styles-preset-g3t3gs\">Our chefs are sure to satisfy your taste buds!<\/p>\t\t\t\t\t\t\t\t<\/div>\n\t\t\t\t<div class=\"elementor-element elementor-element-3c1ace4 elementor-widget elementor-widget-heading\" data-id=\"3c1ace4\" data-element_type=\"widget\" data-widget_type=\"heading.default\">\n\t\t\t\t\t<h2 class=\"elementor-heading-title elementor-size-default\">Conference room Odenplan: Book a conference room in a historic environment for your next day conference!\n<\/h2>\t\t\t\t<\/div>\n\t\t\t\t<div class=\"elementor-element elementor-element-04e4ba1 elementor-widget elementor-widget-text-editor\" data-id=\"04e4ba1\" data-element_type=\"widget\" data-widget_type=\"text-editor.default\">\n\t\t\t\t\t\t\t\t\t<p class=\"framer-text framer-styles-preset-g3t3gs\">Just a few minutes' walk from Odenplan metro station, you will find our representative conference rooms.<br class=\"framer-text\" \/>Our rooms are modern and fresh, the environment is ancient and inspiring.<br class=\"framer-text\" \/>Our smallest conference room can accommodate up to eight people, the largest up to 140 people. Most of our rooms have flexible furnishings, so they can be easily adapted to your needs. The rooms are, of course, equipped with the latest technology needed to conduct a conference.<\/p>\t\t\t\t\t\t\t\t<\/div>\n\t\t\t\t<div class=\"elementor-element elementor-element-e55ec5e elementor-widget elementor-widget-heading\" data-id=\"e55ec5e\" data-element_type=\"widget\" data-widget_type=\"heading.default\">\n\t\t\t\t\t<h2 class=\"elementor-heading-title elementor-size-default\">Conference room Odenplan: Welcome to a conference in the heart of Stockholm!\n<\/h2>\t\t\t\t<\/div>\n\t\t\t\t<div class=\"elementor-element elementor-element-a734c10 elementor-widget elementor-widget-text-editor\" data-id=\"a734c10\" data-element_type=\"widget\" data-widget_type=\"text-editor.default\">\n\t\t\t\t\t\t\t\t\t<p class=\"framer-text framer-styles-preset-g3t3gs\">Our conference centre is located in the heart of Stockholm City, between Adolf Fredriks Kyrka and Drottninggatan.<br class=\"framer-text\" \/>We offer modern and cosy conference and meeting rooms, for all occasions, for all types of corporate events.<br class=\"framer-text\" \/>If you are looking for affordable conference rooms for day conferences or industry days near Odenplan, we offer complete solutions for a successful event.<br class=\"framer-text\" \/>At Westmanska Palatset, you are truly conferencing in the heart of Stockholm, close to everything.<br class=\"framer-text\" \/>Welcome to book a conference with us!<\/p>\t\t\t\t\t\t\t\t<\/div>\n\t\t\t\t<div class=\"elementor-element elementor-element-d78532d elementor-widget elementor-widget-heading\" data-id=\"d78532d\" data-element_type=\"widget\" data-widget_type=\"heading.default\">\n\t\t\t\t\t<h2 class=\"elementor-heading-title elementor-size-default\">Why not hold your next conference with us?<\/h2>\t\t\t\t<\/div>\n\t\t\t\t<div class=\"elementor-element elementor-element-4d3080b elementor-widget elementor-widget-text-editor\" data-id=\"4d3080b\" data-element_type=\"widget\" data-widget_type=\"text-editor.default\">\n\t\t\t\t\t\t\t\t\t<p class=\"framer-text framer-styles-preset-g3t3gs\">Our goal is to give you the best conference experience possible.<br class=\"framer-text\" \/>Welcome to Westmanska Palatset next time you are looking for a conference Odenplan.<\/p>\t\t\t\t\t\t\t\t<\/div>\n\t\t\t\t<div class=\"elementor-element elementor-element-43fe20d elementor-widget elementor-widget-image\" data-id=\"43fe20d\" data-element_type=\"widget\" data-widget_type=\"image.default\">\n\t\t\t\t\t\t\t\t\t\t\t\t\t\t\t<img fetchpriority=\"high\" decoding=\"async\" width=\"800\" height=\"300\" src=\"https:\/\/westmanska.se\/wp-content\/uploads\/2025\/07\/A4NfOCoqmDgTAqTPa5d5IA2dJM8-1024x384.avif\" class=\"attachment-large size-large wp-image-1193\" alt=\"\" srcset=\"https:\/\/westmanska.se\/wp-content\/uploads\/2025\/07\/A4NfOCoqmDgTAqTPa5d5IA2dJM8-1024x384.avif 1024w, https:\/\/westmanska.se\/wp-content\/uploads\/2025\/07\/A4NfOCoqmDgTAqTPa5d5IA2dJM8-300x113.avif 300w, https:\/\/westmanska.se\/wp-content\/uploads\/2025\/07\/A4NfOCoqmDgTAqTPa5d5IA2dJM8-768x288.avif 768w, https:\/\/westmanska.se\/wp-content\/uploads\/2025\/07\/A4NfOCoqmDgTAqTPa5d5IA2dJM8.avif 1536w\" sizes=\"(max-width: 800px) 100vw, 800px\" \/>\t\t\t\t\t\t\t\t\t\t\t\t\t\t\t<\/div>\n\t\t\t\t<\/div>\n\t\t\t\t<\/div>\n\t\t<div class=\"elementor-element elementor-element-b060da7 e-flex e-con-boxed e-con e-parent\" data-id=\"b060da7\" data-element_type=\"container\">\n\t\t\t\t\t<div class=\"e-con-inner\">\n\t\t\t\t<div class=\"elementor-element elementor-element-aeb820b elementor-widget elementor-widget-heading\" data-id=\"aeb820b\" data-element_type=\"widget\" data-widget_type=\"heading.default\">\n\t\t\t\t\t<h2 class=\"elementor-heading-title elementor-size-default\">Book your stay<\/h2>\t\t\t\t<\/div>\n\t\t\t\t\t<\/div>\n\t\t\t\t<\/div>\n\t\t\t\t<\/div>","protected":false},"excerpt":{"rendered":"<p>Konferens Odenplan Varmt v\u00e4lkommen att g\u00f6ra dessa kunder s\u00e4llskap h\u00e4r p\u00e5 Restaurang Westman i Westmanska Palatset h\u00e4rn\u00e4st du vill boka aff\u00e4rslunch G\u00e4rdet! Konferens Odenplan Konferens Odenplan:\u00a0En kort promenad fr\u00e5n Odenplan finner du Westmanska Palatset. En f\u00f6rstklassig konferensanl\u00e4ggning med anrik milj\u00f6, i ett attraktivt l\u00e4ge p\u00e5 norra Norrmalm. H\u00e4r finner du: En f\u00f6rstklassig konferensanl\u00e4ggning i ett [&hellip;]<\/p>","protected":false},"author":1,"featured_media":0,"parent":1141,"menu_order":0,"comment_status":"closed","ping_status":"closed","template":"","meta":{"footnotes":""},"class_list":["post-1299","page","type-page","status-publish","hentry"],"_links":{"self":[{"href":"https:\/\/westmanska.se\/en\/wp-json\/wp\/v2\/pages\/1299","targetHints":{"allow":["GET"]}}],"collection":[{"href":"https:\/\/westmanska.se\/en\/wp-json\/wp\/v2\/pages"}],"about":[{"href":"https:\/\/westmanska.se\/en\/wp-json\/wp\/v2\/types\/page"}],"author":[{"embeddable":true,"href":"https:\/\/westmanska.se\/en\/wp-json\/wp\/v2\/users\/1"}],"replies":[{"embeddable":true,"href":"https:\/\/westmanska.se\/en\/wp-json\/wp\/v2\/comments?post=1299"}],"version-history":[{"count":13,"href":"https:\/\/westmanska.se\/en\/wp-json\/wp\/v2\/pages\/1299\/revisions"}],"predecessor-version":[{"id":4189,"href":"https:\/\/westmanska.se\/en\/wp-json\/wp\/v2\/pages\/1299\/revisions\/4189"}],"up":[{"embeddable":true,"href":"https:\/\/westmanska.se\/en\/wp-json\/wp\/v2\/pages\/1141"}],"wp:attachment":[{"href":"https:\/\/westmanska.se\/en\/wp-json\/wp\/v2\/media?parent=1299"}],"curies":[{"name":"wp","href":"https:\/\/api.w.org\/{rel}","templated":true}]}}