{"id":1298,"date":"2025-07-28T13:31:37","date_gmt":"2025-07-28T13:31:37","guid":{"rendered":"https:\/\/yellow-gazelle-403867.hostingersite.com\/?page_id=1298"},"modified":"2026-01-23T14:26:12","modified_gmt":"2026-01-23T14:26:12","slug":"konferens-norrtull","status":"publish","type":"page","link":"https:\/\/westmanska.se\/en\/ort\/konferens-norrtull\/","title":{"rendered":"Konferens-norrtull"},"content":{"rendered":"<div data-elementor-type=\"wp-post\" data-elementor-id=\"1298\" class=\"elementor elementor-1298\" data-elementor-post-type=\"page\">\n\t\t\t\t<div class=\"elementor-element elementor-element-1d76f06 e-flex e-con-boxed e-con e-parent\" data-id=\"1d76f06\" data-element_type=\"container\" data-settings=\"{&quot;background_background&quot;:&quot;classic&quot;}\">\n\t\t\t\t\t<div class=\"e-con-inner\">\n\t\t\t\t<div class=\"elementor-element elementor-element-4ee40e6 elementor-widget elementor-widget-heading\" data-id=\"4ee40e6\" data-element_type=\"widget\" data-widget_type=\"heading.default\">\n\t\t\t\t\t<h1 class=\"elementor-heading-title elementor-size-default\">Conference Norrtull\n<\/h1>\t\t\t\t<\/div>\n\t\t\t\t\t<\/div>\n\t\t\t\t<\/div>\n\t\t<div class=\"elementor-element elementor-element-0d9bce2 e-con-full e-flex e-con e-parent\" data-id=\"0d9bce2\" data-element_type=\"container\" data-settings=\"{&quot;background_background&quot;:&quot;gradient&quot;}\">\n\t\t<div class=\"elementor-element elementor-element-813d44e e-con-full e-flex e-con e-child\" data-id=\"813d44e\" data-element_type=\"container\">\n\t\t\t\t<div class=\"elementor-element elementor-element-e4f3563 elementor-widget elementor-widget-heading\" data-id=\"e4f3563\" data-element_type=\"widget\" data-widget_type=\"heading.default\">\n\t\t\t\t\t<h2 class=\"elementor-heading-title elementor-size-default\">Conference Norrtull<\/h2>\t\t\t\t<\/div>\n\t\t\t\t<div class=\"elementor-element elementor-element-32879e6 elementor-widget elementor-widget-text-editor\" data-id=\"32879e6\" data-element_type=\"widget\" data-widget_type=\"text-editor.default\">\n\t\t\t\t\t\t\t\t\t<p class=\"framer-text framer-styles-preset-g3t3gs\"><strong class=\"framer-text\">Conference Norrtull:<\/strong>\u00a0Is Norrtull the decisive criterion for your choice of conference centre in Stockholm for your next day conference?<br class=\"framer-text\" \/>Otherwise, we invite you to discover the Westman Palace, in the neighbourhood of Adolf Fredrik's Church.<br class=\"framer-text\" \/>We offer you a first-class conference centre in the heart of Stockholm.<br class=\"framer-text\" \/>Welcome to the programme!<\/p>\t\t\t\t\t\t\t\t<\/div>\n\t\t\t\t<div class=\"elementor-element elementor-element-e24f7d5 elementor-widget elementor-widget-heading\" data-id=\"e24f7d5\" data-element_type=\"widget\" data-widget_type=\"heading.default\">\n\t\t\t\t\t<h2 class=\"elementor-heading-title elementor-size-default\">Conference rooms in Norrmalm for businesses from Norrtull\n<\/h2>\t\t\t\t<\/div>\n\t\t\t\t<div class=\"elementor-element elementor-element-eb12356 elementor-widget elementor-widget-text-editor\" data-id=\"eb12356\" data-element_type=\"widget\" data-widget_type=\"text-editor.default\">\n\t\t\t\t\t\t\t\t\t<p class=\"framer-text framer-styles-preset-g3t3gs\">Over the years, we have had many pleasant conference guests in our wonderful conference rooms here in northern Norrmalm.<br class=\"framer-text\" \/>Companies, authorities, organisations etc. from Norrtull as well as the rest of Stockholm and the surrounding area.<br class=\"framer-text\" \/>Several of our guests have enjoyed their stay with us so much that they have since returned to us for new conferences.<br class=\"framer-text\" \/>So why not do what these companies and organisations have already done and contact us to discuss your next day conference?<\/p><p class=\"framer-text framer-styles-preset-g3t3gs\">We offer you:<\/p><ul class=\"framer-text\"><li class=\"framer-text framer-styles-preset-g3t3gs\" data-preset-tag=\"p\"><p class=\"framer-text framer-styles-preset-g3t3gs\">A first-class conference centre, in an attractive location, in the heart of Stockholm.<\/p><\/li><li class=\"framer-text framer-styles-preset-g3t3gs\" data-preset-tag=\"p\"><p class=\"framer-text framer-styles-preset-g3t3gs\">A well-reputed restaurant, Restaurant Westman, directly adjacent to the conference rooms.<\/p><\/li><li class=\"framer-text framer-styles-preset-g3t3gs\" data-preset-tag=\"p\"><p class=\"framer-text framer-styles-preset-g3t3gs\">Catering on a completely different level than most other conference facilities can offer.<\/p><\/li><li class=\"framer-text framer-styles-preset-g3t3gs\" data-preset-tag=\"p\"><p class=\"framer-text framer-styles-preset-g3t3gs\">Comfortable conference rooms, with the latest technology, easily customised to your needs.<\/p><\/li><li class=\"framer-text framer-styles-preset-g3t3gs\" data-preset-tag=\"p\"><p class=\"framer-text framer-styles-preset-g3t3gs\">Flexible furnishing in most rooms.<\/p><\/li><li class=\"framer-text framer-styles-preset-g3t3gs\" data-preset-tag=\"p\"><p class=\"framer-text framer-styles-preset-g3t3gs\">Top level service with wonderful conference hosts.<\/p><\/li><li class=\"framer-text framer-styles-preset-g3t3gs\" data-preset-tag=\"p\"><p class=\"framer-text framer-styles-preset-g3t3gs\">Conference in a lovely and inspiring historical environment in the centre of Norrmalm.<\/p><\/li><\/ul><p class=\"framer-text framer-styles-preset-g3t3gs\">Westmanska Palatset offers a rich, historic setting for conferences. Built in 1799-1800, the palace has a rich and fascinating history, which you can read more about here.<\/p>\t\t\t\t\t\t\t\t<\/div>\n\t\t\t\t<div class=\"elementor-element elementor-element-9b9d9d3 elementor-widget elementor-widget-heading\" data-id=\"9b9d9d3\" data-element_type=\"widget\" data-widget_type=\"heading.default\">\n\t\t\t\t\t<h2 class=\"elementor-heading-title elementor-size-default\">Conference lunches for businesses from Norrtull\n<\/h2>\t\t\t\t<\/div>\n\t\t\t\t<div class=\"elementor-element elementor-element-9d12afa elementor-widget elementor-widget-text-editor\" data-id=\"9d12afa\" data-element_type=\"widget\" data-widget_type=\"text-editor.default\">\n\t\t\t\t\t\t\t\t\t<p class=\"framer-text framer-styles-preset-g3t3gs\">Thanks to the renowned Restaurant Westman, which is located directly adjacent to our conference rooms, we can also offer our conference guests catering at a level few other conference facilities can match.<\/p><p class=\"framer-text framer-styles-preset-g3t3gs\">We offer:<\/p><ul class=\"framer-text\"><li class=\"framer-text framer-styles-preset-g3t3gs\" data-preset-tag=\"p\"><p class=\"framer-text framer-styles-preset-g3t3gs\">Business and conference lunches<\/p><\/li><li class=\"framer-text framer-styles-preset-g3t3gs\" data-preset-tag=\"p\"><p class=\"framer-text framer-styles-preset-g3t3gs\">Three-course dinners<\/p><\/li><\/ul><p class=\"framer-text framer-styles-preset-g3t3gs\">And we guarantee that our chefs will make sure to satisfy your taste buds!<\/p>\t\t\t\t\t\t\t\t<\/div>\n\t\t\t\t<div class=\"elementor-element elementor-element-00de238 elementor-widget elementor-widget-heading\" data-id=\"00de238\" data-element_type=\"widget\" data-widget_type=\"heading.default\">\n\t\t\t\t\t<h2 class=\"elementor-heading-title elementor-size-default\">Conference room Norrtull: Looking for a venue for your next day conference in Stockholm?\n<\/h2>\t\t\t\t<\/div>\n\t\t\t\t<div class=\"elementor-element elementor-element-6770565 elementor-widget elementor-widget-text-editor\" data-id=\"6770565\" data-element_type=\"widget\" data-widget_type=\"text-editor.default\">\n\t\t\t\t\t\t\t\t\t<p class=\"framer-text framer-styles-preset-g3t3gs\">Just a few minutes' walk from the H\u00f6torget and R\u00e5dmansgatan metro stations are our representative conference rooms.<br class=\"framer-text\" \/>The same also applies from the new Stockholm City commuter train station.<br class=\"framer-text\" \/>Our rooms are modern and fresh, most of them have flexible furnishing options to suit your needs.<br class=\"framer-text\" \/>Our smallest conference room can accommodate up to eight people, the largest up to 140 people.<br class=\"framer-text\" \/>Most of our rooms have flexible furnishings, so whatever type of event you have in mind, we can meet your requirements for furnishing your conference room.<br class=\"framer-text\" \/>The rooms are, of course, equipped with all the latest technology needed to organise a successful conference.<\/p>\t\t\t\t\t\t\t\t<\/div>\n\t\t\t\t<div class=\"elementor-element elementor-element-dcf1bfd elementor-widget elementor-widget-heading\" data-id=\"dcf1bfd\" data-element_type=\"widget\" data-widget_type=\"heading.default\">\n\t\t\t\t\t<h2 class=\"elementor-heading-title elementor-size-default\">Conference venue Norrtull: Book a conference in the heart of Stockholm!\n<\/h2>\t\t\t\t<\/div>\n\t\t\t\t<div class=\"elementor-element elementor-element-a6fdec7 elementor-widget elementor-widget-text-editor\" data-id=\"a6fdec7\" data-element_type=\"widget\" data-widget_type=\"text-editor.default\">\n\t\t\t\t\t\t\t\t\t<p class=\"framer-text framer-styles-preset-g3t3gs\">Our conference centre is located in the heart of Stockholm City, between Adolf Fredriks Kyrka and Drottninggatan.<br class=\"framer-text\" \/>How much more central can it get?<br class=\"framer-text\" \/>We offer modern and cosy conference and meeting rooms, for all occasions, for all types of corporate events.<br class=\"framer-text\" \/>If you are looking for affordable conference rooms for day conferences or industry days in the heart of Stockholm, we offer complete solutions for a successful event.<br class=\"framer-text\" \/>For those travelling by public transport, it is within easy walking distance of H\u00f6torget and R\u00e5dmansgatan metro stations.<br class=\"framer-text\" \/>We are also within walking distance of the new commuter train station Stockholm City and from there it is only a stone's throw to Stockholm Central, with long-distance trains and Arlanda Express, which makes us easily accessible even for conference guests from the rest of the country.<br class=\"framer-text\" \/>At Westmanska Palatset, you are truly conferencing in the heart of Stockholm.<br class=\"framer-text\" \/>Welcome to book your next conference with us!<\/p>\t\t\t\t\t\t\t\t<\/div>\n\t\t\t\t<div class=\"elementor-element elementor-element-5761dcb elementor-widget elementor-widget-heading\" data-id=\"5761dcb\" data-element_type=\"widget\" data-widget_type=\"heading.default\">\n\t\t\t\t\t<h2 class=\"elementor-heading-title elementor-size-default\">Conference venue Norrtull: Book a conference in the heart of Stockholm!\n<\/h2>\t\t\t\t<\/div>\n\t\t\t\t<div class=\"elementor-element elementor-element-6945622 elementor-widget elementor-widget-text-editor\" data-id=\"6945622\" data-element_type=\"widget\" data-widget_type=\"text-editor.default\">\n\t\t\t\t\t\t\t\t\t<p class=\"framer-text framer-styles-preset-g3t3gs\">Our goal is to give you the best conference experience possible.<br class=\"framer-text\" \/>Welcome to Westmanska Palatset next time you are looking for conference Norrtull.<\/p>\t\t\t\t\t\t\t\t<\/div>\n\t\t\t\t<div class=\"elementor-element elementor-element-43fe20d elementor-widget elementor-widget-image\" data-id=\"43fe20d\" data-element_type=\"widget\" data-widget_type=\"image.default\">\n\t\t\t\t\t\t\t\t\t\t\t\t\t\t\t<img fetchpriority=\"high\" decoding=\"async\" width=\"800\" height=\"300\" src=\"https:\/\/westmanska.se\/wp-content\/uploads\/2025\/07\/R3jl10YwecvNjvTBJoHE5Li9WBc-1024x384.webp\" class=\"attachment-large size-large wp-image-1368\" alt=\"\" srcset=\"https:\/\/westmanska.se\/wp-content\/uploads\/2025\/07\/R3jl10YwecvNjvTBJoHE5Li9WBc-1024x384.webp 1024w, https:\/\/westmanska.se\/wp-content\/uploads\/2025\/07\/R3jl10YwecvNjvTBJoHE5Li9WBc-300x113.webp 300w, https:\/\/westmanska.se\/wp-content\/uploads\/2025\/07\/R3jl10YwecvNjvTBJoHE5Li9WBc-768x288.webp 768w, https:\/\/westmanska.se\/wp-content\/uploads\/2025\/07\/R3jl10YwecvNjvTBJoHE5Li9WBc-1536x576.webp 1536w, https:\/\/westmanska.se\/wp-content\/uploads\/2025\/07\/R3jl10YwecvNjvTBJoHE5Li9WBc.webp 1600w\" sizes=\"(max-width: 800px) 100vw, 800px\" \/>\t\t\t\t\t\t\t\t\t\t\t\t\t\t\t<\/div>\n\t\t\t\t<\/div>\n\t\t\t\t<\/div>\n\t\t<div class=\"elementor-element elementor-element-b060da7 e-flex e-con-boxed e-con e-parent\" data-id=\"b060da7\" data-element_type=\"container\">\n\t\t\t\t\t<div class=\"e-con-inner\">\n\t\t\t\t<div class=\"elementor-element elementor-element-aeb820b elementor-widget elementor-widget-heading\" data-id=\"aeb820b\" data-element_type=\"widget\" data-widget_type=\"heading.default\">\n\t\t\t\t\t<h2 class=\"elementor-heading-title elementor-size-default\">Book your stay<\/h2>\t\t\t\t<\/div>\n\t\t\t\t\t<\/div>\n\t\t\t\t<\/div>\n\t\t\t\t<\/div>","protected":false},"excerpt":{"rendered":"<p>Konferens Norrtull Konferens Norrtull Konferens Norrtull:\u00a0\u00c4r det just Norrtull som \u00e4r det avg\u00f6rande kriteriet f\u00f6r ditt val av konferensanl\u00e4ggning i Stockholm inf\u00f6r er n\u00e4sta dagkonferens?I annat fall inbjuder vi dig att uppt\u00e4cka Westmanska Palatset, i kvarteret intill Adolf Fredriks Kyrka.Vi erbjuder dig en f\u00f6rstklassig konferensanl\u00e4ggning i hj\u00e4rtat av Stockholm.V\u00e4lkommen! Konferenslokaler i Norrmalm f\u00f6r verksamheter fr\u00e5n [&hellip;]<\/p>","protected":false},"author":1,"featured_media":0,"parent":1141,"menu_order":0,"comment_status":"closed","ping_status":"closed","template":"","meta":{"footnotes":""},"class_list":["post-1298","page","type-page","status-publish","hentry"],"_links":{"self":[{"href":"https:\/\/westmanska.se\/en\/wp-json\/wp\/v2\/pages\/1298","targetHints":{"allow":["GET"]}}],"collection":[{"href":"https:\/\/westmanska.se\/en\/wp-json\/wp\/v2\/pages"}],"about":[{"href":"https:\/\/westmanska.se\/en\/wp-json\/wp\/v2\/types\/page"}],"author":[{"embeddable":true,"href":"https:\/\/westmanska.se\/en\/wp-json\/wp\/v2\/users\/1"}],"replies":[{"embeddable":true,"href":"https:\/\/westmanska.se\/en\/wp-json\/wp\/v2\/comments?post=1298"}],"version-history":[{"count":13,"href":"https:\/\/westmanska.se\/en\/wp-json\/wp\/v2\/pages\/1298\/revisions"}],"predecessor-version":[{"id":4186,"href":"https:\/\/westmanska.se\/en\/wp-json\/wp\/v2\/pages\/1298\/revisions\/4186"}],"up":[{"embeddable":true,"href":"https:\/\/westmanska.se\/en\/wp-json\/wp\/v2\/pages\/1141"}],"wp:attachment":[{"href":"https:\/\/westmanska.se\/en\/wp-json\/wp\/v2\/media?parent=1298"}],"curies":[{"name":"wp","href":"https:\/\/api.w.org\/{rel}","templated":true}]}}