{"id":1295,"date":"2025-07-28T13:23:48","date_gmt":"2025-07-28T13:23:48","guid":{"rendered":"https:\/\/yellow-gazelle-403867.hostingersite.com\/?page_id=1295"},"modified":"2026-01-23T14:25:43","modified_gmt":"2026-01-23T14:25:43","slug":"konferens-hotorget","status":"publish","type":"page","link":"https:\/\/westmanska.se\/en\/ort\/konferens-hotorget\/","title":{"rendered":"Konferens-hotorget"},"content":{"rendered":"<div data-elementor-type=\"wp-post\" data-elementor-id=\"1295\" class=\"elementor elementor-1295\" data-elementor-post-type=\"page\">\n\t\t\t\t<div class=\"elementor-element elementor-element-1d76f06 e-flex e-con-boxed e-con e-parent\" data-id=\"1d76f06\" data-element_type=\"container\" data-settings=\"{&quot;background_background&quot;:&quot;classic&quot;}\">\n\t\t\t\t\t<div class=\"e-con-inner\">\n\t\t\t\t<div class=\"elementor-element elementor-element-4ee40e6 elementor-widget elementor-widget-heading\" data-id=\"4ee40e6\" data-element_type=\"widget\" data-widget_type=\"heading.default\">\n\t\t\t\t\t<h1 class=\"elementor-heading-title elementor-size-default\">Party venue S\u00f6dermalm\n<\/h1>\t\t\t\t<\/div>\n\t\t\t\t\t<\/div>\n\t\t\t\t<\/div>\n\t\t<div class=\"elementor-element elementor-element-0d9bce2 e-con-full e-flex e-con e-parent\" data-id=\"0d9bce2\" data-element_type=\"container\" data-settings=\"{&quot;background_background&quot;:&quot;gradient&quot;}\">\n\t\t<div class=\"elementor-element elementor-element-813d44e e-con-full e-flex e-con e-child\" data-id=\"813d44e\" data-element_type=\"container\">\n\t\t\t\t<div class=\"elementor-element elementor-element-e4f3563 elementor-widget elementor-widget-heading\" data-id=\"e4f3563\" data-element_type=\"widget\" data-widget_type=\"heading.default\">\n\t\t\t\t\t<h2 class=\"elementor-heading-title elementor-size-default\">Konferens H\u00f6torget \u2013 Lokaler efter dina behov\n<\/h2>\t\t\t\t<\/div>\n\t\t\t\t<div class=\"elementor-element elementor-element-32879e6 elementor-widget elementor-widget-text-editor\" data-id=\"32879e6\" data-element_type=\"widget\" data-widget_type=\"text-editor.default\">\n\t\t\t\t\t\t\t\t\t<p class=\"framer-text framer-styles-preset-g3t3gs\"><strong class=\"framer-text\">Konferens H\u00f6torget:<\/strong>\u00a0Ett stenkast fr\u00e5n H\u00f6torget finns Westmanska Palatset.<br class=\"framer-text\" \/>En f\u00f6rstklassig konferensanl\u00e4ggning med representativa konferensrum, i ett attraktivt l\u00e4ge p\u00e5 Norrmalm!<br class=\"framer-text\" \/>V\u00e4lkomna att att uppt\u00e4cka Westmanska Palatset!<\/p><p class=\"framer-text framer-styles-preset-g3t3gs\">Here you will find:<\/p><ul class=\"framer-text\"><li class=\"framer-text framer-styles-preset-g3t3gs\" data-preset-tag=\"p\"><p class=\"framer-text framer-styles-preset-g3t3gs\">A first-class conference centre in an attractive location on Norrmalm.<\/p><\/li><li class=\"framer-text framer-styles-preset-g3t3gs\" data-preset-tag=\"p\"><p class=\"framer-text framer-styles-preset-g3t3gs\">Catering on a completely different level than most other conference facilities can offer thanks to the renowned Restaurant Westman directly adjacent to the conference rooms.<\/p><\/li><li class=\"framer-text framer-styles-preset-g3t3gs\" data-preset-tag=\"p\"><p class=\"framer-text framer-styles-preset-g3t3gs\">Modern, fresh conference rooms equipped with the latest technology needed for a conference.<\/p><\/li><li class=\"framer-text framer-styles-preset-g3t3gs\" data-preset-tag=\"p\"><p class=\"framer-text framer-styles-preset-g3t3gs\">Flexible furnishing in most of our conference rooms to meet your needs.<\/p><\/li><li class=\"framer-text framer-styles-preset-g3t3gs\" data-preset-tag=\"p\"><p class=\"framer-text framer-styles-preset-g3t3gs\">Top level service with wonderful conference hosts.<\/p><\/li><li class=\"framer-text framer-styles-preset-g3t3gs\" data-preset-tag=\"p\"><p class=\"framer-text framer-styles-preset-g3t3gs\">Konferens i en h\u00e4rlig och inspirerande historisk milj\u00f6, mitt i hj\u00e4rtat av Stockholm.<\/p><\/li><\/ul><p class=\"framer-text framer-styles-preset-g3t3gs\">V\u00e5ra representativa konferenslokaler finns i kvarteret mellan Drottninggatan och Adolf Fredriks Kyrka, bara n\u00e5gra minuters promenad fr\u00e5n H\u00f6torget.<br class=\"framer-text\" \/>Welcome to the programme!<\/p>\t\t\t\t\t\t\t\t<\/div>\n\t\t\t\t<div class=\"elementor-element elementor-element-e24f7d5 elementor-widget elementor-widget-heading\" data-id=\"e24f7d5\" data-element_type=\"widget\" data-widget_type=\"heading.default\">\n\t\t\t\t\t<h2 class=\"elementor-heading-title elementor-size-default\">Konferenslokaler i Norrmalm f\u00f6r verksamheter fr\u00e5n H\u00f6torget\n<\/h2>\t\t\t\t<\/div>\n\t\t\t\t<div class=\"elementor-element elementor-element-eb12356 elementor-widget elementor-widget-text-editor\" data-id=\"eb12356\" data-element_type=\"widget\" data-widget_type=\"text-editor.default\">\n\t\t\t\t\t\t\t\t\t<p>Over the years, we have had many pleasant conference guests in our conference rooms.<br class=\"framer-text\" \/>Companies, authorities, organisations, etc.<br class=\"framer-text\" \/>Many of them have enjoyed their time with us so much that they have since returned for new conferences.<br class=\"framer-text\" \/>So why not do what they have already done?<br class=\"framer-text\" \/>Contact us to discuss what you need to make your next day conference or industry day a success!<br class=\"framer-text\" \/>Westmanska Palatset, built in 1799-1800, offers a rich and inspiring historical setting for conferences.<br class=\"framer-text\" \/>The palace has a rich and varied history, which you can read more about here.<\/p>\t\t\t\t\t\t\t\t<\/div>\n\t\t\t\t<div class=\"elementor-element elementor-element-9b9d9d3 elementor-widget elementor-widget-heading\" data-id=\"9b9d9d3\" data-element_type=\"widget\" data-widget_type=\"heading.default\">\n\t\t\t\t\t<h2 class=\"elementor-heading-title elementor-size-default\">Konferensrum H\u00f6torget: Boka konferensrum i City f\u00f6r er n\u00e4sta dagkonferens!\n<\/h2>\t\t\t\t<\/div>\n\t\t\t\t<div class=\"elementor-element elementor-element-9d12afa elementor-widget elementor-widget-text-editor\" data-id=\"9d12afa\" data-element_type=\"widget\" data-widget_type=\"text-editor.default\">\n\t\t\t\t\t\t\t\t\t<p class=\"framer-text framer-styles-preset-g3t3gs\">Bara n\u00e5gra minuters promenad fr\u00e5n tunnelbanestation H\u00f6torget finns v\u00e5ra representativa konferensrum.<br class=\"framer-text\" \/>Our rooms are modern and fresh, the environment is ancient and inspiring.<br class=\"framer-text\" \/>Our smallest conference room can accommodate up to eight people, the largest up to 140 people.<br class=\"framer-text\" \/>Most of our rooms have flexible furnishings, to easily adapt to your needs.<br class=\"framer-text\" \/>The rooms are, of course, equipped with the latest technology needed to organise a conference.<\/p>\t\t\t\t\t\t\t\t<\/div>\n\t\t\t\t<div class=\"elementor-element elementor-element-8b3aea7 elementor-widget elementor-widget-heading\" data-id=\"8b3aea7\" data-element_type=\"widget\" data-widget_type=\"heading.default\">\n\t\t\t\t\t<h2 class=\"elementor-heading-title elementor-size-default\">Konferensluncher f\u00f6r verksamheter fr\u00e5n H\u00f6torget\n<\/h2>\t\t\t\t<\/div>\n\t\t\t\t<div class=\"elementor-element elementor-element-09cbfe6 elementor-widget elementor-widget-text-editor\" data-id=\"09cbfe6\" data-element_type=\"widget\" data-widget_type=\"text-editor.default\">\n\t\t\t\t\t\t\t\t\t<p class=\"framer-text framer-styles-preset-g3t3gs\">Our conference centre is located in the heart of Stockholm City, between Adolf Fredriks Kyrka and Drottninggatan.<br class=\"framer-text\" \/>We offer modern and cosy conference and meeting rooms, for all occasions, for all types of corporate events.<br class=\"framer-text\" \/>Om du s\u00f6ker prisv\u00e4rda konferenslokaler f\u00f6r dagkonferenser eller branschdagar n\u00e4rheten av H\u00f6torget s\u00e5 erbjuder vi helhetsl\u00f6sningar f\u00f6r ett lyckat event.<br class=\"framer-text\" \/>At Westmanska Palatset, you are truly conferencing in the heart of Stockholm, close to everything.<br class=\"framer-text\" \/>Welcome to book a conference with us!<\/p>\t\t\t\t\t\t\t\t<\/div>\n\t\t\t\t<div class=\"elementor-element elementor-element-76cca65 elementor-widget elementor-widget-heading\" data-id=\"76cca65\" data-element_type=\"widget\" data-widget_type=\"heading.default\">\n\t\t\t\t\t<h2 class=\"elementor-heading-title elementor-size-default\">Why not hold your next conference with us?\n<\/h2>\t\t\t\t<\/div>\n\t\t\t\t<div class=\"elementor-element elementor-element-b16bb29 elementor-widget elementor-widget-text-editor\" data-id=\"b16bb29\" data-element_type=\"widget\" data-widget_type=\"text-editor.default\">\n\t\t\t\t\t\t\t\t\t<p class=\"framer-text framer-styles-preset-g3t3gs\">Our goal is to give you the best conference experience possible.<br class=\"framer-text\" \/>V\u00e4lkommen till Westmanska Palatset n\u00e4sta g\u00e5ng ni s\u00f6ker konferens H\u00f6torget.<\/p>\t\t\t\t\t\t\t\t<\/div>\n\t\t\t\t<div class=\"elementor-element elementor-element-43fe20d elementor-widget elementor-widget-image\" data-id=\"43fe20d\" data-element_type=\"widget\" data-widget_type=\"image.default\">\n\t\t\t\t\t\t\t\t\t\t\t\t\t\t\t<img fetchpriority=\"high\" decoding=\"async\" width=\"800\" height=\"300\" src=\"https:\/\/westmanska.se\/wp-content\/uploads\/2025\/07\/VnKTNwhbjY5oxaJRZuLFL6QxaE-1024x384.avif\" class=\"attachment-large size-large wp-image-1154\" alt=\"\" srcset=\"https:\/\/westmanska.se\/wp-content\/uploads\/2025\/07\/VnKTNwhbjY5oxaJRZuLFL6QxaE-1024x384.avif 1024w, https:\/\/westmanska.se\/wp-content\/uploads\/2025\/07\/VnKTNwhbjY5oxaJRZuLFL6QxaE-300x113.avif 300w, https:\/\/westmanska.se\/wp-content\/uploads\/2025\/07\/VnKTNwhbjY5oxaJRZuLFL6QxaE-768x288.avif 768w, https:\/\/westmanska.se\/wp-content\/uploads\/2025\/07\/VnKTNwhbjY5oxaJRZuLFL6QxaE-1536x576.avif 1536w, https:\/\/westmanska.se\/wp-content\/uploads\/2025\/07\/VnKTNwhbjY5oxaJRZuLFL6QxaE.avif 1600w\" sizes=\"(max-width: 800px) 100vw, 800px\" \/>\t\t\t\t\t\t\t\t\t\t\t\t\t\t\t<\/div>\n\t\t\t\t<\/div>\n\t\t\t\t<\/div>\n\t\t<div class=\"elementor-element elementor-element-b060da7 e-flex e-con-boxed e-con e-parent\" data-id=\"b060da7\" data-element_type=\"container\">\n\t\t\t\t\t<div class=\"e-con-inner\">\n\t\t\t\t<div class=\"elementor-element elementor-element-aeb820b elementor-widget elementor-widget-heading\" data-id=\"aeb820b\" data-element_type=\"widget\" data-widget_type=\"heading.default\">\n\t\t\t\t\t<h2 class=\"elementor-heading-title elementor-size-default\">Book your stay<\/h2>\t\t\t\t<\/div>\n\t\t\t\t\t<\/div>\n\t\t\t\t<\/div>\n\t\t\t\t<\/div>","protected":false},"excerpt":{"rendered":"<p>Festlokal S\u00f6dermalm Konferens H\u00f6torget \u2013 Lokaler efter dina behov Konferens H\u00f6torget:\u00a0Ett stenkast fr\u00e5n H\u00f6torget finns Westmanska Palatset.En f\u00f6rstklassig konferensanl\u00e4ggning med representativa konferensrum, i ett attraktivt l\u00e4ge p\u00e5 Norrmalm!V\u00e4lkomna att att uppt\u00e4cka Westmanska Palatset! H\u00e4r finner du: En f\u00f6rstklassig konferensanl\u00e4ggning i ett attraktiv l\u00e4ge p\u00e5 Norrmalm. F\u00f6rt\u00e4ring p\u00e5 en helt annan niv\u00e5 \u00e4n de flesta andra [&hellip;]<\/p>","protected":false},"author":1,"featured_media":0,"parent":1141,"menu_order":0,"comment_status":"closed","ping_status":"closed","template":"","meta":{"footnotes":""},"class_list":["post-1295","page","type-page","status-publish","hentry"],"_links":{"self":[{"href":"https:\/\/westmanska.se\/en\/wp-json\/wp\/v2\/pages\/1295","targetHints":{"allow":["GET"]}}],"collection":[{"href":"https:\/\/westmanska.se\/en\/wp-json\/wp\/v2\/pages"}],"about":[{"href":"https:\/\/westmanska.se\/en\/wp-json\/wp\/v2\/types\/page"}],"author":[{"embeddable":true,"href":"https:\/\/westmanska.se\/en\/wp-json\/wp\/v2\/users\/1"}],"replies":[{"embeddable":true,"href":"https:\/\/westmanska.se\/en\/wp-json\/wp\/v2\/comments?post=1295"}],"version-history":[{"count":13,"href":"https:\/\/westmanska.se\/en\/wp-json\/wp\/v2\/pages\/1295\/revisions"}],"predecessor-version":[{"id":4180,"href":"https:\/\/westmanska.se\/en\/wp-json\/wp\/v2\/pages\/1295\/revisions\/4180"}],"up":[{"embeddable":true,"href":"https:\/\/westmanska.se\/en\/wp-json\/wp\/v2\/pages\/1141"}],"wp:attachment":[{"href":"https:\/\/westmanska.se\/en\/wp-json\/wp\/v2\/media?parent=1295"}],"curies":[{"name":"wp","href":"https:\/\/api.w.org\/{rel}","templated":true}]}}