{"id":1283,"date":"2025-07-30T08:33:39","date_gmt":"2025-07-30T08:33:39","guid":{"rendered":"https:\/\/yellow-gazelle-403867.hostingersite.com\/?page_id=1283"},"modified":"2026-01-23T14:30:51","modified_gmt":"2026-01-23T14:30:51","slug":"lunch-sergels-torg","status":"publish","type":"page","link":"https:\/\/westmanska.se\/en\/ort\/lunch-sergels-torg\/","title":{"rendered":"Lunch-sergels-torg"},"content":{"rendered":"<div data-elementor-type=\"wp-post\" data-elementor-id=\"1283\" class=\"elementor elementor-1283\" data-elementor-post-type=\"page\">\n\t\t\t\t<div class=\"elementor-element elementor-element-1d76f06 e-flex e-con-boxed e-con e-parent\" data-id=\"1d76f06\" data-element_type=\"container\" data-settings=\"{&quot;background_background&quot;:&quot;classic&quot;}\">\n\t\t\t\t\t<div class=\"e-con-inner\">\n\t\t\t\t<div class=\"elementor-element elementor-element-4ee40e6 elementor-widget elementor-widget-heading\" data-id=\"4ee40e6\" data-element_type=\"widget\" data-widget_type=\"heading.default\">\n\t\t\t\t\t<h1 class=\"elementor-heading-title elementor-size-default\">Lunch Sergels Torg\n<\/h1>\t\t\t\t<\/div>\n\t\t\t\t\t<\/div>\n\t\t\t\t<\/div>\n\t\t<div class=\"elementor-element elementor-element-0d9bce2 e-con-full e-flex e-con e-parent\" data-id=\"0d9bce2\" data-element_type=\"container\" data-settings=\"{&quot;background_background&quot;:&quot;gradient&quot;}\">\n\t\t<div class=\"elementor-element elementor-element-813d44e e-con-full e-flex e-con e-child\" data-id=\"813d44e\" data-element_type=\"container\">\n\t\t\t\t<div class=\"elementor-element elementor-element-e4f3563 elementor-widget elementor-widget-heading\" data-id=\"e4f3563\" data-element_type=\"widget\" data-widget_type=\"heading.default\">\n\t\t\t\t\t<h2 class=\"elementor-heading-title elementor-size-default\">Lunch Sergels torg? En kulinarisk upplevelse v\u00e4ntar p\u00e5 dig!\n<\/h2>\t\t\t\t<\/div>\n\t\t\t\t<div class=\"elementor-element elementor-element-1ecfa7b elementor-widget elementor-widget-text-editor\" data-id=\"1ecfa7b\" data-element_type=\"widget\" data-widget_type=\"text-editor.default\">\n\t\t\t\t\t\t\t\t\t<p><strong class=\"framer-text\">Lunch Sergels torg<\/strong>Sometimes a central location is perhaps the most important thing when planning a business lunch.<br class=\"framer-text\" \/>Sometimes it is also the quality of the food and a cosy, inspiring environment that is crucial.<br class=\"framer-text\" \/>So why settle for either\/or, when you can have it all in one place?<\/p>\t\t\t\t\t\t\t\t<\/div>\n\t\t\t\t<div class=\"elementor-element elementor-element-f003681 elementor-widget elementor-widget-heading\" data-id=\"f003681\" data-element_type=\"widget\" data-widget_type=\"heading.default\">\n\t\t\t\t\t<h2 class=\"elementor-heading-title elementor-size-default\">Lunch Sergels torg? Vi \u00e4r inte s\u00e5 l\u00e5ngt ifr\u00e5n dig och ditt s\u00e4llskap\n<\/h2>\t\t\t\t<\/div>\n\t\t\t\t<div class=\"elementor-element elementor-element-32879e6 elementor-widget elementor-widget-text-editor\" data-id=\"32879e6\" data-element_type=\"widget\" data-widget_type=\"text-editor.default\">\n\t\t\t\t\t\t\t\t\t<p class=\"framer-text framer-styles-preset-g3t3gs\">Do you want to have a first-class lunch in the centre of Stockholm, preferably within walking distance of the H\u00f6torget and R\u00e5dmansgatan metro stations and also from the new Stockholm City commuter train station?<br class=\"framer-text\" \/>Then you are warmly welcome to Restaurant Westman in Westmanska Palatset!<br class=\"framer-text\" \/>We offer you and your party a well-balanced lunch that is a culinary experience beyond the ordinary.<\/p>\t\t\t\t\t\t\t\t<\/div>\n\t\t\t\t<div class=\"elementor-element elementor-element-e24f7d5 elementor-widget elementor-widget-heading\" data-id=\"e24f7d5\" data-element_type=\"widget\" data-widget_type=\"heading.default\">\n\t\t\t\t\t<h2 class=\"elementor-heading-title elementor-size-default\">Vi ger dig en f\u00f6rstklassig lunch med aff\u00e4rer\n<\/h2>\t\t\t\t<\/div>\n\t\t\t\t<div class=\"elementor-element elementor-element-eb12356 elementor-widget elementor-widget-text-editor\" data-id=\"eb12356\" data-element_type=\"widget\" data-widget_type=\"text-editor.default\">\n\t\t\t\t\t\t\t\t\t<p>The renowned Restaurant Westman in Westmanska Palatset serves first-class lunches in a central location in northern Norrmalm.<br class=\"framer-text\" \/>The lunch is held in a calm and inspiring environment, in a bright and airy room overlooking one of Stockholm's most charming courtyards (with outdoor seating during the summer).<br class=\"framer-text\" \/>Of course, we have plenty of space between the tables in the dining room to give you and your party the privacy you need.<br class=\"framer-text\" \/>The food is both first-class and affordable, and you can of course pay by invoice or card.<\/p>\t\t\t\t\t\t\t\t<\/div>\n\t\t\t\t<div class=\"elementor-element elementor-element-9b9d9d3 elementor-widget elementor-widget-heading\" data-id=\"9b9d9d3\" data-element_type=\"widget\" data-widget_type=\"heading.default\">\n\t\t\t\t\t<h3 class=\"elementor-heading-title elementor-size-default\">Skapa aff\u00e4rer i en underbar milj\u00f6 hos oss p\u00e5 Westmanska Palatset\n<\/h3>\t\t\t\t<\/div>\n\t\t\t\t<div class=\"elementor-element elementor-element-9d12afa elementor-widget elementor-widget-text-editor\" data-id=\"9d12afa\" data-element_type=\"widget\" data-widget_type=\"text-editor.default\">\n\t\t\t\t\t\t\t\t\t<p class=\"framer-text framer-styles-preset-g3t3gs\">Isn't it nice sometimes to leave the office, sit down at a table and have a top-class lunch with clients and\/or colleagues?<br class=\"framer-text\" \/>It depends on the environment being cosy and inspiring so that you and your guests feel comfortable and well looked after, and that the food is first class.<br class=\"framer-text\" \/>I matsalen kommer v\u00e5ra lunchv\u00e4rdar och serveringspersonal att ta v\u00e4l hand om dig och dina g\u00e4ster.<\/p><p class=\"framer-text framer-styles-preset-g3t3gs\">Restaurant Westman lunches as business lunches always include:<\/p><ul class=\"framer-text\"><li class=\"framer-text framer-styles-preset-g3t3gs\" data-preset-tag=\"p\"><p class=\"framer-text framer-styles-preset-g3t3gs\">Salad,<\/p><\/li><li class=\"framer-text framer-styles-preset-g3t3gs\" data-preset-tag=\"p\"><p class=\"framer-text framer-styles-preset-g3t3gs\">Bread\/butter,<\/p><\/li><li class=\"framer-text framer-styles-preset-g3t3gs\" data-preset-tag=\"p\"><p class=\"framer-text framer-styles-preset-g3t3gs\">Light beer\/mineral water,<\/p><\/li><li class=\"framer-text framer-styles-preset-g3t3gs\" data-preset-tag=\"p\"><p class=\"framer-text framer-styles-preset-g3t3gs\">Coffee, tea,<\/p><\/li><li class=\"framer-text framer-styles-preset-g3t3gs\" data-preset-tag=\"p\"><p class=\"framer-text framer-styles-preset-g3t3gs\">Dessert buffet<\/p><\/li><\/ul><p class=\"framer-text framer-styles-preset-g3t3gs\">We always use locally produced, organic and environmentally\/climate certified raw materials as much as possible.<br class=\"framer-text\" \/>Here at Restaurant Westman you always have a table set up, dedicated serving staff and the possibility to pay by invoice or card.<\/p>\t\t\t\t\t\t\t\t<\/div>\n\t\t\t\t<div class=\"elementor-element elementor-element-62c60f9 elementor-widget elementor-widget-heading\" data-id=\"62c60f9\" data-element_type=\"widget\" data-widget_type=\"heading.default\">\n\t\t\t\t\t<h2 class=\"elementor-heading-title elementor-size-default\">Restaurang Westman, ett sj\u00e4lvklart val f\u00f6r dig som t\u00e4nkte boka lunch Sergels torg\n<\/h2>\t\t\t\t<\/div>\n\t\t\t\t<div class=\"elementor-element elementor-element-67bbc40 elementor-widget elementor-widget-text-editor\" data-id=\"67bbc40\" data-element_type=\"widget\" data-widget_type=\"text-editor.default\">\n\t\t\t\t\t\t\t\t\t<p class=\"framer-text framer-styles-preset-g3t3gs\">Vid v\u00e5ra bord har vi haft m\u00e4ngder med n\u00f6jda kunder ifr\u00e5n Sergels torg:<\/p><ul class=\"framer-text\"><li class=\"framer-text framer-styles-preset-g3t3gs\" data-preset-tag=\"p\"><p class=\"framer-text framer-styles-preset-g3t3gs\">Lunchg\u00e4ster fr\u00e5n Sergels torg till Brunkebergstorg<\/p><\/li><li class=\"framer-text framer-styles-preset-g3t3gs\" data-preset-tag=\"p\"><p class=\"framer-text framer-styles-preset-g3t3gs\">Kunder som kommer ifr\u00e5n Sveav\u00e4gen till Vasagatan<\/p><\/li><li class=\"framer-text framer-styles-preset-g3t3gs\" data-preset-tag=\"p\"><p class=\"framer-text framer-styles-preset-g3t3gs\">Lunchg\u00e4ster fr\u00e5n T-Centralen till Centralplan<\/p><\/li><li class=\"framer-text framer-styles-preset-g3t3gs\" data-preset-tag=\"p\"><p class=\"framer-text framer-styles-preset-g3t3gs\">Kunder ifr\u00e5n s\u00e5v\u00e4l Jakobs Torg som Arsenalsgatan<\/p><\/li><\/ul><p class=\"framer-text framer-styles-preset-g3t3gs\">We have also had other satisfied customers from neighbouring districts, such as S\u00f6dermalm, \u00d6stermalm, Vasastan and Kungsholmen.<br class=\"framer-text\" \/>Varmt v\u00e4lkommen att g\u00f6ra dessa kunder s\u00e4llskap h\u00e4r p\u00e5 Restaurang Westman i Westmanska Palatset h\u00e4rn\u00e4st du vill boka lunch Sergels torg!<\/p>\t\t\t\t\t\t\t\t<\/div>\n\t\t\t\t<div class=\"elementor-element elementor-element-43fe20d elementor-widget elementor-widget-image\" data-id=\"43fe20d\" data-element_type=\"widget\" data-widget_type=\"image.default\">\n\t\t\t\t\t\t\t\t\t\t\t\t\t\t\t<img fetchpriority=\"high\" decoding=\"async\" width=\"800\" height=\"300\" src=\"https:\/\/westmanska.se\/wp-content\/uploads\/2025\/07\/6W80oIrlrPUrDlbMuR5TSv0LqE-1024x384.avif\" class=\"attachment-large size-large wp-image-1213\" alt=\"\" srcset=\"https:\/\/westmanska.se\/wp-content\/uploads\/2025\/07\/6W80oIrlrPUrDlbMuR5TSv0LqE-1024x384.avif 1024w, https:\/\/westmanska.se\/wp-content\/uploads\/2025\/07\/6W80oIrlrPUrDlbMuR5TSv0LqE-300x113.avif 300w, https:\/\/westmanska.se\/wp-content\/uploads\/2025\/07\/6W80oIrlrPUrDlbMuR5TSv0LqE-768x288.avif 768w, https:\/\/westmanska.se\/wp-content\/uploads\/2025\/07\/6W80oIrlrPUrDlbMuR5TSv0LqE-1536x576.avif 1536w, https:\/\/westmanska.se\/wp-content\/uploads\/2025\/07\/6W80oIrlrPUrDlbMuR5TSv0LqE.avif 1600w\" sizes=\"(max-width: 800px) 100vw, 800px\" \/>\t\t\t\t\t\t\t\t\t\t\t\t\t\t\t<\/div>\n\t\t\t\t<\/div>\n\t\t\t\t<\/div>\n\t\t<div class=\"elementor-element elementor-element-b060da7 e-flex e-con-boxed e-con e-parent\" data-id=\"b060da7\" data-element_type=\"container\">\n\t\t\t\t\t<div class=\"e-con-inner\">\n\t\t\t\t<div class=\"elementor-element elementor-element-aeb820b elementor-widget elementor-widget-heading\" data-id=\"aeb820b\" data-element_type=\"widget\" data-widget_type=\"heading.default\">\n\t\t\t\t\t<h2 class=\"elementor-heading-title elementor-size-default\">Book your stay<\/h2>\t\t\t\t<\/div>\n\t\t\t\t\t<\/div>\n\t\t\t\t<\/div>\n\t\t\t\t<\/div>","protected":false},"excerpt":{"rendered":"<p>Lunch Sergels Torg Lunch Sergels torg? En kulinarisk upplevelse v\u00e4ntar p\u00e5 dig! Lunch Sergels torg, ibland \u00e4r kanske ett centralt l\u00e4ge som \u00e4r det viktigaste n\u00e4r du planerar en lunch med aff\u00e4rss\u00e4llskap.Ibland \u00e4r det ocks\u00e5 kvalit\u00e9n p\u00e5 maten och en trivsam, inspirerande milj\u00f6 som \u00e4r det avg\u00f6rande.S\u00e5 varf\u00f6r n\u00f6ja sig med antingen eller, n\u00e4r du [&hellip;]<\/p>","protected":false},"author":1,"featured_media":0,"parent":1141,"menu_order":0,"comment_status":"closed","ping_status":"closed","template":"","meta":{"footnotes":""},"class_list":["post-1283","page","type-page","status-publish","hentry"],"_links":{"self":[{"href":"https:\/\/westmanska.se\/en\/wp-json\/wp\/v2\/pages\/1283","targetHints":{"allow":["GET"]}}],"collection":[{"href":"https:\/\/westmanska.se\/en\/wp-json\/wp\/v2\/pages"}],"about":[{"href":"https:\/\/westmanska.se\/en\/wp-json\/wp\/v2\/types\/page"}],"author":[{"embeddable":true,"href":"https:\/\/westmanska.se\/en\/wp-json\/wp\/v2\/users\/1"}],"replies":[{"embeddable":true,"href":"https:\/\/westmanska.se\/en\/wp-json\/wp\/v2\/comments?post=1283"}],"version-history":[{"count":13,"href":"https:\/\/westmanska.se\/en\/wp-json\/wp\/v2\/pages\/1283\/revisions"}],"predecessor-version":[{"id":4255,"href":"https:\/\/westmanska.se\/en\/wp-json\/wp\/v2\/pages\/1283\/revisions\/4255"}],"up":[{"embeddable":true,"href":"https:\/\/westmanska.se\/en\/wp-json\/wp\/v2\/pages\/1141"}],"wp:attachment":[{"href":"https:\/\/westmanska.se\/en\/wp-json\/wp\/v2\/media?parent=1283"}],"curies":[{"name":"wp","href":"https:\/\/api.w.org\/{rel}","templated":true}]}}