{"id":1279,"date":"2025-07-30T09:03:28","date_gmt":"2025-07-30T09:03:28","guid":{"rendered":"https:\/\/yellow-gazelle-403867.hostingersite.com\/?page_id=1279"},"modified":"2026-01-23T14:31:48","modified_gmt":"2026-01-23T14:31:48","slug":"moteslokal-stockholm","status":"publish","type":"page","link":"https:\/\/westmanska.se\/en\/ort\/moteslokal-stockholm\/","title":{"rendered":"M\u00f6teslokal-stockholm"},"content":{"rendered":"<div data-elementor-type=\"wp-post\" data-elementor-id=\"1279\" class=\"elementor elementor-1279\" data-elementor-post-type=\"page\">\n\t\t\t\t<div class=\"elementor-element elementor-element-1d76f06 e-flex e-con-boxed e-con e-parent\" data-id=\"1d76f06\" data-element_type=\"container\" data-settings=\"{&quot;background_background&quot;:&quot;classic&quot;}\">\n\t\t\t\t\t<div class=\"e-con-inner\">\n\t\t\t\t<div class=\"elementor-element elementor-element-4ee40e6 elementor-widget elementor-widget-heading\" data-id=\"4ee40e6\" data-element_type=\"widget\" data-widget_type=\"heading.default\">\n\t\t\t\t\t<h1 class=\"elementor-heading-title elementor-size-default\">Meeting Venue Stockholm Meeting Venue &amp; Meeting Rooms Stockholm\n<\/h1>\t\t\t\t<\/div>\n\t\t\t\t\t<\/div>\n\t\t\t\t<\/div>\n\t\t<div class=\"elementor-element elementor-element-0d9bce2 e-con-full e-flex e-con e-parent\" data-id=\"0d9bce2\" data-element_type=\"container\" data-settings=\"{&quot;background_background&quot;:&quot;gradient&quot;}\">\n\t\t<div class=\"elementor-element elementor-element-813d44e e-con-full e-flex e-con e-child\" data-id=\"813d44e\" data-element_type=\"container\">\n\t\t\t\t<div class=\"elementor-element elementor-element-1ecfa7b elementor-widget elementor-widget-text-editor\" data-id=\"1ecfa7b\" data-element_type=\"widget\" data-widget_type=\"text-editor.default\">\n\t\t\t\t\t\t\t\t\t<p>Meeting rooms at At Westmanska in Stockholm City are more than just ordinary rooms for you as a conference booker. We have rooms for the short, quick meeting to longer conferences in the centre of Stockholm City that are at your disposal with conference hosts who really know what genuine and good service means.<\/p>\t\t\t\t\t\t\t\t<\/div>\n\t\t\t\t<div class=\"elementor-element elementor-element-e4f3563 elementor-widget elementor-widget-heading\" data-id=\"e4f3563\" data-element_type=\"widget\" data-widget_type=\"heading.default\">\n\t\t\t\t\t<h2 class=\"elementor-heading-title elementor-size-default\">Meeting rooms in a quiet environment in the centre of Stockholm\n<\/h2>\t\t\t\t<\/div>\n\t\t\t\t<div class=\"elementor-element elementor-element-32879e6 elementor-widget elementor-widget-text-editor\" data-id=\"32879e6\" data-element_type=\"widget\" data-widget_type=\"text-editor.default\">\n\t\t\t\t\t\t\t\t\t<p class=\"framer-text framer-styles-preset-g3t3gs\">Meeting rooms Stockholm City that are suitable for all types of meetings or conferences such as:<\/p><ul class=\"framer-text\"><li class=\"framer-text framer-styles-preset-g3t3gs\" data-preset-tag=\"p\"><p class=\"framer-text framer-styles-preset-g3t3gs\">Simple and quick conference for a small group.<\/p><\/li><li class=\"framer-text framer-styles-preset-g3t3gs\" data-preset-tag=\"p\"><p class=\"framer-text framer-styles-preset-g3t3gs\">Staff conference for both small and large organisations with or without external guests.<\/p><\/li><li class=\"framer-text framer-styles-preset-g3t3gs\" data-preset-tag=\"p\"><p class=\"framer-text framer-styles-preset-g3t3gs\">Members' conference for both small and large organisations where our conference hosts help.<\/p><\/li><li class=\"framer-text framer-styles-preset-g3t3gs\" data-preset-tag=\"p\"><p class=\"framer-text framer-styles-preset-g3t3gs\">Retailers' conference with conference hosts to help your visitors find their way.<\/p><\/li><li class=\"framer-text framer-styles-preset-g3t3gs\" data-preset-tag=\"p\"><p class=\"framer-text framer-styles-preset-g3t3gs\">International conferences for further development or product training, where our<br class=\"framer-text\" \/>conference hosts assist your visitors in several languages.<\/p><\/li><li class=\"framer-text framer-styles-preset-g3t3gs\" data-preset-tag=\"p\"><p class=\"framer-text framer-styles-preset-g3t3gs\">Researchers' conference with thematic sessions of continuing education in different venues with efficient conference hosts.<\/p><\/li><li class=\"framer-text framer-styles-preset-g3t3gs\" data-preset-tag=\"p\"><p class=\"framer-text framer-styles-preset-g3t3gs\">Seminars with recurrent conference room needs for their training programmes.<\/p><\/li><li class=\"framer-text framer-styles-preset-g3t3gs\" data-preset-tag=\"p\"><p class=\"framer-text framer-styles-preset-g3t3gs\">Programmes with the right conditions for focused groups.<\/p><\/li><li class=\"framer-text framer-styles-preset-g3t3gs\" data-preset-tag=\"p\"><p class=\"framer-text framer-styles-preset-g3t3gs\">Workshops for both large and small groups with the right focus.<\/p><\/li><li class=\"framer-text framer-styles-preset-g3t3gs\" data-preset-tag=\"p\"><p class=\"framer-text framer-styles-preset-g3t3gs\">Meetings for both small and large groups, we help you find the right environment for your conference.<\/p><\/li><li class=\"framer-text framer-styles-preset-g3t3gs\" data-preset-tag=\"p\"><p class=\"framer-text framer-styles-preset-g3t3gs\">Customer events, you know what you want, we help you with the right venue and the right environment that makes your visitors want more.<\/p><\/li><li class=\"framer-text framer-styles-preset-g3t3gs\" data-preset-tag=\"p\"><p class=\"framer-text framer-styles-preset-g3t3gs\">Mini fairs with easy access in the centre of Stockholm City make it easy to get your visitors to you.<\/p><\/li><\/ul>\t\t\t\t\t\t\t\t<\/div>\n\t\t\t\t<div class=\"elementor-element elementor-element-e24f7d5 elementor-widget elementor-widget-heading\" data-id=\"e24f7d5\" data-element_type=\"widget\" data-widget_type=\"heading.default\">\n\t\t\t\t\t<h2 class=\"elementor-heading-title elementor-size-default\">Book meeting room Stockholm City\n<\/h2>\t\t\t\t<\/div>\n\t\t\t\t<div class=\"elementor-element elementor-element-eb12356 elementor-widget elementor-widget-text-editor\" data-id=\"eb12356\" data-element_type=\"widget\" data-widget_type=\"text-editor.default\">\n\t\t\t\t\t\t\t\t\t<p class=\"framer-text framer-styles-preset-g3t3gs\">Book a meeting room in the centre of Stockholm with us at At Westmanska and you will not be disappointed. We are a conference facility right in the centre of Stockholm that can really offer you a complete package for your next conference or industry day.<\/p><p class=\"framer-text framer-styles-preset-g3t3gs\">Thanks to the adjoining Restaurant Westman, we can also offer top-level catering in addition to the conference rooms. We offer business and conference lunches, as well as three-course dinners. Our star chefs will make sure to satisfy your taste buds in the best possible way.<\/p>\t\t\t\t\t\t\t\t<\/div>\n\t\t\t\t<div class=\"elementor-element elementor-element-9b9d9d3 elementor-widget elementor-widget-heading\" data-id=\"9b9d9d3\" data-element_type=\"widget\" data-widget_type=\"heading.default\">\n\t\t\t\t\t<h2 class=\"elementor-heading-title elementor-size-default\">We stand comparison with other conference centres with meeting rooms\n<\/h2>\t\t\t\t<\/div>\n\t\t\t\t<div class=\"elementor-element elementor-element-9d12afa elementor-widget elementor-widget-text-editor\" data-id=\"9d12afa\" data-element_type=\"widget\" data-widget_type=\"text-editor.default\">\n\t\t\t\t\t\t\t\t\t<p class=\"framer-text framer-styles-preset-g3t3gs\">Wherever we are compared to in conferences in Stockholm, we can certainly be compared to as a conference organiser.<\/p><p class=\"framer-text framer-styles-preset-g3t3gs\">We have carried out conferences and conference services for various companies from all over the Stockholm area, for example:<\/p><ul class=\"framer-text\"><li class=\"framer-text framer-styles-preset-g3t3gs\" data-preset-tag=\"p\"><p class=\"framer-text framer-styles-preset-g3t3gs\">Stockholm city centre with Kungsholmen, Vasastan, Norrmalm, Norrtull, \u00d6stermalm, S\u00f6dermalm, Gamla Stan<\/p><\/li><li class=\"framer-text framer-styles-preset-g3t3gs\" data-preset-tag=\"p\"><p class=\"framer-text framer-styles-preset-g3t3gs\">S\u00f6derort with Bagarmossen, Bandhagen, Enskede, Farsta, H\u00e4gersten, Johanneshov, Skarpn\u00e4ck, Sk\u00e4rholmen, Sk\u00f6ndal, \u00c5rsta, \u00c4lvsj\u00f6<\/p><\/li><li class=\"framer-text framer-styles-preset-g3t3gs\" data-preset-tag=\"p\"><p class=\"framer-text framer-styles-preset-g3t3gs\">Norrort with Bromma, Sollentuna, Solna, Sundbyberg, T\u00e4by, Danderyd, Sp\u00e5nga, J\u00e4rf\u00e4lla, Sigtuna, Upplands V\u00e4sby, Upplands-Bro, Vallentuna, Vaxholm, \u00d6ster\u00e5ker, Norrt\u00e4lje<\/p><\/li><\/ul><p>You are never alone when planning a party or event here at Westmanska. We help you all the way, from start to finish, for a successful party.<br class=\"framer-text\" \/>Our team of service-oriented staff, project managers, event coordinators and chefs are on hand to advise and assist you when needed.<br class=\"framer-text\" \/>Tell us how you want your party to be and we'll organise the rest.<br class=\"framer-text\" \/>A warm welcome to Westmanska Palatset next time your (or yours) search is for party venue S\u00f6dermalm.<\/p>\t\t\t\t\t\t\t\t<\/div>\n\t\t\t\t<div class=\"elementor-element elementor-element-3967c98 elementor-widget elementor-widget-heading\" data-id=\"3967c98\" data-element_type=\"widget\" data-widget_type=\"heading.default\">\n\t\t\t\t\t<h2 class=\"elementor-heading-title elementor-size-default\">All our conference and meeting rooms are equipped with the latest technology\n<\/h2>\t\t\t\t<\/div>\n\t\t\t\t<div class=\"elementor-element elementor-element-8cabe25 elementor-widget elementor-widget-text-editor\" data-id=\"8cabe25\" data-element_type=\"widget\" data-widget_type=\"text-editor.default\">\n\t\t\t\t\t\t\t\t\t<ul class=\"framer-text\"><li class=\"framer-text framer-styles-preset-g3t3gs\" data-preset-tag=\"p\"><p class=\"framer-text framer-styles-preset-g3t3gs\">We have excellent and efficient conference hosts with a talent for languages.<\/p><\/li><li class=\"framer-text framer-styles-preset-g3t3gs\" data-preset-tag=\"p\"><p class=\"framer-text framer-styles-preset-g3t3gs\">We have conference rooms with different combinations and possibilities.<\/p><\/li><\/ul><p class=\"framer-text framer-styles-preset-g3t3gs\">We help you simplify the management of your next conference in the best possible way with everything from booking to invitations and venues.<\/p><p class=\"framer-text framer-styles-preset-g3t3gs\">Welcome to us for a visit among our meeting rooms and discover what suits you, as your meeting room Stockholm!<\/p>\t\t\t\t\t\t\t\t<\/div>\n\t\t\t\t<div class=\"elementor-element elementor-element-43fe20d elementor-widget elementor-widget-image\" data-id=\"43fe20d\" data-element_type=\"widget\" data-widget_type=\"image.default\">\n\t\t\t\t\t\t\t\t\t\t\t\t\t\t\t<img fetchpriority=\"high\" decoding=\"async\" width=\"800\" height=\"300\" src=\"https:\/\/westmanska.se\/wp-content\/uploads\/2025\/07\/F6aH9XUaLUbo47i6frz8jpZHxQ-1024x384.webp\" class=\"attachment-large size-large wp-image-1483\" alt=\"\" srcset=\"https:\/\/westmanska.se\/wp-content\/uploads\/2025\/07\/F6aH9XUaLUbo47i6frz8jpZHxQ-1024x384.webp 1024w, https:\/\/westmanska.se\/wp-content\/uploads\/2025\/07\/F6aH9XUaLUbo47i6frz8jpZHxQ-300x113.webp 300w, https:\/\/westmanska.se\/wp-content\/uploads\/2025\/07\/F6aH9XUaLUbo47i6frz8jpZHxQ-768x288.webp 768w, https:\/\/westmanska.se\/wp-content\/uploads\/2025\/07\/F6aH9XUaLUbo47i6frz8jpZHxQ-1536x576.webp 1536w, https:\/\/westmanska.se\/wp-content\/uploads\/2025\/07\/F6aH9XUaLUbo47i6frz8jpZHxQ.webp 1600w\" sizes=\"(max-width: 800px) 100vw, 800px\" \/>\t\t\t\t\t\t\t\t\t\t\t\t\t\t\t<\/div>\n\t\t\t\t<\/div>\n\t\t\t\t<\/div>\n\t\t<div class=\"elementor-element elementor-element-b060da7 e-flex e-con-boxed e-con e-parent\" data-id=\"b060da7\" data-element_type=\"container\">\n\t\t\t\t\t<div class=\"e-con-inner\">\n\t\t\t\t<div class=\"elementor-element elementor-element-aeb820b elementor-widget elementor-widget-heading\" data-id=\"aeb820b\" data-element_type=\"widget\" data-widget_type=\"heading.default\">\n\t\t\t\t\t<h2 class=\"elementor-heading-title elementor-size-default\">Book your stay<\/h2>\t\t\t\t<\/div>\n\t\t\t\t\t<\/div>\n\t\t\t\t<\/div>\n\t\t\t\t<\/div>","protected":false},"excerpt":{"rendered":"<p>M\u00f6teslokal Stockholm M\u00f6teslokal &amp; M\u00f6tesrum Stockholm M\u00f6teslokaler och m\u00f6tesrum\u00a0p\u00e5 At Westmanska i Stockholm City \u00e4r mer \u00e4n bara vanlig lokaler f\u00f6r dig som konferensbokare. Vi har lokaler f\u00f6r det korta, snabba m\u00f6tet till l\u00e4ngre konferens mitt i Stockholms City som \u00e4r till ditt f\u00f6rfogande med konferensv\u00e4rdar som verkligen vet vad \u00e4kta och bra service inneb\u00e4r. [&hellip;]<\/p>","protected":false},"author":1,"featured_media":0,"parent":1141,"menu_order":0,"comment_status":"closed","ping_status":"closed","template":"","meta":{"footnotes":""},"class_list":["post-1279","page","type-page","status-publish","hentry"],"_links":{"self":[{"href":"https:\/\/westmanska.se\/en\/wp-json\/wp\/v2\/pages\/1279","targetHints":{"allow":["GET"]}}],"collection":[{"href":"https:\/\/westmanska.se\/en\/wp-json\/wp\/v2\/pages"}],"about":[{"href":"https:\/\/westmanska.se\/en\/wp-json\/wp\/v2\/types\/page"}],"author":[{"embeddable":true,"href":"https:\/\/westmanska.se\/en\/wp-json\/wp\/v2\/users\/1"}],"replies":[{"embeddable":true,"href":"https:\/\/westmanska.se\/en\/wp-json\/wp\/v2\/comments?post=1279"}],"version-history":[{"count":16,"href":"https:\/\/westmanska.se\/en\/wp-json\/wp\/v2\/pages\/1279\/revisions"}],"predecessor-version":[{"id":4270,"href":"https:\/\/westmanska.se\/en\/wp-json\/wp\/v2\/pages\/1279\/revisions\/4270"}],"up":[{"embeddable":true,"href":"https:\/\/westmanska.se\/en\/wp-json\/wp\/v2\/pages\/1141"}],"wp:attachment":[{"href":"https:\/\/westmanska.se\/en\/wp-json\/wp\/v2\/media?parent=1279"}],"curies":[{"name":"wp","href":"https:\/\/api.w.org\/{rel}","templated":true}]}}