{"id":1257,"date":"2025-07-28T12:44:44","date_gmt":"2025-07-28T12:44:44","guid":{"rendered":"https:\/\/yellow-gazelle-403867.hostingersite.com\/?page_id=1257"},"modified":"2026-01-23T14:24:20","modified_gmt":"2026-01-23T14:24:20","slug":"festlokal-stureplan","status":"publish","type":"page","link":"https:\/\/westmanska.se\/en\/ort\/festlokal-stureplan\/","title":{"rendered":"Festlokal-stureplan"},"content":{"rendered":"<div data-elementor-type=\"wp-post\" data-elementor-id=\"1257\" class=\"elementor elementor-1257\" data-elementor-post-type=\"page\">\n\t\t\t\t<div class=\"elementor-element elementor-element-1d76f06 e-flex e-con-boxed e-con e-parent\" data-id=\"1d76f06\" data-element_type=\"container\" data-settings=\"{&quot;background_background&quot;:&quot;classic&quot;}\">\n\t\t\t\t\t<div class=\"e-con-inner\">\n\t\t\t\t<div class=\"elementor-element elementor-element-4ee40e6 elementor-widget elementor-widget-heading\" data-id=\"4ee40e6\" data-element_type=\"widget\" data-widget_type=\"heading.default\">\n\t\t\t\t\t<h1 class=\"elementor-heading-title elementor-size-default\">Party venue Stureplan<\/h1>\t\t\t\t<\/div>\n\t\t\t\t\t<\/div>\n\t\t\t\t<\/div>\n\t\t<div class=\"elementor-element elementor-element-0d9bce2 e-con-full e-flex e-con e-parent\" data-id=\"0d9bce2\" data-element_type=\"container\" data-settings=\"{&quot;background_background&quot;:&quot;gradient&quot;}\">\n\t\t<div class=\"elementor-element elementor-element-813d44e e-con-full e-flex e-con e-child\" data-id=\"813d44e\" data-element_type=\"container\">\n\t\t\t\t<div class=\"elementor-element elementor-element-1ecfa7b elementor-widget elementor-widget-text-editor\" data-id=\"1ecfa7b\" data-element_type=\"widget\" data-widget_type=\"text-editor.default\">\n\t\t\t\t\t\t\t\t\t<p><strong class=\"framer-text\">Party venue Stureplan<\/strong>\u00a0was something that was missing in Stockholm's social life when the Westman Palace was built by Abraham Lorenzon Westman in the late 18th century. Since then, the building has always been a special party place for Stockholmers and Stockholm's social life. Even today, we keep the spirit of that time alive and offer our guests a unique banqueting room here on the Westmanska Palace's historic grounds.<\/p>\t\t\t\t\t\t\t\t<\/div>\n\t\t\t\t<div class=\"elementor-element elementor-element-e4f3563 elementor-widget elementor-widget-heading\" data-id=\"e4f3563\" data-element_type=\"widget\" data-widget_type=\"heading.default\">\n\t\t\t\t\t<h2 class=\"elementor-heading-title elementor-size-default\">Party venues Stureplan suitable for all kinds of events<\/h2>\t\t\t\t<\/div>\n\t\t\t\t<div class=\"elementor-element elementor-element-32879e6 elementor-widget elementor-widget-text-editor\" data-id=\"32879e6\" data-element_type=\"widget\" data-widget_type=\"text-editor.default\">\n\t\t\t\t\t\t\t\t\t<p class=\"framer-text framer-styles-preset-g3t3gs\">You want to organise an exclusive dinner? A mingle? A wedding party? A packed event? A Christmas party perhaps, now that Christmas is approaching, or a company party with 700 invited people or more? No problem! None of this poses any difficulties as we have the party rooms to realise your ideas and wishes.<\/p><p class=\"framer-text framer-styles-preset-g3t3gs\">We offer you:<\/p><ul class=\"framer-text\"><li class=\"framer-text framer-styles-preset-g3t3gs\" data-preset-tag=\"p\"><p class=\"framer-text framer-styles-preset-g3t3gs\">First-class function rooms in an attractive location in Norrmalm.<\/p><\/li><li class=\"framer-text framer-styles-preset-g3t3gs\" data-preset-tag=\"p\"><p class=\"framer-text framer-styles-preset-g3t3gs\">A well-reputed restaurant, Restaurant Westman, directly adjacent to our function rooms (Glassalen, Valvet and Innerg\u00e5rden).<\/p><\/li><li class=\"framer-text framer-styles-preset-g3t3gs\" data-preset-tag=\"p\"><p class=\"framer-text framer-styles-preset-g3t3gs\">Top level service with wonderful hosts.<\/p><\/li><li class=\"framer-text framer-styles-preset-g3t3gs\" data-preset-tag=\"p\"><p class=\"framer-text framer-styles-preset-g3t3gs\">Parties and events in an inviting and inspiring historic setting in the heart of Stockholm.<\/p><\/li><\/ul><p class=\"framer-text framer-styles-preset-g3t3gs\">and the following options:<\/p><ul class=\"framer-text\"><li class=\"framer-text framer-styles-preset-g3t3gs\" data-preset-tag=\"p\"><p class=\"framer-text framer-styles-preset-g3t3gs\">Scene<\/p><\/li><li class=\"framer-text framer-styles-preset-g3t3gs\" data-preset-tag=\"p\"><p class=\"framer-text framer-styles-preset-g3t3gs\">Projector with screen<\/p><\/li><li class=\"framer-text framer-styles-preset-g3t3gs\" data-preset-tag=\"p\"><p class=\"framer-text framer-styles-preset-g3t3gs\">Wireless microphones<\/p><\/li><li class=\"framer-text framer-styles-preset-g3t3gs\" data-preset-tag=\"p\"><p class=\"framer-text framer-styles-preset-g3t3gs\">BOSE sound system<\/p><\/li><li class=\"framer-text framer-styles-preset-g3t3gs\" data-preset-tag=\"p\"><p class=\"framer-text framer-styles-preset-g3t3gs\">Wi-Fi<\/p><\/li><li class=\"framer-text framer-styles-preset-g3t3gs\" data-preset-tag=\"p\"><p class=\"framer-text framer-styles-preset-g3t3gs\">Bar in the courtyard<\/p><\/li><li class=\"framer-text framer-styles-preset-g3t3gs\" data-preset-tag=\"p\"><p class=\"framer-text framer-styles-preset-g3t3gs\">Mobile bars<\/p><\/li><li class=\"framer-text framer-styles-preset-g3t3gs\" data-preset-tag=\"p\"><p class=\"framer-text framer-styles-preset-g3t3gs\">Light rig<\/p><\/li><\/ul><p class=\"framer-text framer-styles-preset-g3t3gs\">You can of course contact us for a tour of our banqueting hall and function rooms if you wish.<\/p>\t\t\t\t\t\t\t\t<\/div>\n\t\t\t\t<div class=\"elementor-element elementor-element-e24f7d5 elementor-widget elementor-widget-heading\" data-id=\"e24f7d5\" data-element_type=\"widget\" data-widget_type=\"heading.default\">\n\t\t\t\t\t<h2 class=\"elementor-heading-title elementor-size-default\">Stureplan banqueting hall: Come to a banqueting hall full of charm!<\/h2>\t\t\t\t<\/div>\n\t\t\t\t<div class=\"elementor-element elementor-element-eb12356 elementor-widget elementor-widget-text-editor\" data-id=\"eb12356\" data-element_type=\"widget\" data-widget_type=\"text-editor.default\">\n\t\t\t\t\t\t\t\t\t<p>Our banqueting hall is perfect for all kinds of parties.<br class=\"framer-text\" \/>Our smallest room, the Glass Hall, can seat up to 80 people and our largest room, the Inner Courtyard, can seat 200 people at tables.<br class=\"framer-text\" \/>With our flexible furnishing options, we can meet all your needs and wishes.<br class=\"framer-text\" \/>Whatever party you have in mind to organise, we can meet your wishes regarding furniture and everything else you may need for a memorable party in our premises.<\/p>\t\t\t\t\t\t\t\t<\/div>\n\t\t\t\t<div class=\"elementor-element elementor-element-9b9d9d3 elementor-widget elementor-widget-heading\" data-id=\"9b9d9d3\" data-element_type=\"widget\" data-widget_type=\"heading.default\">\n\t\t\t\t\t<h2 class=\"elementor-heading-title elementor-size-default\">Why not organise your next party with us?<\/h2>\t\t\t\t<\/div>\n\t\t\t\t<div class=\"elementor-element elementor-element-9d12afa elementor-widget elementor-widget-text-editor\" data-id=\"9d12afa\" data-element_type=\"widget\" data-widget_type=\"text-editor.default\">\n\t\t\t\t\t\t\t\t\t<p>Over the years we have organised a number of memorable parties with guests from <span style=\"color: #ab996f;\"><a class=\"framer-text framer-styles-preset-126j9py\" style=\"color: #ab996f;\" href=\"https:\/\/westmanska.se\/en\/festlokal-stockholm\/\" rel=\"noopener\">Stockholm <\/a><\/span>all corners; neighbourhoods and suburbs, as well as Stockholm city centre. Why not follow their example and organise your party here at Westmanska Palatset? Dance, laugh and have fun until dawn - together with us, your party is guaranteed to be a party that many will remember for a long time.<br class=\"framer-text\" \/>You are never alone when planning a party or event here at Westmanska.<br class=\"framer-text\" \/>We'll help you every step of the way, from start to finish, to make your party a success.<br class=\"framer-text\" \/>Our team of service-oriented staff, project managers, event coordinators and chefs are on hand to advise and assist you when needed.<br class=\"framer-text\" \/>Tell us how you want your party to be and we'll organise the rest.<br class=\"framer-text\" \/>A warm welcome to Westmanska Palatset next time your (or yours) search is for party venue Stureplan.<\/p>\t\t\t\t\t\t\t\t<\/div>\n\t\t\t\t<div class=\"elementor-element elementor-element-43fe20d elementor-widget elementor-widget-image\" data-id=\"43fe20d\" data-element_type=\"widget\" data-widget_type=\"image.default\">\n\t\t\t\t\t\t\t\t\t\t\t\t\t\t\t<img fetchpriority=\"high\" decoding=\"async\" width=\"800\" height=\"300\" src=\"https:\/\/westmanska.se\/wp-content\/uploads\/2025\/07\/ki3FJoX7BthHLKz6HPWNM7cAH0-1-1024x384.avif\" class=\"attachment-large size-large wp-image-1270\" alt=\"\" srcset=\"https:\/\/westmanska.se\/wp-content\/uploads\/2025\/07\/ki3FJoX7BthHLKz6HPWNM7cAH0-1-1024x384.avif 1024w, https:\/\/westmanska.se\/wp-content\/uploads\/2025\/07\/ki3FJoX7BthHLKz6HPWNM7cAH0-1-300x113.avif 300w, https:\/\/westmanska.se\/wp-content\/uploads\/2025\/07\/ki3FJoX7BthHLKz6HPWNM7cAH0-1-768x288.avif 768w, https:\/\/westmanska.se\/wp-content\/uploads\/2025\/07\/ki3FJoX7BthHLKz6HPWNM7cAH0-1-1536x576.avif 1536w, https:\/\/westmanska.se\/wp-content\/uploads\/2025\/07\/ki3FJoX7BthHLKz6HPWNM7cAH0-1.avif 1600w\" sizes=\"(max-width: 800px) 100vw, 800px\" \/>\t\t\t\t\t\t\t\t\t\t\t\t\t\t\t<\/div>\n\t\t\t\t<\/div>\n\t\t\t\t<\/div>\n\t\t<div class=\"elementor-element elementor-element-b060da7 e-flex e-con-boxed e-con e-parent\" data-id=\"b060da7\" data-element_type=\"container\">\n\t\t\t\t\t<div class=\"e-con-inner\">\n\t\t\t\t<div class=\"elementor-element elementor-element-aeb820b elementor-widget elementor-widget-heading\" data-id=\"aeb820b\" data-element_type=\"widget\" data-widget_type=\"heading.default\">\n\t\t\t\t\t<h2 class=\"elementor-heading-title elementor-size-default\">Book your stay<\/h2>\t\t\t\t<\/div>\n\t\t\t\t\t<\/div>\n\t\t\t\t<\/div>\n\t\t\t\t<\/div>","protected":false},"excerpt":{"rendered":"<p>Festlokal Stureplan Festlokal Stureplan\u00a0var n\u00e5gonting som saknades i Stockholms s\u00e4llskapsliv redan n\u00e4r det Westmanska Palatset byggdes av Abraham Lorenzon Westman i slutet av 1700-talet. Byggnaden har sedan dess alltid varit en speciell festplats f\u00f6r Stockholmare och Stockholms s\u00e4llskapsliv. \u00c4n idag h\u00e5ller vi d\u00e5tidens anda uppr\u00e4tt och erbjuder v\u00e5ra g\u00e4ster en unik festv\u00e5ning h\u00e4r p\u00e5 Westmanska [&hellip;]<\/p>","protected":false},"author":1,"featured_media":0,"parent":1141,"menu_order":0,"comment_status":"closed","ping_status":"closed","template":"","meta":{"footnotes":""},"class_list":["post-1257","page","type-page","status-publish","hentry"],"_links":{"self":[{"href":"https:\/\/westmanska.se\/en\/wp-json\/wp\/v2\/pages\/1257","targetHints":{"allow":["GET"]}}],"collection":[{"href":"https:\/\/westmanska.se\/en\/wp-json\/wp\/v2\/pages"}],"about":[{"href":"https:\/\/westmanska.se\/en\/wp-json\/wp\/v2\/types\/page"}],"author":[{"embeddable":true,"href":"https:\/\/westmanska.se\/en\/wp-json\/wp\/v2\/users\/1"}],"replies":[{"embeddable":true,"href":"https:\/\/westmanska.se\/en\/wp-json\/wp\/v2\/comments?post=1257"}],"version-history":[{"count":13,"href":"https:\/\/westmanska.se\/en\/wp-json\/wp\/v2\/pages\/1257\/revisions"}],"predecessor-version":[{"id":4159,"href":"https:\/\/westmanska.se\/en\/wp-json\/wp\/v2\/pages\/1257\/revisions\/4159"}],"up":[{"embeddable":true,"href":"https:\/\/westmanska.se\/en\/wp-json\/wp\/v2\/pages\/1141"}],"wp:attachment":[{"href":"https:\/\/westmanska.se\/en\/wp-json\/wp\/v2\/media?parent=1257"}],"curies":[{"name":"wp","href":"https:\/\/api.w.org\/{rel}","templated":true}]}}