{"id":1217,"date":"2025-07-28T12:24:47","date_gmt":"2025-07-28T12:24:47","guid":{"rendered":"https:\/\/yellow-gazelle-403867.hostingersite.com\/?page_id=1217"},"modified":"2026-01-23T14:22:05","modified_gmt":"2026-01-23T14:22:05","slug":"affarslunch-stockholm","status":"publish","type":"page","link":"https:\/\/westmanska.se\/en\/ort\/affarslunch-stockholm\/","title":{"rendered":"Affarslunch-stockholm"},"content":{"rendered":"<div data-elementor-type=\"wp-post\" data-elementor-id=\"1217\" class=\"elementor elementor-1217\" data-elementor-post-type=\"page\">\n\t\t\t\t<div class=\"elementor-element elementor-element-1d76f06 e-flex e-con-boxed e-con e-parent\" data-id=\"1d76f06\" data-element_type=\"container\" data-settings=\"{&quot;background_background&quot;:&quot;classic&quot;}\">\n\t\t\t\t\t<div class=\"e-con-inner\">\n\t\t\t\t<div class=\"elementor-element elementor-element-4ee40e6 elementor-widget elementor-widget-heading\" data-id=\"4ee40e6\" data-element_type=\"widget\" data-widget_type=\"heading.default\">\n\t\t\t\t\t<h1 class=\"elementor-heading-title elementor-size-default\">Business lunch Stockholm<\/h1>\t\t\t\t<\/div>\n\t\t\t\t\t<\/div>\n\t\t\t\t<\/div>\n\t\t<div class=\"elementor-element elementor-element-0d9bce2 e-con-full e-flex e-con e-parent\" data-id=\"0d9bce2\" data-element_type=\"container\" data-settings=\"{&quot;background_background&quot;:&quot;gradient&quot;}\">\n\t\t<div class=\"elementor-element elementor-element-813d44e e-con-full e-flex e-con e-child\" data-id=\"813d44e\" data-element_type=\"container\">\n\t\t\t\t<div class=\"elementor-element elementor-element-1ecfa7b elementor-widget elementor-widget-text-editor\" data-id=\"1ecfa7b\" data-element_type=\"widget\" data-widget_type=\"text-editor.default\">\n\t\t\t\t\t\t\t\t\t<p><strong class=\"framer-text\">Business lunch Stockholm<\/strong>\u00a0at the renowned Restaurant Westman in Westmanska Palatset will be, we promise, an experience beyond the ordinary!<br class=\"framer-text\" \/>We offer you first-class food, served in a cosy dining room specially designed for business lunches, in the historic setting of the Westman Palace.<br class=\"framer-text\" \/>Here you can sit down with clients and\/or colleagues at a set table and enjoy a first-class business lunch.<br class=\"framer-text\" \/>However, a business lunch is so much more than a pleasant break in the working day.<br class=\"framer-text\" \/>Under the right conditions, it will be both informative and productive, perhaps even the start of a brilliant deal or a long-lasting partnership?<\/p>\t\t\t\t\t\t\t\t<\/div>\n\t\t\t\t<div class=\"elementor-element elementor-element-e4f3563 elementor-widget elementor-widget-heading\" data-id=\"e4f3563\" data-element_type=\"widget\" data-widget_type=\"heading.default\">\n\t\t\t\t\t<h2 class=\"elementor-heading-title elementor-size-default\">Restaurant Westman serves a great business lunch in Stockholm<\/h2>\t\t\t\t<\/div>\n\t\t\t\t<div class=\"elementor-element elementor-element-32879e6 elementor-widget elementor-widget-text-editor\" data-id=\"32879e6\" data-element_type=\"widget\" data-widget_type=\"text-editor.default\">\n\t\t\t\t\t\t\t\t\t<p class=\"framer-text framer-styles-preset-g3t3gs\">Here at Restaurant Westman in Westmanska Palatset, you and your customers and\/or colleagues can meet in a pleasant setting and enjoy a first-class business lunch in a cosy and inspiring environment.<br class=\"framer-text\" \/>Here with us, we serve the business lunch in community, in our dining room which is specially designed for business lunches and which offers a quiet and inspiring environment.<br class=\"framer-text\" \/>And of course, we have airy spaces between the tables to guarantee you and your guests privacy for your business meeting.<br class=\"framer-text\" \/>And our waiters and friendly lunch hosts are ready to take care of you.<\/p><p class=\"framer-text framer-styles-preset-g3t3gs\">Restaurant Westman business lunches are always included:<\/p><ul class=\"framer-text\"><li class=\"framer-text framer-styles-preset-g3t3gs\" data-preset-tag=\"p\"><p class=\"framer-text framer-styles-preset-g3t3gs\">Salad,<\/p><\/li><li class=\"framer-text framer-styles-preset-g3t3gs\" data-preset-tag=\"p\"><p class=\"framer-text framer-styles-preset-g3t3gs\">Bread\/butter,<\/p><\/li><li class=\"framer-text framer-styles-preset-g3t3gs\" data-preset-tag=\"p\"><p class=\"framer-text framer-styles-preset-g3t3gs\">Light beer\/mineral water,<\/p><\/li><li class=\"framer-text framer-styles-preset-g3t3gs\" data-preset-tag=\"p\"><p class=\"framer-text framer-styles-preset-g3t3gs\">Coffee, tea,<\/p><\/li><li class=\"framer-text framer-styles-preset-g3t3gs\" data-preset-tag=\"p\"><p class=\"framer-text framer-styles-preset-g3t3gs\">Dessert buffet<\/p><\/li><\/ul><p class=\"framer-text framer-styles-preset-g3t3gs\">We always use locally produced, organic and environmentally\/climate-certified raw materials as far as possible.<br class=\"framer-text\" \/>Here at Restaurant Westman you always have a table set up, dedicated serving staff and the possibility to pay by invoice or card.<\/p>\t\t\t\t\t\t\t\t<\/div>\n\t\t\t\t<div class=\"elementor-element elementor-element-e24f7d5 elementor-widget elementor-widget-heading\" data-id=\"e24f7d5\" data-element_type=\"widget\" data-widget_type=\"heading.default\">\n\t\t\t\t\t<h2 class=\"elementor-heading-title elementor-size-default\">Book a business lunch in the centre of Stockholm!\n<\/h2>\t\t\t\t<\/div>\n\t\t\t\t<div class=\"elementor-element elementor-element-eb12356 elementor-widget elementor-widget-text-editor\" data-id=\"eb12356\" data-element_type=\"widget\" data-widget_type=\"text-editor.default\">\n\t\t\t\t\t\t\t\t\t<p>The renowned Restaurant Westman in Westmanska Palatset serves first-class business lunches in the best location in Stockholm.<br class=\"framer-text\" \/>We are located in the neighbourhood between Drottninggatan and Adolf Fredriks Kyrka, within easy walking distance of H\u00f6torget and R\u00e5dmansgatan metro stations.<br class=\"framer-text\" \/>How much more central can it get?<\/p>\t\t\t\t\t\t\t\t<\/div>\n\t\t\t\t<div class=\"elementor-element elementor-element-43fe20d elementor-widget elementor-widget-image\" data-id=\"43fe20d\" data-element_type=\"widget\" data-widget_type=\"image.default\">\n\t\t\t\t\t\t\t\t\t\t\t\t\t\t\t<img fetchpriority=\"high\" decoding=\"async\" width=\"800\" height=\"300\" src=\"https:\/\/westmanska.se\/wp-content\/uploads\/2025\/07\/S4kPLfcKHMveWOcIhm66DZtOTok-1-1024x384.avif\" class=\"attachment-large size-large wp-image-1219\" alt=\"\" srcset=\"https:\/\/westmanska.se\/wp-content\/uploads\/2025\/07\/S4kPLfcKHMveWOcIhm66DZtOTok-1-1024x384.avif 1024w, https:\/\/westmanska.se\/wp-content\/uploads\/2025\/07\/S4kPLfcKHMveWOcIhm66DZtOTok-1-300x113.avif 300w, https:\/\/westmanska.se\/wp-content\/uploads\/2025\/07\/S4kPLfcKHMveWOcIhm66DZtOTok-1-768x288.avif 768w, https:\/\/westmanska.se\/wp-content\/uploads\/2025\/07\/S4kPLfcKHMveWOcIhm66DZtOTok-1-1536x576.avif 1536w, https:\/\/westmanska.se\/wp-content\/uploads\/2025\/07\/S4kPLfcKHMveWOcIhm66DZtOTok-1.avif 1594w\" sizes=\"(max-width: 800px) 100vw, 800px\" \/>\t\t\t\t\t\t\t\t\t\t\t\t\t\t\t<\/div>\n\t\t\t\t<\/div>\n\t\t\t\t<\/div>\n\t\t<div class=\"elementor-element elementor-element-b060da7 e-flex e-con-boxed e-con e-parent\" data-id=\"b060da7\" data-element_type=\"container\">\n\t\t\t\t\t<div class=\"e-con-inner\">\n\t\t\t\t<div class=\"elementor-element elementor-element-aeb820b elementor-widget elementor-widget-heading\" data-id=\"aeb820b\" data-element_type=\"widget\" data-widget_type=\"heading.default\">\n\t\t\t\t\t<h2 class=\"elementor-heading-title elementor-size-default\">Book your stay<\/h2>\t\t\t\t<\/div>\n\t\t\t\t\t<\/div>\n\t\t\t\t<\/div>\n\t\t\t\t<\/div>","protected":false},"excerpt":{"rendered":"<p>Aff\u00e4rslunch Stockholm Aff\u00e4rslunch Stockholm\u00a0p\u00e5 v\u00e4lrenommerade Restaurang Westman i Westmanska Palatset blir, det lovar vi, en upplevelse ut\u00f6ver det vanliga!Vi erbjuder dig f\u00f6rstklassig mat, serverad i en trivsam matsal som \u00e4r speciellt avsedd f\u00f6r aff\u00e4rsluncher, i Westmanska palatsets anrika milj\u00f6.H\u00e4r kan du tillsammans med kunder och\/eller kollegor sl\u00e5 er ned vid dukade bord och avnjuta en [&hellip;]<\/p>","protected":false},"author":1,"featured_media":0,"parent":1141,"menu_order":0,"comment_status":"closed","ping_status":"closed","template":"","meta":{"footnotes":""},"class_list":["post-1217","page","type-page","status-publish","hentry"],"_links":{"self":[{"href":"https:\/\/westmanska.se\/en\/wp-json\/wp\/v2\/pages\/1217","targetHints":{"allow":["GET"]}}],"collection":[{"href":"https:\/\/westmanska.se\/en\/wp-json\/wp\/v2\/pages"}],"about":[{"href":"https:\/\/westmanska.se\/en\/wp-json\/wp\/v2\/types\/page"}],"author":[{"embeddable":true,"href":"https:\/\/westmanska.se\/en\/wp-json\/wp\/v2\/users\/1"}],"replies":[{"embeddable":true,"href":"https:\/\/westmanska.se\/en\/wp-json\/wp\/v2\/comments?post=1217"}],"version-history":[{"count":13,"href":"https:\/\/westmanska.se\/en\/wp-json\/wp\/v2\/pages\/1217\/revisions"}],"predecessor-version":[{"id":4129,"href":"https:\/\/westmanska.se\/en\/wp-json\/wp\/v2\/pages\/1217\/revisions\/4129"}],"up":[{"embeddable":true,"href":"https:\/\/westmanska.se\/en\/wp-json\/wp\/v2\/pages\/1141"}],"wp:attachment":[{"href":"https:\/\/westmanska.se\/en\/wp-json\/wp\/v2\/media?parent=1217"}],"curies":[{"name":"wp","href":"https:\/\/api.w.org\/{rel}","templated":true}]}}