{"id":1211,"date":"2025-07-28T11:31:13","date_gmt":"2025-07-28T11:31:13","guid":{"rendered":"https:\/\/yellow-gazelle-403867.hostingersite.com\/?page_id=1211"},"modified":"2026-01-23T14:20:47","modified_gmt":"2026-01-23T14:20:47","slug":"affarslunch-sergels-torg","status":"publish","type":"page","link":"https:\/\/westmanska.se\/en\/ort\/affarslunch-sergels-torg\/","title":{"rendered":"Affarslunch-sergels-torg"},"content":{"rendered":"<div data-elementor-type=\"wp-post\" data-elementor-id=\"1211\" class=\"elementor elementor-1211\" data-elementor-post-type=\"page\">\n\t\t\t\t<div class=\"elementor-element elementor-element-1d76f06 e-flex e-con-boxed e-con e-parent\" data-id=\"1d76f06\" data-element_type=\"container\" data-settings=\"{&quot;background_background&quot;:&quot;classic&quot;}\">\n\t\t\t\t\t<div class=\"e-con-inner\">\n\t\t\t\t<div class=\"elementor-element elementor-element-4ee40e6 elementor-widget elementor-widget-heading\" data-id=\"4ee40e6\" data-element_type=\"widget\" data-widget_type=\"heading.default\">\n\t\t\t\t\t<h1 class=\"elementor-heading-title elementor-size-default\">Business lunch Sergels Torg<\/h1>\t\t\t\t<\/div>\n\t\t\t\t\t<\/div>\n\t\t\t\t<\/div>\n\t\t<div class=\"elementor-element elementor-element-0d9bce2 e-con-full e-flex e-con e-parent\" data-id=\"0d9bce2\" data-element_type=\"container\" data-settings=\"{&quot;background_background&quot;:&quot;gradient&quot;}\">\n\t\t<div class=\"elementor-element elementor-element-813d44e e-con-full e-flex e-con e-child\" data-id=\"813d44e\" data-element_type=\"container\">\n\t\t\t\t<div class=\"elementor-element elementor-element-1ecfa7b elementor-widget elementor-widget-text-editor\" data-id=\"1ecfa7b\" data-element_type=\"widget\" data-widget_type=\"text-editor.default\">\n\t\t\t\t\t\t\t\t\t<p><strong class=\"framer-text\">Business lunch Sergels torg\u00a0<\/strong>is something that many people look for in their lunch planning, before, after and during a successful meeting.<br class=\"framer-text\" \/>Perhaps not surprisingly, Sergels torg is one of Stockholm's most popular meeting places.<br class=\"framer-text\" \/>Sometimes a central location is the most important thing when planning a business lunch, and sometimes it's the quality of the food and a cosy, inspiring environment that makes the difference.<br class=\"framer-text\" \/>But why settle for either\/or?<br class=\"framer-text\" \/>If you want to have a first-class business lunch in the centre of Stockholm, preferably within walking distance of Sergels Torg, you can have it all in one place.<br class=\"framer-text\" \/>A warm welcome to Restaurant Westman in Westmanska Palatset.<br class=\"framer-text\" \/>We offer you and your company a perfectly balanced business lunch that is a culinary experience beyond the ordinary.<\/p>\t\t\t\t\t\t\t\t<\/div>\n\t\t\t\t<div class=\"elementor-element elementor-element-e4f3563 elementor-widget elementor-widget-heading\" data-id=\"e4f3563\" data-element_type=\"widget\" data-widget_type=\"heading.default\">\n\t\t\t\t\t<h2 class=\"elementor-heading-title elementor-size-default\">Restaurant on Norrmalm for businesses from Sergels torg\n<\/h2>\t\t\t\t<\/div>\n\t\t\t\t<div class=\"elementor-element elementor-element-32879e6 elementor-widget elementor-widget-text-editor\" data-id=\"32879e6\" data-element_type=\"widget\" data-widget_type=\"text-editor.default\">\n\t\t\t\t\t\t\t\t\t<p class=\"framer-text framer-styles-preset-g3t3gs\">Here in the renowned Restaurant Westman in Westmanska Palatset, we serve first-class business lunches in a central location in northern Norrmalm - just a few minutes walk from Sergels torg.<br class=\"framer-text\" \/>Here, you and your clients and\/or colleagues can meet in a cosy and inspiring environment for a superb business lunch.<br class=\"framer-text\" \/>Our business lunches are served in a calm and inspiring environment, in a bright and airy room overlooking one of Stockholm's most charming courtyards (with outdoor seating during the summer).<br class=\"framer-text\" \/>The food we serve is both first-class and affordable, and you can of course pay by invoice or card.<br class=\"framer-text\" \/>Welcome to a top-class culinary experience at Westmanska Palatset!<\/p>\t\t\t\t\t\t\t\t<\/div>\n\t\t\t\t<div class=\"elementor-element elementor-element-e24f7d5 elementor-widget elementor-widget-heading\" data-id=\"e24f7d5\" data-element_type=\"widget\" data-widget_type=\"heading.default\">\n\t\t\t\t\t<h2 class=\"elementor-heading-title elementor-size-default\">Business lunches for organisations from Sergels torg\n<\/h2>\t\t\t\t<\/div>\n\t\t\t\t<div class=\"elementor-element elementor-element-eb12356 elementor-widget elementor-widget-text-editor\" data-id=\"eb12356\" data-element_type=\"widget\" data-widget_type=\"text-editor.default\">\n\t\t\t\t\t\t\t\t\t<p>Today, Westmanska Palatset is an obvious alternative for many lunch-hungry guests, who have also had the experience of being left without a seat around Sergels Torg at lunchtime.<br class=\"framer-text\" \/>So why not do what they've already done and make us your new first choice for lunch?<br class=\"framer-text\" \/>According to many satisfied lunch guests from Sergels torg and the surrounding area, we are now their first choice when booking an important business lunch.<\/p>\t\t\t\t\t\t\t\t<\/div>\n\t\t\t\t<div class=\"elementor-element elementor-element-9b9d9d3 elementor-widget elementor-widget-heading\" data-id=\"9b9d9d3\" data-element_type=\"widget\" data-widget_type=\"heading.default\">\n\t\t\t\t\t<h2 class=\"elementor-heading-title elementor-size-default\">Join us at Westmanska and create business in a wonderful environment!\n<\/h2>\t\t\t\t<\/div>\n\t\t\t\t<div class=\"elementor-element elementor-element-9d12afa elementor-widget elementor-widget-text-editor\" data-id=\"9d12afa\" data-element_type=\"widget\" data-widget_type=\"text-editor.default\">\n\t\t\t\t\t\t\t\t\t<p class=\"framer-text framer-styles-preset-g3t3gs\">Sometimes it's nice to get out of the office, sit down at a table and have a top-class business lunch with clients and\/or colleagues.<br class=\"framer-text\" \/>But, as you are aware, a business lunch is so much more than a pleasant break in the working day.<br class=\"framer-text\" \/>It should be both informative and productive.<br class=\"framer-text\" \/>Ideally, it should also be the start of a brilliant deal or a long-lasting and fruitful co-operation.<br class=\"framer-text\" \/>When there is a lot at stake, a lot depends on the environment being cosy and inspiring so that you and your guests feel both comfortable and well looked after.<br class=\"framer-text\" \/>Of course, the food you eat should also be tasty and top quality.<br class=\"framer-text\" \/>We've already told you about the cosy, secluded dining room where our business lunches are served.<br class=\"framer-text\" \/>We've also given you an idea of the culinary experiences that await you and your lunch companions here with us.<br class=\"framer-text\" \/>In our dining room, our friendly lunch hosts and serving staff are ready to take good care of you and your guests.<\/p>\t\t\t\t\t\t\t\t<\/div>\n\t\t\t\t<div class=\"elementor-element elementor-element-7d493fc elementor-widget elementor-widget-heading\" data-id=\"7d493fc\" data-element_type=\"widget\" data-widget_type=\"heading.default\">\n\t\t\t\t\t<h2 class=\"elementor-heading-title elementor-size-default\">What is included in a business lunch at Restaurant Westman?\n<\/h2>\t\t\t\t<\/div>\n\t\t\t\t<div class=\"elementor-element elementor-element-3ddec88 elementor-widget elementor-widget-text-editor\" data-id=\"3ddec88\" data-element_type=\"widget\" data-widget_type=\"text-editor.default\">\n\t\t\t\t\t\t\t\t\t<p class=\"framer-text framer-styles-preset-g3t3gs\">Our business lunches always include:<\/p><ul class=\"framer-text\"><li class=\"framer-text framer-styles-preset-g3t3gs\" data-preset-tag=\"p\"><p class=\"framer-text framer-styles-preset-g3t3gs\">Salad<\/p><\/li><li class=\"framer-text framer-styles-preset-g3t3gs\" data-preset-tag=\"p\"><p class=\"framer-text framer-styles-preset-g3t3gs\">Bread\/butter<\/p><\/li><li class=\"framer-text framer-styles-preset-g3t3gs\" data-preset-tag=\"p\"><p class=\"framer-text framer-styles-preset-g3t3gs\">Light beer\/mineral water<\/p><\/li><li class=\"framer-text framer-styles-preset-g3t3gs\" data-preset-tag=\"p\"><p class=\"framer-text framer-styles-preset-g3t3gs\">Coffee, tea<\/p><\/li><li class=\"framer-text framer-styles-preset-g3t3gs\" data-preset-tag=\"p\"><p class=\"framer-text framer-styles-preset-g3t3gs\">Dessert buffet<\/p><\/li><\/ul><p class=\"framer-text framer-styles-preset-g3t3gs\">We always use locally produced, organic and environmentally\/climate certified raw materials as much as possible.<\/p><p class=\"framer-text framer-styles-preset-g3t3gs\">Here at Restaurant Westman you always have:<\/p><ul class=\"framer-text\"><li class=\"framer-text framer-styles-preset-g3t3gs\" data-preset-tag=\"p\"><p class=\"framer-text framer-styles-preset-g3t3gs\">Tables set<\/p><\/li><li class=\"framer-text framer-styles-preset-g3t3gs\" data-preset-tag=\"p\"><p class=\"framer-text framer-styles-preset-g3t3gs\">Dedicated catering staff<\/p><\/li><li class=\"framer-text framer-styles-preset-g3t3gs\" data-preset-tag=\"p\"><p class=\"framer-text framer-styles-preset-g3t3gs\">The possibility to pay by invoice or card<\/p><\/li><\/ul>\t\t\t\t\t\t\t\t<\/div>\n\t\t\t\t<div class=\"elementor-element elementor-element-2666bd3 elementor-widget elementor-widget-heading\" data-id=\"2666bd3\" data-element_type=\"widget\" data-widget_type=\"heading.default\">\n\t\t\t\t\t<h2 class=\"elementor-heading-title elementor-size-default\">Restaurant Westman, an obvious choice for those who intend to have a business lunch at Sergels torg<\/h2>\t\t\t\t<\/div>\n\t\t\t\t<div class=\"elementor-element elementor-element-413988c elementor-widget elementor-widget-text-editor\" data-id=\"413988c\" data-element_type=\"widget\" data-widget_type=\"text-editor.default\">\n\t\t\t\t\t\t\t\t\t<p class=\"framer-text framer-styles-preset-g3t3gs\">Here at our tables, we have had many satisfied customers from the neighbourhood around Sergels torg.<br class=\"framer-text\" \/>We have also had satisfied customers from all over Norrmalm and also neighbouring districts, such as \u00d6stermalm, Vasastan, Kungsholmen and Gamla Stan.<br class=\"framer-text\" \/>Welcome to join these customers here at Restaurant Westman in Westmanska Palatset next time you want to book a business lunch Sergels torg!<\/p>\t\t\t\t\t\t\t\t<\/div>\n\t\t\t\t<div class=\"elementor-element elementor-element-43fe20d elementor-widget elementor-widget-image\" data-id=\"43fe20d\" data-element_type=\"widget\" data-widget_type=\"image.default\">\n\t\t\t\t\t\t\t\t\t\t\t\t\t\t\t<img fetchpriority=\"high\" decoding=\"async\" width=\"800\" height=\"300\" src=\"https:\/\/westmanska.se\/wp-content\/uploads\/2025\/07\/6W80oIrlrPUrDlbMuR5TSv0LqE-1024x384.avif\" class=\"attachment-large size-large wp-image-1213\" alt=\"\" srcset=\"https:\/\/westmanska.se\/wp-content\/uploads\/2025\/07\/6W80oIrlrPUrDlbMuR5TSv0LqE-1024x384.avif 1024w, https:\/\/westmanska.se\/wp-content\/uploads\/2025\/07\/6W80oIrlrPUrDlbMuR5TSv0LqE-300x113.avif 300w, https:\/\/westmanska.se\/wp-content\/uploads\/2025\/07\/6W80oIrlrPUrDlbMuR5TSv0LqE-768x288.avif 768w, https:\/\/westmanska.se\/wp-content\/uploads\/2025\/07\/6W80oIrlrPUrDlbMuR5TSv0LqE-1536x576.avif 1536w, https:\/\/westmanska.se\/wp-content\/uploads\/2025\/07\/6W80oIrlrPUrDlbMuR5TSv0LqE.avif 1600w\" sizes=\"(max-width: 800px) 100vw, 800px\" \/>\t\t\t\t\t\t\t\t\t\t\t\t\t\t\t<\/div>\n\t\t\t\t<\/div>\n\t\t\t\t<\/div>\n\t\t<div class=\"elementor-element elementor-element-b060da7 e-flex e-con-boxed e-con e-parent\" data-id=\"b060da7\" data-element_type=\"container\">\n\t\t\t\t\t<div class=\"e-con-inner\">\n\t\t\t\t<div class=\"elementor-element elementor-element-aeb820b elementor-widget elementor-widget-heading\" data-id=\"aeb820b\" data-element_type=\"widget\" data-widget_type=\"heading.default\">\n\t\t\t\t\t<h2 class=\"elementor-heading-title elementor-size-default\">Book your stay<\/h2>\t\t\t\t<\/div>\n\t\t\t\t\t<\/div>\n\t\t\t\t<\/div>\n\t\t\t\t<\/div>","protected":false},"excerpt":{"rendered":"<p>Aff\u00e4rslunch Sergels Torg Aff\u00e4rslunch Sergels torg\u00a0\u00e4r n\u00e5gonting som m\u00e5nga s\u00f6ker i sin lunchplanering, s\u00e5v\u00e4l f\u00f6re som efter och under ett lyckat m\u00f6te.Det \u00e4r kanske inte s\u00e5 konstigt, Sergels torg \u00e4r en av Stockholms popul\u00e4raste m\u00f6tesplatser.Ibland s\u00e5 \u00e4r det ett centralt l\u00e4ge som \u00e4r det viktigaste n\u00e4r du planerar en aff\u00e4rslunch och ibland s\u00e5 \u00e4r det [&hellip;]<\/p>","protected":false},"author":1,"featured_media":0,"parent":1141,"menu_order":0,"comment_status":"closed","ping_status":"closed","template":"","meta":{"footnotes":""},"class_list":["post-1211","page","type-page","status-publish","hentry"],"_links":{"self":[{"href":"https:\/\/westmanska.se\/en\/wp-json\/wp\/v2\/pages\/1211","targetHints":{"allow":["GET"]}}],"collection":[{"href":"https:\/\/westmanska.se\/en\/wp-json\/wp\/v2\/pages"}],"about":[{"href":"https:\/\/westmanska.se\/en\/wp-json\/wp\/v2\/types\/page"}],"author":[{"embeddable":true,"href":"https:\/\/westmanska.se\/en\/wp-json\/wp\/v2\/users\/1"}],"replies":[{"embeddable":true,"href":"https:\/\/westmanska.se\/en\/wp-json\/wp\/v2\/comments?post=1211"}],"version-history":[{"count":13,"href":"https:\/\/westmanska.se\/en\/wp-json\/wp\/v2\/pages\/1211\/revisions"}],"predecessor-version":[{"id":4126,"href":"https:\/\/westmanska.se\/en\/wp-json\/wp\/v2\/pages\/1211\/revisions\/4126"}],"up":[{"embeddable":true,"href":"https:\/\/westmanska.se\/en\/wp-json\/wp\/v2\/pages\/1141"}],"wp:attachment":[{"href":"https:\/\/westmanska.se\/en\/wp-json\/wp\/v2\/media?parent=1211"}],"curies":[{"name":"wp","href":"https:\/\/api.w.org\/{rel}","templated":true}]}}