{"id":1210,"date":"2025-07-28T12:27:00","date_gmt":"2025-07-28T12:27:00","guid":{"rendered":"https:\/\/yellow-gazelle-403867.hostingersite.com\/?page_id=1210"},"modified":"2026-01-23T14:22:16","modified_gmt":"2026-01-23T14:22:16","slug":"affarslunch-stockholm-city","status":"publish","type":"page","link":"https:\/\/westmanska.se\/en\/ort\/affarslunch-stockholm-city\/","title":{"rendered":"Affarslunch-stockholm-city"},"content":{"rendered":"<div data-elementor-type=\"wp-post\" data-elementor-id=\"1210\" class=\"elementor elementor-1210\" data-elementor-post-type=\"page\">\n\t\t\t\t<div class=\"elementor-element elementor-element-1d76f06 e-flex e-con-boxed e-con e-parent\" data-id=\"1d76f06\" data-element_type=\"container\" data-settings=\"{&quot;background_background&quot;:&quot;classic&quot;}\">\n\t\t\t\t\t<div class=\"e-con-inner\">\n\t\t\t\t<div class=\"elementor-element elementor-element-4ee40e6 elementor-widget elementor-widget-heading\" data-id=\"4ee40e6\" data-element_type=\"widget\" data-widget_type=\"heading.default\">\n\t\t\t\t\t<h1 class=\"elementor-heading-title elementor-size-default\">Business lunch Stockholm City<\/h1>\t\t\t\t<\/div>\n\t\t\t\t\t<\/div>\n\t\t\t\t<\/div>\n\t\t<div class=\"elementor-element elementor-element-0d9bce2 e-con-full e-flex e-con e-parent\" data-id=\"0d9bce2\" data-element_type=\"container\" data-settings=\"{&quot;background_background&quot;:&quot;gradient&quot;}\">\n\t\t<div class=\"elementor-element elementor-element-813d44e e-con-full e-flex e-con e-child\" data-id=\"813d44e\" data-element_type=\"container\">\n\t\t\t\t<div class=\"elementor-element elementor-element-1ecfa7b elementor-widget elementor-widget-text-editor\" data-id=\"1ecfa7b\" data-element_type=\"widget\" data-widget_type=\"text-editor.default\">\n\t\t\t\t\t\t\t\t\t<p><strong class=\"framer-text\">Business lunch Stockholm City<\/strong>Sometimes a central location is the most important thing when planning a business lunch. Sometimes it's the quality of the food and a cosy environment that matters.<br class=\"framer-text\" \/>But why settle for either\/or?<br class=\"framer-text\" \/>Do you want to eat a first-class business lunch in the centre of Stockholm, preferably within walking distance of the H\u00f6torget and R\u00e5dmansgatan metro stations and also from the new Stockholm City commuter train station?<br class=\"framer-text\" \/>Welcome to Restaurant Westman in Westmanska Palatset!<\/p>\t\t\t\t\t\t\t\t<\/div>\n\t\t\t\t<div class=\"elementor-element elementor-element-e4f3563 elementor-widget elementor-widget-heading\" data-id=\"e4f3563\" data-element_type=\"widget\" data-widget_type=\"heading.default\">\n\t\t\t\t\t<h2 class=\"elementor-heading-title elementor-size-default\">Restaurant in Norrmalm for businesses from Stockholm City<\/h2>\t\t\t\t<\/div>\n\t\t\t\t<div class=\"elementor-element elementor-element-32879e6 elementor-widget elementor-widget-text-editor\" data-id=\"32879e6\" data-element_type=\"widget\" data-widget_type=\"text-editor.default\">\n\t\t\t\t\t\t\t\t\t<p class=\"framer-text framer-styles-preset-g3t3gs\">The renowned Restaurant Westman in Westmanska Palatset serves first-class business lunches in a central location in Stockholm City.<br class=\"framer-text\" \/>We are located in the neighbourhood between Drottninggatan and Adolf Fredriks Kyrka, within walking distance of almost the entire City.<br class=\"framer-text\" \/>Here, you and your customers and\/or colleagues can meet in a pleasant setting and enjoy a first-class business lunch in a cosy and inspiring environment.<br class=\"framer-text\" \/>Our business lunches are held in our bright, airy business lunch room, which overlooks a lush courtyard.<br class=\"framer-text\" \/>The food is both first-class and affordable, and you can of course pay by invoice or card.<\/p>\t\t\t\t\t\t\t\t<\/div>\n\t\t\t\t<div class=\"elementor-element elementor-element-e24f7d5 elementor-widget elementor-widget-heading\" data-id=\"e24f7d5\" data-element_type=\"widget\" data-widget_type=\"heading.default\">\n\t\t\t\t\t<h2 class=\"elementor-heading-title elementor-size-default\">Business lunches for organisations from Stockholm City<\/h2>\t\t\t\t<\/div>\n\t\t\t\t<div class=\"elementor-element elementor-element-eb12356 elementor-widget elementor-widget-text-editor\" data-id=\"eb12356\" data-element_type=\"widget\" data-widget_type=\"text-editor.default\">\n\t\t\t\t\t\t\t\t\t<p class=\"framer-text framer-styles-preset-g3t3gs\">Can't it be nice to leave the office, sit down at a table and have a top-class business lunch?<br class=\"framer-text\" \/>Together with your clients and\/or colleagues, that lunch can be more than just a pleasant break in the working day, it can be both informative and productive.<br class=\"framer-text\" \/>Who knows, maybe that business lunch will be the start of a brilliant deal or a long-lasting partnership?<\/p><p class=\"framer-text framer-styles-preset-g3t3gs\">Restaurant Westman business lunches are always included:<\/p><ul class=\"framer-text\"><li class=\"framer-text framer-styles-preset-g3t3gs\" data-preset-tag=\"p\"><p class=\"framer-text framer-styles-preset-g3t3gs\">Salad,<\/p><\/li><li class=\"framer-text framer-styles-preset-g3t3gs\" data-preset-tag=\"p\"><p class=\"framer-text framer-styles-preset-g3t3gs\">Bread\/butter,<\/p><\/li><li class=\"framer-text framer-styles-preset-g3t3gs\" data-preset-tag=\"p\"><p class=\"framer-text framer-styles-preset-g3t3gs\">Light beer\/mineral water,<\/p><\/li><li class=\"framer-text framer-styles-preset-g3t3gs\" data-preset-tag=\"p\"><p class=\"framer-text framer-styles-preset-g3t3gs\">Coffee, tea,<\/p><\/li><li class=\"framer-text framer-styles-preset-g3t3gs\" data-preset-tag=\"p\"><p class=\"framer-text framer-styles-preset-g3t3gs\">Dessert buffet<\/p><\/li><\/ul><p class=\"framer-text framer-styles-preset-g3t3gs\">We use locally produced, organic and environmentally\/climate-certified raw materials as much as possible.<br class=\"framer-text\" \/>Here at Restaurant Westman you always have tempting tables, dedicated serving staff and the possibility to pay by invoice or card.<\/p>\t\t\t\t\t\t\t\t<\/div>\n\t\t\t\t<div class=\"elementor-element elementor-element-9b9d9d3 elementor-widget elementor-widget-heading\" data-id=\"9b9d9d3\" data-element_type=\"widget\" data-widget_type=\"heading.default\">\n\t\t\t\t\t<h2 class=\"elementor-heading-title elementor-size-default\">Business lunches at Restaurant Westman\n<\/h2>\t\t\t\t<\/div>\n\t\t\t\t<div class=\"elementor-element elementor-element-9d12afa elementor-widget elementor-widget-text-editor\" data-id=\"9d12afa\" data-element_type=\"widget\" data-widget_type=\"text-editor.default\">\n\t\t\t\t\t\t\t\t\t<div class=\"framer-1mp35tp\"><div class=\"framer-1y1fkzp\" data-framer-component-type=\"RichTextContainer\"><p class=\"framer-text framer-styles-preset-g3t3gs\">We have had many satisfied business lunch customers from all over Stockholm at our tables:<\/p><ul class=\"framer-text\"><li class=\"framer-text framer-styles-preset-g3t3gs\" data-preset-tag=\"p\"><p class=\"framer-text framer-styles-preset-g3t3gs\">Norrmalm<\/p><\/li><li class=\"framer-text framer-styles-preset-g3t3gs\" data-preset-tag=\"p\"><p class=\"framer-text framer-styles-preset-g3t3gs\">Old Town<\/p><\/li><li class=\"framer-text framer-styles-preset-g3t3gs\" data-preset-tag=\"p\"><p class=\"framer-text framer-styles-preset-g3t3gs\">Riddarholmen<\/p><\/li><li class=\"framer-text framer-styles-preset-g3t3gs\" data-preset-tag=\"p\"><p class=\"framer-text framer-styles-preset-g3t3gs\">S\u00f6dermalm<\/p><\/li><li class=\"framer-text framer-styles-preset-g3t3gs\" data-preset-tag=\"p\"><p class=\"framer-text framer-styles-preset-g3t3gs\">Reimersholme<\/p><\/li><li class=\"framer-text framer-styles-preset-g3t3gs\" data-preset-tag=\"p\"><p class=\"framer-text framer-styles-preset-g3t3gs\">Long Island<\/p><\/li><li class=\"framer-text framer-styles-preset-g3t3gs\" data-preset-tag=\"p\"><p class=\"framer-text framer-styles-preset-g3t3gs\">Kungsholmen<\/p><\/li><li class=\"framer-text framer-styles-preset-g3t3gs\" data-preset-tag=\"p\"><p class=\"framer-text framer-styles-preset-g3t3gs\">Little Essingen<\/p><\/li><li class=\"framer-text framer-styles-preset-g3t3gs\" data-preset-tag=\"p\"><p class=\"framer-text framer-styles-preset-g3t3gs\">Stora Essingen<\/p><\/li><li class=\"framer-text framer-styles-preset-g3t3gs\" data-preset-tag=\"p\"><p class=\"framer-text framer-styles-preset-g3t3gs\">Vasastan<\/p><\/li><li class=\"framer-text framer-styles-preset-g3t3gs\" data-preset-tag=\"p\"><p class=\"framer-text framer-styles-preset-g3t3gs\">\u00d6stermalm<\/p><\/li><li class=\"framer-text framer-styles-preset-g3t3gs\" data-preset-tag=\"p\"><p class=\"framer-text framer-styles-preset-g3t3gs\">G\u00e4rdet<\/p><\/li><li class=\"framer-text framer-styles-preset-g3t3gs\" data-preset-tag=\"p\"><p class=\"framer-text framer-styles-preset-g3t3gs\">Hjorthagen<\/p><\/li><li class=\"framer-text framer-styles-preset-g3t3gs\" data-preset-tag=\"p\"><p class=\"framer-text framer-styles-preset-g3t3gs\">Hammarby Sj\u00f6stad<\/p><\/li><li class=\"framer-text framer-styles-preset-g3t3gs\" data-preset-tag=\"p\"><p class=\"framer-text framer-styles-preset-g3t3gs\">Northern Djurg\u00e5rden City<\/p><\/li><\/ul><p class=\"framer-text framer-styles-preset-g3t3gs\">We have also had business lunch customers from Stockholm suburbs such as Johanneshov, Liljeholmen, Alvik, Bromma, etc. as well as from neighbouring municipalities such as Nacka, Liding\u00f6, Solna, Sundbyberg and Danderyd.<br class=\"framer-text\" \/>We have also had some more distant guests at our tables from Eskilstuna, Enk\u00f6ping, Uppsala and Nyk\u00f6ping.<br class=\"framer-text\" \/>You are of course welcome to join these customers here at Restaurant Westman in Westmanska Palatset next time you want to book a business lunch Stockholm City!<\/p><\/div><\/div><div class=\"ssr-variant hidden-1ynrxzr hidden-tehavy\"><div class=\"framer-1irkpv\">\u00a0<\/div><\/div>\t\t\t\t\t\t\t\t<\/div>\n\t\t\t\t<div class=\"elementor-element elementor-element-43fe20d elementor-widget elementor-widget-image\" data-id=\"43fe20d\" data-element_type=\"widget\" data-widget_type=\"image.default\">\n\t\t\t\t\t\t\t\t\t\t\t\t\t\t\t<img fetchpriority=\"high\" decoding=\"async\" width=\"800\" height=\"300\" src=\"https:\/\/westmanska.se\/wp-content\/uploads\/2025\/07\/ISNZT1AELNfjWHY0tXuuAzGE6S8-1024x384.jpg\" class=\"attachment-large size-large wp-image-1224\" alt=\"\" srcset=\"https:\/\/westmanska.se\/wp-content\/uploads\/2025\/07\/ISNZT1AELNfjWHY0tXuuAzGE6S8-1024x384.jpg 1024w, https:\/\/westmanska.se\/wp-content\/uploads\/2025\/07\/ISNZT1AELNfjWHY0tXuuAzGE6S8-300x113.jpg 300w, https:\/\/westmanska.se\/wp-content\/uploads\/2025\/07\/ISNZT1AELNfjWHY0tXuuAzGE6S8-768x288.jpg 768w, https:\/\/westmanska.se\/wp-content\/uploads\/2025\/07\/ISNZT1AELNfjWHY0tXuuAzGE6S8.jpg 1536w\" sizes=\"(max-width: 800px) 100vw, 800px\" \/>\t\t\t\t\t\t\t\t\t\t\t\t\t\t\t<\/div>\n\t\t\t\t<\/div>\n\t\t\t\t<\/div>\n\t\t<div class=\"elementor-element elementor-element-b060da7 e-flex e-con-boxed e-con e-parent\" data-id=\"b060da7\" data-element_type=\"container\">\n\t\t\t\t\t<div class=\"e-con-inner\">\n\t\t\t\t<div class=\"elementor-element elementor-element-aeb820b elementor-widget elementor-widget-heading\" data-id=\"aeb820b\" data-element_type=\"widget\" data-widget_type=\"heading.default\">\n\t\t\t\t\t<h2 class=\"elementor-heading-title elementor-size-default\">Book your stay<\/h2>\t\t\t\t<\/div>\n\t\t\t\t\t<\/div>\n\t\t\t\t<\/div>\n\t\t\t\t<\/div>","protected":false},"excerpt":{"rendered":"<p>Aff\u00e4rslunch Stockholm City Aff\u00e4rslunch Stockholm City, ibland \u00e4r kanske ett centralt l\u00e4ge det viktigaste n\u00e4r du planerar en aff\u00e4rslunch. Ibland \u00e4r det kvalit\u00e9n p\u00e5 maten och en trivsam milj\u00f6 som \u00e4r det avg\u00f6rande.Men varf\u00f6r n\u00f6ja sig med antingen eller?Vill du \u00e4ta en f\u00f6rstklassig aff\u00e4rslunch i centrala Stockholm, helst inom promenadavst\u00e5nd fr\u00e5n tunnelbanestationerna H\u00f6torget och R\u00e5dmansgatan [&hellip;]<\/p>","protected":false},"author":1,"featured_media":0,"parent":1141,"menu_order":0,"comment_status":"closed","ping_status":"closed","template":"","meta":{"footnotes":""},"class_list":["post-1210","page","type-page","status-publish","hentry"],"_links":{"self":[{"href":"https:\/\/westmanska.se\/en\/wp-json\/wp\/v2\/pages\/1210","targetHints":{"allow":["GET"]}}],"collection":[{"href":"https:\/\/westmanska.se\/en\/wp-json\/wp\/v2\/pages"}],"about":[{"href":"https:\/\/westmanska.se\/en\/wp-json\/wp\/v2\/types\/page"}],"author":[{"embeddable":true,"href":"https:\/\/westmanska.se\/en\/wp-json\/wp\/v2\/users\/1"}],"replies":[{"embeddable":true,"href":"https:\/\/westmanska.se\/en\/wp-json\/wp\/v2\/comments?post=1210"}],"version-history":[{"count":10,"href":"https:\/\/westmanska.se\/en\/wp-json\/wp\/v2\/pages\/1210\/revisions"}],"predecessor-version":[{"id":4132,"href":"https:\/\/westmanska.se\/en\/wp-json\/wp\/v2\/pages\/1210\/revisions\/4132"}],"up":[{"embeddable":true,"href":"https:\/\/westmanska.se\/en\/wp-json\/wp\/v2\/pages\/1141"}],"wp:attachment":[{"href":"https:\/\/westmanska.se\/en\/wp-json\/wp\/v2\/media?parent=1210"}],"curies":[{"name":"wp","href":"https:\/\/api.w.org\/{rel}","templated":true}]}}