{"id":1208,"date":"2025-07-28T12:32:35","date_gmt":"2025-07-28T12:32:35","guid":{"rendered":"https:\/\/yellow-gazelle-403867.hostingersite.com\/?page_id=1208"},"modified":"2026-01-23T14:22:43","modified_gmt":"2026-01-23T14:22:43","slug":"affarslunch-vasastan","status":"publish","type":"page","link":"https:\/\/westmanska.se\/en\/ort\/affarslunch-vasastan\/","title":{"rendered":"Affarslunch-vasastan"},"content":{"rendered":"<div data-elementor-type=\"wp-post\" data-elementor-id=\"1208\" class=\"elementor elementor-1208\" data-elementor-post-type=\"page\">\n\t\t\t\t<div class=\"elementor-element elementor-element-1d76f06 e-flex e-con-boxed e-con e-parent\" data-id=\"1d76f06\" data-element_type=\"container\" data-settings=\"{&quot;background_background&quot;:&quot;classic&quot;}\">\n\t\t\t\t\t<div class=\"e-con-inner\">\n\t\t\t\t<div class=\"elementor-element elementor-element-4ee40e6 elementor-widget elementor-widget-heading\" data-id=\"4ee40e6\" data-element_type=\"widget\" data-widget_type=\"heading.default\">\n\t\t\t\t\t<h1 class=\"elementor-heading-title elementor-size-default\">Business lunch Vasastan\n<\/h1>\t\t\t\t<\/div>\n\t\t\t\t\t<\/div>\n\t\t\t\t<\/div>\n\t\t<div class=\"elementor-element elementor-element-0d9bce2 e-con-full e-flex e-con e-parent\" data-id=\"0d9bce2\" data-element_type=\"container\" data-settings=\"{&quot;background_background&quot;:&quot;gradient&quot;}\">\n\t\t<div class=\"elementor-element elementor-element-813d44e e-con-full e-flex e-con e-child\" data-id=\"813d44e\" data-element_type=\"container\">\n\t\t\t\t<div class=\"elementor-element elementor-element-1ecfa7b elementor-widget elementor-widget-text-editor\" data-id=\"1ecfa7b\" data-element_type=\"widget\" data-widget_type=\"text-editor.default\">\n\t\t\t\t\t\t\t\t\t<p><strong class=\"framer-text\">Business lunch Vasastan:\u00a0<\/strong>Want to have a first-class business lunch in Vasastan?<br class=\"framer-text\" \/>But is it Vasastan that determines your choice of restaurant for your business lunch? Or can we tempt you to come a few blocks south for a top-class culinary experience here with us at Restaurant Westman in Westmanska Palatset in northern Norrmalm?<\/p>\t\t\t\t\t\t\t\t<\/div>\n\t\t\t\t<div class=\"elementor-element elementor-element-e4f3563 elementor-widget elementor-widget-heading\" data-id=\"e4f3563\" data-element_type=\"widget\" data-widget_type=\"heading.default\">\n\t\t\t\t\t<h2 class=\"elementor-heading-title elementor-size-default\">But why business lunch Vasastan?\n<\/h2>\t\t\t\t<\/div>\n\t\t\t\t<div class=\"elementor-element elementor-element-32879e6 elementor-widget elementor-widget-text-editor\" data-id=\"32879e6\" data-element_type=\"widget\" data-widget_type=\"text-editor.default\">\n\t\t\t\t\t\t\t\t\t<p class=\"framer-text framer-styles-preset-g3t3gs\">The renowned Restaurant Westman in Westmanska Palatset serves first-class business lunches in a central location in northern Norrmalm.<br class=\"framer-text\" \/>We are located in the neighbourhood between Drottninggatan and Adolf Fredriks Kyrka, within easy walking distance of H\u00f6torget and R\u00e5dmansgatan metro stations.<br class=\"framer-text\" \/>We are also within walking distance of the new commuter train station Stockholm City and Stockholm Central. It couldn't be more central than that, could it?<br class=\"framer-text\" \/>Here, you and your customers and\/or colleagues can meet in a pleasant setting and enjoy a good business lunch in a cosy and inspiring environment.<br class=\"framer-text\" \/>Our business lunches are held in a convivial, calm and inspiring environment, on reserved tables in a bright and airy room overlooking a charming and lush courtyard.<br class=\"framer-text\" \/>The food is both first-class and affordable, and you can of course pay by invoice or card.<br class=\"framer-text\" \/>Welcome to the renowned Restaurant Westman in Westmanska Palatset!<\/p>\t\t\t\t\t\t\t\t<\/div>\n\t\t\t\t<div class=\"elementor-element elementor-element-e24f7d5 elementor-widget elementor-widget-heading\" data-id=\"e24f7d5\" data-element_type=\"widget\" data-widget_type=\"heading.default\">\n\t\t\t\t\t<h2 class=\"elementor-heading-title elementor-size-default\">Are you looking for: Business lunches Vasastan? Welcome to Restaurant Westman!<\/h2>\t\t\t\t<\/div>\n\t\t\t\t<div class=\"elementor-element elementor-element-eb12356 elementor-widget elementor-widget-text-editor\" data-id=\"eb12356\" data-element_type=\"widget\" data-widget_type=\"text-editor.default\">\n\t\t\t\t\t\t\t\t\t<p class=\"framer-text framer-styles-preset-g3t3gs\">Can't it be nice to leave the office, sit down at a table and have a top-class business lunch?<br class=\"framer-text\" \/>Together with your customers and\/or colleagues, that lunch can be so much more than a pleasant break in the working day.<br class=\"framer-text\" \/>It can be informative and productive and who knows, maybe this business lunch will be the start of a brilliant deal or a long-lasting partnership?<\/p><p class=\"framer-text framer-styles-preset-g3t3gs\">Restaurant Westman business lunches are always included:<\/p><ul class=\"framer-text\"><li class=\"framer-text framer-styles-preset-g3t3gs\" data-preset-tag=\"p\"><p class=\"framer-text framer-styles-preset-g3t3gs\">Salad,<\/p><\/li><li class=\"framer-text framer-styles-preset-g3t3gs\" data-preset-tag=\"p\"><p class=\"framer-text framer-styles-preset-g3t3gs\">Bread\/butter,<\/p><\/li><li class=\"framer-text framer-styles-preset-g3t3gs\" data-preset-tag=\"p\"><p class=\"framer-text framer-styles-preset-g3t3gs\">Light beer\/mineral water,<\/p><\/li><li class=\"framer-text framer-styles-preset-g3t3gs\" data-preset-tag=\"p\"><p class=\"framer-text framer-styles-preset-g3t3gs\">Coffee, tea,<\/p><\/li><li class=\"framer-text framer-styles-preset-g3t3gs\" data-preset-tag=\"p\"><p class=\"framer-text framer-styles-preset-g3t3gs\">Dessert buffet<\/p><\/li><\/ul><p class=\"framer-text framer-styles-preset-g3t3gs\">We use locally produced, organic and environmentally\/climate-certified raw materials as much as possible.<br class=\"framer-text\" \/>Here at Restaurant Westman you always have a table set up, dedicated serving staff and the possibility to pay by invoice or card.<\/p>\t\t\t\t\t\t\t\t<\/div>\n\t\t\t\t<div class=\"elementor-element elementor-element-9b9d9d3 elementor-widget elementor-widget-heading\" data-id=\"9b9d9d3\" data-element_type=\"widget\" data-widget_type=\"heading.default\">\n\t\t\t\t\t<h2 class=\"elementor-heading-title elementor-size-default\">Business lunch in Vasastan? Come to Restaurant Westman in northern Norrmalm instead!<\/h2>\t\t\t\t<\/div>\n\t\t\t\t<div class=\"elementor-element elementor-element-9d12afa elementor-widget elementor-widget-text-editor\" data-id=\"9d12afa\" data-element_type=\"widget\" data-widget_type=\"text-editor.default\">\n\t\t\t\t\t\t\t\t\t<p class=\"framer-text framer-styles-preset-g3t3gs\">At our tables we have had lots of satisfied business lunch customers from all over Vasastan such as:<\/p><ul class=\"framer-text\"><li class=\"framer-text framer-styles-preset-g3t3gs\" data-preset-tag=\"p\"><p class=\"framer-text framer-styles-preset-g3t3gs\">Roslagstull, Birkastan<\/p><\/li><li class=\"framer-text framer-styles-preset-g3t3gs\" data-preset-tag=\"p\"><p class=\"framer-text framer-styles-preset-g3t3gs\">Norrtull, Odenplan<\/p><\/li><li class=\"framer-text framer-styles-preset-g3t3gs\" data-preset-tag=\"p\"><p class=\"framer-text framer-styles-preset-g3t3gs\">Tegn\u00e9rlunden, Vanadislunden<\/p><\/li><\/ul><p class=\"framer-text framer-styles-preset-g3t3gs\">We have also had satisfied customers from neighbouring districts, such as S\u00f6dermalm, Kungsholmen, \u00d6stermalm and Gamla Stan.<br class=\"framer-text\" \/>Welcome to join these customers here at Restaurant Westman in Westmanska Palatset next time you want to book a business lunch Vasastan!<\/p>\t\t\t\t\t\t\t\t<\/div>\n\t\t\t\t<div class=\"elementor-element elementor-element-43fe20d elementor-widget elementor-widget-image\" data-id=\"43fe20d\" data-element_type=\"widget\" data-widget_type=\"image.default\">\n\t\t\t\t\t\t\t\t\t\t\t\t\t\t\t<img fetchpriority=\"high\" decoding=\"async\" width=\"800\" height=\"300\" src=\"https:\/\/westmanska.se\/wp-content\/uploads\/2025\/07\/kyBHsQBNQs46e7jmUpZI5Z97xiU-1024x384.webp\" class=\"attachment-large size-large wp-image-1240\" alt=\"\" srcset=\"https:\/\/westmanska.se\/wp-content\/uploads\/2025\/07\/kyBHsQBNQs46e7jmUpZI5Z97xiU-1024x384.webp 1024w, https:\/\/westmanska.se\/wp-content\/uploads\/2025\/07\/kyBHsQBNQs46e7jmUpZI5Z97xiU-300x113.webp 300w, https:\/\/westmanska.se\/wp-content\/uploads\/2025\/07\/kyBHsQBNQs46e7jmUpZI5Z97xiU-768x288.webp 768w, https:\/\/westmanska.se\/wp-content\/uploads\/2025\/07\/kyBHsQBNQs46e7jmUpZI5Z97xiU-1536x576.webp 1536w, https:\/\/westmanska.se\/wp-content\/uploads\/2025\/07\/kyBHsQBNQs46e7jmUpZI5Z97xiU.webp 1600w\" sizes=\"(max-width: 800px) 100vw, 800px\" \/>\t\t\t\t\t\t\t\t\t\t\t\t\t\t\t<\/div>\n\t\t\t\t<\/div>\n\t\t\t\t<\/div>\n\t\t<div class=\"elementor-element elementor-element-b060da7 e-flex e-con-boxed e-con e-parent\" data-id=\"b060da7\" data-element_type=\"container\">\n\t\t\t\t\t<div class=\"e-con-inner\">\n\t\t\t\t<div class=\"elementor-element elementor-element-aeb820b elementor-widget elementor-widget-heading\" data-id=\"aeb820b\" data-element_type=\"widget\" data-widget_type=\"heading.default\">\n\t\t\t\t\t<h2 class=\"elementor-heading-title elementor-size-default\">Book your stay<\/h2>\t\t\t\t<\/div>\n\t\t\t\t\t<\/div>\n\t\t\t\t<\/div>\n\t\t\t\t<\/div>","protected":false},"excerpt":{"rendered":"<p>Aff\u00e4rslunch Vasastan Aff\u00e4rslunch Vasastan:\u00a0Vill du \u00e4ta en f\u00f6rstklassig aff\u00e4rslunch i Vasastan?Men \u00e4r det just Vasastan som \u00e4r det avg\u00f6rande f\u00f6r ditt val av restaurang inf\u00f6r din aff\u00e4rslunch? Eller kan vi locka dig att komma n\u00e5gra kvarter s\u00f6der\u00f6ver f\u00f6r en kulinarisk upplevelse i toppklass h\u00e4r hos oss p\u00e5 Restaurang Westman i Westmanska Palatset p\u00e5 norra Norrmalm? [&hellip;]<\/p>","protected":false},"author":1,"featured_media":0,"parent":1141,"menu_order":0,"comment_status":"closed","ping_status":"closed","template":"","meta":{"footnotes":""},"class_list":["post-1208","page","type-page","status-publish","hentry"],"_links":{"self":[{"href":"https:\/\/westmanska.se\/en\/wp-json\/wp\/v2\/pages\/1208","targetHints":{"allow":["GET"]}}],"collection":[{"href":"https:\/\/westmanska.se\/en\/wp-json\/wp\/v2\/pages"}],"about":[{"href":"https:\/\/westmanska.se\/en\/wp-json\/wp\/v2\/types\/page"}],"author":[{"embeddable":true,"href":"https:\/\/westmanska.se\/en\/wp-json\/wp\/v2\/users\/1"}],"replies":[{"embeddable":true,"href":"https:\/\/westmanska.se\/en\/wp-json\/wp\/v2\/comments?post=1208"}],"version-history":[{"count":13,"href":"https:\/\/westmanska.se\/en\/wp-json\/wp\/v2\/pages\/1208\/revisions"}],"predecessor-version":[{"id":4138,"href":"https:\/\/westmanska.se\/en\/wp-json\/wp\/v2\/pages\/1208\/revisions\/4138"}],"up":[{"embeddable":true,"href":"https:\/\/westmanska.se\/en\/wp-json\/wp\/v2\/pages\/1141"}],"wp:attachment":[{"href":"https:\/\/westmanska.se\/en\/wp-json\/wp\/v2\/media?parent=1208"}],"curies":[{"name":"wp","href":"https:\/\/api.w.org\/{rel}","templated":true}]}}