{"id":1169,"date":"2025-07-28T11:21:33","date_gmt":"2025-07-28T11:21:33","guid":{"rendered":"https:\/\/yellow-gazelle-403867.hostingersite.com\/?page_id=1169"},"modified":"2026-01-23T14:20:23","modified_gmt":"2026-01-23T14:20:23","slug":"affarslunch-odenplan","status":"publish","type":"page","link":"https:\/\/westmanska.se\/en\/ort\/affarslunch-odenplan\/","title":{"rendered":"Aff\u00e4rslunch Odenplan"},"content":{"rendered":"<div data-elementor-type=\"wp-post\" data-elementor-id=\"1169\" class=\"elementor elementor-1169\" data-elementor-post-type=\"page\">\n\t\t\t\t<div class=\"elementor-element elementor-element-1d76f06 e-flex e-con-boxed e-con e-parent\" data-id=\"1d76f06\" data-element_type=\"container\" data-settings=\"{&quot;background_background&quot;:&quot;classic&quot;}\">\n\t\t\t\t\t<div class=\"e-con-inner\">\n\t\t\t\t<div class=\"elementor-element elementor-element-4ee40e6 elementor-widget elementor-widget-heading\" data-id=\"4ee40e6\" data-element_type=\"widget\" data-widget_type=\"heading.default\">\n\t\t\t\t\t<h1 class=\"elementor-heading-title elementor-size-default\">Aff\u00e4rslunch Odenplan<\/h1>\t\t\t\t<\/div>\n\t\t\t\t\t<\/div>\n\t\t\t\t<\/div>\n\t\t<div class=\"elementor-element elementor-element-0d9bce2 e-con-full e-flex e-con e-parent\" data-id=\"0d9bce2\" data-element_type=\"container\" data-settings=\"{&quot;background_background&quot;:&quot;gradient&quot;}\">\n\t\t<div class=\"elementor-element elementor-element-813d44e e-con-full e-flex e-con e-child\" data-id=\"813d44e\" data-element_type=\"container\">\n\t\t\t\t<div class=\"elementor-element elementor-element-1ecfa7b elementor-widget elementor-widget-text-editor\" data-id=\"1ecfa7b\" data-element_type=\"widget\" data-widget_type=\"text-editor.default\">\n\t\t\t\t\t\t\t\t\t<p><strong class=\"framer-text\">Aff\u00e4rslunch Odenplan<\/strong>, \u00e4r n\u00e5gonting som m\u00e5nga s\u00f6ker i sin lunchplanering s\u00e5v\u00e4l f\u00f6re som efter och under ett lyckat m\u00f6te, eftersom Odenplan \u00e4r n\u00e5gonting av en m\u00f6tesplats i Stockholm.<br class=\"framer-text\" \/>Ibland \u00e4r kanske ett centralt l\u00e4ge det viktigaste n\u00e4r du planerar en aff\u00e4rslunch och ibland s\u00e5 \u00e4r det kvalit\u00e9n p\u00e5 maten och en trivsam, inspirerande milj\u00f6 som \u00e4r det avg\u00f6rande.<br class=\"framer-text\" \/>So why settle for either\/or, when you can have it all in one place?<br class=\"framer-text\" \/>Vill du \u00e4ta en f\u00f6rstklassig aff\u00e4rslunch i centrala Stockholm, helst inom promenadavst\u00e5nd fr\u00e5n Odenplan?<br class=\"framer-text\" \/>I s\u00e5 fall \u00e4r du varmt v\u00e4lkommen d\u00e5 till Restaurang Westman i Westmanska Palatset!<br class=\"framer-text\" \/>Vi erbjuder dig och ditt s\u00e4llskap en r\u00e4tt balanserad aff\u00e4rslunch som \u00e4r en kulinarisk upplevelse ut\u00f6ver det vanliga.<\/p>\t\t\t\t\t\t\t\t<\/div>\n\t\t\t\t<div class=\"elementor-element elementor-element-e4f3563 elementor-widget elementor-widget-heading\" data-id=\"e4f3563\" data-element_type=\"widget\" data-widget_type=\"heading.default\">\n\t\t\t\t\t<h2 class=\"elementor-heading-title elementor-size-default\">Restaurang i Norrmalm f\u00f6r verksamheter fr\u00e5n Odenplan\n<\/h2>\t\t\t\t<\/div>\n\t\t\t\t<div class=\"elementor-element elementor-element-32879e6 elementor-widget elementor-widget-text-editor\" data-id=\"32879e6\" data-element_type=\"widget\" data-widget_type=\"text-editor.default\">\n\t\t\t\t\t\t\t\t\t<p class=\"framer-text framer-styles-preset-g3t3gs\">V\u00e4lrenommerade Restaurang Westman i Westmanska Palatset serverar f\u00f6rstklassiga aff\u00e4rsluncher i ett centralt l\u00e4ge p\u00e5 norra Norrmalm \u2013 bara n\u00e5gra minuters promenad fr\u00e5n Odenplan.<br class=\"framer-text\" \/>Here, you and your clients and\/or colleagues can meet in a cosy and inspiring environment for a superb business lunch.<br class=\"framer-text\" \/>Our business lunches are held in a calm and inspiring environment, in a bright and airy room overlooking one of Stockholm's most charming courtyards (with outdoor seating during the summer).<br class=\"framer-text\" \/>The food is both first-class and affordable, and you can of course pay by invoice or card.<br class=\"framer-text\" \/>Welcome to a top-class culinary experience at Westmanska Palatset!<\/p>\t\t\t\t\t\t\t\t<\/div>\n\t\t\t\t<div class=\"elementor-element elementor-element-e24f7d5 elementor-widget elementor-widget-heading\" data-id=\"e24f7d5\" data-element_type=\"widget\" data-widget_type=\"heading.default\">\n\t\t\t\t\t<h2 class=\"elementor-heading-title elementor-size-default\">Aff\u00e4rsluncher f\u00f6r verksamheter fr\u00e5n Odenplan<\/h2>\t\t\t\t<\/div>\n\t\t\t\t<div class=\"elementor-element elementor-element-eb12356 elementor-widget elementor-widget-text-editor\" data-id=\"eb12356\" data-element_type=\"widget\" data-widget_type=\"text-editor.default\">\n\t\t\t\t\t\t\t\t\t<p>Westmanska Palatset \u00e4r ett sj\u00e4lvklart alternativ f\u00f6r m\u00e5nga lunchhungriga, som \u00e4ven dessa n\u00e5gon g\u00e5ng har blivit utan lunchplats kring Odenplan, s\u00e5 varf\u00f6r inte g\u00f6ra det som de har gjort och g\u00f6r oss till ditt nya f\u00f6rstahandsalternativ f\u00f6r lunchen?<br class=\"framer-text\" \/>Enligt m\u00e5nga n\u00f6jda lunchg\u00e4ster ifr\u00e5n Odenplan med omnejd, s\u00e5 \u00e4r vi numera deras f\u00f6rstahandsval n\u00e4r de skall boka en aff\u00e4rslunch.<\/p>\t\t\t\t\t\t\t\t<\/div>\n\t\t\t\t<div class=\"elementor-element elementor-element-9b9d9d3 elementor-widget elementor-widget-heading\" data-id=\"9b9d9d3\" data-element_type=\"widget\" data-widget_type=\"heading.default\">\n\t\t\t\t\t<h2 class=\"elementor-heading-title elementor-size-default\">Join us at Westmanska and create business in a wonderful environment!\n<\/h2>\t\t\t\t<\/div>\n\t\t\t\t<div class=\"elementor-element elementor-element-9d12afa elementor-widget elementor-widget-text-editor\" data-id=\"9d12afa\" data-element_type=\"widget\" data-widget_type=\"text-editor.default\">\n\t\t\t\t\t\t\t\t\t<p class=\"framer-text framer-styles-preset-g3t3gs\">Det kan vara angen\u00e4mt ibland att l\u00e4mna kontoret, sl\u00e5 sig ned vid dukade bord och \u00e4ta en aff\u00e4rslunch i toppklass tillsammans med kunder och\/eller kollegor.<br class=\"framer-text\" \/>But, as you are aware, a business lunch is so much more than a pleasant break in the working day.<br class=\"framer-text\" \/>It should be both informative and productive.<br class=\"framer-text\" \/>Helst s\u00e5 skall den ocks\u00e5 utg\u00f6ra startskottet p\u00e5 en str\u00e5lande aff\u00e4r eller ett l\u00e5ngvarigt samarbete.<br class=\"framer-text\" \/>N\u00e4r mycket st\u00e5r p\u00e5 spel, s\u00e5 h\u00e4nger en hel del p\u00e5 att milj\u00f6n \u00e4r trivsam och inspirerande s\u00e5 att du och dina g\u00e4ster k\u00e4nner er s\u00e5v\u00e4l bekv\u00e4ma som v\u00e4l omh\u00e4ndertagna samt att maten \u00e4r f\u00f6rstklassig. Vi har ber\u00e4ttat om den trivsamma, avskilda matsalen d\u00e4r v\u00e5ra aff\u00e4rsluncher serveras och givit dig en aning om vilka kulinariska upplevelser som v\u00e4ntar p\u00e5 er stund med oss.<br class=\"framer-text\" \/>In the dining room, our lunch hosts and serving staff will take good care of you and your guests.<\/p><p class=\"framer-text framer-styles-preset-g3t3gs\">Restaurant Westman business lunches are always included:<\/p><ul class=\"framer-text\"><li class=\"framer-text framer-styles-preset-g3t3gs\" data-preset-tag=\"p\"><p class=\"framer-text framer-styles-preset-g3t3gs\">Salad,<\/p><\/li><li class=\"framer-text framer-styles-preset-g3t3gs\" data-preset-tag=\"p\"><p class=\"framer-text framer-styles-preset-g3t3gs\">Bread\/butter,<\/p><\/li><li class=\"framer-text framer-styles-preset-g3t3gs\" data-preset-tag=\"p\"><p class=\"framer-text framer-styles-preset-g3t3gs\">Light beer\/mineral water,<\/p><\/li><li class=\"framer-text framer-styles-preset-g3t3gs\" data-preset-tag=\"p\"><p class=\"framer-text framer-styles-preset-g3t3gs\">Coffee, tea,<\/p><\/li><li class=\"framer-text framer-styles-preset-g3t3gs\" data-preset-tag=\"p\"><p class=\"framer-text framer-styles-preset-g3t3gs\">Dessert buffet<\/p><\/li><\/ul><p class=\"framer-text framer-styles-preset-g3t3gs\">We always use locally produced, organic and environmentally\/climate certified raw materials as much as possible.<br class=\"framer-text\" \/>Here at Restaurant Westman you always have a table set up, dedicated serving staff and the possibility to pay by invoice or card.<\/p>\t\t\t\t\t\t\t\t<\/div>\n\t\t\t\t<div class=\"elementor-element elementor-element-eefeefa elementor-widget elementor-widget-heading\" data-id=\"eefeefa\" data-element_type=\"widget\" data-widget_type=\"heading.default\">\n\t\t\t\t\t<h2 class=\"elementor-heading-title elementor-size-default\">Restaurang Westman, ett sj\u00e4lvklart val f\u00f6r dig som t\u00e4nkte \u00e4ta aff\u00e4rslunch vid Odenplan<\/h2>\t\t\t\t<\/div>\n\t\t\t\t<div class=\"elementor-element elementor-element-7a5dceb elementor-widget elementor-widget-text-editor\" data-id=\"7a5dceb\" data-element_type=\"widget\" data-widget_type=\"text-editor.default\">\n\t\t\t\t\t\t\t\t\t<p class=\"framer-text framer-styles-preset-g3t3gs\">Vid v\u00e5ra bord har vi haft m\u00e4ngder med n\u00f6jda kunder fr\u00e5n trakterna kring Odenplan.<br class=\"framer-text\" \/>Vi har \u00e4ven haft n\u00f6jda kunder fr\u00e5n hela Vasastan och d\u00e4rtill \u00e4ven angr\u00e4nsande stadsdelar, s\u00e5 som S\u00f6dermalm, \u00d6stermalm, Kungsholmen och Gamla Stan.<br class=\"framer-text\" \/>Varmt v\u00e4lkommen att g\u00f6ra dessa kunder s\u00e4llskap h\u00e4r p\u00e5 Restaurang Westman i Westmanska Palatset h\u00e4rn\u00e4st du vill boka aff\u00e4rslunch Odenplan!<\/p>\t\t\t\t\t\t\t\t<\/div>\n\t\t\t\t<div class=\"elementor-element elementor-element-43fe20d elementor-widget elementor-widget-image\" data-id=\"43fe20d\" data-element_type=\"widget\" data-widget_type=\"image.default\">\n\t\t\t\t\t\t\t\t\t\t\t\t\t\t\t<img fetchpriority=\"high\" decoding=\"async\" width=\"800\" height=\"300\" src=\"https:\/\/westmanska.se\/wp-content\/uploads\/2025\/07\/A4NfOCoqmDgTAqTPa5d5IA2dJM8-1024x384.avif\" class=\"attachment-large size-large wp-image-1193\" alt=\"\" srcset=\"https:\/\/westmanska.se\/wp-content\/uploads\/2025\/07\/A4NfOCoqmDgTAqTPa5d5IA2dJM8-1024x384.avif 1024w, https:\/\/westmanska.se\/wp-content\/uploads\/2025\/07\/A4NfOCoqmDgTAqTPa5d5IA2dJM8-300x113.avif 300w, https:\/\/westmanska.se\/wp-content\/uploads\/2025\/07\/A4NfOCoqmDgTAqTPa5d5IA2dJM8-768x288.avif 768w, https:\/\/westmanska.se\/wp-content\/uploads\/2025\/07\/A4NfOCoqmDgTAqTPa5d5IA2dJM8.avif 1536w\" sizes=\"(max-width: 800px) 100vw, 800px\" \/>\t\t\t\t\t\t\t\t\t\t\t\t\t\t\t<\/div>\n\t\t\t\t<\/div>\n\t\t\t\t<\/div>\n\t\t<div class=\"elementor-element elementor-element-b060da7 e-flex e-con-boxed e-con e-parent\" data-id=\"b060da7\" data-element_type=\"container\">\n\t\t\t\t\t<div class=\"e-con-inner\">\n\t\t\t\t<div class=\"elementor-element elementor-element-aeb820b elementor-widget elementor-widget-heading\" data-id=\"aeb820b\" data-element_type=\"widget\" data-widget_type=\"heading.default\">\n\t\t\t\t\t<h2 class=\"elementor-heading-title elementor-size-default\">Book your stay<\/h2>\t\t\t\t<\/div>\n\t\t\t\t\t<\/div>\n\t\t\t\t<\/div>\n\t\t\t\t<\/div>","protected":false},"excerpt":{"rendered":"<p>Aff\u00e4rslunch Odenplan Aff\u00e4rslunch Odenplan, \u00e4r n\u00e5gonting som m\u00e5nga s\u00f6ker i sin lunchplanering s\u00e5v\u00e4l f\u00f6re som efter och under ett lyckat m\u00f6te, eftersom Odenplan \u00e4r n\u00e5gonting av en m\u00f6tesplats i Stockholm.Ibland \u00e4r kanske ett centralt l\u00e4ge det viktigaste n\u00e4r du planerar en aff\u00e4rslunch och ibland s\u00e5 \u00e4r det kvalit\u00e9n p\u00e5 maten och en trivsam, inspirerande milj\u00f6 [&hellip;]<\/p>","protected":false},"author":1,"featured_media":0,"parent":1141,"menu_order":0,"comment_status":"closed","ping_status":"closed","template":"","meta":{"footnotes":""},"class_list":["post-1169","page","type-page","status-publish","hentry"],"_links":{"self":[{"href":"https:\/\/westmanska.se\/en\/wp-json\/wp\/v2\/pages\/1169","targetHints":{"allow":["GET"]}}],"collection":[{"href":"https:\/\/westmanska.se\/en\/wp-json\/wp\/v2\/pages"}],"about":[{"href":"https:\/\/westmanska.se\/en\/wp-json\/wp\/v2\/types\/page"}],"author":[{"embeddable":true,"href":"https:\/\/westmanska.se\/en\/wp-json\/wp\/v2\/users\/1"}],"replies":[{"embeddable":true,"href":"https:\/\/westmanska.se\/en\/wp-json\/wp\/v2\/comments?post=1169"}],"version-history":[{"count":16,"href":"https:\/\/westmanska.se\/en\/wp-json\/wp\/v2\/pages\/1169\/revisions"}],"predecessor-version":[{"id":4120,"href":"https:\/\/westmanska.se\/en\/wp-json\/wp\/v2\/pages\/1169\/revisions\/4120"}],"up":[{"embeddable":true,"href":"https:\/\/westmanska.se\/en\/wp-json\/wp\/v2\/pages\/1141"}],"wp:attachment":[{"href":"https:\/\/westmanska.se\/en\/wp-json\/wp\/v2\/media?parent=1169"}],"curies":[{"name":"wp","href":"https:\/\/api.w.org\/{rel}","templated":true}]}}