{"id":1128,"date":"2025-07-25T12:58:30","date_gmt":"2025-07-25T12:58:30","guid":{"rendered":"https:\/\/yellow-gazelle-403867.hostingersite.com\/?page_id=1128"},"modified":"2026-01-23T14:14:20","modified_gmt":"2026-01-23T14:14:20","slug":"inspelning","status":"publish","type":"page","link":"https:\/\/westmanska.se\/en\/inspelning\/","title":{"rendered":"Recording"},"content":{"rendered":"<div data-elementor-type=\"wp-post\" data-elementor-id=\"1128\" class=\"elementor elementor-1128\" data-elementor-post-type=\"page\">\n\t\t\t\t<div class=\"elementor-element elementor-element-1d76f06 e-flex e-con-boxed e-con e-parent\" data-id=\"1d76f06\" data-element_type=\"container\" data-settings=\"{&quot;background_background&quot;:&quot;video&quot;,&quot;background_video_link&quot;:&quot;https:\\\/\\\/westmanska.se\\\/wp-content\\\/uploads\\\/2025\\\/10\\\/Streamin_At_WestmanskaPalatset.mp4&quot;,&quot;background_play_on_mobile&quot;:&quot;yes&quot;}\">\n\t\t\t\t\t<div class=\"e-con-inner\">\n\t\t<div class=\"elementor-background-video-container\" aria-hidden=\"true\">\n\t\t\t\t\t\t\t<video class=\"elementor-background-video-hosted\" autoplay muted playsinline loop><\/video>\n\t\t\t\t\t<\/div>\t\t\t<\/div>\n\t\t\t\t<\/div>\n\t\t<div class=\"elementor-element elementor-element-0d9bce2 e-flex e-con-boxed e-con e-parent\" data-id=\"0d9bce2\" data-element_type=\"container\" data-settings=\"{&quot;background_background&quot;:&quot;gradient&quot;}\">\n\t\t\t\t\t<div class=\"e-con-inner\">\n\t\t\t\t<div class=\"elementor-element elementor-element-2e37580 elementor-widget__width-inherit elementor-widget elementor-widget-text-editor\" data-id=\"2e37580\" data-element_type=\"widget\" data-widget_type=\"text-editor.default\">\n\t\t\t\t\t\t\t\t\t<div class=\"framer-7l4aqy\" data-framer-component-type=\"RichTextContainer\"><p class=\"framer-text framer-styles-preset-g3t3gs\"><strong class=\"framer-text\">Recording<\/strong> in different contexts can be an important element for many companies.<br class=\"framer-text\" \/>Some choose to do it themselves with poor results, while others turn to us for the technology and expertise.<br class=\"framer-text\" \/><br class=\"framer-text\" \/>We provide you with the expertise and technology you need to succeed with a truly digital meeting experience.<br class=\"framer-text\" \/>Contact us to book a studio with conference technology for recording.<\/p><\/div>\t\t\t\t\t\t\t\t<\/div>\n\t\t\t\t<div class=\"elementor-element elementor-element-31fed74 elementor-widget__width-inherit elementor-widget elementor-widget-heading\" data-id=\"31fed74\" data-element_type=\"widget\" data-widget_type=\"heading.default\">\n\t\t\t\t\t<h2 class=\"elementor-heading-title elementor-size-default\">We make your recordings professional\n<\/h2>\t\t\t\t<\/div>\n\t\t\t\t<div class=\"elementor-element elementor-element-48481da elementor-widget__width-inherit elementor-widget elementor-widget-text-editor\" data-id=\"48481da\" data-element_type=\"widget\" data-widget_type=\"text-editor.default\">\n\t\t\t\t\t\t\t\t\t<div class=\"framer-7l4aqy\" data-framer-component-type=\"RichTextContainer\"><p class=\"framer-text framer-styles-preset-g3t3gs\">If you plan to organise a presentation, seminar or webinar, we recommend that you also record it.<br class=\"framer-text\" \/>A recording allows you to easily view the work afterwards and distribute the content on your company website.<br class=\"framer-text\" \/>We have the technology and know-how to lay the foundations for a truly professional recording.<br class=\"framer-text\" \/>This is appreciated by our customers and, ultimately, our customers' customers.\u00a0<\/p><\/div>\t\t\t\t\t\t\t\t<\/div>\n\t\t\t\t<div class=\"elementor-element elementor-element-72da4ae elementor-widget__width-inherit elementor-widget elementor-widget-heading\" data-id=\"72da4ae\" data-element_type=\"widget\" data-widget_type=\"heading.default\">\n\t\t\t\t\t<h2 class=\"elementor-heading-title elementor-size-default\">What we record\n<\/h2>\t\t\t\t<\/div>\n\t\t\t\t<div class=\"elementor-element elementor-element-49fbef2 elementor-widget__width-inherit elementor-widget elementor-widget-text-editor\" data-id=\"49fbef2\" data-element_type=\"widget\" data-widget_type=\"text-editor.default\">\n\t\t\t\t\t\t\t\t\t<div class=\"framer-7l4aqy\" data-framer-component-type=\"RichTextContainer\"><p class=\"framer-text framer-styles-preset-g3t3gs\">We carry out numerous streams every year, ranging from press conferences, annual general meetings, capital markets days and quarterly reports.<br class=\"framer-text\" \/>But also different types of events, launches and educational forums.<br class=\"framer-text\" \/>Once the recording is complete, the customer receives the recording in the desired format on external media.<br class=\"framer-text\" \/>We can help you with conference rooms, technology and conference hosts, and if you wish, we can make it a more lively meeting in the form of a remote meeting or hybrid meeting with recording.<\/p><\/div>\t\t\t\t\t\t\t\t<\/div>\n\t\t\t\t<div class=\"elementor-element elementor-element-99a2b92 elementor-widget__width-inherit elementor-widget elementor-widget-heading\" data-id=\"99a2b92\" data-element_type=\"widget\" data-widget_type=\"heading.default\">\n\t\t\t\t\t<h2 class=\"elementor-heading-title elementor-size-default\">This is included when you book the studio\n<\/h2>\t\t\t\t<\/div>\n\t\t\t\t<div class=\"elementor-element elementor-element-9b68241 elementor-widget__width-inherit elementor-widget elementor-widget-text-editor\" data-id=\"9b68241\" data-element_type=\"widget\" data-widget_type=\"text-editor.default\">\n\t\t\t\t\t\t\t\t\t<div class=\"framer-7l4aqy\" data-framer-component-type=\"RichTextContainer\"><ul class=\"framer-text\"><li class=\"framer-text framer-styles-preset-g3t3gs\" data-preset-tag=\"p\"><p class=\"framer-text framer-styles-preset-g3t3gs\">Technician\/host<\/p><\/li><li class=\"framer-text framer-styles-preset-g3t3gs\" data-preset-tag=\"p\"><p class=\"framer-text framer-styles-preset-g3t3gs\">Laser LED projector<\/p><\/li><li class=\"framer-text framer-styles-preset-g3t3gs\" data-preset-tag=\"p\"><p class=\"framer-text framer-styles-preset-g3t3gs\">BOSE sound system<\/p><\/li><li class=\"framer-text framer-styles-preset-g3t3gs\" data-preset-tag=\"p\"><p class=\"framer-text framer-styles-preset-g3t3gs\">Wi-Fi<\/p><\/li><li class=\"framer-text framer-styles-preset-g3t3gs\" data-preset-tag=\"p\"><p class=\"framer-text framer-styles-preset-g3t3gs\">Handheld microphones<\/p><\/li><li class=\"framer-text framer-styles-preset-g3t3gs\" data-preset-tag=\"p\"><p class=\"framer-text framer-styles-preset-g3t3gs\">Mosquitoes<\/p><\/li><li class=\"framer-text framer-styles-preset-g3t3gs\" data-preset-tag=\"p\"><p class=\"framer-text framer-styles-preset-g3t3gs\">Headsets<\/p><\/li><li class=\"framer-text framer-styles-preset-g3t3gs\" data-preset-tag=\"p\"><p class=\"framer-text framer-styles-preset-g3t3gs\">Whiteboard<\/p><\/li><li class=\"framer-text framer-styles-preset-g3t3gs\" data-preset-tag=\"p\"><p class=\"framer-text framer-styles-preset-g3t3gs\">Flipchart<\/p><\/li><li class=\"framer-text framer-styles-preset-g3t3gs\" data-preset-tag=\"p\"><p class=\"framer-text framer-styles-preset-g3t3gs\">water<\/p><\/li><li class=\"framer-text framer-styles-preset-g3t3gs\" data-preset-tag=\"p\"><p class=\"framer-text framer-styles-preset-g3t3gs\">Notepads and pens<\/p><\/li><li class=\"framer-text framer-styles-preset-g3t3gs\" data-preset-tag=\"p\"><p class=\"framer-text framer-styles-preset-g3t3gs\">Service button<\/p><\/li><li class=\"framer-text framer-styles-preset-g3t3gs\" data-preset-tag=\"p\"><p class=\"framer-text framer-styles-preset-g3t3gs\">Podium<\/p><\/li><li class=\"framer-text framer-styles-preset-g3t3gs\" data-preset-tag=\"p\"><p class=\"framer-text framer-styles-preset-g3t3gs\">Scene<\/p><\/li><li class=\"framer-text framer-styles-preset-g3t3gs\" data-preset-tag=\"p\"><p class=\"framer-text framer-styles-preset-g3t3gs\">Writing discs<\/p><\/li><\/ul><\/div>\t\t\t\t\t\t\t\t<\/div>\n\t\t\t\t<div class=\"elementor-element elementor-element-d5d8fa3 elementor-widget__width-inherit elementor-widget elementor-widget-heading\" data-id=\"d5d8fa3\" data-element_type=\"widget\" data-widget_type=\"heading.default\">\n\t\t\t\t\t<h2 class=\"elementor-heading-title elementor-size-default\">Frequently asked questions about recording in a studio\n\n\n<\/h2>\t\t\t\t<\/div>\n\t\t\t\t<div class=\"elementor-element elementor-element-b92b6d9 elementor-widget__width-inherit elementor-widget elementor-widget-n-accordion\" data-id=\"b92b6d9\" data-element_type=\"widget\" data-settings=\"{&quot;default_state&quot;:&quot;expanded&quot;,&quot;max_items_expended&quot;:&quot;one&quot;,&quot;n_accordion_animation_duration&quot;:{&quot;unit&quot;:&quot;ms&quot;,&quot;size&quot;:400,&quot;sizes&quot;:[]}}\" data-widget_type=\"nested-accordion.default\">\n\t\t\t\t\t\t\t<div class=\"e-n-accordion\" aria-label=\"Accordion. Open links with Enter or Space, close with Escape, and navigate with Arrow Keys\">\n\t\t\t\t\t\t<details id=\"e-n-accordion-item-1940\" class=\"e-n-accordion-item\" open>\n\t\t\t\t<summary class=\"e-n-accordion-item-title\" data-accordion-index=\"1\" tabindex=\"0\" aria-expanded=\"true\" aria-controls=\"e-n-accordion-item-1940\" >\n\t\t\t\t\t<span class='e-n-accordion-item-title-header'><div class=\"e-n-accordion-item-title-text\"> How do I book a Studio for a recording session? <\/div><\/span>\n\t\t\t\t\t\t\t<span class='e-n-accordion-item-title-icon'>\n\t\t\t<span class='e-opened' ><svg aria-hidden=\"true\" class=\"e-font-icon-svg e-fas-caret-up\" viewbox=\"0 0 320 512\" xmlns=\"http:\/\/www.w3.org\/2000\/svg\"><path d=\"M288.662 352H31.338c-17.818 0-26.741-21.543-14.142-34.142l128.662-128.662c7.81-7.81 20.474-7.81 28.284 0l128.662 128.662c12.6 12.599 3.676 34.142-14.142 34.142z\"><\/path><\/svg><\/span>\n\t\t\t<span class='e-closed'><svg aria-hidden=\"true\" class=\"e-font-icon-svg e-fas-caret-right\" viewbox=\"0 0 192 512\" xmlns=\"http:\/\/www.w3.org\/2000\/svg\"><path d=\"M0 384.662V127.338c0-17.818 21.543-26.741 34.142-14.142l128.662 128.662c7.81 7.81 7.81 20.474 0 28.284L34.142 398.804C21.543 411.404 0 402.48 0 384.662z\"><\/path><\/svg><\/span>\n\t\t<\/span>\n\n\t\t\t\t\t\t<\/summary>\n\t\t\t\t<div role=\"region\" aria-labelledby=\"e-n-accordion-item-1940\" class=\"elementor-element elementor-element-3e0d999 e-con-full e-flex e-con e-child\" data-id=\"3e0d999\" data-element_type=\"container\">\n\t\t\t\t<div class=\"elementor-element elementor-element-5d0571b elementor-widget elementor-widget-text-editor\" data-id=\"5d0571b\" data-element_type=\"widget\" data-widget_type=\"text-editor.default\">\n\t\t\t\t\t\t\t\t\t<div class=\"framer-1rksqh8-container\"><div class=\"framer-DY9HG framer-1sw8z91 framer-v-72rybm\" data-framer-name=\"desktop mode clicked\"><div class=\"framer-1quxdza\" data-framer-name=\"answer\" data-framer-component-type=\"RichTextContainer\"><p class=\"framer-text\">Fill in the form with your details or contact us directly.<\/p><\/div><\/div><\/div>\t\t\t\t\t\t\t\t<\/div>\n\t\t\t\t<\/div>\n\t\t\t\t\t<\/details>\n\t\t\t\t\t\t<details id=\"e-n-accordion-item-1941\" class=\"e-n-accordion-item\" >\n\t\t\t\t<summary class=\"e-n-accordion-item-title\" data-accordion-index=\"2\" tabindex=\"-1\" aria-expanded=\"false\" aria-controls=\"e-n-accordion-item-1941\" >\n\t\t\t\t\t<span class='e-n-accordion-item-title-header'><div class=\"e-n-accordion-item-title-text\"> How big is your studio? <\/div><\/span>\n\t\t\t\t\t\t\t<span class='e-n-accordion-item-title-icon'>\n\t\t\t<span class='e-opened' ><svg aria-hidden=\"true\" class=\"e-font-icon-svg e-fas-caret-up\" viewbox=\"0 0 320 512\" xmlns=\"http:\/\/www.w3.org\/2000\/svg\"><path d=\"M288.662 352H31.338c-17.818 0-26.741-21.543-14.142-34.142l128.662-128.662c7.81-7.81 20.474-7.81 28.284 0l128.662 128.662c12.6 12.599 3.676 34.142-14.142 34.142z\"><\/path><\/svg><\/span>\n\t\t\t<span class='e-closed'><svg aria-hidden=\"true\" class=\"e-font-icon-svg e-fas-caret-right\" viewbox=\"0 0 192 512\" xmlns=\"http:\/\/www.w3.org\/2000\/svg\"><path d=\"M0 384.662V127.338c0-17.818 21.543-26.741 34.142-14.142l128.662 128.662c7.81 7.81 7.81 20.474 0 28.284L34.142 398.804C21.543 411.404 0 402.48 0 384.662z\"><\/path><\/svg><\/span>\n\t\t<\/span>\n\n\t\t\t\t\t\t<\/summary>\n\t\t\t\t<div role=\"region\" aria-labelledby=\"e-n-accordion-item-1941\" class=\"elementor-element elementor-element-9c2f26f e-con-full e-flex e-con e-child\" data-id=\"9c2f26f\" data-element_type=\"container\">\n\t\t\t\t<div class=\"elementor-element elementor-element-2ba9692 elementor-widget elementor-widget-text-editor\" data-id=\"2ba9692\" data-element_type=\"widget\" data-widget_type=\"text-editor.default\">\n\t\t\t\t\t\t\t\t\t<div class=\"framer-4ee7vf\"><div class=\"framer-gtzvej\" data-framer-name=\"Content\"><div class=\"framer-15nzjnt\"><div class=\"framer-t1ymq\"><div class=\"framer-jlz5ts\" data-framer-name=\"faq container\"><div class=\"framer-ao2eh9\" data-framer-name=\"faq stack\"><div class=\"framer-ksew5m\" data-framer-name=\"left-div\"><div class=\"framer-1ivk7c2-container\"><div class=\"framer-DY9HG framer-1sw8z91 framer-v-72rybm\" data-framer-name=\"desktop mode clicked\"><div class=\"framer-1quxdza\" data-framer-name=\"answer\" data-framer-component-type=\"RichTextContainer\"><p class=\"framer-text\">The studio is 16 square metres and can accommodate 8 people.<\/p><\/div><\/div><\/div><\/div><\/div><\/div><\/div><\/div><\/div><\/div><div class=\"framer-7i9x2r\" data-border=\"true\" data-framer-name=\"Container\"><div class=\"framer-89unbi\"><div class=\"framer-59qp2v\" data-framer-name=\"text stack\"><div class=\"framer-13l1888\" data-framer-component-type=\"RichTextContainer\">\u00a0<\/div><\/div><\/div><\/div>\t\t\t\t\t\t\t\t<\/div>\n\t\t\t\t<\/div>\n\t\t\t\t\t<\/details>\n\t\t\t\t\t<\/div>\n\t\t\t\t\t\t<\/div>\n\t\t\t\t\t<\/div>\n\t\t\t\t<\/div>\n\t\t<div class=\"elementor-element elementor-element-10ae817 e-flex e-con-boxed e-con e-parent\" data-id=\"10ae817\" data-element_type=\"container\">\n\t\t\t\t\t<div class=\"e-con-inner\">\n\t\t\t\t<div class=\"elementor-element elementor-element-b1da567 elementor-widget elementor-widget-heading\" data-id=\"b1da567\" data-element_type=\"widget\" data-widget_type=\"heading.default\">\n\t\t\t\t\t<h2 class=\"elementor-heading-title elementor-size-default\">Book your stay\n<\/h2>\t\t\t\t<\/div>\n\t\t\t\t\t<\/div>\n\t\t\t\t<\/div>\n\t\t\t\t<\/div>","protected":false},"excerpt":{"rendered":"<p>Inspelning i olika sammanhang kan vara en viktig del f\u00f6r m\u00e5nga f\u00f6retag.En del v\u00e4ljer att g\u00f6ra det sj\u00e4lva med ett d\u00e5ligt resultat medans andra tar hj\u00e4lp av oss f\u00f6r tekniken och kunskapen. Vi f\u00f6rser er med den kompetens och teknik som beh\u00f6vs f\u00f6r att ni ska lyckas med en riktigt digital upplevelse som m\u00f6te.Kontakta oss [&hellip;]<\/p>","protected":false},"author":1,"featured_media":0,"parent":0,"menu_order":0,"comment_status":"closed","ping_status":"closed","template":"","meta":{"footnotes":""},"class_list":["post-1128","page","type-page","status-publish","hentry"],"_links":{"self":[{"href":"https:\/\/westmanska.se\/en\/wp-json\/wp\/v2\/pages\/1128","targetHints":{"allow":["GET"]}}],"collection":[{"href":"https:\/\/westmanska.se\/en\/wp-json\/wp\/v2\/pages"}],"about":[{"href":"https:\/\/westmanska.se\/en\/wp-json\/wp\/v2\/types\/page"}],"author":[{"embeddable":true,"href":"https:\/\/westmanska.se\/en\/wp-json\/wp\/v2\/users\/1"}],"replies":[{"embeddable":true,"href":"https:\/\/westmanska.se\/en\/wp-json\/wp\/v2\/comments?post=1128"}],"version-history":[{"count":25,"href":"https:\/\/westmanska.se\/en\/wp-json\/wp\/v2\/pages\/1128\/revisions"}],"predecessor-version":[{"id":4057,"href":"https:\/\/westmanska.se\/en\/wp-json\/wp\/v2\/pages\/1128\/revisions\/4057"}],"wp:attachment":[{"href":"https:\/\/westmanska.se\/en\/wp-json\/wp\/v2\/media?parent=1128"}],"curies":[{"name":"wp","href":"https:\/\/api.w.org\/{rel}","templated":true}]}}