{"id":1053,"date":"2025-07-25T11:56:03","date_gmt":"2025-07-25T11:56:03","guid":{"rendered":"https:\/\/yellow-gazelle-403867.hostingersite.com\/?page_id=1053"},"modified":"2026-01-23T14:09:24","modified_gmt":"2026-01-23T14:09:24","slug":"dagkonferenser","status":"publish","type":"page","link":"https:\/\/westmanska.se\/en\/dagkonferenser\/","title":{"rendered":"Dagkonferenser"},"content":{"rendered":"<div data-elementor-type=\"wp-post\" data-elementor-id=\"1053\" class=\"elementor elementor-1053\" data-elementor-post-type=\"page\">\n\t\t\t\t<div class=\"elementor-element elementor-element-1d76f06 e-flex e-con-boxed e-con e-parent\" data-id=\"1d76f06\" data-element_type=\"container\" data-settings=\"{&quot;background_background&quot;:&quot;classic&quot;}\">\n\t\t\t\t\t<div class=\"e-con-inner\">\n\t\t\t\t<div class=\"elementor-element elementor-element-4ee40e6 elementor-widget elementor-widget-heading\" data-id=\"4ee40e6\" data-element_type=\"widget\" data-widget_type=\"heading.default\">\n\t\t\t\t\t<h1 class=\"elementor-heading-title elementor-size-default\">Dagkonferenser\n<\/h1>\t\t\t\t<\/div>\n\t\t\t\t\t<\/div>\n\t\t\t\t<\/div>\n\t\t<div class=\"elementor-element elementor-element-0d9bce2 e-flex e-con-boxed e-con e-parent\" data-id=\"0d9bce2\" data-element_type=\"container\" data-settings=\"{&quot;background_background&quot;:&quot;gradient&quot;}\">\n\t\t\t\t\t<div class=\"e-con-inner\">\n\t\t<div class=\"elementor-element elementor-element-9aa6679 e-con-full e-flex e-con e-child\" data-id=\"9aa6679\" data-element_type=\"container\">\n\t\t\t\t<div class=\"elementor-element elementor-element-2e37580 elementor-widget__width-inherit elementor-widget elementor-widget-text-editor\" data-id=\"2e37580\" data-element_type=\"widget\" data-widget_type=\"text-editor.default\">\n\t\t\t\t\t\t\t\t\t<div class=\"framer-7l4aqy\" data-framer-component-type=\"RichTextContainer\"><p class=\"framer-text framer-styles-preset-g3t3gs\"><strong class=\"framer-text\">Dagkonferenser<\/strong> mitt i City, centralt men \u00e4nd\u00e5 i ett lugnt l\u00e4ge f\u00f6r dig som vill tr\u00e4ffa kollegor eller samarbetspartners \u00f6ver dagen.<br class=\"framer-text\" \/><br class=\"framer-text\" \/>Om varken tiden eller resurserna r\u00e4cker till f\u00f6r l\u00e4ngre konferenser med \u00f6vernattning,s\u00e5 \u00e4r en dagkonferens ett perfekt alternativ.<\/p><\/div>\t\t\t\t\t\t\t\t<\/div>\n\t\t\t\t<div class=\"elementor-element elementor-element-e239b11 elementor-widget__width-inherit elementor-widget elementor-widget-heading\" data-id=\"e239b11\" data-element_type=\"widget\" data-widget_type=\"heading.default\">\n\t\t\t\t\t<h2 class=\"elementor-heading-title elementor-size-default\">En dagkonferens \u00e4r ett effektivt s\u00e4tt att m\u00f6tas\n<\/h2>\t\t\t\t<\/div>\n\t\t\t\t<div class=\"elementor-element elementor-element-b35f7e0 elementor-widget__width-inherit elementor-widget elementor-widget-text-editor\" data-id=\"b35f7e0\" data-element_type=\"widget\" data-widget_type=\"text-editor.default\">\n\t\t\t\t\t\t\t\t\t<div class=\"framer-7l4aqy\" data-framer-component-type=\"RichTextContainer\"><p class=\"framer-text framer-styles-preset-g3t3gs\">Westmanska Palatset, i hj\u00e4rtat av City, erbjuder dig ett brett utbud av olika m\u00f6tesformer:<br class=\"framer-text\" \/><br class=\"framer-text trailing-break\" \/><\/p><ul class=\"framer-text\"><li class=\"framer-text framer-styles-preset-g3t3gs\" data-preset-tag=\"p\"><p class=\"framer-text framer-styles-preset-g3t3gs\"><strong class=\"framer-text\">Vi har lokalerna f\u00f6r dig som vill m\u00f6tas med dina kollegor eller samarbetspartners i det verkliga livet under dagen<\/strong><\/p><\/li><li class=\"framer-text framer-styles-preset-g3t3gs\" data-preset-tag=\"p\"><p class=\"framer-text framer-styles-preset-g3t3gs\"><strong class=\"framer-text\">Om du f\u00f6redrar ost\u00f6rda digitala m\u00f6ten i en lugn milj\u00f6 och med faciliteter som ditt kontor kanske inte kan erbjuda, s\u00e5 har vi l\u00f6sningen i form av toppmodern konferensteknik med s.k. distansm\u00f6ten<\/strong><\/p><\/li><li class=\"framer-text framer-styles-preset-g3t3gs\" data-preset-tag=\"p\"><p class=\"framer-text framer-styles-preset-g3t3gs\"><strong class=\"framer-text\">Eller varf\u00f6r inte ett hybridm\u00f6te, d\u00e4r du kan erbjuda det digitala med deltagare i rummet<\/strong><\/p><\/li><\/ul><p class=\"framer-text framer-styles-preset-g3t3gs\">F\u00f6r att s\u00e4ga det enkelt s\u00e5 erbjuder Westmanska Palatset dig och dina m\u00f6tesdeltagare dagkonferenser i moderna, fr\u00e4scha konferens- och m\u00f6teslokaler i en anrik milj\u00f6 \u2013 f\u00f6r alla typer av m\u00f6ten och konferenser.<br class=\"framer-text\" \/>Vi ger dig m\u00f6jligheten till att utveckla dina dagkonferenser till en unik upplevelse.<br class=\"framer-text\" \/>Det centrala l\u00e4get bjuder p\u00e5 m\u00e5nga f\u00f6rdelar f\u00f6r era dagkonferenser.<br class=\"framer-text\" \/>The metro, commuter and long-distance trains are all just a few blocks away, making it easy to get here.<br class=\"framer-text\" \/>Och framf\u00f6rallt \u2013 ni slipper leta parkering mitt i City.<\/p><\/div>\t\t\t\t\t\t\t\t<\/div>\n\t\t\t\t<div class=\"elementor-element elementor-element-de13cb3 elementor-widget__width-inherit elementor-widget elementor-widget-heading\" data-id=\"de13cb3\" data-element_type=\"widget\" data-widget_type=\"heading.default\">\n\t\t\t\t\t<h2 class=\"elementor-heading-title elementor-size-default\">Allt du beh\u00f6ver f\u00f6r en effektiv dagkonferens\n<\/h2>\t\t\t\t<\/div>\n\t\t\t\t<div class=\"elementor-element elementor-element-7b7b426 elementor-widget__width-inherit elementor-widget elementor-widget-text-editor\" data-id=\"7b7b426\" data-element_type=\"widget\" data-widget_type=\"text-editor.default\">\n\t\t\t\t\t\t\t\t\t<div class=\"framer-7l4aqy\" data-framer-component-type=\"RichTextContainer\"><p class=\"framer-text framer-styles-preset-g3t3gs\">Hos Westmanska Palatset kan ni ha dagkonferenser som p\u00e5 en g\u00e5ng \u00e4r b\u00e5de effektiva och aff\u00e4rsm\u00e4ssiga som kreativa och avkopplande i moderna konferensrum med konferensteknik i toppklass mitt i cityk\u00e4rnan i Stockholm.<br class=\"framer-text\" \/>V\u00e5ra konferenslokaler och grupprum passar perfekt f\u00f6r\u00a0er dagkonferens.<br class=\"framer-text\" \/>Fr\u00e5n det lilla m\u00f6tet till v\u00e5r stora h\u00f6rsal, Bryggarkungen, som tar upp till 120 \u2013 140 personer i biosittning.\u00a0<br class=\"framer-text\" \/>Hos oss m\u00f6ter ni alltid proffsig konferenspersonal som \u00e4r positiv och\u00a0l\u00f6sningsorienterad.<br class=\"framer-text\" \/><br class=\"framer-text trailing-break\" \/><\/p><ul class=\"framer-text\"><li class=\"framer-text framer-styles-preset-g3t3gs\" data-preset-tag=\"p\"><p class=\"framer-text framer-styles-preset-g3t3gs\"><strong class=\"framer-text\">Do you need technical support?<\/strong><\/p><\/li><li class=\"framer-text framer-styles-preset-g3t3gs\" data-preset-tag=\"p\"><p class=\"framer-text framer-styles-preset-g3t3gs\"><strong class=\"framer-text\">Then, of course, you will get it when you need it!<\/strong><\/p><\/li><\/ul><p class=\"framer-text framer-styles-preset-g3t3gs\">And when it's time for lunch, dinner or coffee breaks, we of course serve top-quality food and pastries.<br class=\"framer-text\" \/>V\u00e5rt m\u00e5l \u00e4r helt enkelt att ni skall trivas och skapa aff\u00e4rer genom era dagkonferenser!<\/p><\/div>\t\t\t\t\t\t\t\t<\/div>\n\t\t\t\t<div class=\"elementor-element elementor-element-19a4547 elementor-widget__width-inherit elementor-widget elementor-widget-heading\" data-id=\"19a4547\" data-element_type=\"widget\" data-widget_type=\"heading.default\">\n\t\t\t\t\t<h2 class=\"elementor-heading-title elementor-size-default\">Dagkonferenser i City f\u00f6r dina mest lyckade m\u00f6ten\n<\/h2>\t\t\t\t<\/div>\n\t\t\t\t<div class=\"elementor-element elementor-element-dc883e7 elementor-widget__width-inherit elementor-widget elementor-widget-text-editor\" data-id=\"dc883e7\" data-element_type=\"widget\" data-widget_type=\"text-editor.default\">\n\t\t\t\t\t\t\t\t\t<div class=\"framer-7l4aqy\" data-framer-component-type=\"RichTextContainer\"><p class=\"framer-text framer-styles-preset-g3t3gs\">The social, spontaneous meeting of people is as important a part of a day conference as the scheduled part.<br class=\"framer-text\" \/>It is often during these spontaneous meetings that the most creative and innovative ideas emerge and opportunities materialise.\u00a0<br class=\"framer-text\" \/>To help you stimulate creativity, inspiration and innovation during your day conference, we will ensure that coffee breaks, lunch and\/or dinner are a pleasant experience in an inviting environment.<br class=\"framer-text\" \/>Det skapar mer \u00e4n bara lyckade m\u00f6ten, det \u00e4r en dagkonferens som skapar aff\u00e4rer!<\/p><\/div>\t\t\t\t\t\t\t\t<\/div>\n\t\t\t\t<div class=\"elementor-element elementor-element-9602a20 elementor-widget__width-inherit elementor-widget elementor-widget-heading\" data-id=\"9602a20\" data-element_type=\"widget\" data-widget_type=\"heading.default\">\n\t\t\t\t\t<h2 class=\"elementor-heading-title elementor-size-default\">Representiva lokaler med f\u00f6rstklassig teknik f\u00f6r din dagkonferens<\/h2>\t\t\t\t<\/div>\n\t\t\t\t<div class=\"elementor-element elementor-element-9b6429b elementor-widget__width-inherit elementor-widget elementor-widget-text-editor\" data-id=\"9b6429b\" data-element_type=\"widget\" data-widget_type=\"text-editor.default\">\n\t\t\t\t\t\t\t\t\t<div class=\"framer-7l4aqy\" data-framer-component-type=\"RichTextContainer\"><p class=\"framer-text framer-styles-preset-g3t3gs\">Vad \u00e4r syftet med er dagkonferens?<br class=\"framer-text\" \/><br class=\"framer-text trailing-break\" \/><\/p><ul class=\"framer-text\"><li class=\"framer-text framer-styles-preset-g3t3gs\" data-preset-tag=\"p\"><p class=\"framer-text framer-styles-preset-g3t3gs\">Nystart \u2013 eller omstart \u2013 som bara kr\u00e4ver en ordentlig Kick Off?<\/p><\/li><li class=\"framer-text framer-styles-preset-g3t3gs\" data-preset-tag=\"p\"><p class=\"framer-text framer-styles-preset-g3t3gs\">Ett styrelsem\u00f6ten eller aff\u00e4rsm\u00f6ten?<\/p><\/li><li class=\"framer-text framer-styles-preset-g3t3gs\" data-preset-tag=\"p\"><p class=\"framer-text framer-styles-preset-g3t3gs\">Utbildningar eller seminarium?<\/p><\/li><li class=\"framer-text framer-styles-preset-g3t3gs\" data-preset-tag=\"p\"><p class=\"framer-text framer-styles-preset-g3t3gs\">Att l\u00e4gga upp strategier f\u00f6r framtiden?<\/p><\/li><\/ul><p class=\"framer-text framer-styles-preset-g3t3gs\">Oavsett vilket, s\u00e5 kan ni\u00a0konferera effektivt och trivsamt f\u00f6r en dag hos oss i fr\u00e4scha och representativa lokaler.<br class=\"framer-text\" \/>Den moderna, f\u00f6rstklassiga tekniken i lokalerna kommer f\u00f6rh\u00f6ja upplevelsen av er dagkonferens, b\u00e5de p\u00e5 plats och vid hybridm\u00f6ten.\u00a0<br class=\"framer-text\" \/>Sj\u00e4lvklart serverar vi ocks\u00e5 mat i toppklass under er dagkonferens!<\/p><\/div>\t\t\t\t\t\t\t\t<\/div>\n\t\t\t\t<div class=\"elementor-element elementor-element-08a87c8 elementor-widget__width-inherit elementor-widget elementor-widget-heading\" data-id=\"08a87c8\" data-element_type=\"widget\" data-widget_type=\"heading.default\">\n\t\t\t\t\t<h2 class=\"elementor-heading-title elementor-size-default\">Frequently asked questions about day conferences<\/h2>\t\t\t\t<\/div>\n\t\t\t\t<div class=\"elementor-element elementor-element-1264827 elementor-widget elementor-widget-n-accordion\" data-id=\"1264827\" data-element_type=\"widget\" data-settings=\"{&quot;default_state&quot;:&quot;expanded&quot;,&quot;max_items_expended&quot;:&quot;one&quot;,&quot;n_accordion_animation_duration&quot;:{&quot;unit&quot;:&quot;ms&quot;,&quot;size&quot;:400,&quot;sizes&quot;:[]}}\" data-widget_type=\"nested-accordion.default\">\n\t\t\t\t\t\t\t<div class=\"e-n-accordion\" aria-label=\"Accordion. Open links with Enter or Space, close with Escape, and navigate with Arrow Keys\">\n\t\t\t\t\t\t<details id=\"e-n-accordion-item-1920\" class=\"e-n-accordion-item\" open>\n\t\t\t\t<summary class=\"e-n-accordion-item-title\" data-accordion-index=\"1\" tabindex=\"0\" aria-expanded=\"true\" aria-controls=\"e-n-accordion-item-1920\" >\n\t\t\t\t\t<span class='e-n-accordion-item-title-header'><div class=\"e-n-accordion-item-title-text\"> Varf\u00f6r v\u00e4ljer m\u00e5nga en dagkonferens ist\u00e4llet f\u00f6r en konferens med \u00f6vernattning? <\/div><\/span>\n\t\t\t\t\t\t\t<span class='e-n-accordion-item-title-icon'>\n\t\t\t<span class='e-opened' ><svg aria-hidden=\"true\" class=\"e-font-icon-svg e-fas-caret-up\" viewbox=\"0 0 320 512\" xmlns=\"http:\/\/www.w3.org\/2000\/svg\"><path d=\"M288.662 352H31.338c-17.818 0-26.741-21.543-14.142-34.142l128.662-128.662c7.81-7.81 20.474-7.81 28.284 0l128.662 128.662c12.6 12.599 3.676 34.142-14.142 34.142z\"><\/path><\/svg><\/span>\n\t\t\t<span class='e-closed'><svg aria-hidden=\"true\" class=\"e-font-icon-svg e-fas-caret-right\" viewbox=\"0 0 192 512\" xmlns=\"http:\/\/www.w3.org\/2000\/svg\"><path d=\"M0 384.662V127.338c0-17.818 21.543-26.741 34.142-14.142l128.662 128.662c7.81 7.81 7.81 20.474 0 28.284L34.142 398.804C21.543 411.404 0 402.48 0 384.662z\"><\/path><\/svg><\/span>\n\t\t<\/span>\n\n\t\t\t\t\t\t<\/summary>\n\t\t\t\t<div role=\"region\" aria-labelledby=\"e-n-accordion-item-1920\" class=\"elementor-element elementor-element-351d4b3 e-con-full e-flex e-con e-child\" data-id=\"351d4b3\" data-element_type=\"container\">\n\t\t\t\t<div class=\"elementor-element elementor-element-5e1e0cf elementor-widget elementor-widget-text-editor\" data-id=\"5e1e0cf\" data-element_type=\"widget\" data-widget_type=\"text-editor.default\">\n\t\t\t\t\t\t\t\t\t<p>M\u00e5nga g\u00e5nger r\u00e4cker varken tiden eller resurserna till f\u00f6r en l\u00e4ngre konferens med \u00f6vernattning. D\u00e5 kan en dagkonferens i ett centralt l\u00e4ge i City utg\u00f6ra ett perfekt alternativ.<\/p>\t\t\t\t\t\t\t\t<\/div>\n\t\t\t\t<\/div>\n\t\t\t\t\t<\/details>\n\t\t\t\t\t\t<details id=\"e-n-accordion-item-1921\" class=\"e-n-accordion-item\" >\n\t\t\t\t<summary class=\"e-n-accordion-item-title\" data-accordion-index=\"2\" tabindex=\"-1\" aria-expanded=\"false\" aria-controls=\"e-n-accordion-item-1921\" >\n\t\t\t\t\t<span class='e-n-accordion-item-title-header'><div class=\"e-n-accordion-item-title-text\"> Har Westmanska Palatset modern konferensteknik f\u00f6r dagkonferenser? <\/div><\/span>\n\t\t\t\t\t\t\t<span class='e-n-accordion-item-title-icon'>\n\t\t\t<span class='e-opened' ><svg aria-hidden=\"true\" class=\"e-font-icon-svg e-fas-caret-up\" viewbox=\"0 0 320 512\" xmlns=\"http:\/\/www.w3.org\/2000\/svg\"><path d=\"M288.662 352H31.338c-17.818 0-26.741-21.543-14.142-34.142l128.662-128.662c7.81-7.81 20.474-7.81 28.284 0l128.662 128.662c12.6 12.599 3.676 34.142-14.142 34.142z\"><\/path><\/svg><\/span>\n\t\t\t<span class='e-closed'><svg aria-hidden=\"true\" class=\"e-font-icon-svg e-fas-caret-right\" viewbox=\"0 0 192 512\" xmlns=\"http:\/\/www.w3.org\/2000\/svg\"><path d=\"M0 384.662V127.338c0-17.818 21.543-26.741 34.142-14.142l128.662 128.662c7.81 7.81 7.81 20.474 0 28.284L34.142 398.804C21.543 411.404 0 402.48 0 384.662z\"><\/path><\/svg><\/span>\n\t\t<\/span>\n\n\t\t\t\t\t\t<\/summary>\n\t\t\t\t<div role=\"region\" aria-labelledby=\"e-n-accordion-item-1921\" class=\"elementor-element elementor-element-4e75904 e-con-full e-flex e-con e-child\" data-id=\"4e75904\" data-element_type=\"container\">\n\t\t\t\t<div class=\"elementor-element elementor-element-9e4b751 elementor-widget elementor-widget-text-editor\" data-id=\"9e4b751\" data-element_type=\"widget\" data-widget_type=\"text-editor.default\">\n\t\t\t\t\t\t\t\t\t<p>Absolut! Alla v\u00e5ra lokaler har modern, f\u00f6rstklassig konferensteknik. Vi ser det som en sj\u00e4lvklarhet f\u00f6r att kunna erbjuda v\u00e5ra kunder Stockholm Citys allra b\u00e4sta dagkonferenser.<\/p>\t\t\t\t\t\t\t\t<\/div>\n\t\t\t\t<\/div>\n\t\t\t\t\t<\/details>\n\t\t\t\t\t<\/div>\n\t\t\t\t\t\t<\/div>\n\t\t\t\t<\/div>\n\t\t\t\t\t<\/div>\n\t\t\t\t<\/div>\n\t\t<div class=\"elementor-element elementor-element-3ba42e1 e-con-full e-flex e-con e-parent\" data-id=\"3ba42e1\" data-element_type=\"container\" data-settings=\"{&quot;background_background&quot;:&quot;classic&quot;}\">\n\t\t\t\t<div class=\"elementor-element elementor-element-52cc088 elementor-widget-divider--view-line elementor-widget elementor-widget-divider\" data-id=\"52cc088\" data-element_type=\"widget\" data-widget_type=\"divider.default\">\n\t\t\t\t\t\t\t<div class=\"elementor-divider\">\n\t\t\t<span class=\"elementor-divider-separator\">\n\t\t\t\t\t\t<\/span>\n\t\t<\/div>\n\t\t\t\t\t\t<\/div>\n\t\t\t\t<div class=\"elementor-element elementor-element-966523d elementor-widget elementor-widget-heading\" data-id=\"966523d\" data-element_type=\"widget\" data-widget_type=\"heading.default\">\n\t\t\t\t\t<h2 class=\"elementor-heading-title elementor-size-default\">Book a conference\n<\/h2>\t\t\t\t<\/div>\n\t\t\t\t<\/div>\n\t\t\t\t<\/div>","protected":false},"excerpt":{"rendered":"<p>Dagkonferenser Dagkonferenser mitt i City, centralt men \u00e4nd\u00e5 i ett lugnt l\u00e4ge f\u00f6r dig som vill tr\u00e4ffa kollegor eller samarbetspartners \u00f6ver dagen. Om varken tiden eller resurserna r\u00e4cker till f\u00f6r l\u00e4ngre konferenser med \u00f6vernattning,s\u00e5 \u00e4r en dagkonferens ett perfekt alternativ. En dagkonferens \u00e4r ett effektivt s\u00e4tt att m\u00f6tas Westmanska Palatset, i hj\u00e4rtat av City, erbjuder [&hellip;]<\/p>","protected":false},"author":1,"featured_media":0,"parent":0,"menu_order":0,"comment_status":"closed","ping_status":"closed","template":"","meta":{"footnotes":""},"class_list":["post-1053","page","type-page","status-publish","hentry"],"_links":{"self":[{"href":"https:\/\/westmanska.se\/en\/wp-json\/wp\/v2\/pages\/1053","targetHints":{"allow":["GET"]}}],"collection":[{"href":"https:\/\/westmanska.se\/en\/wp-json\/wp\/v2\/pages"}],"about":[{"href":"https:\/\/westmanska.se\/en\/wp-json\/wp\/v2\/types\/page"}],"author":[{"embeddable":true,"href":"https:\/\/westmanska.se\/en\/wp-json\/wp\/v2\/users\/1"}],"replies":[{"embeddable":true,"href":"https:\/\/westmanska.se\/en\/wp-json\/wp\/v2\/comments?post=1053"}],"version-history":[{"count":16,"href":"https:\/\/westmanska.se\/en\/wp-json\/wp\/v2\/pages\/1053\/revisions"}],"predecessor-version":[{"id":4015,"href":"https:\/\/westmanska.se\/en\/wp-json\/wp\/v2\/pages\/1053\/revisions\/4015"}],"wp:attachment":[{"href":"https:\/\/westmanska.se\/en\/wp-json\/wp\/v2\/media?parent=1053"}],"curies":[{"name":"wp","href":"https:\/\/api.w.org\/{rel}","templated":true}]}}