{"id":1042,"date":"2025-07-25T11:50:41","date_gmt":"2025-07-25T11:50:41","guid":{"rendered":"https:\/\/yellow-gazelle-403867.hostingersite.com\/?page_id=1042"},"modified":"2025-07-30T14:21:08","modified_gmt":"2025-07-30T14:21:08","slug":"tack","status":"publish","type":"page","link":"https:\/\/westmanska.se\/en\/tack\/","title":{"rendered":"Tack"},"content":{"rendered":"<div data-elementor-type=\"wp-post\" data-elementor-id=\"1042\" class=\"elementor elementor-1042\" data-elementor-post-type=\"page\">\n\t\t\t\t<div class=\"elementor-element elementor-element-0d9bce2 e-flex e-con-boxed e-con e-parent\" data-id=\"0d9bce2\" data-element_type=\"container\" data-settings=\"{&quot;background_background&quot;:&quot;gradient&quot;}\">\n\t\t\t\t\t<div class=\"e-con-inner\">\n\t\t<div class=\"elementor-element elementor-element-9aa6679 e-con-full e-flex e-con e-child\" data-id=\"9aa6679\" data-element_type=\"container\">\n\t\t\t\t<div class=\"elementor-element elementor-element-31fed74 elementor-widget__width-initial elementor-widget elementor-widget-heading\" data-id=\"31fed74\" data-element_type=\"widget\" data-widget_type=\"heading.default\">\n\t\t\t\t\t<h2 class=\"elementor-heading-title elementor-size-default\">Thank you for your \n<br>Booking request!<\/h2>\t\t\t\t<\/div>\n\t\t\t\t<div class=\"elementor-element elementor-element-2e37580 elementor-widget__width-inherit elementor-widget elementor-widget-text-editor\" data-id=\"2e37580\" data-element_type=\"widget\" data-widget_type=\"text-editor.default\">\n\t\t\t\t\t\t\t\t\t<div class=\"framer-7l4aqy\" data-framer-component-type=\"RichTextContainer\"><h5 class=\"framer-text framer-styles-preset-1hrnf6w\" data-styles-preset=\"pkJQ6RvQ8\"><span style=\"color: #ffffff;\">Thank you for getting in touch with us! We will get back to you as soon as possible. If you have any further questions, please feel free to contact us at <a class=\"framer-text\" style=\"color: #ffffff;\" href=\"mailto:info@westmanska.se\" rel=\"noopener\">info@westmanska.se<\/a> or call 08-121 530 50<\/span><\/h5><\/div>\t\t\t\t\t\t\t\t<\/div>\n\t\t\t\t<div class=\"elementor-element elementor-element-fd34499 elementor-widget elementor-widget-button\" data-id=\"fd34499\" data-element_type=\"widget\" data-widget_type=\"button.default\">\n\t\t\t\t\t\t\t\t\t\t<a class=\"elementor-button elementor-button-link elementor-size-sm\" href=\"\/en\/\">\n\t\t\t\t\t\t<span class=\"elementor-button-content-wrapper\">\n\t\t\t\t\t\t\t\t\t<span class=\"elementor-button-text\">BACK TO THE HOME PAGE<\/span>\n\t\t\t\t\t<\/span>\n\t\t\t\t\t<\/a>\n\t\t\t\t\t\t\t\t<\/div>\n\t\t\t\t<\/div>\n\t\t\t\t\t<\/div>\n\t\t\t\t<\/div>\n\t\t\t\t<\/div>","protected":false},"excerpt":{"rendered":"<p>Tack f\u00f6r din bokningsf\u00f6rfr\u00e5gan! Tack f\u00f6r att du h\u00f6r av dig till oss! Vi \u00e5terkommer till dig s\u00e5 snart som m\u00f6jligt. Om du har fler fr\u00e5gor kan du g\u00e4rna kontakta oss p\u00e5 info@westmanska.se eller ring p\u00e5 08-121 530 50 TILLBAKA TILL STARTSIDAN<\/p>","protected":false},"author":1,"featured_media":0,"parent":0,"menu_order":0,"comment_status":"closed","ping_status":"closed","template":"","meta":{"footnotes":""},"class_list":["post-1042","page","type-page","status-publish","hentry"],"_links":{"self":[{"href":"https:\/\/westmanska.se\/en\/wp-json\/wp\/v2\/pages\/1042","targetHints":{"allow":["GET"]}}],"collection":[{"href":"https:\/\/westmanska.se\/en\/wp-json\/wp\/v2\/pages"}],"about":[{"href":"https:\/\/westmanska.se\/en\/wp-json\/wp\/v2\/types\/page"}],"author":[{"embeddable":true,"href":"https:\/\/westmanska.se\/en\/wp-json\/wp\/v2\/users\/1"}],"replies":[{"embeddable":true,"href":"https:\/\/westmanska.se\/en\/wp-json\/wp\/v2\/comments?post=1042"}],"version-history":[{"count":10,"href":"https:\/\/westmanska.se\/en\/wp-json\/wp\/v2\/pages\/1042\/revisions"}],"predecessor-version":[{"id":1756,"href":"https:\/\/westmanska.se\/en\/wp-json\/wp\/v2\/pages\/1042\/revisions\/1756"}],"wp:attachment":[{"href":"https:\/\/westmanska.se\/en\/wp-json\/wp\/v2\/media?parent=1042"}],"curies":[{"name":"wp","href":"https:\/\/api.w.org\/{rel}","templated":true}]}}