{"id":102,"date":"2025-07-21T14:36:20","date_gmt":"2025-07-21T14:36:20","guid":{"rendered":"https:\/\/yellow-gazelle-403867.hostingersite.com\/?page_id=102"},"modified":"2026-03-30T16:42:54","modified_gmt":"2026-03-30T16:42:54","slug":"restaurang","status":"publish","type":"page","link":"https:\/\/westmanska.se\/en\/restaurang\/","title":{"rendered":"Food &amp; Drink"},"content":{"rendered":"<div data-elementor-type=\"wp-post\" data-elementor-id=\"102\" class=\"elementor elementor-102\" data-elementor-post-type=\"page\">\n\t\t\t\t<div class=\"elementor-element elementor-element-1d76f06 e-flex e-con-boxed e-con e-parent\" data-id=\"1d76f06\" data-element_type=\"container\" data-settings=\"{&quot;background_background&quot;:&quot;classic&quot;}\">\n\t\t\t\t\t<div class=\"e-con-inner\">\n\t\t\t\t<div class=\"elementor-element elementor-element-4ee40e6 elementor-widget elementor-widget-heading\" data-id=\"4ee40e6\" data-element_type=\"widget\" data-widget_type=\"heading.default\">\n\t\t\t\t\t<h2 class=\"elementor-heading-title elementor-size-default\">Food &amp; Drink<\/h2>\t\t\t\t<\/div>\n\t\t\t\t<div class=\"elementor-element elementor-element-cd68039 elementor-widget__width-initial elementor-widget elementor-widget-text-editor\" data-id=\"cd68039\" data-element_type=\"widget\" data-widget_type=\"text-editor.default\">\n\t\t\t\t\t\t\t\t\t<p>A dining room with a long history and a unique location in the centre of Stockholm. Lunch is in a calm and cosy environment where there is always dedicated serving staff on site.<\/p>\t\t\t\t\t\t\t\t<\/div>\n\t\t<div class=\"elementor-element elementor-element-95b0aab e-con-full e-flex e-con e-child\" data-id=\"95b0aab\" data-element_type=\"container\">\n\t\t\t\t<div class=\"elementor-element elementor-element-02ad559 elementor-align-center btn-pop elementor-widget elementor-widget-button\" data-id=\"02ad559\" data-element_type=\"widget\" data-widget_type=\"button.default\">\n\t\t\t\t\t\t\t\t\t\t<a class=\"elementor-button elementor-button-link elementor-size-sm\" href=\"https:\/\/westmanska.se\/wp-content\/uploads\/2026\/03\/Meny-exkl.Svenska-2026.pdf\">\n\t\t\t\t\t\t<span class=\"elementor-button-content-wrapper\">\n\t\t\t\t\t\t\t\t\t<span class=\"elementor-button-text\">SE MENY H\u00c4R<\/span>\n\t\t\t\t\t<\/span>\n\t\t\t\t\t<\/a>\n\t\t\t\t\t\t\t\t<\/div>\n\t\t\t\t<\/div>\n\t\t\t\t\t<\/div>\n\t\t\t\t<\/div>\n\t\t<div class=\"elementor-element elementor-element-0d9bce2 e-flex e-con-boxed e-con e-parent\" data-id=\"0d9bce2\" data-element_type=\"container\" data-settings=\"{&quot;background_background&quot;:&quot;gradient&quot;}\">\n\t\t\t\t\t<div class=\"e-con-inner\">\n\t\t\t\t<div class=\"elementor-element elementor-element-31fed74 elementor-widget__width-initial elementor-widget-mobile__width-inherit elementor-widget elementor-widget-heading\" data-id=\"31fed74\" data-element_type=\"widget\" data-widget_type=\"heading.default\">\n\t\t\t\t\t<h2 class=\"elementor-heading-title elementor-size-default\">Welcome to Restaurant Westmans<\/h2>\t\t\t\t<\/div>\n\t\t\t\t<div class=\"elementor-element elementor-element-2e37580 elementor-widget__width-initial elementor-widget-mobile__width-inherit elementor-widget elementor-widget-text-editor\" data-id=\"2e37580\" data-element_type=\"widget\" data-widget_type=\"text-editor.default\">\n\t\t\t\t\t\t\t\t\t<p>With seasonal ingredients and a huge passion for food, we try to find menus to suit most occasions. Do you have allergies or other food preferences? No problem, just let us know before you come or ask us on site.<\/p>\t\t\t\t\t\t\t\t<\/div>\n\t\t\t\t<div class=\"elementor-element elementor-element-abe38db elementor-widget elementor-widget-heading\" data-id=\"abe38db\" data-element_type=\"widget\" data-widget_type=\"heading.default\">\n\t\t\t\t\t<h2 class=\"elementor-heading-title elementor-size-default\">Menu<\/h2>\t\t\t\t<\/div>\n\t\t\t\t<div class=\"elementor-element elementor-element-9ef9a1c elementor-align-center elementor-widget elementor-widget-button\" data-id=\"9ef9a1c\" data-element_type=\"widget\" download=\"\" data-widget_type=\"button.default\">\n\t\t\t\t\t\t\t\t\t\t<a class=\"elementor-button elementor-button-link elementor-size-sm\" href=\"https:\/\/westmanska.se\/wp-content\/uploads\/2026\/03\/Meny-exkl.Svenska-2026.pdf\" download=\"\">\n\t\t\t\t\t\t<span class=\"elementor-button-content-wrapper\">\n\t\t\t\t\t\t<span class=\"elementor-button-icon\">\n\t\t\t\t<svg aria-hidden=\"true\" class=\"e-font-icon-svg e-fas-download\" viewbox=\"0 0 512 512\" xmlns=\"http:\/\/www.w3.org\/2000\/svg\"><path d=\"M216 0h80c13.3 0 24 10.7 24 24v168h87.7c17.8 0 26.7 21.5 14.1 34.1L269.7 378.3c-7.5 7.5-19.8 7.5-27.3 0L90.1 226.1c-12.6-12.6-3.7-34.1 14.1-34.1H192V24c0-13.3 10.7-24 24-24zm296 376v112c0 13.3-10.7 24-24 24H24c-13.3 0-24-10.7-24-24V376c0-13.3 10.7-24 24-24h146.7l49 49c20.1 20.1 52.5 20.1 72.6 0l49-49H488c13.3 0 24 10.7 24 24zm-124 88c0-11-9-20-20-20s-20 9-20 20 9 20 20 20 20-9 20-20zm64 0c0-11-9-20-20-20s-20 9-20 20 9 20 20 20 20-9 20-20z\"><\/path><\/svg>\t\t\t<\/span>\n\t\t\t\t\t\t\t\t\t<span class=\"elementor-button-text\">Click here for more information<\/span>\n\t\t\t\t\t<\/span>\n\t\t\t\t\t<\/a>\n\t\t\t\t\t\t\t\t<\/div>\n\t\t\t\t\t<\/div>\n\t\t\t\t<\/div>\n\t\t<div class=\"elementor-element elementor-element-eeeba49 e-con-full e-flex e-con e-parent\" data-id=\"eeeba49\" data-element_type=\"container\">\n\t\t<div class=\"elementor-element elementor-element-2665a29 e-con-full e-flex e-con e-child\" data-id=\"2665a29\" data-element_type=\"container\" data-settings=\"{&quot;background_background&quot;:&quot;classic&quot;}\">\n\t\t<div class=\"elementor-element elementor-element-4ef2f39 e-con-full e-flex e-con e-child\" data-id=\"4ef2f39\" data-element_type=\"container\">\n\t\t\t\t<div class=\"elementor-element elementor-element-9aacc86 elementor-invisible elementor-widget elementor-widget-heading\" data-id=\"9aacc86\" data-element_type=\"widget\" data-settings=\"{&quot;_animation&quot;:&quot;fadeInUp&quot;}\" data-widget_type=\"heading.default\">\n\t\t\t\t\t<h2 class=\"elementor-heading-title elementor-size-default\">Breakfast<\/h2>\t\t\t\t<\/div>\n\t\t\t\t<div class=\"elementor-element elementor-element-67042d0 elementor-widget elementor-widget-html\" data-id=\"67042d0\" data-element_type=\"widget\" data-widget_type=\"html.default\">\n\t\t\t\t\t<style>\n  @media (max-width: 767px) {\n    p {\n      font-size: 12px;\n    }\n  }\n<\/style>\n<a href=\"https:\/\/westmanska.se\/en\/frukostmote\/\" style=\"text-decoration: none; color: white;\">\n  <p style=\"display: inline-flex; align-items: center; gap: 6px; margin: 0;\">\n    READ MORE\n    <svg xmlns=\"http:\/\/www.w3.org\/2000\/svg\" width=\"18\" height=\"18\" fill=\"none\" stroke=\"white\" stroke-width=\"2\" stroke-linecap=\"round\" stroke-linejoin=\"round\" viewbox=\"0 0 24 24\">\n      <line x1=\"5\" y1=\"12\" x2=\"19\" y2=\"12\" \/>\n      <polyline points=\"12 5 19 12 12 19\" \/>\n    <\/svg>\n  <\/p>\n<\/a>\n\t\t\t\t<\/div>\n\t\t\t\t<\/div>\n\t\t\t\t<\/div>\n\t\t<div class=\"elementor-element elementor-element-c608e61 e-con-full e-flex e-con e-child\" data-id=\"c608e61\" data-element_type=\"container\" data-settings=\"{&quot;background_background&quot;:&quot;classic&quot;}\">\n\t\t<div class=\"elementor-element elementor-element-ec45fd6 e-con-full e-flex e-con e-child\" data-id=\"ec45fd6\" data-element_type=\"container\">\n\t\t\t\t<div class=\"elementor-element elementor-element-925bee7 elementor-invisible elementor-widget elementor-widget-heading\" data-id=\"925bee7\" data-element_type=\"widget\" data-settings=\"{&quot;_animation&quot;:&quot;fadeInUp&quot;}\" data-widget_type=\"heading.default\">\n\t\t\t\t\t<h2 class=\"elementor-heading-title elementor-size-default\">Business lunch<\/h2>\t\t\t\t<\/div>\n\t\t\t\t<div class=\"elementor-element elementor-element-87c4f35 elementor-widget elementor-widget-html\" data-id=\"87c4f35\" data-element_type=\"widget\" data-widget_type=\"html.default\">\n\t\t\t\t\t<a href=\"https:\/\/westmanska.se\/en\/affarslunch\/\" style=\"text-decoration: none; color: white;\">\n  <p style=\"display: inline-flex; align-items: center; gap: 6px; margin: 0;\">\n    READ MORE\n    <svg xmlns=\"http:\/\/www.w3.org\/2000\/svg\" width=\"18\" height=\"18\" fill=\"none\" stroke=\"white\" stroke-width=\"2\" stroke-linecap=\"round\" stroke-linejoin=\"round\" viewbox=\"0 0 24 24\">\n      <line x1=\"5\" y1=\"12\" x2=\"19\" y2=\"12\" \/>\n      <polyline points=\"12 5 19 12 12 19\" \/>\n    <\/svg>\n  <\/p>\n<\/a>\n\t\t\t\t<\/div>\n\t\t\t\t<\/div>\n\t\t\t\t<\/div>\n\t\t<div class=\"elementor-element elementor-element-27018b8 e-con-full e-flex e-con e-child\" data-id=\"27018b8\" data-element_type=\"container\" data-settings=\"{&quot;background_background&quot;:&quot;classic&quot;}\">\n\t\t<div class=\"elementor-element elementor-element-6b666b2 e-con-full e-flex e-con e-child\" data-id=\"6b666b2\" data-element_type=\"container\">\n\t\t\t\t<div class=\"elementor-element elementor-element-ba7b29e elementor-invisible elementor-widget elementor-widget-heading\" data-id=\"ba7b29e\" data-element_type=\"widget\" data-settings=\"{&quot;_animation&quot;:&quot;fadeInUp&quot;}\" data-widget_type=\"heading.default\">\n\t\t\t\t\t<h2 class=\"elementor-heading-title elementor-size-default\">Dinner<\/h2>\t\t\t\t<\/div>\n\t\t\t\t<div class=\"elementor-element elementor-element-a93cdd7 elementor-widget elementor-widget-html\" data-id=\"a93cdd7\" data-element_type=\"widget\" data-widget_type=\"html.default\">\n\t\t\t\t\t<a href=\"https:\/\/westmanska.se\/en\/affarsmiddag\/\" style=\"text-decoration: none; color: white;\">\n  <p style=\"display: inline-flex; align-items: center; gap: 6px; margin: 0;\">\n    READ MORE\n    <svg xmlns=\"http:\/\/www.w3.org\/2000\/svg\" width=\"18\" height=\"18\" fill=\"none\" stroke=\"white\" stroke-width=\"2\" stroke-linecap=\"round\" stroke-linejoin=\"round\" viewbox=\"0 0 24 24\">\n      <line x1=\"5\" y1=\"12\" x2=\"19\" y2=\"12\" \/>\n      <polyline points=\"12 5 19 12 12 19\" \/>\n    <\/svg>\n  <\/p>\n<\/a>\n\t\t\t\t<\/div>\n\t\t\t\t<\/div>\n\t\t\t\t<\/div>\n\t\t\t\t<\/div>\n\t\t\t\t<\/div>","protected":false},"excerpt":{"rendered":"<p>Mat &amp; Dryck En matsal med l\u00e5ng historia och ett unikt l\u00e4ge mitt i centrala Stockholm. Lunchen \u00e4r i en lugn och trivsam milj\u00f6 d\u00e4r det alltid finns dedikerad serveringspersonal p\u00e5 plats. SE MENY H\u00c4R V\u00e4lkommen till Restaurang Westmans Med s\u00e4songsbetonade r\u00e5varor och en enorm passion f\u00f6r mat f\u00f6rs\u00f6ker vi hitta menyer som passar vid [&hellip;]<\/p>","protected":false},"author":1,"featured_media":0,"parent":0,"menu_order":0,"comment_status":"closed","ping_status":"closed","template":"","meta":{"footnotes":""},"class_list":["post-102","page","type-page","status-publish","hentry"],"_links":{"self":[{"href":"https:\/\/westmanska.se\/en\/wp-json\/wp\/v2\/pages\/102","targetHints":{"allow":["GET"]}}],"collection":[{"href":"https:\/\/westmanska.se\/en\/wp-json\/wp\/v2\/pages"}],"about":[{"href":"https:\/\/westmanska.se\/en\/wp-json\/wp\/v2\/types\/page"}],"author":[{"embeddable":true,"href":"https:\/\/westmanska.se\/en\/wp-json\/wp\/v2\/users\/1"}],"replies":[{"embeddable":true,"href":"https:\/\/westmanska.se\/en\/wp-json\/wp\/v2\/comments?post=102"}],"version-history":[{"count":49,"href":"https:\/\/westmanska.se\/en\/wp-json\/wp\/v2\/pages\/102\/revisions"}],"predecessor-version":[{"id":4367,"href":"https:\/\/westmanska.se\/en\/wp-json\/wp\/v2\/pages\/102\/revisions\/4367"}],"wp:attachment":[{"href":"https:\/\/westmanska.se\/en\/wp-json\/wp\/v2\/media?parent=102"}],"curies":[{"name":"wp","href":"https:\/\/api.w.org\/{rel}","templated":true}]}}