{"id":1003,"date":"2025-07-25T10:32:37","date_gmt":"2025-07-25T10:32:37","guid":{"rendered":"https:\/\/yellow-gazelle-403867.hostingersite.com\/?page_id=1003"},"modified":"2026-01-23T14:19:28","modified_gmt":"2026-01-23T14:19:28","slug":"minnesstund","status":"publish","type":"page","link":"https:\/\/westmanska.se\/en\/minnesstund\/","title":{"rendered":"Memorial service"},"content":{"rendered":"<div data-elementor-type=\"wp-post\" data-elementor-id=\"1003\" class=\"elementor elementor-1003\" data-elementor-post-type=\"page\">\n\t\t\t\t<div class=\"elementor-element elementor-element-1d76f06 e-flex e-con-boxed e-con e-parent\" data-id=\"1d76f06\" data-element_type=\"container\" data-settings=\"{&quot;background_background&quot;:&quot;classic&quot;}\">\n\t\t\t\t\t<div class=\"e-con-inner\">\n\t\t\t\t<div class=\"elementor-element elementor-element-4ee40e6 elementor-widget elementor-widget-heading\" data-id=\"4ee40e6\" data-element_type=\"widget\" data-widget_type=\"heading.default\">\n\t\t\t\t\t<h1 class=\"elementor-heading-title elementor-size-default\">Memorial service\n<\/h1>\t\t\t\t<\/div>\n\t\t\t\t\t<\/div>\n\t\t\t\t<\/div>\n\t\t<div class=\"elementor-element elementor-element-0d9bce2 e-flex e-con-boxed e-con e-parent\" data-id=\"0d9bce2\" data-element_type=\"container\" data-settings=\"{&quot;background_background&quot;:&quot;gradient&quot;}\">\n\t\t\t\t\t<div class=\"e-con-inner\">\n\t\t<div class=\"elementor-element elementor-element-9aa6679 e-con-full e-flex e-con e-child\" data-id=\"9aa6679\" data-element_type=\"container\">\n\t\t\t\t<div class=\"elementor-element elementor-element-31fed74 elementor-widget__width-initial elementor-widget elementor-widget-heading\" data-id=\"31fed74\" data-element_type=\"widget\" data-widget_type=\"heading.default\">\n\t\t\t\t\t<h2 class=\"elementor-heading-title elementor-size-default\">Memorial service at Westmanska<\/h2>\t\t\t\t<\/div>\n\t\t\t\t<div class=\"elementor-element elementor-element-2e37580 elementor-widget__width-inherit elementor-widget elementor-widget-text-editor\" data-id=\"2e37580\" data-element_type=\"widget\" data-widget_type=\"text-editor.default\">\n\t\t\t\t\t\t\t\t\t<div class=\"framer-7l4aqy\" data-framer-component-type=\"RichTextContainer\"><p class=\"framer-text framer-styles-preset-g3t3gs\">The memorial service is an important part of the funeral and an opportunity for loved ones to say goodbye.<br class=\"framer-text\" \/>It's a great opportunity for family and friends to come together to share great memories.<br class=\"framer-text\" \/>Our focus is to make the service a beautiful memory in a peaceful setting with candlelight, flowers, tranquillity and love.<\/p><ul class=\"framer-text\"><li class=\"framer-text framer-styles-preset-g3t3gs\" data-preset-tag=\"p\"><p class=\"framer-text framer-styles-preset-g3t3gs\"><strong class=\"framer-text\">Opening hours<\/strong><\/p><\/li><li class=\"framer-text framer-styles-preset-g3t3gs\" data-preset-tag=\"p\"><p class=\"framer-text framer-styles-preset-g3t3gs\">11.00 - 01.00<\/p><\/li><li class=\"framer-text framer-styles-preset-g3t3gs\" data-preset-tag=\"p\"><p class=\"framer-text framer-styles-preset-g3t3gs\">Extra opening hours 3 000 SEK\/h<\/p><\/li><li class=\"framer-text framer-styles-preset-g3t3gs\" data-preset-tag=\"p\"><p class=\"framer-text framer-styles-preset-g3t3gs\"><strong class=\"framer-text\">Exclusive right of use<br class=\"framer-text\" \/><\/strong><\/p><\/li><li class=\"framer-text framer-styles-preset-g3t3gs\" data-preset-tag=\"p\"><p class=\"framer-text framer-styles-preset-g3t3gs\"><strong class=\"framer-text\">Enquiry<\/strong><\/p><\/li><li class=\"framer-text framer-styles-preset-g3t3gs\" data-preset-tag=\"p\"><p class=\"framer-text framer-styles-preset-g3t3gs\">If you need further suggestions, guidance or themes for your memorial, our coordinators can help you with this<\/p><\/li><li class=\"framer-text framer-styles-preset-g3t3gs\" data-preset-tag=\"p\"><p class=\"framer-text framer-styles-preset-g3t3gs\"><strong class=\"framer-text\">Other<\/strong><\/p><\/li><li class=\"framer-text framer-styles-preset-g3t3gs\" data-preset-tag=\"p\"><p class=\"framer-text framer-styles-preset-g3t3gs\">Rent of premises with exclusive rights from 20 000 SEK.<\/p><\/li><\/ul><\/div>\t\t\t\t\t\t\t\t<\/div>\n\t\t\t\t<\/div>\n\t\t\t\t\t<\/div>\n\t\t\t\t<\/div>\n\t\t<div class=\"elementor-element elementor-element-97a36cd e-flex e-con-boxed e-con e-parent\" data-id=\"97a36cd\" data-element_type=\"container\">\n\t\t\t\t\t<div class=\"e-con-inner\">\n\t\t\t\t<div class=\"elementor-element elementor-element-fc268b1 elementor-widget elementor-widget-heading\" data-id=\"fc268b1\" data-element_type=\"widget\" data-widget_type=\"heading.default\">\n\t\t\t\t\t<h2 class=\"elementor-heading-title elementor-size-default\">For more information, please contact us\n<\/h2>\t\t\t\t<\/div>\n\t\t\t\t\t<\/div>\n\t\t\t\t<\/div>\n\t\t\t\t<\/div>","protected":false},"excerpt":{"rendered":"<p>Minnesstund Minnesstund p\u00e5 Westmanska Minnesstunden \u00e4r en viktig del av begravningen och ett tillf\u00e4lle f\u00f6r de allra n\u00e4rmaste att s\u00e4ga farv\u00e4l.Det \u00e4r ett fint tillf\u00e4lle f\u00f6r familj och v\u00e4nner att samlas f\u00f6r att dela fina minnen tillsammans.V\u00e5rt fokus \u00e4r att minnesstunden blir ett vackert minne i en lugn milj\u00f6 med levande ljus, blomsterbukett, stillsamhet och [&hellip;]<\/p>","protected":false},"author":1,"featured_media":0,"parent":0,"menu_order":0,"comment_status":"closed","ping_status":"closed","template":"","meta":{"footnotes":""},"class_list":["post-1003","page","type-page","status-publish","hentry"],"_links":{"self":[{"href":"https:\/\/westmanska.se\/en\/wp-json\/wp\/v2\/pages\/1003","targetHints":{"allow":["GET"]}}],"collection":[{"href":"https:\/\/westmanska.se\/en\/wp-json\/wp\/v2\/pages"}],"about":[{"href":"https:\/\/westmanska.se\/en\/wp-json\/wp\/v2\/types\/page"}],"author":[{"embeddable":true,"href":"https:\/\/westmanska.se\/en\/wp-json\/wp\/v2\/users\/1"}],"replies":[{"embeddable":true,"href":"https:\/\/westmanska.se\/en\/wp-json\/wp\/v2\/comments?post=1003"}],"version-history":[{"count":13,"href":"https:\/\/westmanska.se\/en\/wp-json\/wp\/v2\/pages\/1003\/revisions"}],"predecessor-version":[{"id":4108,"href":"https:\/\/westmanska.se\/en\/wp-json\/wp\/v2\/pages\/1003\/revisions\/4108"}],"wp:attachment":[{"href":"https:\/\/westmanska.se\/en\/wp-json\/wp\/v2\/media?parent=1003"}],"curies":[{"name":"wp","href":"https:\/\/api.w.org\/{rel}","templated":true}]}}